{"id":8188,"date":"2022-03-23T21:22:07","date_gmt":"2022-03-23T20:22:07","guid":{"rendered":"https:\/\/www.prairiewind.ch\/newone\/?post_type=product&#038;p=8188"},"modified":"2025-08-29T14:12:28","modified_gmt":"2025-08-29T12:12:28","slug":"sidney-sahneyah-hopi-overlay-ohrstecker","status":"publish","type":"product","link":"https:\/\/www.prairiewind.ch\/newone\/produkt\/sidney-sahneyah-hopi-overlay-ohrstecker\/","title":{"rendered":"Sidney Sahneyah (Hopi) &#8211; Overlay Ohrstecker"},"content":{"rendered":"<p>Diese eleganten dreieckigen Ohrstecker von Sidney Sahneyah, gefertigt in der Hopi-Overlay-Technik, symbolisieren Regen, Regenwolken und Wasserwellen. Die Ohrstecker bestehen aus feinstem Sterlingsilber und spiegeln traditionelle Hopi-Motive wider.<\/p>\n<p>Mit einer H\u00f6he von 3,4 cm, einschlie\u00dflich der \u00d6se und kleinen Silberk\u00fcgelchen, kombinieren diese Ohrstecker k\u00fcnstlerische Handwerkskunst mit tiefer kultureller Bedeutung.<\/p>\n<p>Das Design verk\u00f6rpert die lebensspendende Kraft des Regens, ein zentrales Element in der Hopi-Spiritualit\u00e4t.<\/p>\n","protected":false},"excerpt":{"rendered":"<p>Dreieckige Ohrstecker aus <a href=\"https:\/\/www.prairiewind.ch\/newone\/produkt\/eugene-mahooty-zuni-inlay-fingerring\/\" data-wpil-monitor-id=\"1101\">Sterlingsilber<\/a> in Overlay-Technik<\/p>\n<p>Motive: Regen, <a href=\"https:\/\/www.prairiewind.ch\/newone\/produkt\/nick-rosetta-kewa-holzanhaenger\/\" data-wpil-monitor-id=\"1140\">Regenwolken und Wasserwellen<\/a><\/p>\n<p>H\u00f6he: <a href=\"https:\/\/www.prairiewind.ch\/newone\/produkt\/tony-chino-acoma-silberkreis\/\" data-wpil-monitor-id=\"1616\">3,4 cm<\/a><\/p>\n","protected":false},"featured_media":8189,"template":"","meta":{"_uag_custom_page_level_css":"","site-sidebar-layout":"default","site-content-layout":"","ast-site-content-layout":"default","site-content-style":"default","site-sidebar-style":"default","ast-global-header-display":"","ast-banner-title-visibility":"","ast-main-header-display":"","ast-hfb-above-header-display":"","ast-hfb-below-header-display":"","ast-hfb-mobile-header-display":"","site-post-title":"","ast-breadcrumbs-content":"","ast-featured-img":"","footer-sml-layout":"","ast-disable-related-posts":"","theme-transparent-header-meta":"default","adv-header-id-meta":"","stick-header-meta":"","header-above-stick-meta":"","header-main-stick-meta":"","header-below-stick-meta":"","astra-migrate-meta-layouts":"set","ast-page-background-enabled":"default","ast-page-background-meta":{"desktop":{"background-color":"var(--ast-global-color-4)","background-image":"","background-repeat":"repeat","background-position":"center center","background-size":"auto","background-attachment":"scroll","background-type":"","background-media":"","overlay-type":"","overlay-color":"","overlay-opacity":"","overlay-gradient":""},"tablet":{"background-color":"","background-image":"","background-repeat":"repeat","background-position":"center center","background-size":"auto","background-attachment":"scroll","background-type":"","background-media":"","overlay-type":"","overlay-color":"","overlay-opacity":"","overlay-gradient":""},"mobile":{"background-color":"","background-image":"","background-repeat":"repeat","background-position":"center center","background-size":"auto","background-attachment":"scroll","background-type":"","background-media":"","overlay-type":"","overlay-color":"","overlay-opacity":"","overlay-gradient":""}},"ast-content-background-meta":{"desktop":{"background-color":"var(--ast-global-color-5)","background-image":"","background-repeat":"repeat","background-position":"center center","background-size":"auto","background-attachment":"scroll","background-type":"","background-media":"","overlay-type":"","overlay-color":"","overlay-opacity":"","overlay-gradient":""},"tablet":{"background-color":"var(--ast-global-color-5)","background-image":"","background-repeat":"repeat","background-position":"center center","background-size":"auto","background-attachment":"scroll","background-type":"","background-media":"","overlay-type":"","overlay-color":"","overlay-opacity":"","overlay-gradient":""},"mobile":{"background-color":"var(--ast-global-color-5)","background-image":"","background-repeat":"repeat","background-position":"center center","background-size":"auto","background-attachment":"scroll","background-type":"","background-media":"","overlay-type":"","overlay-color":"","overlay-opacity":"","overlay-gradient":""}}},"product_brand":[],"product_cat":[41],"product_tag":[856,880],"class_list":{"0":"post-8188","1":"product","2":"type-product","3":"status-publish","4":"has-post-thumbnail","6":"product_cat-ohrringe","7":"product_tag-hopi","8":"product_tag-overlay","9":"desktop-align-left","10":"tablet-align-left","11":"mobile-align-left","13":"first","14":"outofstock","15":"shipping-taxable","16":"purchasable","17":"product-type-simple"},"uagb_featured_image_src":{"full":["https:\/\/www.prairiewind.ch\/newone\/wp-content\/uploads\/2022\/03\/20220321_094315090_iOS-scaled.webp",1920,1439,false],"thumbnail":["https:\/\/www.prairiewind.ch\/newone\/wp-content\/uploads\/2022\/03\/20220321_094315090_iOS-scaled-150x150.webp",150,150,true],"medium":["https:\/\/www.prairiewind.ch\/newone\/wp-content\/uploads\/2022\/03\/20220321_094315090_iOS-scaled-300x225.webp",300,225,true],"medium_large":["https:\/\/www.prairiewind.ch\/newone\/wp-content\/uploads\/2022\/03\/20220321_094315090_iOS-scaled-768x576.webp",768,576,true],"large":["https:\/\/www.prairiewind.ch\/newone\/wp-content\/uploads\/2022\/03\/20220321_094315090_iOS-scaled-1024x767.webp",1024,767,true],"1536x1536":["https:\/\/www.prairiewind.ch\/newone\/wp-content\/uploads\/2022\/03\/20220321_094315090_iOS-scaled-1536x1151.webp",1536,1151,true],"2048x2048":["https:\/\/www.prairiewind.ch\/newone\/wp-content\/uploads\/2022\/03\/20220321_094315090_iOS-2048x1536.webp",1920,1440,true],"hero-banner":["https:\/\/www.prairiewind.ch\/newone\/wp-content\/uploads\/2022\/03\/20220321_094315090_iOS-scaled-450x160.webp",450,160,true],"category-thumb":["https:\/\/www.prairiewind.ch\/newone\/wp-content\/uploads\/2022\/03\/20220321_094315090_iOS-scaled-200x150.webp",200,150,true],"woocommerce_thumbnail":["https:\/\/www.prairiewind.ch\/newone\/wp-content\/uploads\/2022\/03\/20220321_094315090_iOS-scaled-188x141.webp",188,141,true],"woocommerce_single":["https:\/\/www.prairiewind.ch\/newone\/wp-content\/uploads\/2022\/03\/20220321_094315090_iOS-scaled-251x188.webp",251,188,true],"woocommerce_gallery_thumbnail":["https:\/\/www.prairiewind.ch\/newone\/wp-content\/uploads\/2022\/03\/20220321_094315090_iOS-scaled-100x100.webp",100,100,true]},"uagb_author_info":{"display_name":"Kurt Weissen","author_link":"https:\/\/www.prairiewind.ch\/newone\/author\/"},"uagb_comment_info":0,"uagb_excerpt":"Dreieckige Ohrstecker aus Sterlingsilber in Overlay-Technik Motive: Regen, Regenwolken und Wasserwellen H\u00f6he: 3,4 cm","_links":{"self":[{"href":"https:\/\/www.prairiewind.ch\/newone\/wp-json\/wp\/v2\/product\/8188","targetHints":{"allow":["GET"]}}],"collection":[{"href":"https:\/\/www.prairiewind.ch\/newone\/wp-json\/wp\/v2\/product"}],"about":[{"href":"https:\/\/www.prairiewind.ch\/newone\/wp-json\/wp\/v2\/types\/product"}],"version-history":[{"count":0,"href":"https:\/\/www.prairiewind.ch\/newone\/wp-json\/wp\/v2\/product\/8188\/revisions"}],"wp:featuredmedia":[{"embeddable":true,"href":"https:\/\/www.prairiewind.ch\/newone\/wp-json\/wp\/v2\/media\/8189"}],"wp:attachment":[{"href":"https:\/\/www.prairiewind.ch\/newone\/wp-json\/wp\/v2\/media?parent=8188"}],"wp:term":[{"taxonomy":"product_brand","embeddable":true,"href":"https:\/\/www.prairiewind.ch\/newone\/wp-json\/wp\/v2\/product_brand?post=8188"},{"taxonomy":"product_cat","embeddable":true,"href":"https:\/\/www.prairiewind.ch\/newone\/wp-json\/wp\/v2\/product_cat?post=8188"},{"taxonomy":"product_tag","embeddable":true,"href":"https:\/\/www.prairiewind.ch\/newone\/wp-json\/wp\/v2\/product_tag?post=8188"}],"curies":[{"name":"wp","href":"https:\/\/api.w.org\/{rel}","templated":true}]}}