{"id":7877,"date":"2021-12-30T15:11:40","date_gmt":"2021-12-30T14:11:40","guid":{"rendered":"https:\/\/www.prairiewind.ch\/newone\/?post_type=product&#038;p=7877"},"modified":"2025-09-17T11:59:51","modified_gmt":"2025-09-17T09:59:51","slug":"augustine-lovato-kewa-tuerkishalskette","status":"publish","type":"product","link":"https:\/\/www.prairiewind.ch\/newone\/produkt\/augustine-lovato-kewa-tuerkishalskette\/","title":{"rendered":"Augustine Lovato (Kewa) &#8211; T\u00fcrkishalskette"},"content":{"rendered":"<p><span style=\"font-size: 16px;\">Diese von Hand geschliffene T\u00fcrkishalskette von Augustine Lovato besteht aus <\/span><a style=\"font-size: 16px; background-color: #ffffff;\" href=\"https:\/\/www.prairiewind.ch\/newone\/produkt\/augustine-lovato-kewa-halskette-mit-tuerkis-serpentine-und-jet\/\">tropfenf\u00f6rmigen<\/a><span style=\"font-size: 16px;\"> T\u00fcrkissteinen, die in ihrer L\u00e4nge zwischen 1,6 und 2,8 cm variieren. <\/span><\/p>\n<p><span style=\"font-size: 16px;\">Die Kette beginnt auf beiden Seiten mit 4 cm langen Pipestone-Scheibchen (Durchmesser 4 mm) und 8 cm langen Olive Shell-Scheibchen. Zwischen den T\u00fcrkissteinen sind ebenfalls Olive Shell-Scheibchen eingef\u00fcgt, die einen Durchmesser von 4 mm haben. <\/span><\/p>\n<p><span style=\"font-size: 16px;\">Mit einer Gesamtl\u00e4nge von 85 cm vereint diese Kette traditionelle Handwerkskunst und nat\u00fcrliche Materialien in einem eleganten Design.<\/span><\/p>\n","protected":false},"excerpt":{"rendered":"<p><a class=\"wpil_keyword_link\" title=\"T\u00fcrkishalskette\" href=\"\/\" data-wpil-keyword-link=\"linked\" data-wpil-monitor-id=\"4761\">T\u00fcrkishalskette<\/a> aus Steinen in Tropfenform. Auf beiden <a href=\"https:\/\/www.prairiewind.ch\/newone\/produkt\/muschelanhaenger\/\" data-wpil-monitor-id=\"1031\">Seiten 4 cm Scheibchen<\/a> aus Pipestone und Olive Shell.<\/p>\n<p>L\u00e4nge: <a href=\"https:\/\/www.prairiewind.ch\/newone\/produkt\/paul-coriz-klammer-tuerkis-inlay\/\" data-wpil-monitor-id=\"1510\">85 cm<\/a><br \/>\nT\u00fcrkissteine: <a href=\"https:\/\/www.prairiewind.ch\/newone\/produkt\/nick-rosetta-kewa-holzanhaenger\/\" data-wpil-monitor-id=\"1142\">zwischen 1.6 und 2.8 cm<\/a><\/p>\n","protected":false},"featured_media":7878,"template":"","meta":{"_uag_custom_page_level_css":"","site-sidebar-layout":"default","site-content-layout":"","ast-site-content-layout":"default","site-content-style":"default","site-sidebar-style":"default","ast-global-header-display":"","ast-banner-title-visibility":"","ast-main-header-display":"","ast-hfb-above-header-display":"","ast-hfb-below-header-display":"","ast-hfb-mobile-header-display":"","site-post-title":"","ast-breadcrumbs-content":"","ast-featured-img":"","footer-sml-layout":"","ast-disable-related-posts":"","theme-transparent-header-meta":"default","adv-header-id-meta":"","stick-header-meta":"","header-above-stick-meta":"","header-main-stick-meta":"","header-below-stick-meta":"","astra-migrate-meta-layouts":"set","ast-page-background-enabled":"default","ast-page-background-meta":{"desktop":{"background-color":"var(--ast-global-color-4)","background-image":"","background-repeat":"repeat","background-position":"center center","background-size":"auto","background-attachment":"scroll","background-type":"","background-media":"","overlay-type":"","overlay-color":"","overlay-opacity":"","overlay-gradient":""},"tablet":{"background-color":"","background-image":"","background-repeat":"repeat","background-position":"center center","background-size":"auto","background-attachment":"scroll","background-type":"","background-media":"","overlay-type":"","overlay-color":"","overlay-opacity":"","overlay-gradient":""},"mobile":{"background-color":"","background-image":"","background-repeat":"repeat","background-position":"center center","background-size":"auto","background-attachment":"scroll","background-type":"","background-media":"","overlay-type":"","overlay-color":"","overlay-opacity":"","overlay-gradient":""}},"ast-content-background-meta":{"desktop":{"background-color":"var(--ast-global-color-5)","background-image":"","background-repeat":"repeat","background-position":"center center","background-size":"auto","background-attachment":"scroll","background-type":"","background-media":"","overlay-type":"","overlay-color":"","overlay-opacity":"","overlay-gradient":""},"tablet":{"background-color":"var(--ast-global-color-5)","background-image":"","background-repeat":"repeat","background-position":"center center","background-size":"auto","background-attachment":"scroll","background-type":"","background-media":"","overlay-type":"","overlay-color":"","overlay-opacity":"","overlay-gradient":""},"mobile":{"background-color":"var(--ast-global-color-5)","background-image":"","background-repeat":"repeat","background-position":"center center","background-size":"auto","background-attachment":"scroll","background-type":"","background-media":"","overlay-type":"","overlay-color":"","overlay-opacity":"","overlay-gradient":""}}},"product_brand":[],"product_cat":[42],"product_tag":[857,875],"class_list":{"0":"post-7877","1":"product","2":"type-product","3":"status-publish","4":"has-post-thumbnail","6":"product_cat-halsketten-tuerkis","7":"product_tag-kewa","8":"product_tag-tuerkis","9":"desktop-align-left","10":"tablet-align-left","11":"mobile-align-left","13":"first","14":"instock","15":"shipping-taxable","16":"purchasable","17":"product-type-simple"},"uagb_featured_image_src":{"full":["https:\/\/www.prairiewind.ch\/newone\/wp-content\/uploads\/2021\/12\/20211230_123724989_iOS-scaled.webp",1920,1440,false],"thumbnail":["https:\/\/www.prairiewind.ch\/newone\/wp-content\/uploads\/2021\/12\/20211230_123724989_iOS-scaled-150x150.webp",150,150,true],"medium":["https:\/\/www.prairiewind.ch\/newone\/wp-content\/uploads\/2021\/12\/20211230_123724989_iOS-scaled-300x225.webp",300,225,true],"medium_large":["https:\/\/www.prairiewind.ch\/newone\/wp-content\/uploads\/2021\/12\/20211230_123724989_iOS-scaled-768x576.webp",768,576,true],"large":["https:\/\/www.prairiewind.ch\/newone\/wp-content\/uploads\/2021\/12\/20211230_123724989_iOS-scaled-1024x768.webp",1024,768,true],"1536x1536":["https:\/\/www.prairiewind.ch\/newone\/wp-content\/uploads\/2021\/12\/20211230_123724989_iOS-scaled-1536x1152.webp",1536,1152,true],"2048x2048":["https:\/\/www.prairiewind.ch\/newone\/wp-content\/uploads\/2021\/12\/20211230_123724989_iOS-2048x1536.webp",1920,1440,true],"hero-banner":["https:\/\/www.prairiewind.ch\/newone\/wp-content\/uploads\/2021\/12\/20211230_123724989_iOS-scaled-450x160.webp",450,160,true],"category-thumb":["https:\/\/www.prairiewind.ch\/newone\/wp-content\/uploads\/2021\/12\/20211230_123724989_iOS-scaled-200x150.webp",200,150,true],"woocommerce_thumbnail":["https:\/\/www.prairiewind.ch\/newone\/wp-content\/uploads\/2021\/12\/20211230_123724989_iOS-scaled-188x141.webp",188,141,true],"woocommerce_single":["https:\/\/www.prairiewind.ch\/newone\/wp-content\/uploads\/2021\/12\/20211230_123724989_iOS-scaled-251x188.webp",251,188,true],"woocommerce_gallery_thumbnail":["https:\/\/www.prairiewind.ch\/newone\/wp-content\/uploads\/2021\/12\/20211230_123724989_iOS-scaled-100x100.webp",100,100,true]},"uagb_author_info":{"display_name":"Kurt Weissen","author_link":"https:\/\/www.prairiewind.ch\/newone\/author\/"},"uagb_comment_info":0,"uagb_excerpt":"T\u00fcrkishalskette aus Steinen in Tropfenform. Auf beiden Seiten 4 cm Scheibchen aus Pipestone und Olive Shell. L\u00e4nge: 85 cm T\u00fcrkissteine: zwischen 1.6 und 2.8 cm","_links":{"self":[{"href":"https:\/\/www.prairiewind.ch\/newone\/wp-json\/wp\/v2\/product\/7877","targetHints":{"allow":["GET"]}}],"collection":[{"href":"https:\/\/www.prairiewind.ch\/newone\/wp-json\/wp\/v2\/product"}],"about":[{"href":"https:\/\/www.prairiewind.ch\/newone\/wp-json\/wp\/v2\/types\/product"}],"version-history":[{"count":0,"href":"https:\/\/www.prairiewind.ch\/newone\/wp-json\/wp\/v2\/product\/7877\/revisions"}],"wp:featuredmedia":[{"embeddable":true,"href":"https:\/\/www.prairiewind.ch\/newone\/wp-json\/wp\/v2\/media\/7878"}],"wp:attachment":[{"href":"https:\/\/www.prairiewind.ch\/newone\/wp-json\/wp\/v2\/media?parent=7877"}],"wp:term":[{"taxonomy":"product_brand","embeddable":true,"href":"https:\/\/www.prairiewind.ch\/newone\/wp-json\/wp\/v2\/product_brand?post=7877"},{"taxonomy":"product_cat","embeddable":true,"href":"https:\/\/www.prairiewind.ch\/newone\/wp-json\/wp\/v2\/product_cat?post=7877"},{"taxonomy":"product_tag","embeddable":true,"href":"https:\/\/www.prairiewind.ch\/newone\/wp-json\/wp\/v2\/product_tag?post=7877"}],"curies":[{"name":"wp","href":"https:\/\/api.w.org\/{rel}","templated":true}]}}