{"id":7786,"date":"2021-12-14T10:00:54","date_gmt":"2021-12-14T09:00:54","guid":{"rendered":"https:\/\/www.prairiewind.ch\/newone\/?post_type=product&#038;p=7786"},"modified":"2025-05-30T00:55:18","modified_gmt":"2025-05-29T22:55:18","slug":"jonah-hill-hopi-silberanhaenger-mit-grossem-tuerkis","status":"publish","type":"product","link":"https:\/\/www.prairiewind.ch\/newone\/produkt\/jonah-hill-hopi-silberanhaenger-mit-grossem-tuerkis\/","title":{"rendered":"Jonah Hill (Hopi) &#8211; Silberanh\u00e4nger mit grossem T\u00fcrkis"},"content":{"rendered":"<p>Dieser beeindruckende Silberanh\u00e4nger von Jonah Hill, einem anerkannten K\u00fcnstler der Hopi, ist mit einem gro\u00dfen T\u00fcrkisstein verziert und wird von einer kunstvoll handgefertigten Kette aus Sterlingsilber getragen. Der Anh\u00e4nger, auch bekannt als &#171;Spirit <a href=\"https:\/\/www.prairiewind.ch\/newone\/produkt\/tony-chino-acoma-silberkreis\/\">Door<\/a>&#171;, misst 8 cm in der L\u00e4nge (inkl. \u00d6se), und die Gesamtl\u00e4nge mit der Kette betr\u00e4gt 62 cm.<\/p>\n<p>Der markante T\u00fcrkisstein und die pr\u00e4zise Verarbeitung des Silbers machen dieses Schmuckst\u00fcck zu einem kraftvollen Symbol der Hopi-Kultur und einem eleganten Accessoire mit tiefem kulturellem Bezug.<\/p>\n<p>&nbsp;<\/p>\n","protected":false},"excerpt":{"rendered":"<p>Silberanh\u00e4nger mit grossem T\u00fcrkis, Platte (Spirit Door) und handgemachter Kette aus Sterlingsilber mit grossem T\u00fcrkisstein.<\/p>\n<p><a href=\"https:\/\/www.prairiewind.ch\/newone\/produkt\/04a002-bennard-dallasvuyaoma-hopi-ohrhaenger\/\" data-wpil-monitor-id=\"1115\">L\u00e4nge der Platte<\/a>: 8 cm (inkl. \u00d6se)<br \/>\nL\u00e4nge mit Kette: 62 cm<\/p>\n","protected":false},"featured_media":7787,"template":"","meta":{"_uag_custom_page_level_css":"","site-sidebar-layout":"default","site-content-layout":"","ast-site-content-layout":"default","site-content-style":"default","site-sidebar-style":"default","ast-global-header-display":"","ast-banner-title-visibility":"","ast-main-header-display":"","ast-hfb-above-header-display":"","ast-hfb-below-header-display":"","ast-hfb-mobile-header-display":"","site-post-title":"","ast-breadcrumbs-content":"","ast-featured-img":"","footer-sml-layout":"","ast-disable-related-posts":"","theme-transparent-header-meta":"default","adv-header-id-meta":"","stick-header-meta":"","header-above-stick-meta":"","header-main-stick-meta":"","header-below-stick-meta":"","astra-migrate-meta-layouts":"set","ast-page-background-enabled":"default","ast-page-background-meta":{"desktop":{"background-color":"var(--ast-global-color-4)","background-image":"","background-repeat":"repeat","background-position":"center center","background-size":"auto","background-attachment":"scroll","background-type":"","background-media":"","overlay-type":"","overlay-color":"","overlay-opacity":"","overlay-gradient":""},"tablet":{"background-color":"","background-image":"","background-repeat":"repeat","background-position":"center center","background-size":"auto","background-attachment":"scroll","background-type":"","background-media":"","overlay-type":"","overlay-color":"","overlay-opacity":"","overlay-gradient":""},"mobile":{"background-color":"","background-image":"","background-repeat":"repeat","background-position":"center center","background-size":"auto","background-attachment":"scroll","background-type":"","background-media":"","overlay-type":"","overlay-color":"","overlay-opacity":"","overlay-gradient":""}},"ast-content-background-meta":{"desktop":{"background-color":"var(--ast-global-color-5)","background-image":"","background-repeat":"repeat","background-position":"center center","background-size":"auto","background-attachment":"scroll","background-type":"","background-media":"","overlay-type":"","overlay-color":"","overlay-opacity":"","overlay-gradient":""},"tablet":{"background-color":"var(--ast-global-color-5)","background-image":"","background-repeat":"repeat","background-position":"center center","background-size":"auto","background-attachment":"scroll","background-type":"","background-media":"","overlay-type":"","overlay-color":"","overlay-opacity":"","overlay-gradient":""},"mobile":{"background-color":"var(--ast-global-color-5)","background-image":"","background-repeat":"repeat","background-position":"center center","background-size":"auto","background-attachment":"scroll","background-type":"","background-media":"","overlay-type":"","overlay-color":"","overlay-opacity":"","overlay-gradient":""}}},"product_brand":[],"product_cat":[43,50],"product_tag":[856,875],"class_list":{"0":"post-7786","1":"product","2":"type-product","3":"status-publish","4":"has-post-thumbnail","6":"product_cat-anhaenger","7":"product_cat-anhaenger-indianer","8":"product_tag-hopi","9":"product_tag-tuerkis","10":"desktop-align-left","11":"tablet-align-left","12":"mobile-align-left","14":"first","15":"instock","16":"featured","17":"shipping-taxable","18":"purchasable","19":"product-type-simple"},"uagb_featured_image_src":{"full":["https:\/\/www.prairiewind.ch\/newone\/wp-content\/uploads\/2021\/12\/IMG_3110-scaled.webp",1920,1440,false],"thumbnail":["https:\/\/www.prairiewind.ch\/newone\/wp-content\/uploads\/2021\/12\/IMG_3110-scaled-150x150.webp",150,150,true],"medium":["https:\/\/www.prairiewind.ch\/newone\/wp-content\/uploads\/2021\/12\/IMG_3110-scaled-300x225.webp",300,225,true],"medium_large":["https:\/\/www.prairiewind.ch\/newone\/wp-content\/uploads\/2021\/12\/IMG_3110-scaled-768x576.webp",768,576,true],"large":["https:\/\/www.prairiewind.ch\/newone\/wp-content\/uploads\/2021\/12\/IMG_3110-scaled-1024x768.webp",1024,768,true],"1536x1536":["https:\/\/www.prairiewind.ch\/newone\/wp-content\/uploads\/2021\/12\/IMG_3110-scaled-1536x1152.webp",1536,1152,true],"2048x2048":["https:\/\/www.prairiewind.ch\/newone\/wp-content\/uploads\/2021\/12\/IMG_3110-2048x1536.webp",1920,1440,true],"hero-banner":["https:\/\/www.prairiewind.ch\/newone\/wp-content\/uploads\/2021\/12\/IMG_3110-scaled-450x160.webp",450,160,true],"category-thumb":["https:\/\/www.prairiewind.ch\/newone\/wp-content\/uploads\/2021\/12\/IMG_3110-scaled-200x150.webp",200,150,true],"woocommerce_thumbnail":["https:\/\/www.prairiewind.ch\/newone\/wp-content\/uploads\/2021\/12\/IMG_3110-scaled-188x141.webp",188,141,true],"woocommerce_single":["https:\/\/www.prairiewind.ch\/newone\/wp-content\/uploads\/2021\/12\/IMG_3110-scaled-251x188.webp",251,188,true],"woocommerce_gallery_thumbnail":["https:\/\/www.prairiewind.ch\/newone\/wp-content\/uploads\/2021\/12\/IMG_3110-scaled-100x100.webp",100,100,true]},"uagb_author_info":{"display_name":"Kurt Weissen","author_link":"https:\/\/www.prairiewind.ch\/newone\/author\/"},"uagb_comment_info":0,"uagb_excerpt":"Silberanh\u00e4nger mit grossem T\u00fcrkis, Platte (Spirit Door) und handgemachter Kette aus Sterlingsilber mit grossem T\u00fcrkisstein. L\u00e4nge der Platte: 8 cm (inkl. \u00d6se) L\u00e4nge mit Kette: 62 cm","_links":{"self":[{"href":"https:\/\/www.prairiewind.ch\/newone\/wp-json\/wp\/v2\/product\/7786","targetHints":{"allow":["GET"]}}],"collection":[{"href":"https:\/\/www.prairiewind.ch\/newone\/wp-json\/wp\/v2\/product"}],"about":[{"href":"https:\/\/www.prairiewind.ch\/newone\/wp-json\/wp\/v2\/types\/product"}],"version-history":[{"count":1,"href":"https:\/\/www.prairiewind.ch\/newone\/wp-json\/wp\/v2\/product\/7786\/revisions"}],"predecessor-version":[{"id":69687,"href":"https:\/\/www.prairiewind.ch\/newone\/wp-json\/wp\/v2\/product\/7786\/revisions\/69687"}],"wp:featuredmedia":[{"embeddable":true,"href":"https:\/\/www.prairiewind.ch\/newone\/wp-json\/wp\/v2\/media\/7787"}],"wp:attachment":[{"href":"https:\/\/www.prairiewind.ch\/newone\/wp-json\/wp\/v2\/media?parent=7786"}],"wp:term":[{"taxonomy":"product_brand","embeddable":true,"href":"https:\/\/www.prairiewind.ch\/newone\/wp-json\/wp\/v2\/product_brand?post=7786"},{"taxonomy":"product_cat","embeddable":true,"href":"https:\/\/www.prairiewind.ch\/newone\/wp-json\/wp\/v2\/product_cat?post=7786"},{"taxonomy":"product_tag","embeddable":true,"href":"https:\/\/www.prairiewind.ch\/newone\/wp-json\/wp\/v2\/product_tag?post=7786"}],"curies":[{"name":"wp","href":"https:\/\/api.w.org\/{rel}","templated":true}]}}