{"id":6816,"date":"2021-05-11T18:35:42","date_gmt":"2021-05-11T17:35:42","guid":{"rendered":"https:\/\/www.prairiewind.ch\/newone\/?post_type=product&#038;p=6816"},"modified":"2026-02-25T11:36:15","modified_gmt":"2026-02-25T09:36:15","slug":"brokeshoulder-pueblo-silberanhaenger","status":"publish","type":"product","link":"https:\/\/www.prairiewind.ch\/newone\/produkt\/brokeshoulder-pueblo-silberanhaenger\/","title":{"rendered":"Aaron Brokeshoulder (Shawnee-Choctaw-Pueblo) &#8211; Silberanh\u00e4nger"},"content":{"rendered":"<p>Dieser <a href=\"https:\/\/www.prairiewind.ch\/newone\/produkt\/jonah-hill-hopi-silberanhaenger-mit-grossem-tuerkis\/\">kunstvoll<\/a> gestaltete Silberanh\u00e4nger von Aaron Brokeshoulder vereint eine feine Korallenlinie auf einem Drahtseil mit traditionellen Symbolen wie Wasserwellen, Regenwolken, Regentropfen, Sonne und Kreisen. Der Anh\u00e4nger misst 6 cm in der L\u00e4nge und spiegelt die tiefe Verbindung zu nat\u00fcrlichen Elementen und die spirituelle Bedeutung dieser Symbole in der Kultur der Shawnee, Choctaw und Pueblo wider.<\/p>\n<p>Ein au\u00dfergew\u00f6hnliches Schmuckst\u00fcck, das nicht nur durch seine \u00e4sthetische Sch\u00f6nheit besticht, sondern auch die kulturelle Bedeutung der Symbole vermittelt.<\/p>\n","protected":false},"excerpt":{"rendered":"<p>Silberanh\u00e4nger mit Korallenlinie auf Drahtseil: Wasserwellen, Regenwolken, Regentropfen, Sonne, Kreise.<\/p>\n<p>L\u00e4nge: <a href=\"https:\/\/www.prairiewind.ch\/newone\/produkt\/colin-weeka-zuni-biber-mit-holzstueck\/\" data-wpil-monitor-id=\"1319\">6 cm<\/a><\/p>\n","protected":false},"featured_media":6817,"template":"","meta":{"_uag_custom_page_level_css":"","site-sidebar-layout":"default","site-content-layout":"","ast-site-content-layout":"default","site-content-style":"default","site-sidebar-style":"default","ast-global-header-display":"","ast-banner-title-visibility":"","ast-main-header-display":"","ast-hfb-above-header-display":"","ast-hfb-below-header-display":"","ast-hfb-mobile-header-display":"","site-post-title":"","ast-breadcrumbs-content":"","ast-featured-img":"","footer-sml-layout":"","ast-disable-related-posts":"","theme-transparent-header-meta":"default","adv-header-id-meta":"","stick-header-meta":"","header-above-stick-meta":"","header-main-stick-meta":"","header-below-stick-meta":"","astra-migrate-meta-layouts":"set","ast-page-background-enabled":"default","ast-page-background-meta":{"desktop":{"background-color":"var(--ast-global-color-4)","background-image":"","background-repeat":"repeat","background-position":"center center","background-size":"auto","background-attachment":"scroll","background-type":"","background-media":"","overlay-type":"","overlay-color":"","overlay-opacity":"","overlay-gradient":""},"tablet":{"background-color":"","background-image":"","background-repeat":"repeat","background-position":"center center","background-size":"auto","background-attachment":"scroll","background-type":"","background-media":"","overlay-type":"","overlay-color":"","overlay-opacity":"","overlay-gradient":""},"mobile":{"background-color":"","background-image":"","background-repeat":"repeat","background-position":"center center","background-size":"auto","background-attachment":"scroll","background-type":"","background-media":"","overlay-type":"","overlay-color":"","overlay-opacity":"","overlay-gradient":""}},"ast-content-background-meta":{"desktop":{"background-color":"var(--ast-global-color-5)","background-image":"","background-repeat":"repeat","background-position":"center center","background-size":"auto","background-attachment":"scroll","background-type":"","background-media":"","overlay-type":"","overlay-color":"","overlay-opacity":"","overlay-gradient":""},"tablet":{"background-color":"var(--ast-global-color-5)","background-image":"","background-repeat":"repeat","background-position":"center center","background-size":"auto","background-attachment":"scroll","background-type":"","background-media":"","overlay-type":"","overlay-color":"","overlay-opacity":"","overlay-gradient":""},"mobile":{"background-color":"var(--ast-global-color-5)","background-image":"","background-repeat":"repeat","background-position":"center center","background-size":"auto","background-attachment":"scroll","background-type":"","background-media":"","overlay-type":"","overlay-color":"","overlay-opacity":"","overlay-gradient":""}}},"product_brand":[],"product_cat":[43,50],"product_tag":[],"class_list":{"0":"post-6816","1":"product","2":"type-product","3":"status-publish","4":"has-post-thumbnail","6":"product_cat-anhaenger","7":"product_cat-anhaenger-indianer","8":"desktop-align-left","9":"tablet-align-left","10":"mobile-align-left","12":"first","13":"outofstock","14":"shipping-taxable","15":"purchasable","16":"product-type-simple"},"uagb_featured_image_src":{"full":["https:\/\/www.prairiewind.ch\/newone\/wp-content\/uploads\/2021\/05\/ios-62-scaled.webp",1920,1440,false],"thumbnail":["https:\/\/www.prairiewind.ch\/newone\/wp-content\/uploads\/2021\/05\/ios-62-scaled-150x150.webp",150,150,true],"medium":["https:\/\/www.prairiewind.ch\/newone\/wp-content\/uploads\/2021\/05\/ios-62-scaled-300x225.webp",300,225,true],"medium_large":["https:\/\/www.prairiewind.ch\/newone\/wp-content\/uploads\/2021\/05\/ios-62-scaled-768x576.webp",768,576,true],"large":["https:\/\/www.prairiewind.ch\/newone\/wp-content\/uploads\/2021\/05\/ios-62-scaled-1024x768.webp",1024,768,true],"1536x1536":["https:\/\/www.prairiewind.ch\/newone\/wp-content\/uploads\/2021\/05\/ios-62-scaled-1536x1152.webp",1536,1152,true],"2048x2048":["https:\/\/www.prairiewind.ch\/newone\/wp-content\/uploads\/2021\/05\/ios-62-2048x1536.webp",1920,1440,true],"hero-banner":["https:\/\/www.prairiewind.ch\/newone\/wp-content\/uploads\/2021\/05\/ios-62-scaled-450x160.webp",450,160,true],"category-thumb":["https:\/\/www.prairiewind.ch\/newone\/wp-content\/uploads\/2021\/05\/ios-62-scaled-200x150.webp",200,150,true],"woocommerce_thumbnail":["https:\/\/www.prairiewind.ch\/newone\/wp-content\/uploads\/2021\/05\/ios-62-scaled-188x141.webp",188,141,true],"woocommerce_single":["https:\/\/www.prairiewind.ch\/newone\/wp-content\/uploads\/2021\/05\/ios-62-scaled-251x188.webp",251,188,true],"woocommerce_gallery_thumbnail":["https:\/\/www.prairiewind.ch\/newone\/wp-content\/uploads\/2021\/05\/ios-62-scaled-100x100.webp",100,100,true]},"uagb_author_info":{"display_name":"Kurt Weissen","author_link":"https:\/\/www.prairiewind.ch\/newone\/author\/"},"uagb_comment_info":0,"uagb_excerpt":"Silberanh\u00e4nger mit Korallenlinie auf Drahtseil: Wasserwellen, Regenwolken, Regentropfen, Sonne, Kreise. L\u00e4nge: 6 cm","_links":{"self":[{"href":"https:\/\/www.prairiewind.ch\/newone\/wp-json\/wp\/v2\/product\/6816","targetHints":{"allow":["GET"]}}],"collection":[{"href":"https:\/\/www.prairiewind.ch\/newone\/wp-json\/wp\/v2\/product"}],"about":[{"href":"https:\/\/www.prairiewind.ch\/newone\/wp-json\/wp\/v2\/types\/product"}],"version-history":[{"count":1,"href":"https:\/\/www.prairiewind.ch\/newone\/wp-json\/wp\/v2\/product\/6816\/revisions"}],"predecessor-version":[{"id":112087,"href":"https:\/\/www.prairiewind.ch\/newone\/wp-json\/wp\/v2\/product\/6816\/revisions\/112087"}],"wp:featuredmedia":[{"embeddable":true,"href":"https:\/\/www.prairiewind.ch\/newone\/wp-json\/wp\/v2\/media\/6817"}],"wp:attachment":[{"href":"https:\/\/www.prairiewind.ch\/newone\/wp-json\/wp\/v2\/media?parent=6816"}],"wp:term":[{"taxonomy":"product_brand","embeddable":true,"href":"https:\/\/www.prairiewind.ch\/newone\/wp-json\/wp\/v2\/product_brand?post=6816"},{"taxonomy":"product_cat","embeddable":true,"href":"https:\/\/www.prairiewind.ch\/newone\/wp-json\/wp\/v2\/product_cat?post=6816"},{"taxonomy":"product_tag","embeddable":true,"href":"https:\/\/www.prairiewind.ch\/newone\/wp-json\/wp\/v2\/product_tag?post=6816"}],"curies":[{"name":"wp","href":"https:\/\/api.w.org\/{rel}","templated":true}]}}