{"id":6804,"date":"2021-05-11T18:11:29","date_gmt":"2021-05-11T17:11:29","guid":{"rendered":"https:\/\/www.prairiewind.ch\/newone\/?post_type=product&#038;p=6804"},"modified":"2024-11-07T08:13:10","modified_gmt":"2024-11-07T07:13:10","slug":"charlotte-reano-kewa-doppelseitiger-anhaenger","status":"publish","type":"product","link":"https:\/\/www.prairiewind.ch\/newone\/produkt\/charlotte-reano-kewa-doppelseitiger-anhaenger\/","title":{"rendered":"Charlotte Reano (Kewa) &#8211; doppelseitiger Anh\u00e4nger"},"content":{"rendered":"<p>Dieser exquisite, doppelseitige Anh\u00e4nger von Charlotte Reano, einer <a href=\"https:\/\/www.prairiewind.ch\/newone\/produkt\/brokeshoulder-pueblo-silberanhaenger\/\">bekannten<\/a> K\u00fcnstlerin der Kewa Pueblo, besteht aus einem Muschelmittelst\u00fcck, das kunstvoll mit einem Mosaik-Inlay aus T\u00fcrkis, Spiny Oyster, Perlmutt, Muschel, Lapislazuli und Koralle verziert ist. Mit einer L\u00e4nge von 5,3 cm bietet der Anh\u00e4nger zwei verschiedene Seiten, die jede auf ihre Weise die Sch\u00f6nheit der nat\u00fcrlichen Materialien und die Handwerkskunst der Kewa-Kultur zur Geltung bringen.<\/p>\n<p>Ein au\u00dfergew\u00f6hnliches Schmuckst\u00fcck, das die Vielfalt und Eleganz traditioneller indigener Handwerkskunst widerspiegelt.<\/p>\n","protected":false},"excerpt":{"rendered":"<p>Doppelseitiger Anh\u00e4nger aus Muschelmittelst\u00fcck mit Mosaic Inlay aus <a class=\"wpil_keyword_link\" href=\"https:\/\/www.prairiewind.ch\/newone\/shop-1\/\" title=\"Shop\" data-wpil-keyword-link=\"linked\" data-wpil-monitor-id=\"188963\">T\u00fcrkis<\/a>, Spiny Oyster, Perlmutt, Muschel, Lapislazuli, Koralle.<\/p>\n<p>L\u00e4nge: <a href=\"https:\/\/www.prairiewind.ch\/newone\/produkt\/aaron-brokeshoulder-shawnee-choctaw-kewa-bolo-tie\/\" data-wpil-monitor-id=\"1326\">5.3 cm<\/a><\/p>\n","protected":false},"featured_media":6805,"template":"","meta":{"_uag_custom_page_level_css":"","site-sidebar-layout":"default","site-content-layout":"","ast-site-content-layout":"default","site-content-style":"default","site-sidebar-style":"default","ast-global-header-display":"","ast-banner-title-visibility":"","ast-main-header-display":"","ast-hfb-above-header-display":"","ast-hfb-below-header-display":"","ast-hfb-mobile-header-display":"","site-post-title":"","ast-breadcrumbs-content":"","ast-featured-img":"","footer-sml-layout":"","ast-disable-related-posts":"","theme-transparent-header-meta":"default","adv-header-id-meta":"","stick-header-meta":"","header-above-stick-meta":"","header-main-stick-meta":"","header-below-stick-meta":"","astra-migrate-meta-layouts":"set","ast-page-background-enabled":"default","ast-page-background-meta":{"desktop":{"background-color":"var(--ast-global-color-4)","background-image":"","background-repeat":"repeat","background-position":"center center","background-size":"auto","background-attachment":"scroll","background-type":"","background-media":"","overlay-type":"","overlay-color":"","overlay-opacity":"","overlay-gradient":""},"tablet":{"background-color":"","background-image":"","background-repeat":"repeat","background-position":"center center","background-size":"auto","background-attachment":"scroll","background-type":"","background-media":"","overlay-type":"","overlay-color":"","overlay-opacity":"","overlay-gradient":""},"mobile":{"background-color":"","background-image":"","background-repeat":"repeat","background-position":"center center","background-size":"auto","background-attachment":"scroll","background-type":"","background-media":"","overlay-type":"","overlay-color":"","overlay-opacity":"","overlay-gradient":""}},"ast-content-background-meta":{"desktop":{"background-color":"var(--ast-global-color-5)","background-image":"","background-repeat":"repeat","background-position":"center center","background-size":"auto","background-attachment":"scroll","background-type":"","background-media":"","overlay-type":"","overlay-color":"","overlay-opacity":"","overlay-gradient":""},"tablet":{"background-color":"var(--ast-global-color-5)","background-image":"","background-repeat":"repeat","background-position":"center center","background-size":"auto","background-attachment":"scroll","background-type":"","background-media":"","overlay-type":"","overlay-color":"","overlay-opacity":"","overlay-gradient":""},"mobile":{"background-color":"var(--ast-global-color-5)","background-image":"","background-repeat":"repeat","background-position":"center center","background-size":"auto","background-attachment":"scroll","background-type":"","background-media":"","overlay-type":"","overlay-color":"","overlay-opacity":"","overlay-gradient":""}}},"product_brand":[],"product_cat":[43,50],"product_tag":[857,879,874,881,875],"class_list":{"0":"post-6804","1":"product","2":"type-product","3":"status-publish","4":"has-post-thumbnail","6":"product_cat-anhaenger","7":"product_cat-anhaenger-indianer","8":"product_tag-kewa","9":"product_tag-inlay","10":"product_tag-muschel","11":"product_tag-perlmutt","12":"product_tag-tuerkis","13":"desktop-align-left","14":"tablet-align-left","15":"mobile-align-left","17":"first","18":"instock","19":"shipping-taxable","20":"purchasable","21":"product-type-simple"},"uagb_featured_image_src":{"full":["https:\/\/www.prairiewind.ch\/newone\/wp-content\/uploads\/2021\/05\/ios-53-scaled.webp",1920,1440,false],"thumbnail":["https:\/\/www.prairiewind.ch\/newone\/wp-content\/uploads\/2021\/05\/ios-53-scaled-150x150.webp",150,150,true],"medium":["https:\/\/www.prairiewind.ch\/newone\/wp-content\/uploads\/2021\/05\/ios-53-scaled-300x225.webp",300,225,true],"medium_large":["https:\/\/www.prairiewind.ch\/newone\/wp-content\/uploads\/2021\/05\/ios-53-scaled-768x576.webp",768,576,true],"large":["https:\/\/www.prairiewind.ch\/newone\/wp-content\/uploads\/2021\/05\/ios-53-scaled-1024x768.webp",1024,768,true],"1536x1536":["https:\/\/www.prairiewind.ch\/newone\/wp-content\/uploads\/2021\/05\/ios-53-scaled-1536x1152.webp",1536,1152,true],"2048x2048":["https:\/\/www.prairiewind.ch\/newone\/wp-content\/uploads\/2021\/05\/ios-53-2048x1536.webp",1920,1440,true],"hero-banner":["https:\/\/www.prairiewind.ch\/newone\/wp-content\/uploads\/2021\/05\/ios-53-scaled-450x160.webp",450,160,true],"category-thumb":["https:\/\/www.prairiewind.ch\/newone\/wp-content\/uploads\/2021\/05\/ios-53-scaled-200x150.webp",200,150,true],"woocommerce_thumbnail":["https:\/\/www.prairiewind.ch\/newone\/wp-content\/uploads\/2021\/05\/ios-53-scaled-188x141.webp",188,141,true],"woocommerce_single":["https:\/\/www.prairiewind.ch\/newone\/wp-content\/uploads\/2021\/05\/ios-53-scaled-251x188.webp",251,188,true],"woocommerce_gallery_thumbnail":["https:\/\/www.prairiewind.ch\/newone\/wp-content\/uploads\/2021\/05\/ios-53-scaled-100x100.webp",100,100,true]},"uagb_author_info":{"display_name":"Kurt Weissen","author_link":"https:\/\/www.prairiewind.ch\/newone\/author\/"},"uagb_comment_info":0,"uagb_excerpt":"Doppelseitiger Anh\u00e4nger aus Muschelmittelst\u00fcck mit Mosaic Inlay aus T\u00fcrkis, Spiny Oyster, Perlmutt, Muschel, Lapislazuli, Koralle. L\u00e4nge: 5.3 cm","_links":{"self":[{"href":"https:\/\/www.prairiewind.ch\/newone\/wp-json\/wp\/v2\/product\/6804","targetHints":{"allow":["GET"]}}],"collection":[{"href":"https:\/\/www.prairiewind.ch\/newone\/wp-json\/wp\/v2\/product"}],"about":[{"href":"https:\/\/www.prairiewind.ch\/newone\/wp-json\/wp\/v2\/types\/product"}],"version-history":[{"count":2,"href":"https:\/\/www.prairiewind.ch\/newone\/wp-json\/wp\/v2\/product\/6804\/revisions"}],"predecessor-version":[{"id":112045,"href":"https:\/\/www.prairiewind.ch\/newone\/wp-json\/wp\/v2\/product\/6804\/revisions\/112045"}],"wp:featuredmedia":[{"embeddable":true,"href":"https:\/\/www.prairiewind.ch\/newone\/wp-json\/wp\/v2\/media\/6805"}],"wp:attachment":[{"href":"https:\/\/www.prairiewind.ch\/newone\/wp-json\/wp\/v2\/media?parent=6804"}],"wp:term":[{"taxonomy":"product_brand","embeddable":true,"href":"https:\/\/www.prairiewind.ch\/newone\/wp-json\/wp\/v2\/product_brand?post=6804"},{"taxonomy":"product_cat","embeddable":true,"href":"https:\/\/www.prairiewind.ch\/newone\/wp-json\/wp\/v2\/product_cat?post=6804"},{"taxonomy":"product_tag","embeddable":true,"href":"https:\/\/www.prairiewind.ch\/newone\/wp-json\/wp\/v2\/product_tag?post=6804"}],"curies":[{"name":"wp","href":"https:\/\/api.w.org\/{rel}","templated":true}]}}