{"id":6730,"date":"2021-05-02T11:05:46","date_gmt":"2021-05-02T10:05:46","guid":{"rendered":"https:\/\/www.prairiewind.ch\/newone\/?post_type=product&#038;p=6730"},"modified":"2024-10-26T15:21:36","modified_gmt":"2024-10-26T14:21:36","slug":"agnes-peynetsa-zuni-krueglein-mit-froeschen","status":"publish","type":"product","link":"https:\/\/www.prairiewind.ch\/newone\/produkt\/agnes-peynetsa-zuni-krueglein-mit-froeschen\/","title":{"rendered":"Agnes Peynetsa (Zuni) &#8211; Kr\u00fcglein mit Fr\u00f6schen"},"content":{"rendered":"<p>Dieses einzigartige Kr\u00fcglein von der bekannten Zuni-K\u00fcnstlerin <a href=\"https:\/\/www.prairiewind.ch\/newone\/produkt\/lucinda-victorino-acoma-toepfchen\/\">Agnes Peynetsa<\/a> zeigt zwei plastisch gearbeitete Fr\u00f6sche, die in die Oberfl\u00e4che eingearbeitet und kunstvoll bemalt sind.<\/p>\n<p>Mit einer H\u00f6he von 5,6 cm ist dieses T\u00f6pfchen ein sch\u00f6nes Beispiel f\u00fcr die traditionelle Zuni-T\u00f6pferkunst, die nat\u00fcrliche Motive mit handwerklicher Pr\u00e4zision vereint.<\/p>\n","protected":false},"excerpt":{"rendered":"<p>Kr\u00fcglein mit zwei plastisch gemalten Fr\u00f6schen<\/p>\n<p>H\u00f6he: 5.6 cm<\/p>\n","protected":false},"featured_media":6731,"template":"","meta":{"_uag_custom_page_level_css":"","site-sidebar-layout":"default","site-content-layout":"","ast-site-content-layout":"default","site-content-style":"default","site-sidebar-style":"default","ast-global-header-display":"","ast-banner-title-visibility":"","ast-main-header-display":"","ast-hfb-above-header-display":"","ast-hfb-below-header-display":"","ast-hfb-mobile-header-display":"","site-post-title":"","ast-breadcrumbs-content":"","ast-featured-img":"","footer-sml-layout":"","ast-disable-related-posts":"","theme-transparent-header-meta":"default","adv-header-id-meta":"","stick-header-meta":"","header-above-stick-meta":"","header-main-stick-meta":"","header-below-stick-meta":"","astra-migrate-meta-layouts":"set","ast-page-background-enabled":"default","ast-page-background-meta":{"desktop":{"background-color":"var(--ast-global-color-4)","background-image":"","background-repeat":"repeat","background-position":"center center","background-size":"auto","background-attachment":"scroll","background-type":"","background-media":"","overlay-type":"","overlay-color":"","overlay-opacity":"","overlay-gradient":""},"tablet":{"background-color":"","background-image":"","background-repeat":"repeat","background-position":"center center","background-size":"auto","background-attachment":"scroll","background-type":"","background-media":"","overlay-type":"","overlay-color":"","overlay-opacity":"","overlay-gradient":""},"mobile":{"background-color":"","background-image":"","background-repeat":"repeat","background-position":"center center","background-size":"auto","background-attachment":"scroll","background-type":"","background-media":"","overlay-type":"","overlay-color":"","overlay-opacity":"","overlay-gradient":""}},"ast-content-background-meta":{"desktop":{"background-color":"var(--ast-global-color-5)","background-image":"","background-repeat":"repeat","background-position":"center center","background-size":"auto","background-attachment":"scroll","background-type":"","background-media":"","overlay-type":"","overlay-color":"","overlay-opacity":"","overlay-gradient":""},"tablet":{"background-color":"var(--ast-global-color-5)","background-image":"","background-repeat":"repeat","background-position":"center center","background-size":"auto","background-attachment":"scroll","background-type":"","background-media":"","overlay-type":"","overlay-color":"","overlay-opacity":"","overlay-gradient":""},"mobile":{"background-color":"var(--ast-global-color-5)","background-image":"","background-repeat":"repeat","background-position":"center center","background-size":"auto","background-attachment":"scroll","background-type":"","background-media":"","overlay-type":"","overlay-color":"","overlay-opacity":"","overlay-gradient":""}}},"product_brand":[],"product_cat":[63],"product_tag":[861],"class_list":{"0":"post-6730","1":"product","2":"type-product","3":"status-publish","4":"has-post-thumbnail","6":"product_cat-pottery-toepfer-indianer","7":"product_tag-zuni","8":"desktop-align-left","9":"tablet-align-left","10":"mobile-align-left","12":"first","13":"instock","14":"shipping-taxable","15":"purchasable","16":"product-type-simple"},"uagb_featured_image_src":{"full":["https:\/\/www.prairiewind.ch\/newone\/wp-content\/uploads\/2021\/05\/ios-7-scaled.webp",1920,1440,false],"thumbnail":["https:\/\/www.prairiewind.ch\/newone\/wp-content\/uploads\/2021\/05\/ios-7-scaled-150x150.webp",150,150,true],"medium":["https:\/\/www.prairiewind.ch\/newone\/wp-content\/uploads\/2021\/05\/ios-7-scaled-300x225.webp",300,225,true],"medium_large":["https:\/\/www.prairiewind.ch\/newone\/wp-content\/uploads\/2021\/05\/ios-7-scaled-768x576.webp",768,576,true],"large":["https:\/\/www.prairiewind.ch\/newone\/wp-content\/uploads\/2021\/05\/ios-7-scaled-1024x768.webp",1024,768,true],"1536x1536":["https:\/\/www.prairiewind.ch\/newone\/wp-content\/uploads\/2021\/05\/ios-7-scaled-1536x1152.webp",1536,1152,true],"2048x2048":["https:\/\/www.prairiewind.ch\/newone\/wp-content\/uploads\/2021\/05\/ios-7-2048x1536.webp",1920,1440,true],"hero-banner":["https:\/\/www.prairiewind.ch\/newone\/wp-content\/uploads\/2021\/05\/ios-7-scaled-450x160.webp",450,160,true],"category-thumb":["https:\/\/www.prairiewind.ch\/newone\/wp-content\/uploads\/2021\/05\/ios-7-scaled-200x150.webp",200,150,true],"woocommerce_thumbnail":["https:\/\/www.prairiewind.ch\/newone\/wp-content\/uploads\/2021\/05\/ios-7-scaled-188x141.webp",188,141,true],"woocommerce_single":["https:\/\/www.prairiewind.ch\/newone\/wp-content\/uploads\/2021\/05\/ios-7-scaled-251x188.webp",251,188,true],"woocommerce_gallery_thumbnail":["https:\/\/www.prairiewind.ch\/newone\/wp-content\/uploads\/2021\/05\/ios-7-scaled-100x100.webp",100,100,true]},"uagb_author_info":{"display_name":"Kurt Weissen","author_link":"https:\/\/www.prairiewind.ch\/newone\/author\/"},"uagb_comment_info":0,"uagb_excerpt":"Kr\u00fcglein mit zwei plastisch gemalten Fr\u00f6schen H\u00f6he: 5.6 cm","_links":{"self":[{"href":"https:\/\/www.prairiewind.ch\/newone\/wp-json\/wp\/v2\/product\/6730","targetHints":{"allow":["GET"]}}],"collection":[{"href":"https:\/\/www.prairiewind.ch\/newone\/wp-json\/wp\/v2\/product"}],"about":[{"href":"https:\/\/www.prairiewind.ch\/newone\/wp-json\/wp\/v2\/types\/product"}],"version-history":[{"count":0,"href":"https:\/\/www.prairiewind.ch\/newone\/wp-json\/wp\/v2\/product\/6730\/revisions"}],"wp:featuredmedia":[{"embeddable":true,"href":"https:\/\/www.prairiewind.ch\/newone\/wp-json\/wp\/v2\/media\/6731"}],"wp:attachment":[{"href":"https:\/\/www.prairiewind.ch\/newone\/wp-json\/wp\/v2\/media?parent=6730"}],"wp:term":[{"taxonomy":"product_brand","embeddable":true,"href":"https:\/\/www.prairiewind.ch\/newone\/wp-json\/wp\/v2\/product_brand?post=6730"},{"taxonomy":"product_cat","embeddable":true,"href":"https:\/\/www.prairiewind.ch\/newone\/wp-json\/wp\/v2\/product_cat?post=6730"},{"taxonomy":"product_tag","embeddable":true,"href":"https:\/\/www.prairiewind.ch\/newone\/wp-json\/wp\/v2\/product_tag?post=6730"}],"curies":[{"name":"wp","href":"https:\/\/api.w.org\/{rel}","templated":true}]}}