{"id":6047,"date":"2020-12-17T16:24:53","date_gmt":"2020-12-17T15:24:53","guid":{"rendered":"https:\/\/www.prairiewind.ch\/newone\/?post_type=product&#038;p=6047"},"modified":"2025-07-15T20:47:44","modified_gmt":"2025-07-15T18:47:44","slug":"anderson-koinva-hopi-armreif-mit-regenmotiven","status":"publish","type":"product","link":"https:\/\/www.prairiewind.ch\/newone\/produkt\/anderson-koinva-hopi-armreif-mit-regenmotiven\/","title":{"rendered":"Anderson Koinva (Hopi) &#8211; Armreif mit Regenmotiven"},"content":{"rendered":"<p>Dieser eindrucksvolle Armreif von <a href=\"https:\/\/www.prairiewind.ch\/newone\/produkt\/tommy-jackson-navajo-herzfoermiger-armreif\/\">Anderson<\/a> Koinva, einem K\u00fcnstler der Hopi, besteht aus feinstem Sterlingsilber und zeigt kunstvoll eingearbeitete Wasserwellen und Regenmotive, die in der traditionellen Overlay-Technik der Hopi gefertigt wurden. Der Armreif hat eine Breite von 2 cm, einen Innendurchmesser von 6,1 cm und eine \u00d6ffnung von 3 cm, was ihn zu einem markanten Schmuckst\u00fcck macht.<\/p>\n<p>Die Overlay-Technik ist charakteristisch f\u00fcr die Silberschmiedekunst der Hopi und erfordert h\u00f6chste Pr\u00e4zision. Die eingravierten Motive von Wasserwellen und starkem Regen symbolisieren die lebensspendenden Kr\u00e4fte der Natur und sind tief in der Spiritualit\u00e4t der Hopi verwurzelt. <a href=\"https:\/\/www.prairiewind.ch\/newone\/produkt\/04a001-aaron-brokeshoulder-shawnee-choctaw-kewa-schmetterlings-ohrhaenger\/\" data-wpil-monitor-id=\"1110\">Regen steht in der Hopi-Kultur f\u00fcr Fruchtbarkeit und<\/a> die Erneuerung des Lebens.<\/p>\n<p>Dieser <a href=\"https:\/\/www.prairiewind.ch\/newone\/produkt\/carlton-jamon-zuni-stahlarmreif\/\" data-wpil-monitor-id=\"438\">Carlton Jamon (Zuni) &#8211; Stahlarmreif<\/a> ist nicht nur ein Ausdruck meisterlicher Handwerkskunst, sondern mit seinem Regenmotiv auch ein Symbol der engen Verbindung der Hopi zur Natur und ihren Elementen.<\/p>\n","protected":false},"excerpt":{"rendered":"<p><a href=\"https:\/\/www.prairiewind.ch\/newone\/produkt\/aaron-brokeshoulder-shawnee-choktaw-pueblo-silberarmreif\/\" data-wpil-monitor-id=\"532\">Armreif aus Sterlingsilber<\/a>, in Overlay-Technik mit Wasserwellen und Regenmotiven<\/p>\n<p>Breite: 2 cm<br \/>\nInnendurchmesser: 6.1<br \/>\n\u00d6ffnung: 3 cm<\/p>\n","protected":false},"featured_media":6049,"template":"","meta":{"_uag_custom_page_level_css":"","site-sidebar-layout":"default","site-content-layout":"","ast-site-content-layout":"default","site-content-style":"default","site-sidebar-style":"default","ast-global-header-display":"","ast-banner-title-visibility":"","ast-main-header-display":"","ast-hfb-above-header-display":"","ast-hfb-below-header-display":"","ast-hfb-mobile-header-display":"","site-post-title":"","ast-breadcrumbs-content":"","ast-featured-img":"","footer-sml-layout":"","ast-disable-related-posts":"","theme-transparent-header-meta":"default","adv-header-id-meta":"","stick-header-meta":"","header-above-stick-meta":"","header-main-stick-meta":"","header-below-stick-meta":"","astra-migrate-meta-layouts":"set","ast-page-background-enabled":"default","ast-page-background-meta":{"desktop":{"background-color":"var(--ast-global-color-4)","background-image":"","background-repeat":"repeat","background-position":"center center","background-size":"auto","background-attachment":"scroll","background-type":"","background-media":"","overlay-type":"","overlay-color":"","overlay-opacity":"","overlay-gradient":""},"tablet":{"background-color":"","background-image":"","background-repeat":"repeat","background-position":"center center","background-size":"auto","background-attachment":"scroll","background-type":"","background-media":"","overlay-type":"","overlay-color":"","overlay-opacity":"","overlay-gradient":""},"mobile":{"background-color":"","background-image":"","background-repeat":"repeat","background-position":"center center","background-size":"auto","background-attachment":"scroll","background-type":"","background-media":"","overlay-type":"","overlay-color":"","overlay-opacity":"","overlay-gradient":""}},"ast-content-background-meta":{"desktop":{"background-color":"var(--ast-global-color-5)","background-image":"","background-repeat":"repeat","background-position":"center center","background-size":"auto","background-attachment":"scroll","background-type":"","background-media":"","overlay-type":"","overlay-color":"","overlay-opacity":"","overlay-gradient":""},"tablet":{"background-color":"var(--ast-global-color-5)","background-image":"","background-repeat":"repeat","background-position":"center center","background-size":"auto","background-attachment":"scroll","background-type":"","background-media":"","overlay-type":"","overlay-color":"","overlay-opacity":"","overlay-gradient":""},"mobile":{"background-color":"var(--ast-global-color-5)","background-image":"","background-repeat":"repeat","background-position":"center center","background-size":"auto","background-attachment":"scroll","background-type":"","background-media":"","overlay-type":"","overlay-color":"","overlay-opacity":"","overlay-gradient":""}}},"product_brand":[],"product_cat":[39,47],"product_tag":[856,880],"class_list":{"0":"post-6047","1":"product","2":"type-product","3":"status-publish","4":"has-post-thumbnail","6":"product_cat-armreifen","7":"product_cat-armreifen-silber","8":"product_tag-hopi","9":"product_tag-overlay","10":"desktop-align-left","11":"tablet-align-left","12":"mobile-align-left","14":"first","15":"instock","16":"shipping-taxable","17":"purchasable","18":"product-type-simple"},"uagb_featured_image_src":{"full":["https:\/\/www.prairiewind.ch\/newone\/wp-content\/uploads\/2020\/12\/ios-13-scaled.webp",1920,1440,false],"thumbnail":["https:\/\/www.prairiewind.ch\/newone\/wp-content\/uploads\/2020\/12\/ios-13-scaled-150x150.webp",150,150,true],"medium":["https:\/\/www.prairiewind.ch\/newone\/wp-content\/uploads\/2020\/12\/ios-13-scaled-300x225.webp",300,225,true],"medium_large":["https:\/\/www.prairiewind.ch\/newone\/wp-content\/uploads\/2020\/12\/ios-13-scaled-768x576.webp",768,576,true],"large":["https:\/\/www.prairiewind.ch\/newone\/wp-content\/uploads\/2020\/12\/ios-13-scaled-1024x768.webp",1024,768,true],"1536x1536":["https:\/\/www.prairiewind.ch\/newone\/wp-content\/uploads\/2020\/12\/ios-13-scaled-1536x1152.webp",1536,1152,true],"2048x2048":["https:\/\/www.prairiewind.ch\/newone\/wp-content\/uploads\/2020\/12\/ios-13-2048x1536.webp",1920,1440,true],"hero-banner":["https:\/\/www.prairiewind.ch\/newone\/wp-content\/uploads\/2020\/12\/ios-13-scaled-450x160.webp",450,160,true],"category-thumb":["https:\/\/www.prairiewind.ch\/newone\/wp-content\/uploads\/2020\/12\/ios-13-scaled-200x150.webp",200,150,true],"woocommerce_thumbnail":["https:\/\/www.prairiewind.ch\/newone\/wp-content\/uploads\/2020\/12\/ios-13-scaled-188x141.webp",188,141,true],"woocommerce_single":["https:\/\/www.prairiewind.ch\/newone\/wp-content\/uploads\/2020\/12\/ios-13-scaled-251x188.webp",251,188,true],"woocommerce_gallery_thumbnail":["https:\/\/www.prairiewind.ch\/newone\/wp-content\/uploads\/2020\/12\/ios-13-scaled-100x100.webp",100,100,true]},"uagb_author_info":{"display_name":"Kurt Weissen","author_link":"https:\/\/www.prairiewind.ch\/newone\/author\/"},"uagb_comment_info":0,"uagb_excerpt":"Armreif aus Sterlingsilber, in Overlay-Technik mit Wasserwellen und Regenmotiven Breite: 2 cm Innendurchmesser: 6.1 \u00d6ffnung: 3 cm","_links":{"self":[{"href":"https:\/\/www.prairiewind.ch\/newone\/wp-json\/wp\/v2\/product\/6047","targetHints":{"allow":["GET"]}}],"collection":[{"href":"https:\/\/www.prairiewind.ch\/newone\/wp-json\/wp\/v2\/product"}],"about":[{"href":"https:\/\/www.prairiewind.ch\/newone\/wp-json\/wp\/v2\/types\/product"}],"version-history":[{"count":2,"href":"https:\/\/www.prairiewind.ch\/newone\/wp-json\/wp\/v2\/product\/6047\/revisions"}],"predecessor-version":[{"id":89813,"href":"https:\/\/www.prairiewind.ch\/newone\/wp-json\/wp\/v2\/product\/6047\/revisions\/89813"}],"wp:featuredmedia":[{"embeddable":true,"href":"https:\/\/www.prairiewind.ch\/newone\/wp-json\/wp\/v2\/media\/6049"}],"wp:attachment":[{"href":"https:\/\/www.prairiewind.ch\/newone\/wp-json\/wp\/v2\/media?parent=6047"}],"wp:term":[{"taxonomy":"product_brand","embeddable":true,"href":"https:\/\/www.prairiewind.ch\/newone\/wp-json\/wp\/v2\/product_brand?post=6047"},{"taxonomy":"product_cat","embeddable":true,"href":"https:\/\/www.prairiewind.ch\/newone\/wp-json\/wp\/v2\/product_cat?post=6047"},{"taxonomy":"product_tag","embeddable":true,"href":"https:\/\/www.prairiewind.ch\/newone\/wp-json\/wp\/v2\/product_tag?post=6047"}],"curies":[{"name":"wp","href":"https:\/\/api.w.org\/{rel}","templated":true}]}}