{"id":5825,"date":"2020-12-09T10:12:16","date_gmt":"2020-12-09T09:12:16","guid":{"rendered":"https:\/\/www.prairiewind.ch\/newone\/?post_type=product&#038;p=5825"},"modified":"2024-11-07T10:16:34","modified_gmt":"2024-11-07T09:16:34","slug":"121017-dakota-grosser-pferdehaaranhaenger","status":"publish","type":"product","link":"https:\/\/www.prairiewind.ch\/newone\/produkt\/121017-dakota-grosser-pferdehaaranhaenger\/","title":{"rendered":"Dakota &#8211; grosser Anh\u00e4nger aus Pferdehaar"},"content":{"rendered":"<p>Dieser gro\u00dfe Schl\u00fcsselanh\u00e4nger aus Pferdehaar kann vielseitig verwendet werden und l\u00e4sst sich auch als Halsschmuck tragen, da er mit einem Lederband versehen ist.<\/p>\n<p>Mit einer L\u00e4nge von 21 cm verbindet er die symbolische Bedeutung von Pferdehaar, das in der indigenen Kultur f\u00fcr St\u00e4rke und Freiheit steht, mit einer funktionalen und zugleich dekorativen Gestaltung.<\/p>\n","protected":false},"excerpt":{"rendered":"<p>Schl\u00fcsselanh\u00e4nger (oder Halsschmuck) aus Pferdehaar<\/p>\n<p>L\u00e4nge: <a href=\"https:\/\/www.prairiewind.ch\/newone\/produkt\/mary-tsosie-navajo-mosaic-inlay-fingerring\/\"  data-wpil-monitor-id=\"1610\">21 cm<\/a><\/p>\n","protected":false},"featured_media":5817,"template":"","meta":{"_uag_custom_page_level_css":"","site-sidebar-layout":"default","site-content-layout":"","ast-site-content-layout":"default","site-content-style":"default","site-sidebar-style":"default","ast-global-header-display":"","ast-banner-title-visibility":"","ast-main-header-display":"","ast-hfb-above-header-display":"","ast-hfb-below-header-display":"","ast-hfb-mobile-header-display":"","site-post-title":"","ast-breadcrumbs-content":"","ast-featured-img":"","footer-sml-layout":"","ast-disable-related-posts":"","theme-transparent-header-meta":"default","adv-header-id-meta":"","stick-header-meta":"","header-above-stick-meta":"","header-main-stick-meta":"","header-below-stick-meta":"","astra-migrate-meta-layouts":"set","ast-page-background-enabled":"default","ast-page-background-meta":{"desktop":{"background-color":"var(--ast-global-color-4)","background-image":"","background-repeat":"repeat","background-position":"center center","background-size":"auto","background-attachment":"scroll","background-type":"","background-media":"","overlay-type":"","overlay-color":"","overlay-opacity":"","overlay-gradient":""},"tablet":{"background-color":"","background-image":"","background-repeat":"repeat","background-position":"center center","background-size":"auto","background-attachment":"scroll","background-type":"","background-media":"","overlay-type":"","overlay-color":"","overlay-opacity":"","overlay-gradient":""},"mobile":{"background-color":"","background-image":"","background-repeat":"repeat","background-position":"center center","background-size":"auto","background-attachment":"scroll","background-type":"","background-media":"","overlay-type":"","overlay-color":"","overlay-opacity":"","overlay-gradient":""}},"ast-content-background-meta":{"desktop":{"background-color":"var(--ast-global-color-5)","background-image":"","background-repeat":"repeat","background-position":"center center","background-size":"auto","background-attachment":"scroll","background-type":"","background-media":"","overlay-type":"","overlay-color":"","overlay-opacity":"","overlay-gradient":""},"tablet":{"background-color":"var(--ast-global-color-5)","background-image":"","background-repeat":"repeat","background-position":"center center","background-size":"auto","background-attachment":"scroll","background-type":"","background-media":"","overlay-type":"","overlay-color":"","overlay-opacity":"","overlay-gradient":""},"mobile":{"background-color":"var(--ast-global-color-5)","background-image":"","background-repeat":"repeat","background-position":"center center","background-size":"auto","background-attachment":"scroll","background-type":"","background-media":"","overlay-type":"","overlay-color":"","overlay-opacity":"","overlay-gradient":""}}},"product_brand":[],"product_cat":[825,64],"product_tag":[855],"class_list":{"0":"post-5825","1":"product","2":"type-product","3":"status-publish","4":"has-post-thumbnail","6":"product_cat-pferdehaar","7":"product_cat-geschenke","8":"product_tag-dakota-lakota","9":"desktop-align-left","10":"tablet-align-left","11":"mobile-align-left","13":"first","14":"instock","15":"shipping-taxable","16":"purchasable","17":"product-type-simple"},"uagb_featured_image_src":{"full":["https:\/\/www.prairiewind.ch\/newone\/wp-content\/uploads\/2020\/12\/20201209_083024956_iOS-scaled.jpg",2048,1536,false],"thumbnail":["https:\/\/www.prairiewind.ch\/newone\/wp-content\/uploads\/2020\/12\/20201209_083024956_iOS-scaled-150x150.jpg",150,150,true],"medium":["https:\/\/www.prairiewind.ch\/newone\/wp-content\/uploads\/2020\/12\/20201209_083024956_iOS-scaled-300x225.jpg",300,225,true],"medium_large":["https:\/\/www.prairiewind.ch\/newone\/wp-content\/uploads\/2020\/12\/20201209_083024956_iOS-scaled-768x576.jpg",768,576,true],"large":["https:\/\/www.prairiewind.ch\/newone\/wp-content\/uploads\/2020\/12\/20201209_083024956_iOS-scaled-1024x768.jpg",1024,768,true],"1536x1536":["https:\/\/www.prairiewind.ch\/newone\/wp-content\/uploads\/2020\/12\/20201209_083024956_iOS-scaled-1536x1152.jpg",1536,1152,true],"2048x2048":["https:\/\/www.prairiewind.ch\/newone\/wp-content\/uploads\/2020\/12\/20201209_083024956_iOS-2048x1536.jpg",2048,1536,true],"hero-banner":["https:\/\/www.prairiewind.ch\/newone\/wp-content\/uploads\/2020\/12\/20201209_083024956_iOS-scaled-450x160.webp",450,160,true],"category-thumb":["https:\/\/www.prairiewind.ch\/newone\/wp-content\/uploads\/2020\/12\/20201209_083024956_iOS-scaled-200x150.webp",200,150,true],"woocommerce_thumbnail":["https:\/\/www.prairiewind.ch\/newone\/wp-content\/uploads\/2020\/12\/20201209_083024956_iOS-scaled-188x141.webp",188,141,true],"woocommerce_single":["https:\/\/www.prairiewind.ch\/newone\/wp-content\/uploads\/2020\/12\/20201209_083024956_iOS-scaled-251x188.webp",251,188,true],"woocommerce_gallery_thumbnail":["https:\/\/www.prairiewind.ch\/newone\/wp-content\/uploads\/2020\/12\/20201209_083024956_iOS-scaled-100x100.webp",100,100,true]},"uagb_author_info":{"display_name":"Kurt Weissen","author_link":"https:\/\/www.prairiewind.ch\/newone\/author\/"},"uagb_comment_info":0,"uagb_excerpt":"Schl\u00fcsselanh\u00e4nger (oder Halsschmuck) aus Pferdehaar L\u00e4nge: 21 cm","_links":{"self":[{"href":"https:\/\/www.prairiewind.ch\/newone\/wp-json\/wp\/v2\/product\/5825","targetHints":{"allow":["GET"]}}],"collection":[{"href":"https:\/\/www.prairiewind.ch\/newone\/wp-json\/wp\/v2\/product"}],"about":[{"href":"https:\/\/www.prairiewind.ch\/newone\/wp-json\/wp\/v2\/types\/product"}],"version-history":[{"count":0,"href":"https:\/\/www.prairiewind.ch\/newone\/wp-json\/wp\/v2\/product\/5825\/revisions"}],"wp:featuredmedia":[{"embeddable":true,"href":"https:\/\/www.prairiewind.ch\/newone\/wp-json\/wp\/v2\/media\/5817"}],"wp:attachment":[{"href":"https:\/\/www.prairiewind.ch\/newone\/wp-json\/wp\/v2\/media?parent=5825"}],"wp:term":[{"taxonomy":"product_brand","embeddable":true,"href":"https:\/\/www.prairiewind.ch\/newone\/wp-json\/wp\/v2\/product_brand?post=5825"},{"taxonomy":"product_cat","embeddable":true,"href":"https:\/\/www.prairiewind.ch\/newone\/wp-json\/wp\/v2\/product_cat?post=5825"},{"taxonomy":"product_tag","embeddable":true,"href":"https:\/\/www.prairiewind.ch\/newone\/wp-json\/wp\/v2\/product_tag?post=5825"}],"curies":[{"name":"wp","href":"https:\/\/api.w.org\/{rel}","templated":true}]}}