{"id":5748,"date":"2020-12-05T12:28:21","date_gmt":"2020-12-05T11:28:21","guid":{"rendered":"https:\/\/www.prairiewind.ch\/newone\/?post_type=product&#038;p=5748"},"modified":"2024-11-07T08:04:02","modified_gmt":"2024-11-07T07:04:02","slug":"121006-gloria-chattin-zuni-cornmaiden-skulptur","status":"publish","type":"product","link":"https:\/\/www.prairiewind.ch\/newone\/produkt\/121006-gloria-chattin-zuni-cornmaiden-skulptur\/","title":{"rendered":"Gloria Chattin (Zuni) &#8211; Corn Maiden Skulptur"},"content":{"rendered":"<p>Die <a href=\"https:\/\/www.prairiewind.ch\/newone\/produkt\/121015-navajo-dye-chart-faerbepflanzen\/\"><em>Corn Maiden<\/em>-Skulptur von Gloria Chattin<\/a>, einer talentierten Zuni-K\u00fcnstlerin, ist eine faszinierende Darstellung der \u201eCorn Maiden\u201c, die in der Zuni-Kultur f\u00fcr Fruchtbarkeit und die Nahrungssicherheit des Volkes steht. Diese kleine, zweiseitige Skulptur ist aus Spiny Oyster Shell gefertigt und kunstvoll mit Materialien wie Jet, Koralle und Lapislazuli verziert.<\/p>\n<p>Die Skulptur ruht auf einem T\u00fcrkisstein, was ihr eine kraftvolle Basis gibt und die Farbkontraste intensiviert. Mit einer H\u00f6he von 7 cm ist dieses St\u00fcck eine filigrane Arbeit, die reich an Detail und Symbolik ist. Besonders bemerkenswert sind die feinen Korallenchipsst\u00fcckchen, die das Kunstwerk <a href=\"https:\/\/www.prairiewind.ch\/newone\/schmuckstile-indianer\/\"  data-wpil-monitor-id=\"524\">schm\u00fccken<\/a> und seine Sch\u00f6nheit verst\u00e4rken.<\/p>\n<p>Diese Corn Maiden vereint kunstvolle Materialien und feine Details und ist ein hervorragendes Beispiel f\u00fcr die Zuni-Tradition im Kunsthandwerk.<\/p>\n","protected":false},"excerpt":{"rendered":"<p><a href=\"https:\/\/www.prairiewind.ch\/newone\/produkt\/leland-boone-zuni-biber-mit-buendel\/\"  data-wpil-monitor-id=\"523\">Zweiseitige Cornmaiden-Skulptur\u00a0 aus Spiny Oyster Shell<\/a>, Jet, Koralle, Lapislazuli auf T\u00fcrkisstein. Verziert mit Korallenchipsst\u00fcckchen.<\/p>\n<p>H\u00f6he: <a href=\"https:\/\/www.prairiewind.ch\/newone\/produkt\/jonathan-quam-zuni-bighorn-sheep-auf-stein\/\"  data-wpil-monitor-id=\"1315\">7 cm<\/a><\/p>\n","protected":false},"featured_media":5749,"template":"","meta":{"_uag_custom_page_level_css":"","site-sidebar-layout":"default","site-content-layout":"","ast-site-content-layout":"default","site-content-style":"default","site-sidebar-style":"default","ast-global-header-display":"","ast-banner-title-visibility":"","ast-main-header-display":"","ast-hfb-above-header-display":"","ast-hfb-below-header-display":"","ast-hfb-mobile-header-display":"","site-post-title":"","ast-breadcrumbs-content":"","ast-featured-img":"","footer-sml-layout":"","ast-disable-related-posts":"","theme-transparent-header-meta":"default","adv-header-id-meta":"","stick-header-meta":"","header-above-stick-meta":"","header-main-stick-meta":"","header-below-stick-meta":"","astra-migrate-meta-layouts":"set","ast-page-background-enabled":"default","ast-page-background-meta":{"desktop":{"background-color":"var(--ast-global-color-4)","background-image":"","background-repeat":"repeat","background-position":"center center","background-size":"auto","background-attachment":"scroll","background-type":"","background-media":"","overlay-type":"","overlay-color":"","overlay-opacity":"","overlay-gradient":""},"tablet":{"background-color":"","background-image":"","background-repeat":"repeat","background-position":"center center","background-size":"auto","background-attachment":"scroll","background-type":"","background-media":"","overlay-type":"","overlay-color":"","overlay-opacity":"","overlay-gradient":""},"mobile":{"background-color":"","background-image":"","background-repeat":"repeat","background-position":"center center","background-size":"auto","background-attachment":"scroll","background-type":"","background-media":"","overlay-type":"","overlay-color":"","overlay-opacity":"","overlay-gradient":""}},"ast-content-background-meta":{"desktop":{"background-color":"var(--ast-global-color-5)","background-image":"","background-repeat":"repeat","background-position":"center center","background-size":"auto","background-attachment":"scroll","background-type":"","background-media":"","overlay-type":"","overlay-color":"","overlay-opacity":"","overlay-gradient":""},"tablet":{"background-color":"var(--ast-global-color-5)","background-image":"","background-repeat":"repeat","background-position":"center center","background-size":"auto","background-attachment":"scroll","background-type":"","background-media":"","overlay-type":"","overlay-color":"","overlay-opacity":"","overlay-gradient":""},"mobile":{"background-color":"var(--ast-global-color-5)","background-image":"","background-repeat":"repeat","background-position":"center center","background-size":"auto","background-attachment":"scroll","background-type":"","background-media":"","overlay-type":"","overlay-color":"","overlay-opacity":"","overlay-gradient":""}}},"product_brand":[],"product_cat":[64],"product_tag":[878,874,875,861],"class_list":{"0":"post-5748","1":"product","2":"type-product","3":"status-publish","4":"has-post-thumbnail","6":"product_cat-geschenke","7":"product_tag-jet-versteinerte-kohle","8":"product_tag-muschel","9":"product_tag-tuerkis","10":"product_tag-zuni","11":"desktop-align-left","12":"tablet-align-left","13":"mobile-align-left","15":"first","16":"instock","17":"shipping-taxable","18":"purchasable","19":"product-type-simple"},"uagb_featured_image_src":{"full":["https:\/\/www.prairiewind.ch\/newone\/wp-content\/uploads\/2020\/12\/cornmaiden-scaled.webp",1920,1414,false],"thumbnail":["https:\/\/www.prairiewind.ch\/newone\/wp-content\/uploads\/2020\/12\/cornmaiden-scaled-150x150.webp",150,150,true],"medium":["https:\/\/www.prairiewind.ch\/newone\/wp-content\/uploads\/2020\/12\/cornmaiden-scaled-300x221.webp",300,221,true],"medium_large":["https:\/\/www.prairiewind.ch\/newone\/wp-content\/uploads\/2020\/12\/cornmaiden-scaled-768x566.webp",768,566,true],"large":["https:\/\/www.prairiewind.ch\/newone\/wp-content\/uploads\/2020\/12\/cornmaiden-scaled-1024x754.webp",1024,754,true],"1536x1536":["https:\/\/www.prairiewind.ch\/newone\/wp-content\/uploads\/2020\/12\/cornmaiden-scaled-1536x1131.webp",1536,1131,true],"2048x2048":["https:\/\/www.prairiewind.ch\/newone\/wp-content\/uploads\/2020\/12\/cornmaiden-scaled.webp",1920,1414,true],"hero-banner":["https:\/\/www.prairiewind.ch\/newone\/wp-content\/uploads\/2020\/12\/cornmaiden-scaled-450x160.webp",450,160,true],"category-thumb":["https:\/\/www.prairiewind.ch\/newone\/wp-content\/uploads\/2020\/12\/cornmaiden-scaled-200x150.webp",200,150,true],"woocommerce_thumbnail":["https:\/\/www.prairiewind.ch\/newone\/wp-content\/uploads\/2020\/12\/cornmaiden-scaled-188x141.webp",188,141,true],"woocommerce_single":["https:\/\/www.prairiewind.ch\/newone\/wp-content\/uploads\/2020\/12\/cornmaiden-scaled-251x185.webp",251,185,true],"woocommerce_gallery_thumbnail":["https:\/\/www.prairiewind.ch\/newone\/wp-content\/uploads\/2020\/12\/cornmaiden-scaled-100x100.webp",100,100,true]},"uagb_author_info":{"display_name":"Kurt Weissen","author_link":"https:\/\/www.prairiewind.ch\/newone\/author\/"},"uagb_comment_info":0,"uagb_excerpt":"Zweiseitige Cornmaiden-Skulptur\u00a0 aus Spiny Oyster Shell, Jet, Koralle, Lapislazuli auf T\u00fcrkisstein. Verziert mit Korallenchipsst\u00fcckchen. H\u00f6he: 7 cm","_links":{"self":[{"href":"https:\/\/www.prairiewind.ch\/newone\/wp-json\/wp\/v2\/product\/5748","targetHints":{"allow":["GET"]}}],"collection":[{"href":"https:\/\/www.prairiewind.ch\/newone\/wp-json\/wp\/v2\/product"}],"about":[{"href":"https:\/\/www.prairiewind.ch\/newone\/wp-json\/wp\/v2\/types\/product"}],"version-history":[{"count":0,"href":"https:\/\/www.prairiewind.ch\/newone\/wp-json\/wp\/v2\/product\/5748\/revisions"}],"wp:featuredmedia":[{"embeddable":true,"href":"https:\/\/www.prairiewind.ch\/newone\/wp-json\/wp\/v2\/media\/5749"}],"wp:attachment":[{"href":"https:\/\/www.prairiewind.ch\/newone\/wp-json\/wp\/v2\/media?parent=5748"}],"wp:term":[{"taxonomy":"product_brand","embeddable":true,"href":"https:\/\/www.prairiewind.ch\/newone\/wp-json\/wp\/v2\/product_brand?post=5748"},{"taxonomy":"product_cat","embeddable":true,"href":"https:\/\/www.prairiewind.ch\/newone\/wp-json\/wp\/v2\/product_cat?post=5748"},{"taxonomy":"product_tag","embeddable":true,"href":"https:\/\/www.prairiewind.ch\/newone\/wp-json\/wp\/v2\/product_tag?post=5748"}],"curies":[{"name":"wp","href":"https:\/\/api.w.org\/{rel}","templated":true}]}}