{"id":5745,"date":"2020-12-05T12:12:30","date_gmt":"2020-12-05T11:12:30","guid":{"rendered":"https:\/\/www.prairiewind.ch\/newone\/?post_type=product&#038;p=5745"},"modified":"2025-07-15T20:48:35","modified_gmt":"2025-07-15T18:48:35","slug":"121010-paul-coriz-kewa-kleine-inlay-klammer","status":"publish","type":"product","link":"https:\/\/www.prairiewind.ch\/newone\/produkt\/121010-paul-coriz-kewa-kleine-inlay-klammer\/","title":{"rendered":"Paul Coriz (Kewa) &#8211; Kleine Inlay-Klammer"},"content":{"rendered":"<p>Diese elegante, kleine <a href=\"https:\/\/www.prairiewind.ch\/newone\/produkt\/121009-paul-coriz-kewa-grosse-klammer-mit-inlay\/\">Klammer<\/a> von Paul Coriz, einem gesch\u00e4tzten K\u00fcnstler der Kewa Pueblo, ist aus hochwertigem Sterlingsilber gefertigt und mit einem feinen Muster in Inlay-Technik aus T\u00fcrkis und Jet verziert. Mit einer L\u00e4nge von 5 cm und einer Breite von 1,9 cm ist sie ideal, um Banknoten, To-Do-Zettel oder andere kleine Gegenst\u00e4nde stilvoll zusammenzuhalten. Alternativ kann die Klammer an einem Lederband getragen und so als einzigartiger Anh\u00e4nger genutzt werden.<\/p>\n<ul>\n<li>T\u00fcrkis, bekannt f\u00fcr seine sch\u00fctzenden und heilenden Eigenschaften, ist eines der bedeutendsten Materialien in der indigenen Kunst.<\/li>\n<li>Jet, ein tiefschwarzer Edelstein, wird f\u00fcr seine <a href=\"https:\/\/www.prairiewind.ch\/newone\/produkt\/mary-tsosie-navajo-fingerring\/\" data-wpil-monitor-id=\"970\">Verbindung<\/a> zur Erde und zur spirituellen Welt gesch\u00e4tzt.<\/li>\n<\/ul>\n<p>Diese Klammer kombiniert praktischen Nutzen mit kunstvoller Handwerkskunst und stellt ein wundersch\u00f6nes Beispiel f\u00fcr die traditionsreiche Inlay-Technik der <a href=\"https:\/\/www.prairiewind.ch\/newone\/produkt\/lita-calabaza-kewa\/\" data-wpil-monitor-id=\"358\">Lita Calabaza (Kewa) &#8211; T\u00fcrkishalskette<\/a> dar.<\/p>\n","protected":false},"excerpt":{"rendered":"<p>Klammer aus Sterlingsilber mit einem Muster in Inlay-Technik aus <a href=\"https:\/\/www.prairiewind.ch\/newone\/produkt\/049007-vernon-vacit-zuni-runde-ohrstecker\/\" data-wpil-monitor-id=\"507\">T\u00fcrkis<\/a> und Jet f\u00fcr Banknoten, To Do-Zettel usw. Mit einem Lederband kann sie auch als <a href=\"https:\/\/www.prairiewind.ch\/newone\/produkt\/alvin-todacheene-navaho-silbriger-anhaenger\/\" data-wpil-monitor-id=\"406\">Anh\u00e4nger<\/a> getragen werden.<\/p>\n<p>L\u00e4nge: <a href=\"https:\/\/www.prairiewind.ch\/newone\/produkt\/amelia-cordell-dakota-mini-traumfaenger-mit-brauner-feder\/\" data-wpil-monitor-id=\"1412\">5 cm<\/a><br \/>\nBreite: 1.9 cm<\/p>\n","protected":false},"featured_media":5731,"template":"","meta":{"_uag_custom_page_level_css":"","site-sidebar-layout":"default","site-content-layout":"","ast-site-content-layout":"default","site-content-style":"default","site-sidebar-style":"default","ast-global-header-display":"","ast-banner-title-visibility":"","ast-main-header-display":"","ast-hfb-above-header-display":"","ast-hfb-below-header-display":"","ast-hfb-mobile-header-display":"","site-post-title":"","ast-breadcrumbs-content":"","ast-featured-img":"","footer-sml-layout":"","ast-disable-related-posts":"","theme-transparent-header-meta":"default","adv-header-id-meta":"","stick-header-meta":"","header-above-stick-meta":"","header-main-stick-meta":"","header-below-stick-meta":"","astra-migrate-meta-layouts":"set","ast-page-background-enabled":"default","ast-page-background-meta":{"desktop":{"background-color":"var(--ast-global-color-4)","background-image":"","background-repeat":"repeat","background-position":"center center","background-size":"auto","background-attachment":"scroll","background-type":"","background-media":"","overlay-type":"","overlay-color":"","overlay-opacity":"","overlay-gradient":""},"tablet":{"background-color":"","background-image":"","background-repeat":"repeat","background-position":"center center","background-size":"auto","background-attachment":"scroll","background-type":"","background-media":"","overlay-type":"","overlay-color":"","overlay-opacity":"","overlay-gradient":""},"mobile":{"background-color":"","background-image":"","background-repeat":"repeat","background-position":"center center","background-size":"auto","background-attachment":"scroll","background-type":"","background-media":"","overlay-type":"","overlay-color":"","overlay-opacity":"","overlay-gradient":""}},"ast-content-background-meta":{"desktop":{"background-color":"var(--ast-global-color-5)","background-image":"","background-repeat":"repeat","background-position":"center center","background-size":"auto","background-attachment":"scroll","background-type":"","background-media":"","overlay-type":"","overlay-color":"","overlay-opacity":"","overlay-gradient":""},"tablet":{"background-color":"var(--ast-global-color-5)","background-image":"","background-repeat":"repeat","background-position":"center center","background-size":"auto","background-attachment":"scroll","background-type":"","background-media":"","overlay-type":"","overlay-color":"","overlay-opacity":"","overlay-gradient":""},"mobile":{"background-color":"var(--ast-global-color-5)","background-image":"","background-repeat":"repeat","background-position":"center center","background-size":"auto","background-attachment":"scroll","background-type":"","background-media":"","overlay-type":"","overlay-color":"","overlay-opacity":"","overlay-gradient":""}}},"product_brand":[],"product_cat":[43,50,64],"product_tag":[878,857,879,875],"class_list":{"0":"post-5745","1":"product","2":"type-product","3":"status-publish","4":"has-post-thumbnail","6":"product_cat-anhaenger","7":"product_cat-anhaenger-indianer","8":"product_cat-geschenke","9":"product_tag-jet-versteinerte-kohle","10":"product_tag-kewa","11":"product_tag-inlay","12":"product_tag-tuerkis","13":"desktop-align-left","14":"tablet-align-left","15":"mobile-align-left","17":"first","18":"instock","19":"shipping-taxable","20":"purchasable","21":"product-type-simple"},"uagb_featured_image_src":{"full":["https:\/\/www.prairiewind.ch\/newone\/wp-content\/uploads\/2020\/12\/20201204_061829891_iOS-scaled.webp",1920,1440,false],"thumbnail":["https:\/\/www.prairiewind.ch\/newone\/wp-content\/uploads\/2020\/12\/20201204_061829891_iOS-scaled-150x150.webp",150,150,true],"medium":["https:\/\/www.prairiewind.ch\/newone\/wp-content\/uploads\/2020\/12\/20201204_061829891_iOS-scaled-300x225.webp",300,225,true],"medium_large":["https:\/\/www.prairiewind.ch\/newone\/wp-content\/uploads\/2020\/12\/20201204_061829891_iOS-scaled-768x576.webp",768,576,true],"large":["https:\/\/www.prairiewind.ch\/newone\/wp-content\/uploads\/2020\/12\/20201204_061829891_iOS-scaled-1024x768.webp",1024,768,true],"1536x1536":["https:\/\/www.prairiewind.ch\/newone\/wp-content\/uploads\/2020\/12\/20201204_061829891_iOS-scaled-1536x1152.webp",1536,1152,true],"2048x2048":["https:\/\/www.prairiewind.ch\/newone\/wp-content\/uploads\/2020\/12\/20201204_061829891_iOS-scaled.webp",1920,1440,true],"hero-banner":["https:\/\/www.prairiewind.ch\/newone\/wp-content\/uploads\/2020\/12\/20201204_061829891_iOS-scaled-450x160.webp",450,160,true],"category-thumb":["https:\/\/www.prairiewind.ch\/newone\/wp-content\/uploads\/2020\/12\/20201204_061829891_iOS-scaled-200x150.webp",200,150,true],"woocommerce_thumbnail":["https:\/\/www.prairiewind.ch\/newone\/wp-content\/uploads\/2020\/12\/20201204_061829891_iOS-scaled-188x141.webp",188,141,true],"woocommerce_single":["https:\/\/www.prairiewind.ch\/newone\/wp-content\/uploads\/2020\/12\/20201204_061829891_iOS-scaled-251x188.webp",251,188,true],"woocommerce_gallery_thumbnail":["https:\/\/www.prairiewind.ch\/newone\/wp-content\/uploads\/2020\/12\/20201204_061829891_iOS-scaled-100x100.webp",100,100,true]},"uagb_author_info":{"display_name":"Kurt Weissen","author_link":"https:\/\/www.prairiewind.ch\/newone\/author\/"},"uagb_comment_info":0,"uagb_excerpt":"Klammer aus Sterlingsilber mit einem Muster in Inlay-Technik aus T\u00fcrkis und Jet f\u00fcr Banknoten, To Do-Zettel usw. Mit einem Lederband kann sie auch als Anh\u00e4nger getragen werden. L\u00e4nge: 5 cm Breite: 1.9 cm","_links":{"self":[{"href":"https:\/\/www.prairiewind.ch\/newone\/wp-json\/wp\/v2\/product\/5745","targetHints":{"allow":["GET"]}}],"collection":[{"href":"https:\/\/www.prairiewind.ch\/newone\/wp-json\/wp\/v2\/product"}],"about":[{"href":"https:\/\/www.prairiewind.ch\/newone\/wp-json\/wp\/v2\/types\/product"}],"version-history":[{"count":2,"href":"https:\/\/www.prairiewind.ch\/newone\/wp-json\/wp\/v2\/product\/5745\/revisions"}],"predecessor-version":[{"id":111855,"href":"https:\/\/www.prairiewind.ch\/newone\/wp-json\/wp\/v2\/product\/5745\/revisions\/111855"}],"wp:featuredmedia":[{"embeddable":true,"href":"https:\/\/www.prairiewind.ch\/newone\/wp-json\/wp\/v2\/media\/5731"}],"wp:attachment":[{"href":"https:\/\/www.prairiewind.ch\/newone\/wp-json\/wp\/v2\/media?parent=5745"}],"wp:term":[{"taxonomy":"product_brand","embeddable":true,"href":"https:\/\/www.prairiewind.ch\/newone\/wp-json\/wp\/v2\/product_brand?post=5745"},{"taxonomy":"product_cat","embeddable":true,"href":"https:\/\/www.prairiewind.ch\/newone\/wp-json\/wp\/v2\/product_cat?post=5745"},{"taxonomy":"product_tag","embeddable":true,"href":"https:\/\/www.prairiewind.ch\/newone\/wp-json\/wp\/v2\/product_tag?post=5745"}],"curies":[{"name":"wp","href":"https:\/\/api.w.org\/{rel}","templated":true}]}}