{"id":5714,"date":"2020-12-04T00:03:47","date_gmt":"2020-12-03T23:03:47","guid":{"rendered":"https:\/\/www.prairiewind.ch\/newone\/?post_type=product&#038;p=5714"},"modified":"2026-02-26T12:00:26","modified_gmt":"2026-02-26T10:00:26","slug":"261004-carlton-etsate-zuni-pueblo-cruiser","status":"publish","type":"product","link":"https:\/\/www.prairiewind.ch\/newone\/produkt\/261004-carlton-etsate-zuni-pueblo-cruiser\/","title":{"rendered":"Carlton Etsate (Zuni) &#8211; Pueblo Cruiser"},"content":{"rendered":"<p><span style=\"font-size: 16px;\">Der <\/span><a style=\"font-size: 16px; background-color: #ffffff;\" href=\"https:\/\/www.prairiewind.ch\/newone\/produkt\/121014-charlie-comes-lakota-schluesselanhaenger-mit-bueffelfell\/\"><em>Pueblo Cruiser<\/em> von Carlton Etsate<\/a><span style=\"font-size: 16px;\"> ist ein einzigartiges Automobil in der klassischen Zuni-Technik des <\/span><em style=\"font-size: 16px;\">stone carvings<\/em><span style=\"font-size: 16px;\">, das die Vielfalt und Raffinesse der Zuni-Kunst verk\u00f6rpert. Dieses au\u00dfergew\u00f6hnliche St\u00fcck wurde aus einer Kombination von Angelit, Jet, T\u00fcrkis, Lapislazuli und versteinerter Koralle geschaffen, wodurch eine interessante Farbpalette und Textur entsteht, die die \u00c4sthetik des Kunstwerks bereichert.<\/span><\/p>\n<div class=\"group\/conversation-turn relative flex w-full min-w-0 flex-col agent-turn\">\n<div class=\"flex-col gap-1 md:gap-3\">\n<div class=\"flex max-w-full flex-col flex-grow\">\n<div class=\"min-h-8 text-message flex w-full flex-col items-end gap-2 whitespace-normal break-words [.text-message+&amp;]:mt-5\" dir=\"auto\" data-message-author-role=\"assistant\" data-message-id=\"1c815754-9ee8-40d3-9f58-dfdc0cc04429\" data-message-model-slug=\"gpt-4o\">\n<div class=\"flex w-full flex-col gap-1 empty:hidden first:pt-[3px]\">\n<div class=\"markdown prose w-full break-words dark:prose-invert light\">\n<p>Mit einer L\u00e4nge von 9 cm und einer H\u00f6he von 6 cm ist der <em>Pueblo Cruiser<\/em> mehr als nur eine Miniatur \u2013 er ist ein Symbol f\u00fcr die Verbindung von Tradition und Innovation innerhalb der Zuni-Kultur. Die geschickte Verwendung nat\u00fcrlicher Steine und der kontrastierenden Farben zeigt Etsates meisterhaftes K\u00f6nnen und sein Gesp\u00fcr f\u00fcr das Zusammenspiel von Material und Form. <a href=\"https:\/\/www.prairiewind.ch\/newone\/produkt\/guertelschnalle-tuerkis\/\"  data-wpil-monitor-id=\"995\">Die Darstellung eines Fahrzeugs durch die jahrhundertealte Schnitztechnik gibt diesem<\/a> Werk eine moderne Note und erinnert daran, wie sich Traditionen in neuen Formen weiterentwickeln k\u00f6nnen.<\/p>\n<\/div>\n<\/div>\n<\/div>\n<\/div>\n<\/div>\n<\/div>\n","protected":false},"excerpt":{"rendered":"<p>Automobil aus <a href=\"https:\/\/www.prairiewind.ch\/newone\/produkt\/jonathan-quam-zuni-bighorn-sheep-auf-stein\/\" data-wpil-monitor-id=\"185\">Stein in der Technik des stone carvings der Zuni<\/a> aus Angelite, Jet, T\u00fcrkis, Lapislazuli und versteinerte Koralle<\/p>\n<p>L\u00e4nge: <a href=\"https:\/\/www.prairiewind.ch\/newone\/produkt\/colin-weeka-adler-steintier\/\"  data-wpil-monitor-id=\"1462\">9 cm<\/a><br \/>\nH\u00f6he: <a href=\"https:\/\/www.prairiewind.ch\/newone\/produkt\/leland-boone-coyote\/\"  data-wpil-monitor-id=\"1448\">6 cm<\/a><\/p>\n","protected":false},"featured_media":5706,"template":"","meta":{"_uag_custom_page_level_css":"","site-sidebar-layout":"default","site-content-layout":"","ast-site-content-layout":"default","site-content-style":"default","site-sidebar-style":"default","ast-global-header-display":"","ast-banner-title-visibility":"","ast-main-header-display":"","ast-hfb-above-header-display":"","ast-hfb-below-header-display":"","ast-hfb-mobile-header-display":"","site-post-title":"","ast-breadcrumbs-content":"","ast-featured-img":"","footer-sml-layout":"","ast-disable-related-posts":"","theme-transparent-header-meta":"default","adv-header-id-meta":"","stick-header-meta":"","header-above-stick-meta":"","header-main-stick-meta":"","header-below-stick-meta":"","astra-migrate-meta-layouts":"set","ast-page-background-enabled":"default","ast-page-background-meta":{"desktop":{"background-color":"var(--ast-global-color-4)","background-image":"","background-repeat":"repeat","background-position":"center center","background-size":"auto","background-attachment":"scroll","background-type":"","background-media":"","overlay-type":"","overlay-color":"","overlay-opacity":"","overlay-gradient":""},"tablet":{"background-color":"","background-image":"","background-repeat":"repeat","background-position":"center center","background-size":"auto","background-attachment":"scroll","background-type":"","background-media":"","overlay-type":"","overlay-color":"","overlay-opacity":"","overlay-gradient":""},"mobile":{"background-color":"","background-image":"","background-repeat":"repeat","background-position":"center center","background-size":"auto","background-attachment":"scroll","background-type":"","background-media":"","overlay-type":"","overlay-color":"","overlay-opacity":"","overlay-gradient":""}},"ast-content-background-meta":{"desktop":{"background-color":"var(--ast-global-color-5)","background-image":"","background-repeat":"repeat","background-position":"center center","background-size":"auto","background-attachment":"scroll","background-type":"","background-media":"","overlay-type":"","overlay-color":"","overlay-opacity":"","overlay-gradient":""},"tablet":{"background-color":"var(--ast-global-color-5)","background-image":"","background-repeat":"repeat","background-position":"center center","background-size":"auto","background-attachment":"scroll","background-type":"","background-media":"","overlay-type":"","overlay-color":"","overlay-opacity":"","overlay-gradient":""},"mobile":{"background-color":"var(--ast-global-color-5)","background-image":"","background-repeat":"repeat","background-position":"center center","background-size":"auto","background-attachment":"scroll","background-type":"","background-media":"","overlay-type":"","overlay-color":"","overlay-opacity":"","overlay-gradient":""}}},"product_brand":[],"product_cat":[64],"product_tag":[878,875,861],"class_list":{"0":"post-5714","1":"product","2":"type-product","3":"status-publish","4":"has-post-thumbnail","6":"product_cat-geschenke","7":"product_tag-jet-versteinerte-kohle","8":"product_tag-tuerkis","9":"product_tag-zuni","10":"desktop-align-left","11":"tablet-align-left","12":"mobile-align-left","14":"first","15":"instock","16":"shipping-taxable","17":"purchasable","18":"product-type-simple"},"uagb_featured_image_src":{"full":["https:\/\/www.prairiewind.ch\/newone\/wp-content\/uploads\/2020\/12\/20201203_221327828_iOS-scaled.webp",1920,1440,false],"thumbnail":["https:\/\/www.prairiewind.ch\/newone\/wp-content\/uploads\/2020\/12\/20201203_221327828_iOS-scaled-150x150.webp",150,150,true],"medium":["https:\/\/www.prairiewind.ch\/newone\/wp-content\/uploads\/2020\/12\/20201203_221327828_iOS-scaled-300x225.webp",300,225,true],"medium_large":["https:\/\/www.prairiewind.ch\/newone\/wp-content\/uploads\/2020\/12\/20201203_221327828_iOS-scaled-768x576.webp",768,576,true],"large":["https:\/\/www.prairiewind.ch\/newone\/wp-content\/uploads\/2020\/12\/20201203_221327828_iOS-scaled-1024x768.webp",1024,768,true],"1536x1536":["https:\/\/www.prairiewind.ch\/newone\/wp-content\/uploads\/2020\/12\/20201203_221327828_iOS-scaled-1536x1152.webp",1536,1152,true],"2048x2048":["https:\/\/www.prairiewind.ch\/newone\/wp-content\/uploads\/2020\/12\/20201203_221327828_iOS-scaled.webp",1920,1440,true],"hero-banner":["https:\/\/www.prairiewind.ch\/newone\/wp-content\/uploads\/2020\/12\/20201203_221327828_iOS-scaled-450x160.webp",450,160,true],"category-thumb":["https:\/\/www.prairiewind.ch\/newone\/wp-content\/uploads\/2020\/12\/20201203_221327828_iOS-scaled-200x150.webp",200,150,true],"woocommerce_thumbnail":["https:\/\/www.prairiewind.ch\/newone\/wp-content\/uploads\/2020\/12\/20201203_221327828_iOS-scaled-188x141.webp",188,141,true],"woocommerce_single":["https:\/\/www.prairiewind.ch\/newone\/wp-content\/uploads\/2020\/12\/20201203_221327828_iOS-scaled-251x188.webp",251,188,true],"woocommerce_gallery_thumbnail":["https:\/\/www.prairiewind.ch\/newone\/wp-content\/uploads\/2020\/12\/20201203_221327828_iOS-scaled-100x100.webp",100,100,true]},"uagb_author_info":{"display_name":"Kurt Weissen","author_link":"https:\/\/www.prairiewind.ch\/newone\/author\/"},"uagb_comment_info":0,"uagb_excerpt":"Automobil aus Stein in der Technik des stone carvings der Zuni aus Angelite, Jet, T\u00fcrkis, Lapislazuli und versteinerte Koralle L\u00e4nge: 9 cm H\u00f6he: 6 cm","_links":{"self":[{"href":"https:\/\/www.prairiewind.ch\/newone\/wp-json\/wp\/v2\/product\/5714","targetHints":{"allow":["GET"]}}],"collection":[{"href":"https:\/\/www.prairiewind.ch\/newone\/wp-json\/wp\/v2\/product"}],"about":[{"href":"https:\/\/www.prairiewind.ch\/newone\/wp-json\/wp\/v2\/types\/product"}],"version-history":[{"count":0,"href":"https:\/\/www.prairiewind.ch\/newone\/wp-json\/wp\/v2\/product\/5714\/revisions"}],"wp:featuredmedia":[{"embeddable":true,"href":"https:\/\/www.prairiewind.ch\/newone\/wp-json\/wp\/v2\/media\/5706"}],"wp:attachment":[{"href":"https:\/\/www.prairiewind.ch\/newone\/wp-json\/wp\/v2\/media?parent=5714"}],"wp:term":[{"taxonomy":"product_brand","embeddable":true,"href":"https:\/\/www.prairiewind.ch\/newone\/wp-json\/wp\/v2\/product_brand?post=5714"},{"taxonomy":"product_cat","embeddable":true,"href":"https:\/\/www.prairiewind.ch\/newone\/wp-json\/wp\/v2\/product_cat?post=5714"},{"taxonomy":"product_tag","embeddable":true,"href":"https:\/\/www.prairiewind.ch\/newone\/wp-json\/wp\/v2\/product_tag?post=5714"}],"curies":[{"name":"wp","href":"https:\/\/api.w.org\/{rel}","templated":true}]}}