{"id":5671,"date":"2020-11-28T13:29:31","date_gmt":"2020-11-28T12:29:31","guid":{"rendered":"https:\/\/www.prairiewind.ch\/newone\/?post_type=product&#038;p=5671"},"modified":"2024-11-07T08:13:11","modified_gmt":"2024-11-07T07:13:11","slug":"017003-julian-coriz-kewa-muschelhalskette-mit-tuerkis","status":"publish","type":"product","link":"https:\/\/www.prairiewind.ch\/newone\/produkt\/017003-julian-coriz-kewa-muschelhalskette-mit-tuerkis\/","title":{"rendered":"Julian Coriz (Kewa) &#8211; Muschelhalskette mit T\u00fcrkis"},"content":{"rendered":"<p><span style=\"font-size: 16px\">Diese Muschelhalskette von Julian Coriz besticht durch eine harmonische Kombination aus runden Scheiben aus T\u00fcrkis und Spiny Oyster, die abwechselnd mit K\u00fcgelchen <\/span>aus Olive Shell<span style=\"font-size: 16px\"> verziert sind. Der Abschluss wird auf beiden Seiten von feinen T\u00fcrkisscheibchen gebildet, die dem Schmuckst\u00fcck ein elegantes Finish verleihen. <\/span><\/p>\n<p><span style=\"font-size: 16px\">Mit einer L\u00e4nge von 53 cm und einer Breite zwischen 0,3 und 2,5 cm ist diese Kette ein ausdrucksstarkes Beispiel f\u00fcr traditionelle Handwerkskunst der Kewa Pueblo.<\/span><\/p>\n","protected":false},"excerpt":{"rendered":"<p class=\"lead\">Julian Coriz (<a class=\"wpil_keyword_link\" href=\"https:\/\/www.prairiewind.ch\/newone\/produkt\/fuenfreihige-tuerkishalskette-kewa\/\" title=\"M. C. Coriz (Kewa) &#8211; f\u00fcnfreihige T\u00fcrkishalskette\" data-wpil-keyword-link=\"linked\" data-wpil-monitor-id=\"188965\">Kewa<\/a>) &#8211; Muschelhalskette mit T\u00fcrkis<\/p>\n<p>Muschelhalskette mit Scheiben aus <a href=\"https:\/\/www.prairiewind.ch\/newone\/produkt\/oh-04-ohrhaenger\/\" data-wpil-monitor-id=\"396\">T\u00fcrkis<\/a> und Spiny Oyster, dazwischen K\u00fcgelchen aus Olive Shell; links und rechts bilden T\u00fcrkisscheibchen den Abschluss<\/p>\n<p>L\u00e4nge: <a href=\"https:\/\/www.prairiewind.ch\/newone\/produkt\/aaron-brokeshoulder-shawnee-choctaw-kewa-bolo-tie\/\" data-wpil-monitor-id=\"1327\">53 cm<\/a><br \/>\nBreite: 0.3 &#8211; <a href=\"https:\/\/www.prairiewind.ch\/newone\/produkt-schlagwort\/santa-ana\/\" data-wpil-monitor-id=\"1233\">2.5<\/a> cm<\/p>\n","protected":false},"featured_media":5656,"template":"","meta":{"_uag_custom_page_level_css":"","site-sidebar-layout":"default","site-content-layout":"","ast-site-content-layout":"default","site-content-style":"default","site-sidebar-style":"default","ast-global-header-display":"","ast-banner-title-visibility":"","ast-main-header-display":"","ast-hfb-above-header-display":"","ast-hfb-below-header-display":"","ast-hfb-mobile-header-display":"","site-post-title":"","ast-breadcrumbs-content":"","ast-featured-img":"","footer-sml-layout":"","ast-disable-related-posts":"","theme-transparent-header-meta":"default","adv-header-id-meta":"","stick-header-meta":"","header-above-stick-meta":"","header-main-stick-meta":"","header-below-stick-meta":"","astra-migrate-meta-layouts":"set","ast-page-background-enabled":"default","ast-page-background-meta":{"desktop":{"background-color":"var(--ast-global-color-4)","background-image":"","background-repeat":"repeat","background-position":"center center","background-size":"auto","background-attachment":"scroll","background-type":"","background-media":"","overlay-type":"","overlay-color":"","overlay-opacity":"","overlay-gradient":""},"tablet":{"background-color":"","background-image":"","background-repeat":"repeat","background-position":"center center","background-size":"auto","background-attachment":"scroll","background-type":"","background-media":"","overlay-type":"","overlay-color":"","overlay-opacity":"","overlay-gradient":""},"mobile":{"background-color":"","background-image":"","background-repeat":"repeat","background-position":"center center","background-size":"auto","background-attachment":"scroll","background-type":"","background-media":"","overlay-type":"","overlay-color":"","overlay-opacity":"","overlay-gradient":""}},"ast-content-background-meta":{"desktop":{"background-color":"var(--ast-global-color-5)","background-image":"","background-repeat":"repeat","background-position":"center center","background-size":"auto","background-attachment":"scroll","background-type":"","background-media":"","overlay-type":"","overlay-color":"","overlay-opacity":"","overlay-gradient":""},"tablet":{"background-color":"var(--ast-global-color-5)","background-image":"","background-repeat":"repeat","background-position":"center center","background-size":"auto","background-attachment":"scroll","background-type":"","background-media":"","overlay-type":"","overlay-color":"","overlay-opacity":"","overlay-gradient":""},"mobile":{"background-color":"var(--ast-global-color-5)","background-image":"","background-repeat":"repeat","background-position":"center center","background-size":"auto","background-attachment":"scroll","background-type":"","background-media":"","overlay-type":"","overlay-color":"","overlay-opacity":"","overlay-gradient":""}}},"product_brand":[],"product_cat":[42],"product_tag":[857,874,875],"class_list":{"0":"post-5671","1":"product","2":"type-product","3":"status-publish","4":"has-post-thumbnail","6":"product_cat-halsketten-tuerkis","7":"product_tag-kewa","8":"product_tag-muschel","9":"product_tag-tuerkis","10":"desktop-align-left","11":"tablet-align-left","12":"mobile-align-left","14":"first","15":"instock","16":"shipping-taxable","17":"purchasable","18":"product-type-simple"},"uagb_featured_image_src":{"full":["https:\/\/www.prairiewind.ch\/newone\/wp-content\/uploads\/2020\/11\/20201128_112309586_iOS-scaled.webp",1920,1440,false],"thumbnail":["https:\/\/www.prairiewind.ch\/newone\/wp-content\/uploads\/2020\/11\/20201128_112309586_iOS-scaled-150x150.webp",150,150,true],"medium":["https:\/\/www.prairiewind.ch\/newone\/wp-content\/uploads\/2020\/11\/20201128_112309586_iOS-scaled-300x225.webp",300,225,true],"medium_large":["https:\/\/www.prairiewind.ch\/newone\/wp-content\/uploads\/2020\/11\/20201128_112309586_iOS-scaled-768x576.webp",768,576,true],"large":["https:\/\/www.prairiewind.ch\/newone\/wp-content\/uploads\/2020\/11\/20201128_112309586_iOS-scaled-1024x768.webp",1024,768,true],"1536x1536":["https:\/\/www.prairiewind.ch\/newone\/wp-content\/uploads\/2020\/11\/20201128_112309586_iOS-scaled-1536x1152.webp",1536,1152,true],"2048x2048":["https:\/\/www.prairiewind.ch\/newone\/wp-content\/uploads\/2020\/11\/20201128_112309586_iOS-scaled.webp",1920,1440,true],"hero-banner":["https:\/\/www.prairiewind.ch\/newone\/wp-content\/uploads\/2020\/11\/20201128_112309586_iOS-scaled-450x160.webp",450,160,true],"category-thumb":["https:\/\/www.prairiewind.ch\/newone\/wp-content\/uploads\/2020\/11\/20201128_112309586_iOS-scaled-200x150.webp",200,150,true],"woocommerce_thumbnail":["https:\/\/www.prairiewind.ch\/newone\/wp-content\/uploads\/2020\/11\/20201128_112309586_iOS-scaled-188x141.webp",188,141,true],"woocommerce_single":["https:\/\/www.prairiewind.ch\/newone\/wp-content\/uploads\/2020\/11\/20201128_112309586_iOS-scaled-251x188.webp",251,188,true],"woocommerce_gallery_thumbnail":["https:\/\/www.prairiewind.ch\/newone\/wp-content\/uploads\/2020\/11\/20201128_112309586_iOS-scaled-100x100.webp",100,100,true]},"uagb_author_info":{"display_name":"Kurt Weissen","author_link":"https:\/\/www.prairiewind.ch\/newone\/author\/"},"uagb_comment_info":0,"uagb_excerpt":"Julian Coriz (Kewa) - Muschelhalskette mit T\u00fcrkis Muschelhalskette mit Scheiben aus T\u00fcrkis und Spiny Oyster, dazwischen K\u00fcgelchen aus Olive Shell; links und rechts bilden T\u00fcrkisscheibchen den Abschluss L\u00e4nge: 53 cm Breite: 0.3 - 2.5 cm","_links":{"self":[{"href":"https:\/\/www.prairiewind.ch\/newone\/wp-json\/wp\/v2\/product\/5671","targetHints":{"allow":["GET"]}}],"collection":[{"href":"https:\/\/www.prairiewind.ch\/newone\/wp-json\/wp\/v2\/product"}],"about":[{"href":"https:\/\/www.prairiewind.ch\/newone\/wp-json\/wp\/v2\/types\/product"}],"version-history":[{"count":2,"href":"https:\/\/www.prairiewind.ch\/newone\/wp-json\/wp\/v2\/product\/5671\/revisions"}],"predecessor-version":[{"id":112047,"href":"https:\/\/www.prairiewind.ch\/newone\/wp-json\/wp\/v2\/product\/5671\/revisions\/112047"}],"wp:featuredmedia":[{"embeddable":true,"href":"https:\/\/www.prairiewind.ch\/newone\/wp-json\/wp\/v2\/media\/5656"}],"wp:attachment":[{"href":"https:\/\/www.prairiewind.ch\/newone\/wp-json\/wp\/v2\/media?parent=5671"}],"wp:term":[{"taxonomy":"product_brand","embeddable":true,"href":"https:\/\/www.prairiewind.ch\/newone\/wp-json\/wp\/v2\/product_brand?post=5671"},{"taxonomy":"product_cat","embeddable":true,"href":"https:\/\/www.prairiewind.ch\/newone\/wp-json\/wp\/v2\/product_cat?post=5671"},{"taxonomy":"product_tag","embeddable":true,"href":"https:\/\/www.prairiewind.ch\/newone\/wp-json\/wp\/v2\/product_tag?post=5671"}],"curies":[{"name":"wp","href":"https:\/\/api.w.org\/{rel}","templated":true}]}}