{"id":5548,"date":"2020-11-26T09:50:37","date_gmt":"2020-11-26T08:50:37","guid":{"rendered":"https:\/\/www.prairiewind.ch\/newone\/?post_type=product&#038;p=5548"},"modified":"2024-10-26T20:30:13","modified_gmt":"2024-10-26T19:30:13","slug":"lyndon-ahiyitel-zuni-bolo-tie-mit-gefassten-steinen","status":"publish","type":"product","link":"https:\/\/www.prairiewind.ch\/newone\/produkt\/lyndon-ahiyitel-zuni-bolo-tie-mit-gefassten-steinen\/","title":{"rendered":"Lyndon Ahiyitel (Zuni) &#8211; Bolo Tie mit 9 T\u00fcrkisen"},"content":{"rendered":"<p><span style=\"font-size: 16px\">Diese Bolo Tie von Lyndon Ahiyitel ist aus Sterlingsilber gefertigt und <\/span><a style=\"font-size: 16px;background-color: #ffffff\" href=\"https:\/\/www.prairiewind.ch\/newone\/produkt\/aaron-brokeshoulder-shawnee-choctaw-kewa-bolo-tie\/\">enth\u00e4lt neun gefasste<\/a><span style=\"font-size: 16px\">, blaue Pilot Mountain T\u00fcrkissteine. <\/span><\/p>\n<p><span style=\"font-size: 16px\">Der Anh\u00e4nger hat eine L\u00e4nge von 6,5 cm und zeigt die charakteristische Handwerkskunst der Zuni-Kultur, die den T\u00fcrkis f\u00fcr Schutz und Wohlstand sch\u00e4tzt. <\/span><\/p>\n<p><span style=\"font-size: 16px\">Die leuchtenden T\u00fcrkissteine verleihen diesem Schmuckst\u00fcck eine besondere Farbintensit\u00e4t und Eleganz und machen es zu einem markanten Accessoire.<\/span><\/p>\n","protected":false},"excerpt":{"rendered":"<p><a class=\"wpil_keyword_link\" href=\"https:\/\/www.prairiewind.ch\/newone\/produkt\/lyndon-ahiyite-zuni-kreisrunde-bolo-tie\/\" title=\"Lyndon Ahiyite (Zuni) &#8211; kreisrunde Bolo Tie mit T\u00fcrkis\" data-wpil-keyword-link=\"linked\" data-wpil-monitor-id=\"188967\">Bolo Tie<\/a> aus Sterlingsilber mit 9 gefassten blauen Pilot Mountain T\u00fcrkissteinen<\/p>\n<p>L\u00e4nge: 6.5 cm<\/p>\n","protected":false},"featured_media":5550,"template":"","meta":{"_uag_custom_page_level_css":"","site-sidebar-layout":"default","site-content-layout":"","ast-site-content-layout":"default","site-content-style":"default","site-sidebar-style":"default","ast-global-header-display":"","ast-banner-title-visibility":"","ast-main-header-display":"","ast-hfb-above-header-display":"","ast-hfb-below-header-display":"","ast-hfb-mobile-header-display":"","site-post-title":"","ast-breadcrumbs-content":"","ast-featured-img":"","footer-sml-layout":"","ast-disable-related-posts":"","theme-transparent-header-meta":"default","adv-header-id-meta":"","stick-header-meta":"","header-above-stick-meta":"","header-main-stick-meta":"","header-below-stick-meta":"","astra-migrate-meta-layouts":"set","ast-page-background-enabled":"default","ast-page-background-meta":{"desktop":{"background-color":"var(--ast-global-color-4)","background-image":"","background-repeat":"repeat","background-position":"center center","background-size":"auto","background-attachment":"scroll","background-type":"","background-media":"","overlay-type":"","overlay-color":"","overlay-opacity":"","overlay-gradient":""},"tablet":{"background-color":"","background-image":"","background-repeat":"repeat","background-position":"center center","background-size":"auto","background-attachment":"scroll","background-type":"","background-media":"","overlay-type":"","overlay-color":"","overlay-opacity":"","overlay-gradient":""},"mobile":{"background-color":"","background-image":"","background-repeat":"repeat","background-position":"center center","background-size":"auto","background-attachment":"scroll","background-type":"","background-media":"","overlay-type":"","overlay-color":"","overlay-opacity":"","overlay-gradient":""}},"ast-content-background-meta":{"desktop":{"background-color":"var(--ast-global-color-5)","background-image":"","background-repeat":"repeat","background-position":"center center","background-size":"auto","background-attachment":"scroll","background-type":"","background-media":"","overlay-type":"","overlay-color":"","overlay-opacity":"","overlay-gradient":""},"tablet":{"background-color":"var(--ast-global-color-5)","background-image":"","background-repeat":"repeat","background-position":"center center","background-size":"auto","background-attachment":"scroll","background-type":"","background-media":"","overlay-type":"","overlay-color":"","overlay-opacity":"","overlay-gradient":""},"mobile":{"background-color":"var(--ast-global-color-5)","background-image":"","background-repeat":"repeat","background-position":"center center","background-size":"auto","background-attachment":"scroll","background-type":"","background-media":"","overlay-type":"","overlay-color":"","overlay-opacity":"","overlay-gradient":""}}},"product_brand":[],"product_cat":[37],"product_tag":[875,861],"class_list":{"0":"post-5548","1":"product","2":"type-product","3":"status-publish","4":"has-post-thumbnail","6":"product_cat-bolo-ties","7":"product_tag-tuerkis","8":"product_tag-zuni","9":"desktop-align-left","10":"tablet-align-left","11":"mobile-align-left","13":"first","14":"instock","15":"shipping-taxable","16":"purchasable","17":"product-type-simple"},"uagb_featured_image_src":{"full":["https:\/\/www.prairiewind.ch\/newone\/wp-content\/uploads\/2020\/11\/20201125_221025334_iOS-scaled.webp",1920,1440,false],"thumbnail":["https:\/\/www.prairiewind.ch\/newone\/wp-content\/uploads\/2020\/11\/20201125_221025334_iOS-scaled-150x150.webp",150,150,true],"medium":["https:\/\/www.prairiewind.ch\/newone\/wp-content\/uploads\/2020\/11\/20201125_221025334_iOS-scaled-300x225.webp",300,225,true],"medium_large":["https:\/\/www.prairiewind.ch\/newone\/wp-content\/uploads\/2020\/11\/20201125_221025334_iOS-scaled-768x576.webp",768,576,true],"large":["https:\/\/www.prairiewind.ch\/newone\/wp-content\/uploads\/2020\/11\/20201125_221025334_iOS-scaled-1024x768.webp",1024,768,true],"1536x1536":["https:\/\/www.prairiewind.ch\/newone\/wp-content\/uploads\/2020\/11\/20201125_221025334_iOS-scaled-1536x1152.webp",1536,1152,true],"2048x2048":["https:\/\/www.prairiewind.ch\/newone\/wp-content\/uploads\/2020\/11\/20201125_221025334_iOS-scaled.webp",1920,1440,true],"hero-banner":["https:\/\/www.prairiewind.ch\/newone\/wp-content\/uploads\/2020\/11\/20201125_221025334_iOS-scaled-450x160.webp",450,160,true],"category-thumb":["https:\/\/www.prairiewind.ch\/newone\/wp-content\/uploads\/2020\/11\/20201125_221025334_iOS-scaled-200x150.webp",200,150,true],"woocommerce_thumbnail":["https:\/\/www.prairiewind.ch\/newone\/wp-content\/uploads\/2020\/11\/20201125_221025334_iOS-scaled-188x141.webp",188,141,true],"woocommerce_single":["https:\/\/www.prairiewind.ch\/newone\/wp-content\/uploads\/2020\/11\/20201125_221025334_iOS-scaled-251x188.webp",251,188,true],"woocommerce_gallery_thumbnail":["https:\/\/www.prairiewind.ch\/newone\/wp-content\/uploads\/2020\/11\/20201125_221025334_iOS-scaled-100x100.webp",100,100,true]},"uagb_author_info":{"display_name":"Kurt Weissen","author_link":"https:\/\/www.prairiewind.ch\/newone\/author\/"},"uagb_comment_info":0,"uagb_excerpt":"Bolo Tie aus Sterlingsilber mit 9 gefassten blauen Pilot Mountain T\u00fcrkissteinen L\u00e4nge: 6.5 cm","_links":{"self":[{"href":"https:\/\/www.prairiewind.ch\/newone\/wp-json\/wp\/v2\/product\/5548","targetHints":{"allow":["GET"]}}],"collection":[{"href":"https:\/\/www.prairiewind.ch\/newone\/wp-json\/wp\/v2\/product"}],"about":[{"href":"https:\/\/www.prairiewind.ch\/newone\/wp-json\/wp\/v2\/types\/product"}],"version-history":[{"count":2,"href":"https:\/\/www.prairiewind.ch\/newone\/wp-json\/wp\/v2\/product\/5548\/revisions"}],"predecessor-version":[{"id":112049,"href":"https:\/\/www.prairiewind.ch\/newone\/wp-json\/wp\/v2\/product\/5548\/revisions\/112049"}],"wp:featuredmedia":[{"embeddable":true,"href":"https:\/\/www.prairiewind.ch\/newone\/wp-json\/wp\/v2\/media\/5550"}],"wp:attachment":[{"href":"https:\/\/www.prairiewind.ch\/newone\/wp-json\/wp\/v2\/media?parent=5548"}],"wp:term":[{"taxonomy":"product_brand","embeddable":true,"href":"https:\/\/www.prairiewind.ch\/newone\/wp-json\/wp\/v2\/product_brand?post=5548"},{"taxonomy":"product_cat","embeddable":true,"href":"https:\/\/www.prairiewind.ch\/newone\/wp-json\/wp\/v2\/product_cat?post=5548"},{"taxonomy":"product_tag","embeddable":true,"href":"https:\/\/www.prairiewind.ch\/newone\/wp-json\/wp\/v2\/product_tag?post=5548"}],"curies":[{"name":"wp","href":"https:\/\/api.w.org\/{rel}","templated":true}]}}