{"id":5477,"date":"2020-11-24T22:12:16","date_gmt":"2020-11-24T21:12:16","guid":{"rendered":"https:\/\/www.prairiewind.ch\/newone\/?post_type=product&#038;p=5477"},"modified":"2025-07-15T21:20:28","modified_gmt":"2025-07-15T19:20:28","slug":"bennard-dallasvuyoma-mosaic-inlay-haenger","status":"publish","type":"product","link":"https:\/\/www.prairiewind.ch\/newone\/produkt\/bennard-dallasvuyoma-mosaic-inlay-haenger\/","title":{"rendered":"Bennard Dallasvuyaoma (Hopi) &#8211; Mosaic Inlay H\u00e4nger"},"content":{"rendered":"<p>Diese viereckigen<a href=\"https:\/\/www.prairiewind.ch\/newone\/produkt\/049007-vernon-vacit-zuni-runde-ohrstecker\/\"> Ohrh\u00e4nger aus Sterlingsilber<\/a> von Bennard Dallasvuyaoma sind kunstvoll mit einem Mosaik-Inlay aus Sugilite, Opal, T\u00fcrkis, Lapis, Polar Jade, Rhodonite und Sandcast verziert.<\/p>\n<p>Die Ohrringe haben eine L\u00e4nge von 1,9 cm und vereinen verschiedene Edelsteine zu einem ausdrucksstarken und farbenfrohen Design.<\/p>\n<p>Die Verbindung von traditionellen Hopi-Motiven und modernen Elementen macht diese Ohrh\u00e4nger zu einem einzigartigen und symboltr\u00e4chtigen Schmuckst\u00fcck.<\/p>\n<p>Bennard Dallasvuyaoma ist ein bekannter Hopi-K\u00fcnstler, der f\u00fcr seine Arbeiten in der Overlay-Technik und Inlay-Technik bekannt ist. Er verbindet traditionelle Hopi-Motive mit modernen Designs und verwendet dabei oft <a href=\"https:\/\/www.prairiewind.ch\/newone\/produkt\/harley-zephier-lakota-dakota-hoop-kreis-klein\/\"  data-wpil-monitor-id=\"1091\">Harley Zephier Lakotadakota 8211 Hoop Kreis 3<\/a> wie T\u00fcrkis, Opal und andere Edelsteine. <a href=\"https:\/\/www.prairiewind.ch\/newone\/schmuck-ureinwohner-nordamerikas\/\"  data-wpil-monitor-id=\"1049\">Seine Werke zeichnen sich durch die Kombination aus traditionellen<\/a> Symbolen und modernen Einfl\u00fcssen aus, was sie einzigartig und begehrt macht. Bennard Dallasvuyaoma stammt aus einer Familie mit langer Tradition im Bereich der Hopi-Kunst, was in seinen Arbeiten deutlich zu sp\u00fcren ist.<\/p>\n","protected":false},"excerpt":{"rendered":"<p>Viereckige Ohrh\u00e4nger aus Sterlingsilber mit <a href=\"https:\/\/www.prairiewind.ch\/newone\/produkt\/1160-andy-thomas-navajo\/\" data-wpil-monitor-id=\"371\">Mosaic Inlay<\/a> aus Sugilite, Opal, T\u00fcrkis, Lapis, Polar Jade, Rhodonite und Sandcast<\/p>\n<p>L\u00e4nge: 1.9 cm<\/p>\n","protected":false},"featured_media":5478,"template":"","meta":{"_uag_custom_page_level_css":"","site-sidebar-layout":"default","site-content-layout":"","ast-site-content-layout":"default","site-content-style":"default","site-sidebar-style":"default","ast-global-header-display":"","ast-banner-title-visibility":"","ast-main-header-display":"","ast-hfb-above-header-display":"","ast-hfb-below-header-display":"","ast-hfb-mobile-header-display":"","site-post-title":"","ast-breadcrumbs-content":"","ast-featured-img":"","footer-sml-layout":"","ast-disable-related-posts":"","theme-transparent-header-meta":"default","adv-header-id-meta":"","stick-header-meta":"","header-above-stick-meta":"","header-main-stick-meta":"","header-below-stick-meta":"","astra-migrate-meta-layouts":"set","ast-page-background-enabled":"default","ast-page-background-meta":{"desktop":{"background-color":"var(--ast-global-color-4)","background-image":"","background-repeat":"repeat","background-position":"center center","background-size":"auto","background-attachment":"scroll","background-type":"","background-media":"","overlay-type":"","overlay-color":"","overlay-opacity":"","overlay-gradient":""},"tablet":{"background-color":"","background-image":"","background-repeat":"repeat","background-position":"center center","background-size":"auto","background-attachment":"scroll","background-type":"","background-media":"","overlay-type":"","overlay-color":"","overlay-opacity":"","overlay-gradient":""},"mobile":{"background-color":"","background-image":"","background-repeat":"repeat","background-position":"center center","background-size":"auto","background-attachment":"scroll","background-type":"","background-media":"","overlay-type":"","overlay-color":"","overlay-opacity":"","overlay-gradient":""}},"ast-content-background-meta":{"desktop":{"background-color":"var(--ast-global-color-5)","background-image":"","background-repeat":"repeat","background-position":"center center","background-size":"auto","background-attachment":"scroll","background-type":"","background-media":"","overlay-type":"","overlay-color":"","overlay-opacity":"","overlay-gradient":""},"tablet":{"background-color":"var(--ast-global-color-5)","background-image":"","background-repeat":"repeat","background-position":"center center","background-size":"auto","background-attachment":"scroll","background-type":"","background-media":"","overlay-type":"","overlay-color":"","overlay-opacity":"","overlay-gradient":""},"mobile":{"background-color":"var(--ast-global-color-5)","background-image":"","background-repeat":"repeat","background-position":"center center","background-size":"auto","background-attachment":"scroll","background-type":"","background-media":"","overlay-type":"","overlay-color":"","overlay-opacity":"","overlay-gradient":""}}},"product_brand":[],"product_cat":[41],"product_tag":[856,879,875],"class_list":{"0":"post-5477","1":"product","2":"type-product","3":"status-publish","4":"has-post-thumbnail","6":"product_cat-ohrringe","7":"product_tag-hopi","8":"product_tag-inlay","9":"product_tag-tuerkis","10":"desktop-align-left","11":"tablet-align-left","12":"mobile-align-left","14":"first","15":"instock","16":"shipping-taxable","17":"purchasable","18":"product-type-simple"},"uagb_featured_image_src":{"full":["https:\/\/www.prairiewind.ch\/newone\/wp-content\/uploads\/2020\/11\/20201124_061925615_iOS-scaled.webp",1920,1440,false],"thumbnail":["https:\/\/www.prairiewind.ch\/newone\/wp-content\/uploads\/2020\/11\/20201124_061925615_iOS-scaled-150x150.webp",150,150,true],"medium":["https:\/\/www.prairiewind.ch\/newone\/wp-content\/uploads\/2020\/11\/20201124_061925615_iOS-scaled-300x225.webp",300,225,true],"medium_large":["https:\/\/www.prairiewind.ch\/newone\/wp-content\/uploads\/2020\/11\/20201124_061925615_iOS-scaled-768x576.webp",768,576,true],"large":["https:\/\/www.prairiewind.ch\/newone\/wp-content\/uploads\/2020\/11\/20201124_061925615_iOS-scaled-1024x768.webp",1024,768,true],"1536x1536":["https:\/\/www.prairiewind.ch\/newone\/wp-content\/uploads\/2020\/11\/20201124_061925615_iOS-scaled-1536x1152.webp",1536,1152,true],"2048x2048":["https:\/\/www.prairiewind.ch\/newone\/wp-content\/uploads\/2020\/11\/20201124_061925615_iOS-scaled.webp",1920,1440,true],"hero-banner":["https:\/\/www.prairiewind.ch\/newone\/wp-content\/uploads\/2020\/11\/20201124_061925615_iOS-scaled-450x160.webp",450,160,true],"category-thumb":["https:\/\/www.prairiewind.ch\/newone\/wp-content\/uploads\/2020\/11\/20201124_061925615_iOS-scaled-200x150.webp",200,150,true],"woocommerce_thumbnail":["https:\/\/www.prairiewind.ch\/newone\/wp-content\/uploads\/2020\/11\/20201124_061925615_iOS-scaled-188x141.webp",188,141,true],"woocommerce_single":["https:\/\/www.prairiewind.ch\/newone\/wp-content\/uploads\/2020\/11\/20201124_061925615_iOS-scaled-251x188.webp",251,188,true],"woocommerce_gallery_thumbnail":["https:\/\/www.prairiewind.ch\/newone\/wp-content\/uploads\/2020\/11\/20201124_061925615_iOS-scaled-100x100.webp",100,100,true]},"uagb_author_info":{"display_name":"Kurt Weissen","author_link":"https:\/\/www.prairiewind.ch\/newone\/author\/"},"uagb_comment_info":0,"uagb_excerpt":"Viereckige Ohrh\u00e4nger aus Sterlingsilber mit Mosaic Inlay aus Sugilite, Opal, T\u00fcrkis, Lapis, Polar Jade, Rhodonite und Sandcast L\u00e4nge: 1.9 cm","_links":{"self":[{"href":"https:\/\/www.prairiewind.ch\/newone\/wp-json\/wp\/v2\/product\/5477","targetHints":{"allow":["GET"]}}],"collection":[{"href":"https:\/\/www.prairiewind.ch\/newone\/wp-json\/wp\/v2\/product"}],"about":[{"href":"https:\/\/www.prairiewind.ch\/newone\/wp-json\/wp\/v2\/types\/product"}],"version-history":[{"count":0,"href":"https:\/\/www.prairiewind.ch\/newone\/wp-json\/wp\/v2\/product\/5477\/revisions"}],"wp:featuredmedia":[{"embeddable":true,"href":"https:\/\/www.prairiewind.ch\/newone\/wp-json\/wp\/v2\/media\/5478"}],"wp:attachment":[{"href":"https:\/\/www.prairiewind.ch\/newone\/wp-json\/wp\/v2\/media?parent=5477"}],"wp:term":[{"taxonomy":"product_brand","embeddable":true,"href":"https:\/\/www.prairiewind.ch\/newone\/wp-json\/wp\/v2\/product_brand?post=5477"},{"taxonomy":"product_cat","embeddable":true,"href":"https:\/\/www.prairiewind.ch\/newone\/wp-json\/wp\/v2\/product_cat?post=5477"},{"taxonomy":"product_tag","embeddable":true,"href":"https:\/\/www.prairiewind.ch\/newone\/wp-json\/wp\/v2\/product_tag?post=5477"}],"curies":[{"name":"wp","href":"https:\/\/api.w.org\/{rel}","templated":true}]}}