{"id":5386,"date":"2020-11-20T23:14:05","date_gmt":"2020-11-20T22:14:05","guid":{"rendered":"https:\/\/www.prairiewind.ch\/newone\/?post_type=product&#038;p=5386"},"modified":"2025-09-17T12:32:40","modified_gmt":"2025-09-17T10:32:40","slug":"muschelanhaenger","status":"publish","type":"product","link":"https:\/\/www.prairiewind.ch\/newone\/produkt\/muschelanhaenger\/","title":{"rendered":"Charlene Sanchez Reano (San Felipe, Kewa) &#8211; Halskette mit doppelseitigem Muschelanh\u00e4nger"},"content":{"rendered":"<p>Diese wundersch\u00f6ne Halskette von Charlene Sanchez Reano besteht aus abgerundeten<a href=\"https:\/\/www.prairiewind.ch\/newone\/produkt\/013001-lita-calabaza-kewa-halskette\/\"> Spiny-Oyster-Beads und<\/a> einem doppelseitigen Muschelanh\u00e4nger. Der Anh\u00e4nger kann auf beiden Seiten getragen werden, wobei jede Seite mit einem kunstvollen Mosaik-Inlay bedeckt ist. Eine Seite zeigt T\u00fcrkis, Spiny Oyster, Perlmutt und Lapislazuli, w\u00e4hrend die andere Seite mit Jet, Spiny Oyster, Perlmutt und Lapislazuli verziert ist.<\/p>\n<p>Die Kette hat eine L\u00e4nge von 33 cm und eine Breite zwischen 0,5 und 5 cm.<\/p>\n<p>Ein vielseitiges und kunstvolles Schmuckst\u00fcck.<\/p>\n","protected":false},"excerpt":{"rendered":"<p>Spiny-Oyster-Halskette mit <a class=\"wpil_keyword_link\" href=\"https:\/\/www.prairiewind.ch\/newone\/produkt\/shannon-tenorio-kewa-muschelanhaenger-mit-inlay\/\" title=\"Shannon Tenorio (Kewa) &#8211; Muschelanh\u00e4nger mit Inlay\" data-wpil-keyword-link=\"linked\" data-wpil-monitor-id=\"188969\">Muschelanh\u00e4nger<\/a><\/p>\n<p>Kette: Spiny Oyster, abgerundete Beads<\/p>\n<p><a href=\"https:\/\/www.prairiewind.ch\/newone\/produkt\/121015-navajo-dye-chart-faerbepflanzen\/\" data-wpil-monitor-id=\"1121\">Muschelanh\u00e4nger kann auf beidseitig<\/a> getragen werden. <a href=\"https:\/\/www.prairiewind.ch\/newone\/produkt\/049007-vernon-vacit-zuni-runde-ohrstecker\/\" data-wpil-monitor-id=\"1032\">Beide sind mit Inlay<\/a> bedeckt:<br \/>\n&#8211; <a href=\"https:\/\/www.prairiewind.ch\/newone\/produkt\/lita-calabaza-kewa\/\" data-wpil-monitor-id=\"359\">T\u00fcrkis<\/a>, Spiny Oyster, Perlmutt, Lapislazuli<br \/>\n&#8211; Jet, Spiny Oyster, Perlmutt, Lapislazuli<\/p>\n<p>L\u00e4nge: 33 cm<br \/>\nBreite: <a href=\"https:\/\/www.prairiewind.ch\/newone\/produkt\/amelia-cordell-dakota-mini-traumfaenger-mit-brauner-feder\/\" data-wpil-monitor-id=\"1413\">0.5 &#8211; 5 cm<\/a><\/p>\n","protected":false},"featured_media":5393,"template":"","meta":{"_uag_custom_page_level_css":"","site-sidebar-layout":"default","site-content-layout":"","ast-site-content-layout":"default","site-content-style":"default","site-sidebar-style":"default","ast-global-header-display":"","ast-banner-title-visibility":"","ast-main-header-display":"","ast-hfb-above-header-display":"","ast-hfb-below-header-display":"","ast-hfb-mobile-header-display":"","site-post-title":"","ast-breadcrumbs-content":"","ast-featured-img":"","footer-sml-layout":"","ast-disable-related-posts":"","theme-transparent-header-meta":"default","adv-header-id-meta":"","stick-header-meta":"","header-above-stick-meta":"","header-main-stick-meta":"","header-below-stick-meta":"","astra-migrate-meta-layouts":"set","ast-page-background-enabled":"default","ast-page-background-meta":{"desktop":{"background-color":"var(--ast-global-color-4)","background-image":"","background-repeat":"repeat","background-position":"center center","background-size":"auto","background-attachment":"scroll","background-type":"","background-media":"","overlay-type":"","overlay-color":"","overlay-opacity":"","overlay-gradient":""},"tablet":{"background-color":"","background-image":"","background-repeat":"repeat","background-position":"center center","background-size":"auto","background-attachment":"scroll","background-type":"","background-media":"","overlay-type":"","overlay-color":"","overlay-opacity":"","overlay-gradient":""},"mobile":{"background-color":"","background-image":"","background-repeat":"repeat","background-position":"center center","background-size":"auto","background-attachment":"scroll","background-type":"","background-media":"","overlay-type":"","overlay-color":"","overlay-opacity":"","overlay-gradient":""}},"ast-content-background-meta":{"desktop":{"background-color":"var(--ast-global-color-5)","background-image":"","background-repeat":"repeat","background-position":"center center","background-size":"auto","background-attachment":"scroll","background-type":"","background-media":"","overlay-type":"","overlay-color":"","overlay-opacity":"","overlay-gradient":""},"tablet":{"background-color":"var(--ast-global-color-5)","background-image":"","background-repeat":"repeat","background-position":"center center","background-size":"auto","background-attachment":"scroll","background-type":"","background-media":"","overlay-type":"","overlay-color":"","overlay-opacity":"","overlay-gradient":""},"mobile":{"background-color":"var(--ast-global-color-5)","background-image":"","background-repeat":"repeat","background-position":"center center","background-size":"auto","background-attachment":"scroll","background-type":"","background-media":"","overlay-type":"","overlay-color":"","overlay-opacity":"","overlay-gradient":""}}},"product_brand":[],"product_cat":[42],"product_tag":[878,857,879,874,881,875],"class_list":{"0":"post-5386","1":"product","2":"type-product","3":"status-publish","4":"has-post-thumbnail","6":"product_cat-halsketten-tuerkis","7":"product_tag-jet-versteinerte-kohle","8":"product_tag-kewa","9":"product_tag-inlay","10":"product_tag-muschel","11":"product_tag-perlmutt","12":"product_tag-tuerkis","13":"desktop-align-left","14":"tablet-align-left","15":"mobile-align-left","17":"first","18":"instock","19":"shipping-taxable","20":"purchasable","21":"product-type-simple"},"uagb_featured_image_src":{"full":["https:\/\/www.prairiewind.ch\/newone\/wp-content\/uploads\/2020\/11\/20201118_232742212_iOS-scaled.webp",1920,1440,false],"thumbnail":["https:\/\/www.prairiewind.ch\/newone\/wp-content\/uploads\/2020\/11\/20201118_232742212_iOS-150x150.webp",150,150,true],"medium":["https:\/\/www.prairiewind.ch\/newone\/wp-content\/uploads\/2020\/11\/20201118_232742212_iOS-300x225.jpg",300,225,true],"medium_large":["https:\/\/www.prairiewind.ch\/newone\/wp-content\/uploads\/2020\/11\/20201118_232742212_iOS-768x576.jpg",768,576,true],"large":["https:\/\/www.prairiewind.ch\/newone\/wp-content\/uploads\/2020\/11\/20201118_232742212_iOS-1024x768.jpg",1024,768,true],"1536x1536":["https:\/\/www.prairiewind.ch\/newone\/wp-content\/uploads\/2020\/11\/20201118_232742212_iOS-1536x1152.jpg",1536,1152,true],"2048x2048":["https:\/\/www.prairiewind.ch\/newone\/wp-content\/uploads\/2020\/11\/20201118_232742212_iOS-scaled.webp",1920,1440,true],"hero-banner":["https:\/\/www.prairiewind.ch\/newone\/wp-content\/uploads\/2020\/11\/20201118_232742212_iOS-scaled-450x160.webp",450,160,true],"category-thumb":["https:\/\/www.prairiewind.ch\/newone\/wp-content\/uploads\/2020\/11\/20201118_232742212_iOS-scaled-200x150.webp",200,150,true],"woocommerce_thumbnail":["https:\/\/www.prairiewind.ch\/newone\/wp-content\/uploads\/2020\/11\/20201118_232742212_iOS-scaled-188x141.jpg",188,141,true],"woocommerce_single":["https:\/\/www.prairiewind.ch\/newone\/wp-content\/uploads\/2020\/11\/20201118_232742212_iOS-scaled-251x188.jpg",251,188,true],"woocommerce_gallery_thumbnail":["https:\/\/www.prairiewind.ch\/newone\/wp-content\/uploads\/2020\/11\/20201118_232742212_iOS-scaled-100x100.jpg",100,100,true]},"uagb_author_info":{"display_name":"Kurt Weissen","author_link":"https:\/\/www.prairiewind.ch\/newone\/author\/"},"uagb_comment_info":0,"uagb_excerpt":"Spiny-Oyster-Halskette mit Muschelanh\u00e4nger Kette: Spiny Oyster, abgerundete Beads Muschelanh\u00e4nger kann auf beidseitig getragen werden. Beide sind mit Inlay bedeckt: - T\u00fcrkis, Spiny Oyster, Perlmutt, Lapislazuli - Jet, Spiny Oyster, Perlmutt, Lapislazuli L\u00e4nge: 33 cm Breite: 0.5 - 5 cm","_links":{"self":[{"href":"https:\/\/www.prairiewind.ch\/newone\/wp-json\/wp\/v2\/product\/5386","targetHints":{"allow":["GET"]}}],"collection":[{"href":"https:\/\/www.prairiewind.ch\/newone\/wp-json\/wp\/v2\/product"}],"about":[{"href":"https:\/\/www.prairiewind.ch\/newone\/wp-json\/wp\/v2\/types\/product"}],"version-history":[{"count":2,"href":"https:\/\/www.prairiewind.ch\/newone\/wp-json\/wp\/v2\/product\/5386\/revisions"}],"predecessor-version":[{"id":112051,"href":"https:\/\/www.prairiewind.ch\/newone\/wp-json\/wp\/v2\/product\/5386\/revisions\/112051"}],"wp:featuredmedia":[{"embeddable":true,"href":"https:\/\/www.prairiewind.ch\/newone\/wp-json\/wp\/v2\/media\/5393"}],"wp:attachment":[{"href":"https:\/\/www.prairiewind.ch\/newone\/wp-json\/wp\/v2\/media?parent=5386"}],"wp:term":[{"taxonomy":"product_brand","embeddable":true,"href":"https:\/\/www.prairiewind.ch\/newone\/wp-json\/wp\/v2\/product_brand?post=5386"},{"taxonomy":"product_cat","embeddable":true,"href":"https:\/\/www.prairiewind.ch\/newone\/wp-json\/wp\/v2\/product_cat?post=5386"},{"taxonomy":"product_tag","embeddable":true,"href":"https:\/\/www.prairiewind.ch\/newone\/wp-json\/wp\/v2\/product_tag?post=5386"}],"curies":[{"name":"wp","href":"https:\/\/api.w.org\/{rel}","templated":true}]}}