{"id":5130,"date":"2020-09-03T10:14:36","date_gmt":"2020-09-03T09:14:36","guid":{"rendered":"https:\/\/www.prairiewind.ch\/newone\/?post_type=product&#038;p=5130"},"modified":"2024-10-27T12:29:23","modified_gmt":"2024-10-27T11:29:23","slug":"gutschein","status":"publish","type":"product","link":"https:\/\/www.prairiewind.ch\/newone\/produkt\/gutschein\/","title":{"rendered":"Gutschein f\u00fcr einen Einkauf bei prairie wind"},"content":{"rendered":"<p>Ein Geschenkgutschein f\u00fcr <em>prairie wind<\/em> ist eine wunderbare M\u00f6glichkeit, Freude zu bereiten und das <a href=\"https:\/\/www.prairiewind.ch\/newone\/produkt\/261002-indian-pueblo-cultural-center-platte-mit-pueblo-szene\/\">Interesse<\/a> an authentischer indigener Kunst zu unterst\u00fctzen.<\/p>\n<p>Der oder die Beschenkte erh\u00e4lt nach dem Kauf per E-Mail einen pers\u00f6nlichen Code, der bequem im Onlineshop oder bei telefonischen Bestellungen eingel\u00f6st werden kann.<\/p>\n<p>Mit diesem Gutschein \u00f6ffnet sich eine Welt von einzigartigen Kunstwerken und Handwerksst\u00fccken, die das kulturelle Erbe der indigenen V\u00f6lker der USA widerspiegeln.<\/p>\n","protected":false},"excerpt":{"rendered":"<p class=\"lead\">Gutschein f\u00fcr einen Einkauf bei <a class=\"wpil_keyword_link\" href=\"https:\/\/www.prairiewind.ch\/newone\/indianische-kuenstlerinnen-und-kuenstler-bei-prairie-wind\/\" title=\"Indianische K\u00fcnstlerinnen und  K\u00fcnstler bei prairie wind\" data-wpil-keyword-link=\"linked\" data-wpil-monitor-id=\"188970\">prairie wind<\/a><\/p>\n","protected":false},"featured_media":5267,"template":"","meta":{"_uag_custom_page_level_css":"","site-sidebar-layout":"default","site-content-layout":"","ast-site-content-layout":"default","site-content-style":"default","site-sidebar-style":"default","ast-global-header-display":"","ast-banner-title-visibility":"","ast-main-header-display":"","ast-hfb-above-header-display":"","ast-hfb-below-header-display":"","ast-hfb-mobile-header-display":"","site-post-title":"","ast-breadcrumbs-content":"","ast-featured-img":"","footer-sml-layout":"","ast-disable-related-posts":"","theme-transparent-header-meta":"default","adv-header-id-meta":"","stick-header-meta":"","header-above-stick-meta":"","header-main-stick-meta":"","header-below-stick-meta":"","astra-migrate-meta-layouts":"set","ast-page-background-enabled":"default","ast-page-background-meta":{"desktop":{"background-color":"var(--ast-global-color-4)","background-image":"","background-repeat":"repeat","background-position":"center center","background-size":"auto","background-attachment":"scroll","background-type":"","background-media":"","overlay-type":"","overlay-color":"","overlay-opacity":"","overlay-gradient":""},"tablet":{"background-color":"","background-image":"","background-repeat":"repeat","background-position":"center center","background-size":"auto","background-attachment":"scroll","background-type":"","background-media":"","overlay-type":"","overlay-color":"","overlay-opacity":"","overlay-gradient":""},"mobile":{"background-color":"","background-image":"","background-repeat":"repeat","background-position":"center center","background-size":"auto","background-attachment":"scroll","background-type":"","background-media":"","overlay-type":"","overlay-color":"","overlay-opacity":"","overlay-gradient":""}},"ast-content-background-meta":{"desktop":{"background-color":"var(--ast-global-color-5)","background-image":"","background-repeat":"repeat","background-position":"center center","background-size":"auto","background-attachment":"scroll","background-type":"","background-media":"","overlay-type":"","overlay-color":"","overlay-opacity":"","overlay-gradient":""},"tablet":{"background-color":"var(--ast-global-color-5)","background-image":"","background-repeat":"repeat","background-position":"center center","background-size":"auto","background-attachment":"scroll","background-type":"","background-media":"","overlay-type":"","overlay-color":"","overlay-opacity":"","overlay-gradient":""},"mobile":{"background-color":"var(--ast-global-color-5)","background-image":"","background-repeat":"repeat","background-position":"center center","background-size":"auto","background-attachment":"scroll","background-type":"","background-media":"","overlay-type":"","overlay-color":"","overlay-opacity":"","overlay-gradient":""}}},"product_brand":[],"product_cat":[64],"product_tag":[],"class_list":{"0":"post-5130","1":"product","2":"type-product","3":"status-publish","4":"has-post-thumbnail","6":"product_cat-geschenke","7":"desktop-align-left","8":"tablet-align-left","9":"mobile-align-left","11":"first","12":"instock","13":"virtual","14":"purchasable","15":"product-type-simple"},"uagb_featured_image_src":{"full":["https:\/\/www.prairiewind.ch\/newone\/wp-content\/uploads\/2020\/09\/GIft-Card.webp",750,750,false],"thumbnail":["https:\/\/www.prairiewind.ch\/newone\/wp-content\/uploads\/2020\/09\/GIft-Card-150x150.png",150,150,true],"medium":["https:\/\/www.prairiewind.ch\/newone\/wp-content\/uploads\/2020\/09\/GIft-Card-300x300.webp",300,300,true],"medium_large":["https:\/\/www.prairiewind.ch\/newone\/wp-content\/uploads\/2020\/09\/GIft-Card.webp",750,750,false],"large":["https:\/\/www.prairiewind.ch\/newone\/wp-content\/uploads\/2020\/09\/GIft-Card.webp",750,750,false],"1536x1536":["https:\/\/www.prairiewind.ch\/newone\/wp-content\/uploads\/2020\/09\/GIft-Card.webp",750,750,false],"2048x2048":["https:\/\/www.prairiewind.ch\/newone\/wp-content\/uploads\/2020\/09\/GIft-Card.webp",750,750,false],"hero-banner":["https:\/\/www.prairiewind.ch\/newone\/wp-content\/uploads\/2020\/09\/GIft-Card-450x160.webp",450,160,true],"category-thumb":["https:\/\/www.prairiewind.ch\/newone\/wp-content\/uploads\/2020\/09\/GIft-Card-200x150.webp",200,150,true],"woocommerce_thumbnail":["https:\/\/www.prairiewind.ch\/newone\/wp-content\/uploads\/2020\/09\/GIft-Card-188x141.png",188,141,true],"woocommerce_single":["https:\/\/www.prairiewind.ch\/newone\/wp-content\/uploads\/2020\/09\/GIft-Card-251x251.png",251,251,true],"woocommerce_gallery_thumbnail":["https:\/\/www.prairiewind.ch\/newone\/wp-content\/uploads\/2020\/09\/GIft-Card-100x100.png",100,100,true]},"uagb_author_info":{"display_name":"Kurt Weissen","author_link":"https:\/\/www.prairiewind.ch\/newone\/author\/"},"uagb_comment_info":0,"uagb_excerpt":"Gutschein f\u00fcr einen Einkauf bei prairie wind","_links":{"self":[{"href":"https:\/\/www.prairiewind.ch\/newone\/wp-json\/wp\/v2\/product\/5130","targetHints":{"allow":["GET"]}}],"collection":[{"href":"https:\/\/www.prairiewind.ch\/newone\/wp-json\/wp\/v2\/product"}],"about":[{"href":"https:\/\/www.prairiewind.ch\/newone\/wp-json\/wp\/v2\/types\/product"}],"version-history":[{"count":2,"href":"https:\/\/www.prairiewind.ch\/newone\/wp-json\/wp\/v2\/product\/5130\/revisions"}],"predecessor-version":[{"id":112052,"href":"https:\/\/www.prairiewind.ch\/newone\/wp-json\/wp\/v2\/product\/5130\/revisions\/112052"}],"wp:featuredmedia":[{"embeddable":true,"href":"https:\/\/www.prairiewind.ch\/newone\/wp-json\/wp\/v2\/media\/5267"}],"wp:attachment":[{"href":"https:\/\/www.prairiewind.ch\/newone\/wp-json\/wp\/v2\/media?parent=5130"}],"wp:term":[{"taxonomy":"product_brand","embeddable":true,"href":"https:\/\/www.prairiewind.ch\/newone\/wp-json\/wp\/v2\/product_brand?post=5130"},{"taxonomy":"product_cat","embeddable":true,"href":"https:\/\/www.prairiewind.ch\/newone\/wp-json\/wp\/v2\/product_cat?post=5130"},{"taxonomy":"product_tag","embeddable":true,"href":"https:\/\/www.prairiewind.ch\/newone\/wp-json\/wp\/v2\/product_tag?post=5130"}],"curies":[{"name":"wp","href":"https:\/\/api.w.org\/{rel}","templated":true}]}}