{"id":4712,"date":"2020-05-27T22:58:25","date_gmt":"2020-05-27T21:58:25","guid":{"rendered":"https:\/\/www.prairiewind.ch\/newone\/produkt\/lupe-lovato-kewa-halskette-mit-choclaws\/"},"modified":"2024-11-07T08:45:28","modified_gmt":"2024-11-07T07:45:28","slug":"lupe-lovato-kewa-halskette-mit-choclaws","status":"publish","type":"product","link":"https:\/\/www.prairiewind.ch\/newone\/produkt\/lupe-lovato-kewa-halskette-mit-choclaws\/","title":{"rendered":"Lupe Lovato (Kewa) &#8211; Halskette aus Muschel"},"content":{"rendered":"<p>Diese kunstvolle Muschelhalskette von Lupe Lovato besteht <a href=\"https:\/\/www.prairiewind.ch\/newone\/produkt\/012001-betty-rodriguez-kewa-halskette\/\">aus abgerundeten Scheiben<\/a> aus Spiny Oyster und ist mit f\u00fcnf ovalen Mittelst\u00fccken aus Spiny Oyster verziert.<\/p>\n<p>Die Kette wird durch Elemente aus Sterlingsilber erg\u00e4nzt und misst 24 cm in der L\u00e4nge.<\/p>\n<p>Die Muschelperlen variieren in ihrer Gr\u00f6\u00dfe zwischen 0,5 und 1,2 cm, was der Kette eine harmonische und ausdrucksstarke Optik verleiht. Ein elegantes Schmuckst\u00fcck, das traditionelle Handwerkskunst und nat\u00fcrliche Materialien verbindet.<\/p>\n","protected":false},"excerpt":{"rendered":"<p>Muschelhalskette aus Sterlingsilber, <a href=\"https:\/\/www.prairiewind.ch\/newone\/produkt\/nick-rosetta-kewa-holzanhaenger\/\"  data-wpil-monitor-id=\"1145\">abgerundete Scheiben aus<\/a> Spiny Oyster und f\u00fcnf ovalen Mittelst\u00fccke aus Spiny Oyster<\/p>\n<p>L\u00e4nge: <a href=\"https:\/\/www.prairiewind.ch\/newone\/produkt\/warrior-kachina\/\"  data-wpil-monitor-id=\"1423\">24 cm<\/a><br \/>\nMuschelperlen: 0.5-1.2 cm<\/p>\n","protected":false},"featured_media":3969,"template":"","meta":{"_uag_custom_page_level_css":"","site-sidebar-layout":"default","site-content-layout":"","ast-site-content-layout":"default","site-content-style":"default","site-sidebar-style":"default","ast-global-header-display":"","ast-banner-title-visibility":"","ast-main-header-display":"","ast-hfb-above-header-display":"","ast-hfb-below-header-display":"","ast-hfb-mobile-header-display":"","site-post-title":"","ast-breadcrumbs-content":"","ast-featured-img":"","footer-sml-layout":"","ast-disable-related-posts":"","theme-transparent-header-meta":"default","adv-header-id-meta":"","stick-header-meta":"","header-above-stick-meta":"","header-main-stick-meta":"","header-below-stick-meta":"","astra-migrate-meta-layouts":"set","ast-page-background-enabled":"default","ast-page-background-meta":{"desktop":{"background-color":"var(--ast-global-color-4)","background-image":"","background-repeat":"repeat","background-position":"center center","background-size":"auto","background-attachment":"scroll","background-type":"","background-media":"","overlay-type":"","overlay-color":"","overlay-opacity":"","overlay-gradient":""},"tablet":{"background-color":"","background-image":"","background-repeat":"repeat","background-position":"center center","background-size":"auto","background-attachment":"scroll","background-type":"","background-media":"","overlay-type":"","overlay-color":"","overlay-opacity":"","overlay-gradient":""},"mobile":{"background-color":"","background-image":"","background-repeat":"repeat","background-position":"center center","background-size":"auto","background-attachment":"scroll","background-type":"","background-media":"","overlay-type":"","overlay-color":"","overlay-opacity":"","overlay-gradient":""}},"ast-content-background-meta":{"desktop":{"background-color":"var(--ast-global-color-5)","background-image":"","background-repeat":"repeat","background-position":"center center","background-size":"auto","background-attachment":"scroll","background-type":"","background-media":"","overlay-type":"","overlay-color":"","overlay-opacity":"","overlay-gradient":""},"tablet":{"background-color":"var(--ast-global-color-5)","background-image":"","background-repeat":"repeat","background-position":"center center","background-size":"auto","background-attachment":"scroll","background-type":"","background-media":"","overlay-type":"","overlay-color":"","overlay-opacity":"","overlay-gradient":""},"mobile":{"background-color":"var(--ast-global-color-5)","background-image":"","background-repeat":"repeat","background-position":"center center","background-size":"auto","background-attachment":"scroll","background-type":"","background-media":"","overlay-type":"","overlay-color":"","overlay-opacity":"","overlay-gradient":""}}},"product_brand":[],"product_cat":[42],"product_tag":[857,874],"class_list":{"0":"post-4712","1":"product","2":"type-product","3":"status-publish","4":"has-post-thumbnail","6":"product_cat-halsketten-tuerkis","7":"product_tag-kewa","8":"product_tag-muschel","9":"desktop-align-left","10":"tablet-align-left","11":"mobile-align-left","13":"first","14":"instock","15":"shipping-taxable","16":"purchasable","17":"product-type-simple"},"uagb_featured_image_src":{"full":["https:\/\/www.prairiewind.ch\/newone\/wp-content\/uploads\/2020\/05\/products-307_2.webp",600,450,false],"thumbnail":["https:\/\/www.prairiewind.ch\/newone\/wp-content\/uploads\/2020\/05\/products-307_2-150x150.webp",150,150,true],"medium":["https:\/\/www.prairiewind.ch\/newone\/wp-content\/uploads\/2020\/05\/products-307_2-300x225.webp",300,225,true],"medium_large":["https:\/\/www.prairiewind.ch\/newone\/wp-content\/uploads\/2020\/05\/products-307_2.webp",600,450,false],"large":["https:\/\/www.prairiewind.ch\/newone\/wp-content\/uploads\/2020\/05\/products-307_2.webp",600,450,false],"1536x1536":["https:\/\/www.prairiewind.ch\/newone\/wp-content\/uploads\/2020\/05\/products-307_2.webp",600,450,false],"2048x2048":["https:\/\/www.prairiewind.ch\/newone\/wp-content\/uploads\/2020\/05\/products-307_2.webp",600,450,false],"hero-banner":["https:\/\/www.prairiewind.ch\/newone\/wp-content\/uploads\/2020\/05\/products-307_2-450x160.webp",450,160,true],"category-thumb":["https:\/\/www.prairiewind.ch\/newone\/wp-content\/uploads\/2020\/05\/products-307_2-200x150.webp",200,150,true],"woocommerce_thumbnail":["https:\/\/www.prairiewind.ch\/newone\/wp-content\/uploads\/2020\/05\/products-307_2-188x141.webp",188,141,true],"woocommerce_single":["https:\/\/www.prairiewind.ch\/newone\/wp-content\/uploads\/2020\/05\/products-307_2-251x188.webp",251,188,true],"woocommerce_gallery_thumbnail":["https:\/\/www.prairiewind.ch\/newone\/wp-content\/uploads\/2020\/05\/products-307_2-100x100.webp",100,100,true]},"uagb_author_info":{"display_name":"Kurt Weissen","author_link":"https:\/\/www.prairiewind.ch\/newone\/author\/"},"uagb_comment_info":0,"uagb_excerpt":"Muschelhalskette aus Sterlingsilber, abgerundete Scheiben aus Spiny Oyster und f\u00fcnf ovalen Mittelst\u00fccke aus Spiny Oyster L\u00e4nge: 24 cm Muschelperlen: 0.5-1.2 cm","_links":{"self":[{"href":"https:\/\/www.prairiewind.ch\/newone\/wp-json\/wp\/v2\/product\/4712","targetHints":{"allow":["GET"]}}],"collection":[{"href":"https:\/\/www.prairiewind.ch\/newone\/wp-json\/wp\/v2\/product"}],"about":[{"href":"https:\/\/www.prairiewind.ch\/newone\/wp-json\/wp\/v2\/types\/product"}],"version-history":[{"count":0,"href":"https:\/\/www.prairiewind.ch\/newone\/wp-json\/wp\/v2\/product\/4712\/revisions"}],"wp:featuredmedia":[{"embeddable":true,"href":"https:\/\/www.prairiewind.ch\/newone\/wp-json\/wp\/v2\/media\/3969"}],"wp:attachment":[{"href":"https:\/\/www.prairiewind.ch\/newone\/wp-json\/wp\/v2\/media?parent=4712"}],"wp:term":[{"taxonomy":"product_brand","embeddable":true,"href":"https:\/\/www.prairiewind.ch\/newone\/wp-json\/wp\/v2\/product_brand?post=4712"},{"taxonomy":"product_cat","embeddable":true,"href":"https:\/\/www.prairiewind.ch\/newone\/wp-json\/wp\/v2\/product_cat?post=4712"},{"taxonomy":"product_tag","embeddable":true,"href":"https:\/\/www.prairiewind.ch\/newone\/wp-json\/wp\/v2\/product_tag?post=4712"}],"curies":[{"name":"wp","href":"https:\/\/api.w.org\/{rel}","templated":true}]}}