{"id":4694,"date":"2020-05-27T22:57:38","date_gmt":"2020-05-27T21:57:38","guid":{"rendered":"https:\/\/www.prairiewind.ch\/newone\/produkt\/paul-coriz-kewa-gurtelschnalle\/"},"modified":"2024-11-07T08:42:51","modified_gmt":"2024-11-07T07:42:51","slug":"guertelschnalle-tuerkis","status":"publish","type":"product","link":"https:\/\/www.prairiewind.ch\/newone\/produkt\/guertelschnalle-tuerkis\/","title":{"rendered":"Paul Coriz (Kewa) &#8211; G\u00fcrtelschnalle mit T\u00fcrkis"},"content":{"rendered":"<p>Diese handgefertigte G\u00fcrtelschnalle von Paul Coriz, einem angesehenen K\u00fcnstler der Kewa Pueblo, vereint edle Materialien wie T\u00fcrkis, Perlmutt, Serpentin und <a href=\"https:\/\/www.prairiewind.ch\/newone\/produkt\/jobeth-mayes-zuni-gurtelschnalle\/\">Alabaster<\/a> auf einer stabilen Metallbasis. Die Schnalle misst 7 cm in der L\u00e4nge und 5 cm in der H\u00f6he und passt perfekt zu G\u00fcrteln mit einer maximalen Breite von 2,8 cm.<\/p>\n<p>Die kunstvolle Kombination der nat\u00fcrlichen Materialien verleiht dieser G\u00fcrtelschnalle eine besondere \u00c4sthetik und macht sie zu einem einzigartigen Accessoire, das traditionelle Handwerkskunst und modernes Design verbindet.<\/p>\n","protected":false},"excerpt":{"rendered":"<p>G\u00fcrtelschnalle aus T\u00fcrkis, Perlmutt, <a class=\"wpil_keyword_link\" href=\"https:\/\/www.prairiewind.ch\/newone\/produkt-schlagwort\/serpentine\/\" title=\"Serpentine\" data-wpil-keyword-link=\"linked\" data-wpil-monitor-id=\"188974\">Serpentine<\/a> und Alabaster auf Metall. Eignet sich f\u00fcr G\u00fcrtel mit einer maximalen Breite von 2.8 cm<\/p>\n<p>L\u00e4nge: <a href=\"https:\/\/www.prairiewind.ch\/newone\/produkt\/leland-boone-bergloewe\/\" data-wpil-monitor-id=\"1392\">7 cm<\/a><br \/>\nH\u00f6he: <a href=\"https:\/\/www.prairiewind.ch\/newone\/produkt\/amelia-cordell-dakota-mini-traumfaenger-mit-brauner-feder\/\" data-wpil-monitor-id=\"1415\">5 cm<\/a><\/p>\n","protected":false},"featured_media":3902,"template":"","meta":{"_uag_custom_page_level_css":"","site-sidebar-layout":"default","site-content-layout":"","ast-site-content-layout":"default","site-content-style":"default","site-sidebar-style":"default","ast-global-header-display":"","ast-banner-title-visibility":"","ast-main-header-display":"","ast-hfb-above-header-display":"","ast-hfb-below-header-display":"","ast-hfb-mobile-header-display":"","site-post-title":"","ast-breadcrumbs-content":"","ast-featured-img":"","footer-sml-layout":"","ast-disable-related-posts":"","theme-transparent-header-meta":"default","adv-header-id-meta":"","stick-header-meta":"","header-above-stick-meta":"","header-main-stick-meta":"","header-below-stick-meta":"","astra-migrate-meta-layouts":"set","ast-page-background-enabled":"default","ast-page-background-meta":{"desktop":{"background-color":"var(--ast-global-color-4)","background-image":"","background-repeat":"repeat","background-position":"center center","background-size":"auto","background-attachment":"scroll","background-type":"","background-media":"","overlay-type":"","overlay-color":"","overlay-opacity":"","overlay-gradient":""},"tablet":{"background-color":"","background-image":"","background-repeat":"repeat","background-position":"center center","background-size":"auto","background-attachment":"scroll","background-type":"","background-media":"","overlay-type":"","overlay-color":"","overlay-opacity":"","overlay-gradient":""},"mobile":{"background-color":"","background-image":"","background-repeat":"repeat","background-position":"center center","background-size":"auto","background-attachment":"scroll","background-type":"","background-media":"","overlay-type":"","overlay-color":"","overlay-opacity":"","overlay-gradient":""}},"ast-content-background-meta":{"desktop":{"background-color":"var(--ast-global-color-5)","background-image":"","background-repeat":"repeat","background-position":"center center","background-size":"auto","background-attachment":"scroll","background-type":"","background-media":"","overlay-type":"","overlay-color":"","overlay-opacity":"","overlay-gradient":""},"tablet":{"background-color":"var(--ast-global-color-5)","background-image":"","background-repeat":"repeat","background-position":"center center","background-size":"auto","background-attachment":"scroll","background-type":"","background-media":"","overlay-type":"","overlay-color":"","overlay-opacity":"","overlay-gradient":""},"mobile":{"background-color":"var(--ast-global-color-5)","background-image":"","background-repeat":"repeat","background-position":"center center","background-size":"auto","background-attachment":"scroll","background-type":"","background-media":"","overlay-type":"","overlay-color":"","overlay-opacity":"","overlay-gradient":""}}},"product_brand":[],"product_cat":[45,49],"product_tag":[857,881,875],"class_list":{"0":"post-4694","1":"product","2":"type-product","3":"status-publish","4":"has-post-thumbnail","6":"product_cat-guertel","7":"product_cat-guertel-western","8":"product_tag-kewa","9":"product_tag-perlmutt","10":"product_tag-tuerkis","11":"desktop-align-left","12":"tablet-align-left","13":"mobile-align-left","15":"first","16":"instock","17":"shipping-taxable","18":"purchasable","19":"product-type-simple"},"uagb_featured_image_src":{"full":["https:\/\/www.prairiewind.ch\/newone\/wp-content\/uploads\/2020\/05\/products-54_3.jpg",600,450,false],"thumbnail":["https:\/\/www.prairiewind.ch\/newone\/wp-content\/uploads\/2020\/05\/products-54_3-150x150.webp",150,150,true],"medium":["https:\/\/www.prairiewind.ch\/newone\/wp-content\/uploads\/2020\/05\/products-54_3-300x225.webp",300,225,true],"medium_large":["https:\/\/www.prairiewind.ch\/newone\/wp-content\/uploads\/2020\/05\/products-54_3.jpg",600,450,false],"large":["https:\/\/www.prairiewind.ch\/newone\/wp-content\/uploads\/2020\/05\/products-54_3.jpg",600,450,false],"1536x1536":["https:\/\/www.prairiewind.ch\/newone\/wp-content\/uploads\/2020\/05\/products-54_3.jpg",600,450,false],"2048x2048":["https:\/\/www.prairiewind.ch\/newone\/wp-content\/uploads\/2020\/05\/products-54_3.jpg",600,450,false],"hero-banner":["https:\/\/www.prairiewind.ch\/newone\/wp-content\/uploads\/2020\/05\/products-54_3-450x160.webp",450,160,true],"category-thumb":["https:\/\/www.prairiewind.ch\/newone\/wp-content\/uploads\/2020\/05\/products-54_3-200x150.webp",200,150,true],"woocommerce_thumbnail":["https:\/\/www.prairiewind.ch\/newone\/wp-content\/uploads\/2020\/05\/products-54_3-188x141.webp",188,141,true],"woocommerce_single":["https:\/\/www.prairiewind.ch\/newone\/wp-content\/uploads\/2020\/05\/products-54_3-251x188.webp",251,188,true],"woocommerce_gallery_thumbnail":["https:\/\/www.prairiewind.ch\/newone\/wp-content\/uploads\/2020\/05\/products-54_3-100x100.webp",100,100,true]},"uagb_author_info":{"display_name":"Kurt Weissen","author_link":"https:\/\/www.prairiewind.ch\/newone\/author\/"},"uagb_comment_info":0,"uagb_excerpt":"G\u00fcrtelschnalle aus T\u00fcrkis, Perlmutt, Serpentine und Alabaster auf Metall. Eignet sich f\u00fcr G\u00fcrtel mit einer maximalen Breite von 2.8 cm L\u00e4nge: 7 cm H\u00f6he: 5 cm","_links":{"self":[{"href":"https:\/\/www.prairiewind.ch\/newone\/wp-json\/wp\/v2\/product\/4694","targetHints":{"allow":["GET"]}}],"collection":[{"href":"https:\/\/www.prairiewind.ch\/newone\/wp-json\/wp\/v2\/product"}],"about":[{"href":"https:\/\/www.prairiewind.ch\/newone\/wp-json\/wp\/v2\/types\/product"}],"version-history":[{"count":2,"href":"https:\/\/www.prairiewind.ch\/newone\/wp-json\/wp\/v2\/product\/4694\/revisions"}],"predecessor-version":[{"id":112056,"href":"https:\/\/www.prairiewind.ch\/newone\/wp-json\/wp\/v2\/product\/4694\/revisions\/112056"}],"wp:featuredmedia":[{"embeddable":true,"href":"https:\/\/www.prairiewind.ch\/newone\/wp-json\/wp\/v2\/media\/3902"}],"wp:attachment":[{"href":"https:\/\/www.prairiewind.ch\/newone\/wp-json\/wp\/v2\/media?parent=4694"}],"wp:term":[{"taxonomy":"product_brand","embeddable":true,"href":"https:\/\/www.prairiewind.ch\/newone\/wp-json\/wp\/v2\/product_brand?post=4694"},{"taxonomy":"product_cat","embeddable":true,"href":"https:\/\/www.prairiewind.ch\/newone\/wp-json\/wp\/v2\/product_cat?post=4694"},{"taxonomy":"product_tag","embeddable":true,"href":"https:\/\/www.prairiewind.ch\/newone\/wp-json\/wp\/v2\/product_tag?post=4694"}],"curies":[{"name":"wp","href":"https:\/\/api.w.org\/{rel}","templated":true}]}}