{"id":4684,"date":"2020-05-27T22:57:27","date_gmt":"2020-05-27T21:57:27","guid":{"rendered":"https:\/\/www.prairiewind.ch\/newone\/produkt\/paul-coriz-kewa-gurtelschnalle-2\/"},"modified":"2024-11-07T09:01:48","modified_gmt":"2024-11-07T08:01:48","slug":"guertelschnalle","status":"publish","type":"product","link":"https:\/\/www.prairiewind.ch\/newone\/produkt\/guertelschnalle\/","title":{"rendered":"Paul Coriz (Kewa) &#8211; G\u00fcrtelschnalle mit Serpentin und T\u00fcrkis"},"content":{"rendered":"<p>Diese edle G\u00fcrtelschnalle von Paul Coriz, einem talentierten K\u00fcnstler der Kewa Pueblo, kombiniert kunstvoll Serpentin und T\u00fcrkis auf einer hochwertigen <a href=\"https:\/\/www.prairiewind.ch\/newone\/produkt\/guertelschnalle-tuerkis\/\">Metallbasis<\/a>. Die Schnalle hat eine L\u00e4nge von 5,8 cm und eine Breite von 3,2 cm und passt ideal zu G\u00fcrteln mit einer maximalen Breite von 2,5 cm.<\/p>\n<p>Mit ihrem ansprechenden Design und der Verwendung von nat\u00fcrlichen Steinen ist diese G\u00fcrtelschnalle ein stilvolles Accessoire, das traditionelle Handwerkskunst und zeitloses Design vereint.<\/p>\n","protected":false},"excerpt":{"rendered":"<p>G\u00fcrtelschnalle aus <a class=\"wpil_keyword_link\" href=\"https:\/\/www.prairiewind.ch\/newone\/produkt-schlagwort\/serpentine\/\" title=\"Serpentine\" data-wpil-keyword-link=\"linked\" data-wpil-monitor-id=\"188598\">Serpentin<\/a> und T\u00fcrkis. <a href=\"https:\/\/www.prairiewind.ch\/newone\/produkt\/aaron-brokeshoulder-armreif-aus-kupfer\/\" data-wpil-monitor-id=\"1042\">Eignet sich f\u00fcr G\u00fcrtel bis zu einer<\/a> Breite von maximal 2.5 cm.<\/p>\n<p>L\u00e4nge: 5.8 cm<br \/>\nBreite: <a href=\"https:\/\/www.prairiewind.ch\/newone\/produkt\/paul-thompson-floete-flacher-block\/\" data-wpil-monitor-id=\"1501\">3.2 cm<\/a><\/p>\n","protected":false},"featured_media":3871,"template":"","meta":{"_uag_custom_page_level_css":"","site-sidebar-layout":"default","site-content-layout":"","ast-site-content-layout":"default","site-content-style":"default","site-sidebar-style":"default","ast-global-header-display":"","ast-banner-title-visibility":"","ast-main-header-display":"","ast-hfb-above-header-display":"","ast-hfb-below-header-display":"","ast-hfb-mobile-header-display":"","site-post-title":"","ast-breadcrumbs-content":"","ast-featured-img":"","footer-sml-layout":"","ast-disable-related-posts":"","theme-transparent-header-meta":"default","adv-header-id-meta":"","stick-header-meta":"","header-above-stick-meta":"","header-main-stick-meta":"","header-below-stick-meta":"","astra-migrate-meta-layouts":"set","ast-page-background-enabled":"default","ast-page-background-meta":{"desktop":{"background-color":"var(--ast-global-color-4)","background-image":"","background-repeat":"repeat","background-position":"center center","background-size":"auto","background-attachment":"scroll","background-type":"","background-media":"","overlay-type":"","overlay-color":"","overlay-opacity":"","overlay-gradient":""},"tablet":{"background-color":"","background-image":"","background-repeat":"repeat","background-position":"center center","background-size":"auto","background-attachment":"scroll","background-type":"","background-media":"","overlay-type":"","overlay-color":"","overlay-opacity":"","overlay-gradient":""},"mobile":{"background-color":"","background-image":"","background-repeat":"repeat","background-position":"center center","background-size":"auto","background-attachment":"scroll","background-type":"","background-media":"","overlay-type":"","overlay-color":"","overlay-opacity":"","overlay-gradient":""}},"ast-content-background-meta":{"desktop":{"background-color":"var(--ast-global-color-5)","background-image":"","background-repeat":"repeat","background-position":"center center","background-size":"auto","background-attachment":"scroll","background-type":"","background-media":"","overlay-type":"","overlay-color":"","overlay-opacity":"","overlay-gradient":""},"tablet":{"background-color":"var(--ast-global-color-5)","background-image":"","background-repeat":"repeat","background-position":"center center","background-size":"auto","background-attachment":"scroll","background-type":"","background-media":"","overlay-type":"","overlay-color":"","overlay-opacity":"","overlay-gradient":""},"mobile":{"background-color":"var(--ast-global-color-5)","background-image":"","background-repeat":"repeat","background-position":"center center","background-size":"auto","background-attachment":"scroll","background-type":"","background-media":"","overlay-type":"","overlay-color":"","overlay-opacity":"","overlay-gradient":""}}},"product_brand":[],"product_cat":[45,49],"product_tag":[857,875],"class_list":{"0":"post-4684","1":"product","2":"type-product","3":"status-publish","4":"has-post-thumbnail","6":"product_cat-guertel","7":"product_cat-guertel-western","8":"product_tag-kewa","9":"product_tag-tuerkis","10":"desktop-align-left","11":"tablet-align-left","12":"mobile-align-left","14":"first","15":"instock","16":"shipping-taxable","17":"purchasable","18":"product-type-simple"},"uagb_featured_image_src":{"full":["https:\/\/www.prairiewind.ch\/newone\/wp-content\/uploads\/2020\/05\/products-79_0.webp",600,450,false],"thumbnail":["https:\/\/www.prairiewind.ch\/newone\/wp-content\/uploads\/2020\/05\/products-79_0-150x150.webp",150,150,true],"medium":["https:\/\/www.prairiewind.ch\/newone\/wp-content\/uploads\/2020\/05\/products-79_0-300x225.webp",300,225,true],"medium_large":["https:\/\/www.prairiewind.ch\/newone\/wp-content\/uploads\/2020\/05\/products-79_0.webp",600,450,false],"large":["https:\/\/www.prairiewind.ch\/newone\/wp-content\/uploads\/2020\/05\/products-79_0.webp",600,450,false],"1536x1536":["https:\/\/www.prairiewind.ch\/newone\/wp-content\/uploads\/2020\/05\/products-79_0.webp",600,450,false],"2048x2048":["https:\/\/www.prairiewind.ch\/newone\/wp-content\/uploads\/2020\/05\/products-79_0.webp",600,450,false],"hero-banner":["https:\/\/www.prairiewind.ch\/newone\/wp-content\/uploads\/2020\/05\/products-79_0-450x160.webp",450,160,true],"category-thumb":["https:\/\/www.prairiewind.ch\/newone\/wp-content\/uploads\/2020\/05\/products-79_0-200x150.webp",200,150,true],"woocommerce_thumbnail":["https:\/\/www.prairiewind.ch\/newone\/wp-content\/uploads\/2020\/05\/products-79_0-188x141.webp",188,141,true],"woocommerce_single":["https:\/\/www.prairiewind.ch\/newone\/wp-content\/uploads\/2020\/05\/products-79_0-251x188.webp",251,188,true],"woocommerce_gallery_thumbnail":["https:\/\/www.prairiewind.ch\/newone\/wp-content\/uploads\/2020\/05\/products-79_0-100x100.jpg",100,100,true]},"uagb_author_info":{"display_name":"Kurt Weissen","author_link":"https:\/\/www.prairiewind.ch\/newone\/author\/"},"uagb_comment_info":0,"uagb_excerpt":"G\u00fcrtelschnalle aus Serpentin und T\u00fcrkis. Eignet sich f\u00fcr G\u00fcrtel bis zu einer Breite von maximal 2.5 cm. L\u00e4nge: 5.8 cm Breite: 3.2 cm","_links":{"self":[{"href":"https:\/\/www.prairiewind.ch\/newone\/wp-json\/wp\/v2\/product\/4684","targetHints":{"allow":["GET"]}}],"collection":[{"href":"https:\/\/www.prairiewind.ch\/newone\/wp-json\/wp\/v2\/product"}],"about":[{"href":"https:\/\/www.prairiewind.ch\/newone\/wp-json\/wp\/v2\/types\/product"}],"version-history":[{"count":2,"href":"https:\/\/www.prairiewind.ch\/newone\/wp-json\/wp\/v2\/product\/4684\/revisions"}],"predecessor-version":[{"id":111861,"href":"https:\/\/www.prairiewind.ch\/newone\/wp-json\/wp\/v2\/product\/4684\/revisions\/111861"}],"wp:featuredmedia":[{"embeddable":true,"href":"https:\/\/www.prairiewind.ch\/newone\/wp-json\/wp\/v2\/media\/3871"}],"wp:attachment":[{"href":"https:\/\/www.prairiewind.ch\/newone\/wp-json\/wp\/v2\/media?parent=4684"}],"wp:term":[{"taxonomy":"product_brand","embeddable":true,"href":"https:\/\/www.prairiewind.ch\/newone\/wp-json\/wp\/v2\/product_brand?post=4684"},{"taxonomy":"product_cat","embeddable":true,"href":"https:\/\/www.prairiewind.ch\/newone\/wp-json\/wp\/v2\/product_cat?post=4684"},{"taxonomy":"product_tag","embeddable":true,"href":"https:\/\/www.prairiewind.ch\/newone\/wp-json\/wp\/v2\/product_tag?post=4684"}],"curies":[{"name":"wp","href":"https:\/\/api.w.org\/{rel}","templated":true}]}}