{"id":4667,"date":"2020-05-27T22:57:10","date_gmt":"2020-05-27T21:57:10","guid":{"rendered":"https:\/\/www.prairiewind.ch\/newone\/produkt\/andrew-thomas-navajo-changing-woman-s-blessing-6\/"},"modified":"2024-11-07T08:07:21","modified_gmt":"2024-11-07T07:07:21","slug":"andrew-thomas-navajo-changing-woman-s-blessing-6","status":"publish","type":"product","link":"https:\/\/www.prairiewind.ch\/newone\/produkt\/andrew-thomas-navajo-changing-woman-s-blessing-6\/","title":{"rendered":"Andrew Thomas (Navajo) &#8211; Changing Woman&#8217;s Blessing"},"content":{"rendered":"<p class=\"lead\">Die CD <em>Changing Woman&#8217;s Blessing<\/em> enth\u00e4lt Aufnahmen des Navajo-Fl\u00f6tenk\u00fcnstlers Andrew Thomas. Die Musik spiegelt die kulturellen und spirituellen Traditionen der Navajo wider, wobei die Fl\u00f6tenkl\u00e4nge eine zentrale Rolle spielen. Andrew Thomas schafft mit seiner Musik eine Verbindung zur Natur und den Geschichten seines Volkes, indem er die traditionelle Navajo-Fl\u00f6te verwendet.<\/p>\n<p>1. Changing Woman&#8217;s Blessing (30 Sek. h\u00f6ren als <a href=\"https:\/\/www.prairiewind.ch\/newone\/wp-content\/uploads\/2016\/10\/blessing.wma\">mp3-File<\/a>)<br \/>\n2. Holy Directions<br \/>\n3. Unity<br \/>\n4. Emergence<br \/>\n5. Gift Song<br \/>\n6. Horse Riding Song<br \/>\n7. Prayer Song<br \/>\n8. Breath of Life<br \/>\n9. Ageless Beauty<br \/>\n10. Spirit Pathwa<br \/>\n11. Horse Riding Again<br \/>\n12. Bonus Track<\/p>\n<p><a href=\"https:\/\/www.prairiewind.ch\/newone\/produkt\/aaron-brokeshoulder-armreif-aus-kupfer\/\"  data-wpil-monitor-id=\"1043\">Jede CD ist von Andrew Thomas<\/a> handsigniert.<\/p>\n<p>(Bluestone Records)<\/p>\n<p><a href=\"https:\/\/www.prairiewind.ch\/newone\/produkt\/colin-weeka-zuni-biber-mit-holzstueck\/\"  data-wpil-monitor-id=\"1320\">Andrew Thomas auf YouTube<\/a>:<\/p>\n<div class=\"wonderplugin-video\" style=\"width:600px;height:400px;position:relative;background-color:#000;overflow:hidden;max-width:100%;margin:0 auto\" data-aspectratio=\"1.5\"><iframe class=\"wpve-iframe\" width=\"100%\" height=\"100%\" src=\"https:\/\/www.youtube.com\/embed\/782EeivTQJ8\" frameborder=\"0\" allowfullscreen><\/iframe><\/div>\n","protected":false},"excerpt":{"rendered":"<p><a href=\"https:\/\/www.prairiewind.ch\/newone\/cds\/\">CD mit Aufnahmen<\/a> von Fl\u00f6tenmusik der Navajo<\/p>\n","protected":false},"featured_media":4239,"template":"","meta":{"_uag_custom_page_level_css":"","site-sidebar-layout":"default","site-content-layout":"","ast-site-content-layout":"default","site-content-style":"default","site-sidebar-style":"default","ast-global-header-display":"","ast-banner-title-visibility":"","ast-main-header-display":"","ast-hfb-above-header-display":"","ast-hfb-below-header-display":"","ast-hfb-mobile-header-display":"","site-post-title":"","ast-breadcrumbs-content":"","ast-featured-img":"","footer-sml-layout":"","ast-disable-related-posts":"","theme-transparent-header-meta":"default","adv-header-id-meta":"","stick-header-meta":"","header-above-stick-meta":"","header-main-stick-meta":"","header-below-stick-meta":"","astra-migrate-meta-layouts":"set","ast-page-background-enabled":"default","ast-page-background-meta":{"desktop":{"background-color":"var(--ast-global-color-4)","background-image":"","background-repeat":"repeat","background-position":"center center","background-size":"auto","background-attachment":"scroll","background-type":"","background-media":"","overlay-type":"","overlay-color":"","overlay-opacity":"","overlay-gradient":""},"tablet":{"background-color":"","background-image":"","background-repeat":"repeat","background-position":"center center","background-size":"auto","background-attachment":"scroll","background-type":"","background-media":"","overlay-type":"","overlay-color":"","overlay-opacity":"","overlay-gradient":""},"mobile":{"background-color":"","background-image":"","background-repeat":"repeat","background-position":"center center","background-size":"auto","background-attachment":"scroll","background-type":"","background-media":"","overlay-type":"","overlay-color":"","overlay-opacity":"","overlay-gradient":""}},"ast-content-background-meta":{"desktop":{"background-color":"var(--ast-global-color-5)","background-image":"","background-repeat":"repeat","background-position":"center center","background-size":"auto","background-attachment":"scroll","background-type":"","background-media":"","overlay-type":"","overlay-color":"","overlay-opacity":"","overlay-gradient":""},"tablet":{"background-color":"var(--ast-global-color-5)","background-image":"","background-repeat":"repeat","background-position":"center center","background-size":"auto","background-attachment":"scroll","background-type":"","background-media":"","overlay-type":"","overlay-color":"","overlay-opacity":"","overlay-gradient":""},"mobile":{"background-color":"var(--ast-global-color-5)","background-image":"","background-repeat":"repeat","background-position":"center center","background-size":"auto","background-attachment":"scroll","background-type":"","background-media":"","overlay-type":"","overlay-color":"","overlay-opacity":"","overlay-gradient":""}}},"product_brand":[],"product_cat":[61],"product_tag":[858],"class_list":{"0":"post-4667","1":"product","2":"type-product","3":"status-publish","4":"has-post-thumbnail","6":"product_cat-floetenmusik-navajo-indianer","7":"product_tag-navajo","8":"desktop-align-left","9":"tablet-align-left","10":"mobile-align-left","12":"first","13":"instock","14":"shipping-taxable","15":"purchasable","16":"product-type-simple"},"uagb_featured_image_src":{"full":["https:\/\/www.prairiewind.ch\/newone\/wp-content\/uploads\/2020\/05\/2018-11-25-12.13.00-scaled.webp",1920,1440,false],"thumbnail":["https:\/\/www.prairiewind.ch\/newone\/wp-content\/uploads\/2020\/05\/2018-11-25-12.13.00-scaled-150x150.webp",150,150,true],"medium":["https:\/\/www.prairiewind.ch\/newone\/wp-content\/uploads\/2020\/05\/2018-11-25-12.13.00-scaled-300x225.webp",300,225,true],"medium_large":["https:\/\/www.prairiewind.ch\/newone\/wp-content\/uploads\/2020\/05\/2018-11-25-12.13.00-scaled-768x576.webp",768,576,true],"large":["https:\/\/www.prairiewind.ch\/newone\/wp-content\/uploads\/2020\/05\/2018-11-25-12.13.00-scaled-1024x768.webp",1024,768,true],"1536x1536":["https:\/\/www.prairiewind.ch\/newone\/wp-content\/uploads\/2020\/05\/2018-11-25-12.13.00-scaled-1536x1152.webp",1536,1152,true],"2048x2048":["https:\/\/www.prairiewind.ch\/newone\/wp-content\/uploads\/2020\/05\/2018-11-25-12.13.00-scaled.webp",1920,1440,true],"hero-banner":["https:\/\/www.prairiewind.ch\/newone\/wp-content\/uploads\/2020\/05\/2018-11-25-12.13.00-scaled-450x160.webp",450,160,true],"category-thumb":["https:\/\/www.prairiewind.ch\/newone\/wp-content\/uploads\/2020\/05\/2018-11-25-12.13.00-scaled-200x150.webp",200,150,true],"woocommerce_thumbnail":["https:\/\/www.prairiewind.ch\/newone\/wp-content\/uploads\/2020\/05\/2018-11-25-12.13.00-scaled-188x141.webp",188,141,true],"woocommerce_single":["https:\/\/www.prairiewind.ch\/newone\/wp-content\/uploads\/2020\/05\/2018-11-25-12.13.00-scaled-251x188.webp",251,188,true],"woocommerce_gallery_thumbnail":["https:\/\/www.prairiewind.ch\/newone\/wp-content\/uploads\/2020\/05\/2018-11-25-12.13.00-scaled-100x100.webp",100,100,true]},"uagb_author_info":{"display_name":"Kurt Weissen","author_link":"https:\/\/www.prairiewind.ch\/newone\/author\/"},"uagb_comment_info":0,"uagb_excerpt":"CD mit Aufnahmen von Fl\u00f6tenmusik der Navajo","_links":{"self":[{"href":"https:\/\/www.prairiewind.ch\/newone\/wp-json\/wp\/v2\/product\/4667","targetHints":{"allow":["GET"]}}],"collection":[{"href":"https:\/\/www.prairiewind.ch\/newone\/wp-json\/wp\/v2\/product"}],"about":[{"href":"https:\/\/www.prairiewind.ch\/newone\/wp-json\/wp\/v2\/types\/product"}],"version-history":[{"count":0,"href":"https:\/\/www.prairiewind.ch\/newone\/wp-json\/wp\/v2\/product\/4667\/revisions"}],"wp:featuredmedia":[{"embeddable":true,"href":"https:\/\/www.prairiewind.ch\/newone\/wp-json\/wp\/v2\/media\/4239"}],"wp:attachment":[{"href":"https:\/\/www.prairiewind.ch\/newone\/wp-json\/wp\/v2\/media?parent=4667"}],"wp:term":[{"taxonomy":"product_brand","embeddable":true,"href":"https:\/\/www.prairiewind.ch\/newone\/wp-json\/wp\/v2\/product_brand?post=4667"},{"taxonomy":"product_cat","embeddable":true,"href":"https:\/\/www.prairiewind.ch\/newone\/wp-json\/wp\/v2\/product_cat?post=4667"},{"taxonomy":"product_tag","embeddable":true,"href":"https:\/\/www.prairiewind.ch\/newone\/wp-json\/wp\/v2\/product_tag?post=4667"}],"curies":[{"name":"wp","href":"https:\/\/api.w.org\/{rel}","templated":true}]}}