{"id":4662,"date":"2020-05-27T22:57:06","date_gmt":"2020-05-27T21:57:06","guid":{"rendered":"https:\/\/www.prairiewind.ch\/newone\/produkt\/paul-coriz-kewa-grosse-banknotenklammer\/"},"modified":"2024-11-05T11:16:50","modified_gmt":"2024-11-05T10:16:50","slug":"paul-coriz-kewa-grosse-banknotenklammer","status":"publish","type":"product","link":"https:\/\/www.prairiewind.ch\/newone\/produkt\/paul-coriz-kewa-grosse-banknotenklammer\/","title":{"rendered":"Paul Coriz (Kewa) &#8211; grosse Banknotenklammer \/ Anh\u00e4nger"},"content":{"rendered":"<p>Diese <a href=\"https:\/\/www.prairiewind.ch\/newone\/produkt\/henry-owelicio-zuni-golfballmarker\/\">gro\u00dfe Banknotenklammer von Paul Coriz<\/a>, einem K\u00fcnstler der Kewa (Santo Domingo Pueblo), ist ein vielseitiges und stilvolles Schmuckst\u00fcck. Gefertigt aus hochwertigem Sterlingsilber und verziert mit Serpentine, Pipestone und T\u00fcrkis, l\u00e4sst sich die Klammer mit einem Lederband auch als Anh\u00e4nger tragen.<\/p>\n<p>Durch die Kombination dieser besonderen Steine entsteht eine einzigartige Farbpalette, die das Kunsthandwerk der Kewa-Kultur widerspiegelt. Mit dieser Klammer wird nicht nur ein elegantes Accessoire geboten, sondern auch ein St\u00fcck indigener Kunst und Symbolik, das Tradition und Moderne verbindet.<\/p>\n","protected":false},"excerpt":{"rendered":"<p>Grosse Banknotenklammer aus Sterlingsilber mit Serpentine, Pipestone und <a href=\"https:\/\/www.prairiewind.ch\/newone\/produkt\/1167-lupe-lovato-kewa\/\" data-wpil-monitor-id=\"365\">T\u00fcrkis<\/a>, die sich mit einem Lederband als Anh\u00e4nger tragen l\u00e4sst<\/p>\n","protected":false},"featured_media":4212,"template":"","meta":{"_uag_custom_page_level_css":"","site-sidebar-layout":"default","site-content-layout":"","ast-site-content-layout":"default","site-content-style":"default","site-sidebar-style":"default","ast-global-header-display":"","ast-banner-title-visibility":"","ast-main-header-display":"","ast-hfb-above-header-display":"","ast-hfb-below-header-display":"","ast-hfb-mobile-header-display":"","site-post-title":"","ast-breadcrumbs-content":"","ast-featured-img":"","footer-sml-layout":"","ast-disable-related-posts":"","theme-transparent-header-meta":"default","adv-header-id-meta":"","stick-header-meta":"","header-above-stick-meta":"","header-main-stick-meta":"","header-below-stick-meta":"","astra-migrate-meta-layouts":"set","ast-page-background-enabled":"default","ast-page-background-meta":{"desktop":{"background-color":"var(--ast-global-color-4)","background-image":"","background-repeat":"repeat","background-position":"center center","background-size":"auto","background-attachment":"scroll","background-type":"","background-media":"","overlay-type":"","overlay-color":"","overlay-opacity":"","overlay-gradient":""},"tablet":{"background-color":"","background-image":"","background-repeat":"repeat","background-position":"center center","background-size":"auto","background-attachment":"scroll","background-type":"","background-media":"","overlay-type":"","overlay-color":"","overlay-opacity":"","overlay-gradient":""},"mobile":{"background-color":"","background-image":"","background-repeat":"repeat","background-position":"center center","background-size":"auto","background-attachment":"scroll","background-type":"","background-media":"","overlay-type":"","overlay-color":"","overlay-opacity":"","overlay-gradient":""}},"ast-content-background-meta":{"desktop":{"background-color":"var(--ast-global-color-5)","background-image":"","background-repeat":"repeat","background-position":"center center","background-size":"auto","background-attachment":"scroll","background-type":"","background-media":"","overlay-type":"","overlay-color":"","overlay-opacity":"","overlay-gradient":""},"tablet":{"background-color":"var(--ast-global-color-5)","background-image":"","background-repeat":"repeat","background-position":"center center","background-size":"auto","background-attachment":"scroll","background-type":"","background-media":"","overlay-type":"","overlay-color":"","overlay-opacity":"","overlay-gradient":""},"mobile":{"background-color":"var(--ast-global-color-5)","background-image":"","background-repeat":"repeat","background-position":"center center","background-size":"auto","background-attachment":"scroll","background-type":"","background-media":"","overlay-type":"","overlay-color":"","overlay-opacity":"","overlay-gradient":""}}},"product_brand":[],"product_cat":[64],"product_tag":[857,875],"class_list":{"0":"post-4662","1":"product","2":"type-product","3":"status-publish","4":"has-post-thumbnail","6":"product_cat-geschenke","7":"product_tag-kewa","8":"product_tag-tuerkis","9":"desktop-align-left","10":"tablet-align-left","11":"mobile-align-left","13":"first","14":"instock","15":"shipping-taxable","16":"purchasable","17":"product-type-simple"},"uagb_featured_image_src":{"full":["https:\/\/www.prairiewind.ch\/newone\/wp-content\/uploads\/2020\/05\/products-236_2-1.webp",600,450,false],"thumbnail":["https:\/\/www.prairiewind.ch\/newone\/wp-content\/uploads\/2020\/05\/products-236_2-1-150x150.webp",150,150,true],"medium":["https:\/\/www.prairiewind.ch\/newone\/wp-content\/uploads\/2020\/05\/products-236_2-1-300x225.webp",300,225,true],"medium_large":["https:\/\/www.prairiewind.ch\/newone\/wp-content\/uploads\/2020\/05\/products-236_2-1.webp",600,450,false],"large":["https:\/\/www.prairiewind.ch\/newone\/wp-content\/uploads\/2020\/05\/products-236_2-1.webp",600,450,false],"1536x1536":["https:\/\/www.prairiewind.ch\/newone\/wp-content\/uploads\/2020\/05\/products-236_2-1.webp",600,450,false],"2048x2048":["https:\/\/www.prairiewind.ch\/newone\/wp-content\/uploads\/2020\/05\/products-236_2-1.webp",600,450,false],"hero-banner":["https:\/\/www.prairiewind.ch\/newone\/wp-content\/uploads\/2020\/05\/products-236_2-1-450x160.webp",450,160,true],"category-thumb":["https:\/\/www.prairiewind.ch\/newone\/wp-content\/uploads\/2020\/05\/products-236_2-1-200x150.webp",200,150,true],"woocommerce_thumbnail":["https:\/\/www.prairiewind.ch\/newone\/wp-content\/uploads\/2020\/05\/products-236_2-1-188x141.webp",188,141,true],"woocommerce_single":["https:\/\/www.prairiewind.ch\/newone\/wp-content\/uploads\/2020\/05\/products-236_2-1-251x188.webp",251,188,true],"woocommerce_gallery_thumbnail":["https:\/\/www.prairiewind.ch\/newone\/wp-content\/uploads\/2020\/05\/products-236_2-1-100x100.webp",100,100,true]},"uagb_author_info":{"display_name":"Kurt Weissen","author_link":"https:\/\/www.prairiewind.ch\/newone\/author\/"},"uagb_comment_info":0,"uagb_excerpt":"Grosse Banknotenklammer aus Sterlingsilber mit Serpentine, Pipestone und T\u00fcrkis, die sich mit einem Lederband als Anh\u00e4nger tragen l\u00e4sst","_links":{"self":[{"href":"https:\/\/www.prairiewind.ch\/newone\/wp-json\/wp\/v2\/product\/4662","targetHints":{"allow":["GET"]}}],"collection":[{"href":"https:\/\/www.prairiewind.ch\/newone\/wp-json\/wp\/v2\/product"}],"about":[{"href":"https:\/\/www.prairiewind.ch\/newone\/wp-json\/wp\/v2\/types\/product"}],"version-history":[{"count":2,"href":"https:\/\/www.prairiewind.ch\/newone\/wp-json\/wp\/v2\/product\/4662\/revisions"}],"predecessor-version":[{"id":109791,"href":"https:\/\/www.prairiewind.ch\/newone\/wp-json\/wp\/v2\/product\/4662\/revisions\/109791"}],"wp:featuredmedia":[{"embeddable":true,"href":"https:\/\/www.prairiewind.ch\/newone\/wp-json\/wp\/v2\/media\/4212"}],"wp:attachment":[{"href":"https:\/\/www.prairiewind.ch\/newone\/wp-json\/wp\/v2\/media?parent=4662"}],"wp:term":[{"taxonomy":"product_brand","embeddable":true,"href":"https:\/\/www.prairiewind.ch\/newone\/wp-json\/wp\/v2\/product_brand?post=4662"},{"taxonomy":"product_cat","embeddable":true,"href":"https:\/\/www.prairiewind.ch\/newone\/wp-json\/wp\/v2\/product_cat?post=4662"},{"taxonomy":"product_tag","embeddable":true,"href":"https:\/\/www.prairiewind.ch\/newone\/wp-json\/wp\/v2\/product_tag?post=4662"}],"curies":[{"name":"wp","href":"https:\/\/api.w.org\/{rel}","templated":true}]}}