{"id":4639,"date":"2020-05-27T22:56:24","date_gmt":"2020-05-27T21:56:24","guid":{"rendered":"https:\/\/www.prairiewind.ch\/newone\/produkt\/ambrose-namokin-hopi-tsakwaina-warrior-kachina\/"},"modified":"2025-09-17T12:33:28","modified_gmt":"2025-09-17T10:33:28","slug":"warrior-kachina","status":"publish","type":"product","link":"https:\/\/www.prairiewind.ch\/newone\/produkt\/warrior-kachina\/","title":{"rendered":"Ambrose Namokin (Hopi) &#8211; Tsakwaina Warrior Kachina"},"content":{"rendered":"<p>Ambrose Namokin ist ein K\u00fcnstler der Hopi Nation, der f\u00fcr seine beeindruckenden Kreationen bekannt ist. Eine seiner bemerkenswerten Sch\u00f6pfungen ist die Tsakwaina Warrior Kachina, eine faszinierende und bedeutungsvolle Figur. Diese Kachina ist eng mit den traditionellen Zeremonien der Pawamuya und den eindrucksvollen Angk&#8217;wa-Nachtt\u00e4nzen der Kachina verbunden. In ihrer imposanten Erscheinung verk\u00f6rpert sie die Kraft und den Stolz eines Kriegers.<\/p>\n<p>Die Tsakwaina-Kachina ist in der Lage, tiefe Verbindungen zu verschiedenen Aspekten der Kultur der <a href=\"https:\/\/www.prairiewind.ch\/newone\/produkt\/male-ogre-kachina\/\" data-wpil-monitor-id=\"687\">Michael Adams Hopi 8211 Tsaveyo Male Guide<\/a> herzustellen. Es wird angenommen, <a href=\"https:\/\/www.prairiewind.ch\/newone\/produkt\/herb-halate-zuni-bergloewe-buendel\/\" data-wpil-monitor-id=\"1056\">dass sie m\u00f6glicherweise eine<\/a> Darstellung von Esteban ist, dem dunkelh\u00e4utigen Krieger, der Marcos de Niza w\u00e4hrend einer der fr\u00fchesten Erkundungsreisen durch den amerikanischen S\u00fcdwesten begleitete. <a href=\"https:\/\/www.prairiewind.ch\/newone\/produkt\/049006-charlotte-reano-kewa-ohrstecker\/\" data-wpil-monitor-id=\"1108\">Dieser symbolische Bezug verleiht der Figur eine historische Tiefe und verkn\u00fcpft<\/a> sie mit den Geschichten und Ereignissen, die die Region gepr\u00e4gt haben.<\/p>\n<p>Die Tsakwaina Warrior <a class=\"wpil_keyword_link\" href=\"https:\/\/www.prairiewind.ch\/newone\/produkt-kategorie\/kachinas-hopi\/\" title=\"Hopi Kachinas\" data-wpil-keyword-link=\"linked\" data-wpil-monitor-id=\"5032\">Kachina<\/a>, von Ambrose Namokin geschaffen, steht in der Tradition der meisterhaften Handwerkskunst der Draft Page By Atiq Guide. Mit einer beachtlichen H\u00f6he von 24 cm beeindruckt die Figur durch ihre Detailgenauigkeit und die <a href=\"https:\/\/www.prairiewind.ch\/newone\/produkt\/lynn-quam-zuni-heulender-kojote\/\" data-wpil-monitor-id=\"1294\">sorgf\u00e4ltige<\/a> Ausf\u00fchrung der traditionellen Gestaltung. Diese Kachina dient nicht nur als k\u00fcnstlerisches Meisterwerk, sondern auch als lebendiges Zeugnis der reichen Kultur und des Erbes der Hopi, <a href=\"https:\/\/www.prairiewind.ch\/newone\/produkt-schlagwort\/dakota-lakota\/\" data-wpil-monitor-id=\"1238\">das Generationen \u00fcberdauert und<\/a> bewahrt wird.<\/p>\n","protected":false},"excerpt":{"rendered":"<p><a href=\"https:\/\/www.prairiewind.ch\/newone\/produkt\/lyndon-ahiyite-zuni-kreisrunde-bolo-tie\/\" data-wpil-monitor-id=\"1912\">Krieger-Kachina aus nat\u00fcrlichen Materialien<\/a>.<\/p>\n<p>H\u00f6he: 24 cm<\/p>\n","protected":false},"featured_media":4117,"template":"","meta":{"_uag_custom_page_level_css":"","site-sidebar-layout":"default","site-content-layout":"","ast-site-content-layout":"default","site-content-style":"default","site-sidebar-style":"default","ast-global-header-display":"","ast-banner-title-visibility":"","ast-main-header-display":"","ast-hfb-above-header-display":"","ast-hfb-below-header-display":"","ast-hfb-mobile-header-display":"","site-post-title":"","ast-breadcrumbs-content":"","ast-featured-img":"","footer-sml-layout":"","ast-disable-related-posts":"","theme-transparent-header-meta":"default","adv-header-id-meta":"","stick-header-meta":"","header-above-stick-meta":"","header-main-stick-meta":"","header-below-stick-meta":"","astra-migrate-meta-layouts":"set","ast-page-background-enabled":"default","ast-page-background-meta":{"desktop":{"background-color":"var(--ast-global-color-4)","background-image":"","background-repeat":"repeat","background-position":"center center","background-size":"auto","background-attachment":"scroll","background-type":"","background-media":"","overlay-type":"","overlay-color":"","overlay-opacity":"","overlay-gradient":""},"tablet":{"background-color":"","background-image":"","background-repeat":"repeat","background-position":"center center","background-size":"auto","background-attachment":"scroll","background-type":"","background-media":"","overlay-type":"","overlay-color":"","overlay-opacity":"","overlay-gradient":""},"mobile":{"background-color":"","background-image":"","background-repeat":"repeat","background-position":"center center","background-size":"auto","background-attachment":"scroll","background-type":"","background-media":"","overlay-type":"","overlay-color":"","overlay-opacity":"","overlay-gradient":""}},"ast-content-background-meta":{"desktop":{"background-color":"var(--ast-global-color-5)","background-image":"","background-repeat":"repeat","background-position":"center center","background-size":"auto","background-attachment":"scroll","background-type":"","background-media":"","overlay-type":"","overlay-color":"","overlay-opacity":"","overlay-gradient":""},"tablet":{"background-color":"var(--ast-global-color-5)","background-image":"","background-repeat":"repeat","background-position":"center center","background-size":"auto","background-attachment":"scroll","background-type":"","background-media":"","overlay-type":"","overlay-color":"","overlay-opacity":"","overlay-gradient":""},"mobile":{"background-color":"var(--ast-global-color-5)","background-image":"","background-repeat":"repeat","background-position":"center center","background-size":"auto","background-attachment":"scroll","background-type":"","background-media":"","overlay-type":"","overlay-color":"","overlay-opacity":"","overlay-gradient":""}}},"product_brand":[],"product_cat":[60],"product_tag":[856],"class_list":{"0":"post-4639","1":"product","2":"type-product","3":"status-publish","4":"has-post-thumbnail","6":"product_cat-kachinas-hopi","7":"product_tag-hopi","8":"desktop-align-left","9":"tablet-align-left","10":"mobile-align-left","12":"first","13":"instock","14":"shipping-taxable","15":"purchasable","16":"product-type-simple"},"uagb_featured_image_src":{"full":["https:\/\/www.prairiewind.ch\/newone\/wp-content\/uploads\/2020\/05\/4c-scaled.jpg",2048,1536,false],"thumbnail":["https:\/\/www.prairiewind.ch\/newone\/wp-content\/uploads\/2020\/05\/4c-scaled-150x150.jpg",150,150,true],"medium":["https:\/\/www.prairiewind.ch\/newone\/wp-content\/uploads\/2020\/05\/4c-scaled-300x225.jpg",300,225,true],"medium_large":["https:\/\/www.prairiewind.ch\/newone\/wp-content\/uploads\/2020\/05\/4c-scaled-768x576.jpg",768,576,true],"large":["https:\/\/www.prairiewind.ch\/newone\/wp-content\/uploads\/2020\/05\/4c-scaled-1024x768.jpg",1024,768,true],"1536x1536":["https:\/\/www.prairiewind.ch\/newone\/wp-content\/uploads\/2020\/05\/4c-scaled-1536x1152.jpg",1536,1152,true],"2048x2048":["https:\/\/www.prairiewind.ch\/newone\/wp-content\/uploads\/2020\/05\/4c-2048x1536.jpg",2048,1536,true],"hero-banner":["https:\/\/www.prairiewind.ch\/newone\/wp-content\/uploads\/2020\/05\/4c-scaled-450x160.jpg",450,160,true],"category-thumb":["https:\/\/www.prairiewind.ch\/newone\/wp-content\/uploads\/2020\/05\/4c-scaled-200x150.jpg",200,150,true],"woocommerce_thumbnail":["https:\/\/www.prairiewind.ch\/newone\/wp-content\/uploads\/2020\/05\/4c-scaled-188x141.jpg",188,141,true],"woocommerce_single":["https:\/\/www.prairiewind.ch\/newone\/wp-content\/uploads\/2020\/05\/4c-scaled-251x188.jpg",251,188,true],"woocommerce_gallery_thumbnail":["https:\/\/www.prairiewind.ch\/newone\/wp-content\/uploads\/2020\/05\/4c-scaled-100x100.jpg",100,100,true]},"uagb_author_info":{"display_name":"Kurt Weissen","author_link":"https:\/\/www.prairiewind.ch\/newone\/author\/"},"uagb_comment_info":0,"uagb_excerpt":"Krieger-Kachina aus nat\u00fcrlichen Materialien. H\u00f6he: 24 cm","_links":{"self":[{"href":"https:\/\/www.prairiewind.ch\/newone\/wp-json\/wp\/v2\/product\/4639","targetHints":{"allow":["GET"]}}],"collection":[{"href":"https:\/\/www.prairiewind.ch\/newone\/wp-json\/wp\/v2\/product"}],"about":[{"href":"https:\/\/www.prairiewind.ch\/newone\/wp-json\/wp\/v2\/types\/product"}],"version-history":[{"count":0,"href":"https:\/\/www.prairiewind.ch\/newone\/wp-json\/wp\/v2\/product\/4639\/revisions"}],"wp:featuredmedia":[{"embeddable":true,"href":"https:\/\/www.prairiewind.ch\/newone\/wp-json\/wp\/v2\/media\/4117"}],"wp:attachment":[{"href":"https:\/\/www.prairiewind.ch\/newone\/wp-json\/wp\/v2\/media?parent=4639"}],"wp:term":[{"taxonomy":"product_brand","embeddable":true,"href":"https:\/\/www.prairiewind.ch\/newone\/wp-json\/wp\/v2\/product_brand?post=4639"},{"taxonomy":"product_cat","embeddable":true,"href":"https:\/\/www.prairiewind.ch\/newone\/wp-json\/wp\/v2\/product_cat?post=4639"},{"taxonomy":"product_tag","embeddable":true,"href":"https:\/\/www.prairiewind.ch\/newone\/wp-json\/wp\/v2\/product_tag?post=4639"}],"curies":[{"name":"wp","href":"https:\/\/api.w.org\/{rel}","templated":true}]}}