{"id":4600,"date":"2020-05-27T22:55:45","date_gmt":"2020-05-27T21:55:45","guid":{"rendered":"https:\/\/www.prairiewind.ch\/newone\/produkt\/oh-02-ohrhaenger\/"},"modified":"2024-11-07T05:51:55","modified_gmt":"2024-11-07T04:51:55","slug":"oh-02-ohrhaenger","status":"publish","type":"product","link":"https:\/\/www.prairiewind.ch\/newone\/produkt\/oh-02-ohrhaenger\/","title":{"rendered":"Nick Rosetta (Kewa) &#8211; Ohrh\u00e4nger"},"content":{"rendered":"<p>Diese Ohrh\u00e4nger von Nick Rosetta sind in Form eines Mosaik-Inlay-F\u00e4sschens gestaltet und kombinieren Jade und Perlmutt, was den H\u00e4ngern eine elegante und nat\u00fcrliche Ausstrahlung verleiht. Die B\u00fcgel sind handgefertigt aus Sterlingsilber, was das Kunsthandwerk von Nick Rosetta unterstreicht.<\/p>\n<p>Mit einer H\u00f6he von 2,7 cm (ohne \u00d6se und B\u00fcgel) sind die Ohrh\u00e4nger stilvoll und dezent, ideal f\u00fcr den t\u00e4glichen Gebrauch oder besondere Anl\u00e4sse.<\/p>\n<p>Sie verk\u00f6rpern die harmonische Verbindung von Tradition und Moderne in der Kewa-Kultur.<\/p>\n","protected":false},"excerpt":{"rendered":"<p>Ohrh\u00e4nger in Form eines <a href=\"https:\/\/www.prairiewind.ch\/newone\/produkt\/1156-veronica-benally-navajo\/\"  data-wpil-monitor-id=\"381\">Mosaic<\/a> Inlay-F\u00e4sschen mit Jade und Perlmutt; handgefertigte B\u00fcgel aus Sterlingsilber<\/p>\n<p>H\u00f6he: 2,7 cm (<a href=\"https:\/\/www.prairiewind.ch\/newone\/produkt\/amelia-cordell-dakota-grosser-traumfaenger-mit-pferdehaar\/\"  data-wpil-monitor-id=\"1174\">ohne \u00d6se und<\/a> B\u00fcgel)<\/p>\n","protected":false},"featured_media":3794,"template":"","meta":{"_uag_custom_page_level_css":"","site-sidebar-layout":"default","site-content-layout":"","ast-site-content-layout":"default","site-content-style":"default","site-sidebar-style":"default","ast-global-header-display":"","ast-banner-title-visibility":"","ast-main-header-display":"","ast-hfb-above-header-display":"","ast-hfb-below-header-display":"","ast-hfb-mobile-header-display":"","site-post-title":"","ast-breadcrumbs-content":"","ast-featured-img":"","footer-sml-layout":"","ast-disable-related-posts":"","theme-transparent-header-meta":"default","adv-header-id-meta":"","stick-header-meta":"","header-above-stick-meta":"","header-main-stick-meta":"","header-below-stick-meta":"","astra-migrate-meta-layouts":"set","ast-page-background-enabled":"default","ast-page-background-meta":{"desktop":{"background-color":"var(--ast-global-color-4)","background-image":"","background-repeat":"repeat","background-position":"center center","background-size":"auto","background-attachment":"scroll","background-type":"","background-media":"","overlay-type":"","overlay-color":"","overlay-opacity":"","overlay-gradient":""},"tablet":{"background-color":"","background-image":"","background-repeat":"repeat","background-position":"center center","background-size":"auto","background-attachment":"scroll","background-type":"","background-media":"","overlay-type":"","overlay-color":"","overlay-opacity":"","overlay-gradient":""},"mobile":{"background-color":"","background-image":"","background-repeat":"repeat","background-position":"center center","background-size":"auto","background-attachment":"scroll","background-type":"","background-media":"","overlay-type":"","overlay-color":"","overlay-opacity":"","overlay-gradient":""}},"ast-content-background-meta":{"desktop":{"background-color":"var(--ast-global-color-5)","background-image":"","background-repeat":"repeat","background-position":"center center","background-size":"auto","background-attachment":"scroll","background-type":"","background-media":"","overlay-type":"","overlay-color":"","overlay-opacity":"","overlay-gradient":""},"tablet":{"background-color":"var(--ast-global-color-5)","background-image":"","background-repeat":"repeat","background-position":"center center","background-size":"auto","background-attachment":"scroll","background-type":"","background-media":"","overlay-type":"","overlay-color":"","overlay-opacity":"","overlay-gradient":""},"mobile":{"background-color":"var(--ast-global-color-5)","background-image":"","background-repeat":"repeat","background-position":"center center","background-size":"auto","background-attachment":"scroll","background-type":"","background-media":"","overlay-type":"","overlay-color":"","overlay-opacity":"","overlay-gradient":""}}},"product_brand":[],"product_cat":[41],"product_tag":[857,879,881],"class_list":{"0":"post-4600","1":"product","2":"type-product","3":"status-publish","4":"has-post-thumbnail","6":"product_cat-ohrringe","7":"product_tag-kewa","8":"product_tag-inlay","9":"product_tag-perlmutt","10":"desktop-align-left","11":"tablet-align-left","12":"mobile-align-left","14":"first","15":"instock","16":"shipping-taxable","17":"purchasable","18":"product-type-simple"},"uagb_featured_image_src":{"full":["https:\/\/www.prairiewind.ch\/newone\/wp-content\/uploads\/2020\/05\/2020-05-01-20.58.40-scaled-1-scaled.webp",1920,1440,false],"thumbnail":["https:\/\/www.prairiewind.ch\/newone\/wp-content\/uploads\/2020\/05\/2020-05-01-20.58.40-scaled-1-scaled-150x150.jpg",150,150,true],"medium":["https:\/\/www.prairiewind.ch\/newone\/wp-content\/uploads\/2020\/05\/2020-05-01-20.58.40-scaled-1-scaled-300x225.webp",300,225,true],"medium_large":["https:\/\/www.prairiewind.ch\/newone\/wp-content\/uploads\/2020\/05\/2020-05-01-20.58.40-scaled-1-scaled-768x576.jpg",768,576,true],"large":["https:\/\/www.prairiewind.ch\/newone\/wp-content\/uploads\/2020\/05\/2020-05-01-20.58.40-scaled-1-scaled-1024x768.webp",1024,768,true],"1536x1536":["https:\/\/www.prairiewind.ch\/newone\/wp-content\/uploads\/2020\/05\/2020-05-01-20.58.40-scaled-1-scaled-1536x1152.jpg",1536,1152,true],"2048x2048":["https:\/\/www.prairiewind.ch\/newone\/wp-content\/uploads\/2020\/05\/2020-05-01-20.58.40-scaled-1-scaled.webp",1920,1440,true],"hero-banner":["https:\/\/www.prairiewind.ch\/newone\/wp-content\/uploads\/2020\/05\/2020-05-01-20.58.40-scaled-1-scaled-450x160.jpg",450,160,true],"category-thumb":["https:\/\/www.prairiewind.ch\/newone\/wp-content\/uploads\/2020\/05\/2020-05-01-20.58.40-scaled-1-scaled-200x150.jpg",200,150,true],"woocommerce_thumbnail":["https:\/\/www.prairiewind.ch\/newone\/wp-content\/uploads\/2020\/05\/2020-05-01-20.58.40-scaled-1-scaled-188x141.jpg",188,141,true],"woocommerce_single":["https:\/\/www.prairiewind.ch\/newone\/wp-content\/uploads\/2020\/05\/2020-05-01-20.58.40-scaled-1-scaled-251x188.jpg",251,188,true],"woocommerce_gallery_thumbnail":["https:\/\/www.prairiewind.ch\/newone\/wp-content\/uploads\/2020\/05\/2020-05-01-20.58.40-scaled-1-scaled-100x100.jpg",100,100,true]},"uagb_author_info":{"display_name":"Kurt Weissen","author_link":"https:\/\/www.prairiewind.ch\/newone\/author\/"},"uagb_comment_info":0,"uagb_excerpt":"Ohrh\u00e4nger in Form eines Mosaic Inlay-F\u00e4sschen mit Jade und Perlmutt; handgefertigte B\u00fcgel aus Sterlingsilber H\u00f6he: 2,7 cm (ohne \u00d6se und B\u00fcgel)","_links":{"self":[{"href":"https:\/\/www.prairiewind.ch\/newone\/wp-json\/wp\/v2\/product\/4600","targetHints":{"allow":["GET"]}}],"collection":[{"href":"https:\/\/www.prairiewind.ch\/newone\/wp-json\/wp\/v2\/product"}],"about":[{"href":"https:\/\/www.prairiewind.ch\/newone\/wp-json\/wp\/v2\/types\/product"}],"version-history":[{"count":0,"href":"https:\/\/www.prairiewind.ch\/newone\/wp-json\/wp\/v2\/product\/4600\/revisions"}],"wp:featuredmedia":[{"embeddable":true,"href":"https:\/\/www.prairiewind.ch\/newone\/wp-json\/wp\/v2\/media\/3794"}],"wp:attachment":[{"href":"https:\/\/www.prairiewind.ch\/newone\/wp-json\/wp\/v2\/media?parent=4600"}],"wp:term":[{"taxonomy":"product_brand","embeddable":true,"href":"https:\/\/www.prairiewind.ch\/newone\/wp-json\/wp\/v2\/product_brand?post=4600"},{"taxonomy":"product_cat","embeddable":true,"href":"https:\/\/www.prairiewind.ch\/newone\/wp-json\/wp\/v2\/product_cat?post=4600"},{"taxonomy":"product_tag","embeddable":true,"href":"https:\/\/www.prairiewind.ch\/newone\/wp-json\/wp\/v2\/product_tag?post=4600"}],"curies":[{"name":"wp","href":"https:\/\/api.w.org\/{rel}","templated":true}]}}