{"id":4590,"date":"2020-05-27T22:54:54","date_gmt":"2020-05-27T21:54:54","guid":{"rendered":"https:\/\/www.prairiewind.ch\/newone\/produkt\/hs-03\/"},"modified":"2024-11-06T09:08:03","modified_gmt":"2024-11-06T08:08:03","slug":"hs-03-indianerschmuck-haarring","status":"publish","type":"product","link":"https:\/\/www.prairiewind.ch\/newone\/produkt\/hs-03-indianerschmuck-haarring\/","title":{"rendered":"Alvin Todacheene (Navajo) &#8211; Haarschmuck aus Silber"},"content":{"rendered":"<p>Dieser l\u00e4ngliche Haarschmuck aus Silber von Alvin Todacheene ist mit einer praktischen \u00d6ffnung f\u00fcr das Haar und einem Dorn zur Befestigung ausgestattet.<\/p>\n<p>Mit einer H\u00f6he von 2,9 cm verbindet dieses Schmuckst\u00fcck sowohl Eleganz als auch Funktionalit\u00e4t. Silber ist ein traditionell verwendetes Material in der Navajo-Kultur und steht f\u00fcr Reinheit und Schutz.<\/p>\n<p>Dieser <a class=\"wpil_keyword_link\" href=\"https:\/\/www.prairiewind.ch\/newone\/produkt-kategorie\/schmuck-frauen-indianer\/haarschmuck\/\" title=\"Haarschmuck\" data-wpil-keyword-link=\"linked\" data-wpil-monitor-id=\"5134\">Haarschmuck<\/a> ist ein stilvolles Accessoire, das sowohl Sch\u00f6nheit als auch Bedeutung tr\u00e4gt.<\/p>\n","protected":false},"excerpt":{"rendered":"<p>L\u00e4nglicher Silberring mit \u00d6ffnung f\u00fcr Haare und Dorn zur Befestigung<\/p>\n<p>H\u00f6he: 2.9 cm<\/p>\n","protected":false},"featured_media":4330,"template":"","meta":{"_uag_custom_page_level_css":"","site-sidebar-layout":"default","site-content-layout":"","ast-site-content-layout":"default","site-content-style":"default","site-sidebar-style":"default","ast-global-header-display":"","ast-banner-title-visibility":"","ast-main-header-display":"","ast-hfb-above-header-display":"","ast-hfb-below-header-display":"","ast-hfb-mobile-header-display":"","site-post-title":"","ast-breadcrumbs-content":"","ast-featured-img":"","footer-sml-layout":"","ast-disable-related-posts":"","theme-transparent-header-meta":"default","adv-header-id-meta":"","stick-header-meta":"","header-above-stick-meta":"","header-main-stick-meta":"","header-below-stick-meta":"","astra-migrate-meta-layouts":"set","ast-page-background-enabled":"default","ast-page-background-meta":{"desktop":{"background-color":"var(--ast-global-color-4)","background-image":"","background-repeat":"repeat","background-position":"center center","background-size":"auto","background-attachment":"scroll","background-type":"","background-media":"","overlay-type":"","overlay-color":"","overlay-opacity":"","overlay-gradient":""},"tablet":{"background-color":"","background-image":"","background-repeat":"repeat","background-position":"center center","background-size":"auto","background-attachment":"scroll","background-type":"","background-media":"","overlay-type":"","overlay-color":"","overlay-opacity":"","overlay-gradient":""},"mobile":{"background-color":"","background-image":"","background-repeat":"repeat","background-position":"center center","background-size":"auto","background-attachment":"scroll","background-type":"","background-media":"","overlay-type":"","overlay-color":"","overlay-opacity":"","overlay-gradient":""}},"ast-content-background-meta":{"desktop":{"background-color":"var(--ast-global-color-5)","background-image":"","background-repeat":"repeat","background-position":"center center","background-size":"auto","background-attachment":"scroll","background-type":"","background-media":"","overlay-type":"","overlay-color":"","overlay-opacity":"","overlay-gradient":""},"tablet":{"background-color":"var(--ast-global-color-5)","background-image":"","background-repeat":"repeat","background-position":"center center","background-size":"auto","background-attachment":"scroll","background-type":"","background-media":"","overlay-type":"","overlay-color":"","overlay-opacity":"","overlay-gradient":""},"mobile":{"background-color":"var(--ast-global-color-5)","background-image":"","background-repeat":"repeat","background-position":"center center","background-size":"auto","background-attachment":"scroll","background-type":"","background-media":"","overlay-type":"","overlay-color":"","overlay-opacity":"","overlay-gradient":""}}},"product_brand":[],"product_cat":[44,51],"product_tag":[858],"class_list":{"0":"post-4590","1":"product","2":"type-product","3":"status-publish","4":"has-post-thumbnail","6":"product_cat-haarschmuck","7":"product_cat-haarschmuck-indianerschmuck","8":"product_tag-navajo","9":"desktop-align-left","10":"tablet-align-left","11":"mobile-align-left","13":"first","14":"instock","15":"shipping-taxable","16":"purchasable","17":"product-type-simple"},"uagb_featured_image_src":{"full":["https:\/\/www.prairiewind.ch\/newone\/wp-content\/uploads\/2020\/05\/2020-05-03-18.00.49-scaled-1-scaled.webp",1920,1440,false],"thumbnail":["https:\/\/www.prairiewind.ch\/newone\/wp-content\/uploads\/2020\/05\/2020-05-03-18.00.49-scaled-1-scaled-150x150.jpg",150,150,true],"medium":["https:\/\/www.prairiewind.ch\/newone\/wp-content\/uploads\/2020\/05\/2020-05-03-18.00.49-scaled-1-scaled-300x225.webp",300,225,true],"medium_large":["https:\/\/www.prairiewind.ch\/newone\/wp-content\/uploads\/2020\/05\/2020-05-03-18.00.49-scaled-1-scaled-768x576.jpg",768,576,true],"large":["https:\/\/www.prairiewind.ch\/newone\/wp-content\/uploads\/2020\/05\/2020-05-03-18.00.49-scaled-1-scaled-1024x768.jpg",1024,768,true],"1536x1536":["https:\/\/www.prairiewind.ch\/newone\/wp-content\/uploads\/2020\/05\/2020-05-03-18.00.49-scaled-1-scaled-1536x1152.jpg",1536,1152,true],"2048x2048":["https:\/\/www.prairiewind.ch\/newone\/wp-content\/uploads\/2020\/05\/2020-05-03-18.00.49-scaled-1-scaled.webp",1920,1440,true],"hero-banner":["https:\/\/www.prairiewind.ch\/newone\/wp-content\/uploads\/2020\/05\/2020-05-03-18.00.49-scaled-1-scaled-450x160.jpg",450,160,true],"category-thumb":["https:\/\/www.prairiewind.ch\/newone\/wp-content\/uploads\/2020\/05\/2020-05-03-18.00.49-scaled-1-scaled-200x150.jpg",200,150,true],"woocommerce_thumbnail":["https:\/\/www.prairiewind.ch\/newone\/wp-content\/uploads\/2020\/05\/2020-05-03-18.00.49-scaled-1-scaled-188x141.jpg",188,141,true],"woocommerce_single":["https:\/\/www.prairiewind.ch\/newone\/wp-content\/uploads\/2020\/05\/2020-05-03-18.00.49-scaled-1-scaled-251x188.jpg",251,188,true],"woocommerce_gallery_thumbnail":["https:\/\/www.prairiewind.ch\/newone\/wp-content\/uploads\/2020\/05\/2020-05-03-18.00.49-scaled-1-scaled-100x100.jpg",100,100,true]},"uagb_author_info":{"display_name":"Kurt Weissen","author_link":"https:\/\/www.prairiewind.ch\/newone\/author\/"},"uagb_comment_info":0,"uagb_excerpt":"L\u00e4nglicher Silberring mit \u00d6ffnung f\u00fcr Haare und Dorn zur Befestigung H\u00f6he: 2.9 cm","_links":{"self":[{"href":"https:\/\/www.prairiewind.ch\/newone\/wp-json\/wp\/v2\/product\/4590","targetHints":{"allow":["GET"]}}],"collection":[{"href":"https:\/\/www.prairiewind.ch\/newone\/wp-json\/wp\/v2\/product"}],"about":[{"href":"https:\/\/www.prairiewind.ch\/newone\/wp-json\/wp\/v2\/types\/product"}],"version-history":[{"count":0,"href":"https:\/\/www.prairiewind.ch\/newone\/wp-json\/wp\/v2\/product\/4590\/revisions"}],"wp:featuredmedia":[{"embeddable":true,"href":"https:\/\/www.prairiewind.ch\/newone\/wp-json\/wp\/v2\/media\/4330"}],"wp:attachment":[{"href":"https:\/\/www.prairiewind.ch\/newone\/wp-json\/wp\/v2\/media?parent=4590"}],"wp:term":[{"taxonomy":"product_brand","embeddable":true,"href":"https:\/\/www.prairiewind.ch\/newone\/wp-json\/wp\/v2\/product_brand?post=4590"},{"taxonomy":"product_cat","embeddable":true,"href":"https:\/\/www.prairiewind.ch\/newone\/wp-json\/wp\/v2\/product_cat?post=4590"},{"taxonomy":"product_tag","embeddable":true,"href":"https:\/\/www.prairiewind.ch\/newone\/wp-json\/wp\/v2\/product_tag?post=4590"}],"curies":[{"name":"wp","href":"https:\/\/api.w.org\/{rel}","templated":true}]}}