{"id":4584,"date":"2020-05-27T22:54:42","date_gmt":"2020-05-27T21:54:42","guid":{"rendered":"https:\/\/www.prairiewind.ch\/newone\/?post_type=product&#038;p=4584"},"modified":"2025-07-15T21:03:05","modified_gmt":"2025-07-15T19:03:05","slug":"1156-veronica-benally-navajo","status":"publish","type":"product","link":"https:\/\/www.prairiewind.ch\/newone\/produkt\/1156-veronica-benally-navajo\/","title":{"rendered":"Veronica Benally (Navajo) &#8211; Silberfingerring"},"content":{"rendered":"<p>Dieser elegante Fingerring von Veronica <a href=\"https:\/\/www.prairiewind.ch\/newone\/produkt\/1155-aaron-brokeshoulder-shawnee-choktaw-pueblo\/\">Benally<\/a>, einer K\u00fcnstlerin der Navajo, ist aus feinstem Sterlingsilber gefertigt und besticht durch eine rechteckige Oberfl\u00e4che und kunstvoll gearbeitete Seiten. Der Ring ist mit einem Mosaik-Nick Rosetta Kewa Bonbonfoermiger Haenger aus T\u00fcrkis und einem Kreis aus Koralle verziert, der dem Schmuckst\u00fcck einen lebendigen Farbakzent verleiht. Mit einer Ringgr\u00f6\u00dfe von 6 und einem Innendurchmesser von 1,6 cm kombiniert dieser Ring traditionelle Materialien mit einem modernen Design.<\/p>\n<ul>\n<li>T\u00fcrkis steht in der Navajo-Kultur f\u00fcr Schutz und Heilung, w\u00e4hrend Koralle Vitalit\u00e4t und Energie symbolisiert. <a href=\"https:\/\/www.prairiewind.ch\/newone\/produkt\/dacawyma-hopi-armreif-regenwolken\/\" data-wpil-monitor-id=\"1130\">Die Kombination dieser beiden Materialien verleiht dem Ring eine besondere<\/a> symbolische Bedeutung.<\/li>\n<\/ul>\n<p>Veronica Benally ist bekannt f\u00fcr ihre F\u00e4higkeit, die traditionelle Navajo-Kunst mit zeitgen\u00f6ssischen Designelementen zu verbinden. Dieser Ring ist ein wunderbares Beispiel f\u00fcr ihre meisterhafte Handwerkskunst und bringt <a href=\"https:\/\/www.prairiewind.ch\/newone\/produkt\/aaron-brokeshoulder-shawnee-choctaw_pueblo-kupferhaarspange\/\" data-wpil-monitor-id=\"1138\">Aaron Brokeshoulder (Shawnee-Pueblo) &#8211;<\/a> die Sch\u00f6nheit als auch die Bedeutung der verwendeten Materialien zur Geltung.<\/p>\n<p>&nbsp;<\/p>\n","protected":false},"excerpt":{"rendered":"<p>Fingerring aus Sterlingsilber mit rechteckiger Oberfl\u00e4che und anschliessenden Seiten mit Mosaic Inlay aus T\u00fcrkis und Korallenkreis<\/p>\n<p>Gr\u00f6sse: 6<br \/>\nInnendurchmesser: 1.6 cm<\/p>\n","protected":false},"featured_media":4454,"template":"","meta":{"_uag_custom_page_level_css":"","site-sidebar-layout":"default","site-content-layout":"","ast-site-content-layout":"default","site-content-style":"default","site-sidebar-style":"default","ast-global-header-display":"","ast-banner-title-visibility":"","ast-main-header-display":"","ast-hfb-above-header-display":"","ast-hfb-below-header-display":"","ast-hfb-mobile-header-display":"","site-post-title":"","ast-breadcrumbs-content":"","ast-featured-img":"","footer-sml-layout":"","ast-disable-related-posts":"","theme-transparent-header-meta":"default","adv-header-id-meta":"","stick-header-meta":"","header-above-stick-meta":"","header-main-stick-meta":"","header-below-stick-meta":"","astra-migrate-meta-layouts":"set","ast-page-background-enabled":"default","ast-page-background-meta":{"desktop":{"background-color":"var(--ast-global-color-4)","background-image":"","background-repeat":"repeat","background-position":"center center","background-size":"auto","background-attachment":"scroll","background-type":"","background-media":"","overlay-type":"","overlay-color":"","overlay-opacity":"","overlay-gradient":""},"tablet":{"background-color":"","background-image":"","background-repeat":"repeat","background-position":"center center","background-size":"auto","background-attachment":"scroll","background-type":"","background-media":"","overlay-type":"","overlay-color":"","overlay-opacity":"","overlay-gradient":""},"mobile":{"background-color":"","background-image":"","background-repeat":"repeat","background-position":"center center","background-size":"auto","background-attachment":"scroll","background-type":"","background-media":"","overlay-type":"","overlay-color":"","overlay-opacity":"","overlay-gradient":""}},"ast-content-background-meta":{"desktop":{"background-color":"var(--ast-global-color-5)","background-image":"","background-repeat":"repeat","background-position":"center center","background-size":"auto","background-attachment":"scroll","background-type":"","background-media":"","overlay-type":"","overlay-color":"","overlay-opacity":"","overlay-gradient":""},"tablet":{"background-color":"var(--ast-global-color-5)","background-image":"","background-repeat":"repeat","background-position":"center center","background-size":"auto","background-attachment":"scroll","background-type":"","background-media":"","overlay-type":"","overlay-color":"","overlay-opacity":"","overlay-gradient":""},"mobile":{"background-color":"var(--ast-global-color-5)","background-image":"","background-repeat":"repeat","background-position":"center center","background-size":"auto","background-attachment":"scroll","background-type":"","background-media":"","overlay-type":"","overlay-color":"","overlay-opacity":"","overlay-gradient":""}}},"product_brand":[],"product_cat":[40],"product_tag":[879,858,875],"class_list":{"0":"post-4584","1":"product","2":"type-product","3":"status-publish","4":"has-post-thumbnail","6":"product_cat-fingerringe","7":"product_tag-inlay","8":"product_tag-navajo","9":"product_tag-tuerkis","10":"desktop-align-left","11":"tablet-align-left","12":"mobile-align-left","14":"first","15":"instock","16":"shipping-taxable","17":"purchasable","18":"product-type-simple"},"uagb_featured_image_src":{"full":["https:\/\/www.prairiewind.ch\/newone\/wp-content\/uploads\/2020\/05\/1156a.webp",1693,1692,false],"thumbnail":["https:\/\/www.prairiewind.ch\/newone\/wp-content\/uploads\/2020\/05\/1156a-150x150.webp",150,150,true],"medium":["https:\/\/www.prairiewind.ch\/newone\/wp-content\/uploads\/2020\/05\/1156a-300x300.webp",300,300,true],"medium_large":["https:\/\/www.prairiewind.ch\/newone\/wp-content\/uploads\/2020\/05\/1156a-768x768.jpg",768,768,true],"large":["https:\/\/www.prairiewind.ch\/newone\/wp-content\/uploads\/2020\/05\/1156a-1024x1024.jpg",1024,1024,true],"1536x1536":["https:\/\/www.prairiewind.ch\/newone\/wp-content\/uploads\/2020\/05\/1156a-1536x1536.jpg",1536,1536,true],"2048x2048":["https:\/\/www.prairiewind.ch\/newone\/wp-content\/uploads\/2020\/05\/1156a.webp",1693,1692,false],"hero-banner":["https:\/\/www.prairiewind.ch\/newone\/wp-content\/uploads\/2020\/05\/1156a-450x160.webp",450,160,true],"category-thumb":["https:\/\/www.prairiewind.ch\/newone\/wp-content\/uploads\/2020\/05\/1156a-200x150.webp",200,150,true],"woocommerce_thumbnail":["https:\/\/www.prairiewind.ch\/newone\/wp-content\/uploads\/2020\/05\/1156a-188x141.jpg",188,141,true],"woocommerce_single":["https:\/\/www.prairiewind.ch\/newone\/wp-content\/uploads\/2020\/05\/1156a-251x251.jpg",251,251,true],"woocommerce_gallery_thumbnail":["https:\/\/www.prairiewind.ch\/newone\/wp-content\/uploads\/2020\/05\/1156a-100x100.jpg",100,100,true]},"uagb_author_info":{"display_name":"Kurt Weissen","author_link":"https:\/\/www.prairiewind.ch\/newone\/author\/"},"uagb_comment_info":0,"uagb_excerpt":"Fingerring aus Sterlingsilber mit rechteckiger Oberfl\u00e4che und anschliessenden Seiten mit Mosaic Inlay aus T\u00fcrkis und Korallenkreis Gr\u00f6sse: 6 Innendurchmesser: 1.6 cm","_links":{"self":[{"href":"https:\/\/www.prairiewind.ch\/newone\/wp-json\/wp\/v2\/product\/4584","targetHints":{"allow":["GET"]}}],"collection":[{"href":"https:\/\/www.prairiewind.ch\/newone\/wp-json\/wp\/v2\/product"}],"about":[{"href":"https:\/\/www.prairiewind.ch\/newone\/wp-json\/wp\/v2\/types\/product"}],"version-history":[{"count":2,"href":"https:\/\/www.prairiewind.ch\/newone\/wp-json\/wp\/v2\/product\/4584\/revisions"}],"predecessor-version":[{"id":111097,"href":"https:\/\/www.prairiewind.ch\/newone\/wp-json\/wp\/v2\/product\/4584\/revisions\/111097"}],"wp:featuredmedia":[{"embeddable":true,"href":"https:\/\/www.prairiewind.ch\/newone\/wp-json\/wp\/v2\/media\/4454"}],"wp:attachment":[{"href":"https:\/\/www.prairiewind.ch\/newone\/wp-json\/wp\/v2\/media?parent=4584"}],"wp:term":[{"taxonomy":"product_brand","embeddable":true,"href":"https:\/\/www.prairiewind.ch\/newone\/wp-json\/wp\/v2\/product_brand?post=4584"},{"taxonomy":"product_cat","embeddable":true,"href":"https:\/\/www.prairiewind.ch\/newone\/wp-json\/wp\/v2\/product_cat?post=4584"},{"taxonomy":"product_tag","embeddable":true,"href":"https:\/\/www.prairiewind.ch\/newone\/wp-json\/wp\/v2\/product_tag?post=4584"}],"curies":[{"name":"wp","href":"https:\/\/api.w.org\/{rel}","templated":true}]}}