{"id":4578,"date":"2020-05-27T22:54:37","date_gmt":"2020-05-27T21:54:37","guid":{"rendered":"https:\/\/www.prairiewind.ch\/newone\/?post_type=product&#038;p=4578"},"modified":"2024-11-06T14:53:16","modified_gmt":"2024-11-06T13:53:16","slug":"1162-charles-hustito-zuni","status":"publish","type":"product","link":"https:\/\/www.prairiewind.ch\/newone\/produkt\/1162-charles-hustito-zuni\/","title":{"rendered":"Charles Hustito (Zuni) &#8211; Fingerring"},"content":{"rendered":"<p>Dieser edle Fingerring von Charles <a href=\"https:\/\/www.prairiewind.ch\/newone\/produkt\/1160-andy-thomas-navajo\/\">Hustito<\/a>, einem gesch\u00e4tzten K\u00fcnstler der Zuni, ist aus feinstem Sterlingsilber gefertigt und mit einem eleganten Channel Inlay aus Perlmutt verziert. Der Ring hat eine Gr\u00f6\u00dfe von 10 und einen Innendurchmesser von 2 cm. Die schimmernde Oberfl\u00e4che des Perlmutts bildet einen harmonischen Kontrast zum k\u00fchlen Glanz des Silbers und verleiht dem Ring eine zeitlose Eleganz.<\/p>\n<ul>\n<li>Perlmutt steht in vielen indigenen Kulturen f\u00fcr Reinheit und innere Ruhe, w\u00e4hrend die Channel Inlay-Technik, f\u00fcr die die <a class=\"wpil_keyword_link\" href=\"https:\/\/www.prairiewind.ch\/newone\/silberschmiedekunst-zuni\/\" title=\"Silberschmiedekunst der Zuni\" data-wpil-keyword-link=\"linked\" data-wpil-monitor-id=\"182667\">Zuni<\/a> ber\u00fchmt sind, die pr\u00e4zise Anordnung der Steine in Silberkan\u00e4len erm\u00f6glicht.<\/li>\n<\/ul>\n<p>Dieser Ring ist ein herausragendes Beispiel f\u00fcr die meisterhafte Handwerkskunst der Zuni-K\u00fcnstler und verbindet Tradition mit modernem Design, <a href=\"https:\/\/www.prairiewind.ch\/newone\/produkt\/harley-zephier-lakota-dakota-hoop-kreis\/\" data-wpil-monitor-id=\"1087\">wodurch er sowohl optisch als auch spirituell ein<\/a> bedeutungsvolles Schmuckst\u00fcck ist.<\/p>\n","protected":false},"excerpt":{"rendered":"<p>Fingerring aus Sterlingsilber mit Channel Inlay aus Perlmutt<\/p>\n<p>Gr\u00f6sse: 10<br \/>\nInnendurchmesser: 2 cm<\/p>\n","protected":false},"featured_media":4470,"template":"","meta":{"_uag_custom_page_level_css":"","site-sidebar-layout":"default","site-content-layout":"","ast-site-content-layout":"default","site-content-style":"default","site-sidebar-style":"default","ast-global-header-display":"","ast-banner-title-visibility":"","ast-main-header-display":"","ast-hfb-above-header-display":"","ast-hfb-below-header-display":"","ast-hfb-mobile-header-display":"","site-post-title":"","ast-breadcrumbs-content":"","ast-featured-img":"","footer-sml-layout":"","ast-disable-related-posts":"","theme-transparent-header-meta":"default","adv-header-id-meta":"","stick-header-meta":"","header-above-stick-meta":"","header-main-stick-meta":"","header-below-stick-meta":"","astra-migrate-meta-layouts":"set","ast-page-background-enabled":"default","ast-page-background-meta":{"desktop":{"background-color":"var(--ast-global-color-4)","background-image":"","background-repeat":"repeat","background-position":"center center","background-size":"auto","background-attachment":"scroll","background-type":"","background-media":"","overlay-type":"","overlay-color":"","overlay-opacity":"","overlay-gradient":""},"tablet":{"background-color":"","background-image":"","background-repeat":"repeat","background-position":"center center","background-size":"auto","background-attachment":"scroll","background-type":"","background-media":"","overlay-type":"","overlay-color":"","overlay-opacity":"","overlay-gradient":""},"mobile":{"background-color":"","background-image":"","background-repeat":"repeat","background-position":"center center","background-size":"auto","background-attachment":"scroll","background-type":"","background-media":"","overlay-type":"","overlay-color":"","overlay-opacity":"","overlay-gradient":""}},"ast-content-background-meta":{"desktop":{"background-color":"var(--ast-global-color-5)","background-image":"","background-repeat":"repeat","background-position":"center center","background-size":"auto","background-attachment":"scroll","background-type":"","background-media":"","overlay-type":"","overlay-color":"","overlay-opacity":"","overlay-gradient":""},"tablet":{"background-color":"var(--ast-global-color-5)","background-image":"","background-repeat":"repeat","background-position":"center center","background-size":"auto","background-attachment":"scroll","background-type":"","background-media":"","overlay-type":"","overlay-color":"","overlay-opacity":"","overlay-gradient":""},"mobile":{"background-color":"var(--ast-global-color-5)","background-image":"","background-repeat":"repeat","background-position":"center center","background-size":"auto","background-attachment":"scroll","background-type":"","background-media":"","overlay-type":"","overlay-color":"","overlay-opacity":"","overlay-gradient":""}}},"product_brand":[],"product_cat":[40],"product_tag":[879,881,861],"class_list":{"0":"post-4578","1":"product","2":"type-product","3":"status-publish","4":"has-post-thumbnail","6":"product_cat-fingerringe","7":"product_tag-inlay","8":"product_tag-perlmutt","9":"product_tag-zuni","10":"desktop-align-left","11":"tablet-align-left","12":"mobile-align-left","14":"first","15":"instock","16":"shipping-taxable","17":"purchasable","18":"product-type-simple"},"uagb_featured_image_src":{"full":["https:\/\/www.prairiewind.ch\/newone\/wp-content\/uploads\/2020\/05\/1162a-scaled-1.webp",1920,1920,false],"thumbnail":["https:\/\/www.prairiewind.ch\/newone\/wp-content\/uploads\/2020\/05\/1162a-scaled-1-150x150.jpg",150,150,true],"medium":["https:\/\/www.prairiewind.ch\/newone\/wp-content\/uploads\/2020\/05\/1162a-scaled-1-300x300.jpg",300,300,true],"medium_large":["https:\/\/www.prairiewind.ch\/newone\/wp-content\/uploads\/2020\/05\/1162a-scaled-1-768x768.jpg",768,768,true],"large":["https:\/\/www.prairiewind.ch\/newone\/wp-content\/uploads\/2020\/05\/1162a-scaled-1-1024x1024.jpg",1024,1024,true],"1536x1536":["https:\/\/www.prairiewind.ch\/newone\/wp-content\/uploads\/2020\/05\/1162a-scaled-1-1536x1536.jpg",1536,1536,true],"2048x2048":["https:\/\/www.prairiewind.ch\/newone\/wp-content\/uploads\/2020\/05\/1162a-scaled-1.webp",1920,1920,true],"hero-banner":["https:\/\/www.prairiewind.ch\/newone\/wp-content\/uploads\/2020\/05\/1162a-scaled-1-450x160.jpg",450,160,true],"category-thumb":["https:\/\/www.prairiewind.ch\/newone\/wp-content\/uploads\/2020\/05\/1162a-scaled-1-200x150.jpg",200,150,true],"woocommerce_thumbnail":["https:\/\/www.prairiewind.ch\/newone\/wp-content\/uploads\/2020\/05\/1162a-scaled-1-188x141.jpg",188,141,true],"woocommerce_single":["https:\/\/www.prairiewind.ch\/newone\/wp-content\/uploads\/2020\/05\/1162a-scaled-1-251x251.jpg",251,251,true],"woocommerce_gallery_thumbnail":["https:\/\/www.prairiewind.ch\/newone\/wp-content\/uploads\/2020\/05\/1162a-scaled-1-100x100.jpg",100,100,true]},"uagb_author_info":{"display_name":"Kurt Weissen","author_link":"https:\/\/www.prairiewind.ch\/newone\/author\/"},"uagb_comment_info":0,"uagb_excerpt":"Fingerring aus Sterlingsilber mit Channel Inlay aus Perlmutt Gr\u00f6sse: 10 Innendurchmesser: 2 cm","_links":{"self":[{"href":"https:\/\/www.prairiewind.ch\/newone\/wp-json\/wp\/v2\/product\/4578","targetHints":{"allow":["GET"]}}],"collection":[{"href":"https:\/\/www.prairiewind.ch\/newone\/wp-json\/wp\/v2\/product"}],"about":[{"href":"https:\/\/www.prairiewind.ch\/newone\/wp-json\/wp\/v2\/types\/product"}],"version-history":[{"count":2,"href":"https:\/\/www.prairiewind.ch\/newone\/wp-json\/wp\/v2\/product\/4578\/revisions"}],"predecessor-version":[{"id":111098,"href":"https:\/\/www.prairiewind.ch\/newone\/wp-json\/wp\/v2\/product\/4578\/revisions\/111098"}],"wp:featuredmedia":[{"embeddable":true,"href":"https:\/\/www.prairiewind.ch\/newone\/wp-json\/wp\/v2\/media\/4470"}],"wp:attachment":[{"href":"https:\/\/www.prairiewind.ch\/newone\/wp-json\/wp\/v2\/media?parent=4578"}],"wp:term":[{"taxonomy":"product_brand","embeddable":true,"href":"https:\/\/www.prairiewind.ch\/newone\/wp-json\/wp\/v2\/product_brand?post=4578"},{"taxonomy":"product_cat","embeddable":true,"href":"https:\/\/www.prairiewind.ch\/newone\/wp-json\/wp\/v2\/product_cat?post=4578"},{"taxonomy":"product_tag","embeddable":true,"href":"https:\/\/www.prairiewind.ch\/newone\/wp-json\/wp\/v2\/product_tag?post=4578"}],"curies":[{"name":"wp","href":"https:\/\/api.w.org\/{rel}","templated":true}]}}