{"id":26624,"date":"2025-10-12T23:29:35","date_gmt":"2025-10-12T21:29:35","guid":{"rendered":"https:\/\/www.prairiewind.ch\/newone\/?post_type=product&#038;p=26624"},"modified":"2025-12-05T16:49:23","modified_gmt":"2025-12-05T14:49:23","slug":"reginald-dewakuku-hopi-fingerring-mit-overlay-platte","status":"publish","type":"product","link":"https:\/\/www.prairiewind.ch\/newone\/produkt\/reginald-dewakuku-hopi-fingerring-mit-overlay-platte\/","title":{"rendered":"Reginald Dewakuku (Hopi) &#8211; Fingerring mit Overlay-Platte"},"content":{"rendered":"<article class=\"text-token-text-primary w-full focus:outline-none [--shadow-height:45px] has-data-writing-block:pointer-events-none has-data-writing-block:-mt-(--shadow-height) has-data-writing-block:pt-(--shadow-height) [&amp;:has([data-writing-block])&gt;*]:pointer-events-auto scroll-mt-[calc(var(--header-height)+min(200px,max(70px,20svh)))]\" dir=\"auto\" tabindex=\"-1\" data-turn-id=\"6a88b6f6-9bec-43f3-a864-d498b0a147b2\" data-testid=\"conversation-turn-6\" data-scroll-anchor=\"true\" data-turn=\"assistant\">\n<div class=\"text-base my-auto mx-auto pb-10 [--thread-content-margin:--spacing(4)] thread-sm:[--thread-content-margin:--spacing(6)] thread-lg:[--thread-content-margin:--spacing(16)] px-(--thread-content-margin)\">\n<div class=\"[--thread-content-max-width:40rem] thread-lg:[--thread-content-max-width:48rem] mx-auto max-w-(--thread-content-max-width) flex-1 group\/turn-messages focus-visible:outline-hidden relative flex w-full min-w-0 flex-col agent-turn\" tabindex=\"-1\">\n<div class=\"flex max-w-full flex-col grow\">\n<div class=\"min-h-8 text-message relative flex w-full flex-col items-end gap-2 text-start break-words whitespace-normal [.text-message+&amp;]:mt-1\" dir=\"auto\" data-message-author-role=\"assistant\" data-message-id=\"a3df659a-8819-4ff0-820a-91e2ab748df3\" data-message-model-slug=\"gpt-5\">\n<div class=\"flex w-full flex-col gap-1 empty:hidden first:pt-[1px]\">\n<div class=\"markdown prose dark:prose-invert w-full break-words light markdown-new-styling\">\n<p data-start=\"0\" data-end=\"723\">Der Fingerring von <strong data-start=\"19\" data-end=\"40\">Reginald Dewakuku<\/strong> (Hopi) ist aus massivem Sterlingsilber gefertigt und tr\u00e4gt eine l\u00e4ngliche, ovale Platte, die in der f\u00fcr Hopi-K\u00fcnstler charakteristischen Overlay-Technik gestaltet ist. Auf der leicht gew\u00f6lbten Oberfl\u00e4che erscheint ein feines, geometrisch stilisiertes Motiv, das eine Regenwolke und fallenden Regen darstellt \u2013 Symbole, die in der Hopi-Tradition f\u00fcr Fruchtbarkeit, Erneuerung und das lebensspendende Element Wasser stehen. Die vertieften Partien des Musters sind geschw\u00e4rzt und bilden einen markanten Kontrast zur hell polierten Silberebene dar\u00fcber. Dadurch entsteht ein klarer, fast grafischer Effekt, der das Motiv deutlich hervorhebt und ihm zugleich eine ruhige Tiefe verleiht.<\/p>\n<p data-start=\"725\" data-end=\"1077\">Der Ring wirkt trotz seiner symbolischen Dichte zur\u00fcckhaltend und elegant. Durch die schlanke, ovale Form f\u00fcgt er sich harmonisch an den Finger an, w\u00e4hrend die fein ausgearbeitete Oberfl\u00e4che den handwerklichen Charakter des St\u00fccks unterstreicht. Dewakuku verbindet in seiner Arbeit traditionelle Hopi-Motive mit einer klaren, zeitlosen Formensprache.<\/p>\n<p data-start=\"1079\" data-end=\"1446\" data-is-last-node=\"\" data-is-only-node=\"\">Das Schmuckst\u00fcck hat die Gr\u00f6\u00dfe 8,5 mit einem Innendurchmesser von 1,9 cm; die ovale Platte misst 2,5 cm in der L\u00e4nge. Es ist ein typisches Beispiel f\u00fcr die Hopi-Overlay-Kunst, bei der durch das pr\u00e4zise Ausschneiden und \u00dcberlagern zweier Silberschichten eine Reliefstruktur entsteht, die in ihrer Schlichtheit und Symbolkraft zugleich modern und tief verwurzelt wirkt.<\/p>\n<\/div>\n<\/div>\n<\/div>\n<\/div>\n<div class=\"z-0 flex min-h-[46px] justify-start\"><\/div>\n<div class=\"mt-3 w-full empty:hidden\">\n<div class=\"text-center\"><\/div>\n<\/div>\n<\/div>\n<\/div>\n<\/article>\n<div class=\"pointer-events-none h-px w-px\" aria-hidden=\"true\" data-edge=\"true\"><\/div>\n","protected":false},"excerpt":{"rendered":"<p>Fingerring aus Sterlingsilber mit einem Pl\u00e4ttchen. Design in Overlay-Technik: Regenwolke, starker Regen<\/p>\n<p>Gr\u00f6sse: 8.5<br \/>\nInnendurchmesser: 1.9 cm<br \/>\nOvales Pl\u00e4ttchen mit einer L\u00e4nge von 2.5 cm<\/p>\n","protected":false},"featured_media":26625,"template":"","meta":{"_uag_custom_page_level_css":"","site-sidebar-layout":"default","site-content-layout":"","ast-site-content-layout":"default","site-content-style":"default","site-sidebar-style":"default","ast-global-header-display":"","ast-banner-title-visibility":"","ast-main-header-display":"","ast-hfb-above-header-display":"","ast-hfb-below-header-display":"","ast-hfb-mobile-header-display":"","site-post-title":"","ast-breadcrumbs-content":"","ast-featured-img":"","footer-sml-layout":"","ast-disable-related-posts":"","theme-transparent-header-meta":"default","adv-header-id-meta":"","stick-header-meta":"","header-above-stick-meta":"","header-main-stick-meta":"","header-below-stick-meta":"","astra-migrate-meta-layouts":"set","ast-page-background-enabled":"default","ast-page-background-meta":{"desktop":{"background-color":"var(--ast-global-color-4)","background-image":"","background-repeat":"repeat","background-position":"center center","background-size":"auto","background-attachment":"scroll","background-type":"","background-media":"","overlay-type":"","overlay-color":"","overlay-opacity":"","overlay-gradient":""},"tablet":{"background-color":"","background-image":"","background-repeat":"repeat","background-position":"center center","background-size":"auto","background-attachment":"scroll","background-type":"","background-media":"","overlay-type":"","overlay-color":"","overlay-opacity":"","overlay-gradient":""},"mobile":{"background-color":"","background-image":"","background-repeat":"repeat","background-position":"center center","background-size":"auto","background-attachment":"scroll","background-type":"","background-media":"","overlay-type":"","overlay-color":"","overlay-opacity":"","overlay-gradient":""}},"ast-content-background-meta":{"desktop":{"background-color":"var(--ast-global-color-5)","background-image":"","background-repeat":"repeat","background-position":"center center","background-size":"auto","background-attachment":"scroll","background-type":"","background-media":"","overlay-type":"","overlay-color":"","overlay-opacity":"","overlay-gradient":""},"tablet":{"background-color":"var(--ast-global-color-5)","background-image":"","background-repeat":"repeat","background-position":"center center","background-size":"auto","background-attachment":"scroll","background-type":"","background-media":"","overlay-type":"","overlay-color":"","overlay-opacity":"","overlay-gradient":""},"mobile":{"background-color":"var(--ast-global-color-5)","background-image":"","background-repeat":"repeat","background-position":"center center","background-size":"auto","background-attachment":"scroll","background-type":"","background-media":"","overlay-type":"","overlay-color":"","overlay-opacity":"","overlay-gradient":""}}},"product_brand":[],"product_cat":[40],"product_tag":[856,880],"class_list":{"0":"post-26624","1":"product","2":"type-product","3":"status-publish","4":"has-post-thumbnail","6":"product_cat-fingerringe","7":"product_tag-hopi","8":"product_tag-overlay","9":"desktop-align-left","10":"tablet-align-left","11":"mobile-align-left","13":"first","14":"instock","15":"shipping-taxable","16":"purchasable","17":"product-type-simple"},"uagb_featured_image_src":{"full":["https:\/\/www.prairiewind.ch\/newone\/wp-content\/uploads\/2025\/10\/20250527_124113801_iOS-scaled.jpg",2560,1920,false],"thumbnail":["https:\/\/www.prairiewind.ch\/newone\/wp-content\/uploads\/2025\/10\/20250527_124113801_iOS-150x150.webp",150,150,true],"medium":["https:\/\/www.prairiewind.ch\/newone\/wp-content\/uploads\/2025\/10\/20250527_124113801_iOS-300x225.webp",300,225,true],"medium_large":["https:\/\/www.prairiewind.ch\/newone\/wp-content\/uploads\/2025\/10\/20250527_124113801_iOS-768x576.webp",768,576,true],"large":["https:\/\/www.prairiewind.ch\/newone\/wp-content\/uploads\/2025\/10\/20250527_124113801_iOS-1024x768.webp",1024,768,true],"1536x1536":["https:\/\/www.prairiewind.ch\/newone\/wp-content\/uploads\/2025\/10\/20250527_124113801_iOS-1536x1152.webp",1536,1152,true],"2048x2048":["https:\/\/www.prairiewind.ch\/newone\/wp-content\/uploads\/2025\/10\/20250527_124113801_iOS-2048x1536.jpg",2048,1536,true],"hero-banner":["https:\/\/www.prairiewind.ch\/newone\/wp-content\/uploads\/2025\/10\/20250527_124113801_iOS-450x160.webp",450,160,true],"category-thumb":["https:\/\/www.prairiewind.ch\/newone\/wp-content\/uploads\/2025\/10\/20250527_124113801_iOS-200x150.webp",200,150,true],"woocommerce_thumbnail":["https:\/\/www.prairiewind.ch\/newone\/wp-content\/uploads\/2025\/10\/20250527_124113801_iOS-188x141.webp",188,141,true],"woocommerce_single":["https:\/\/www.prairiewind.ch\/newone\/wp-content\/uploads\/2025\/10\/20250527_124113801_iOS-251x188.webp",251,188,true],"woocommerce_gallery_thumbnail":["https:\/\/www.prairiewind.ch\/newone\/wp-content\/uploads\/2025\/10\/20250527_124113801_iOS-100x100.webp",100,100,true]},"uagb_author_info":{"display_name":"Kurt Weissen","author_link":"https:\/\/www.prairiewind.ch\/newone\/author\/"},"uagb_comment_info":0,"uagb_excerpt":"Fingerring aus Sterlingsilber mit einem Pl\u00e4ttchen. Design in Overlay-Technik: Regenwolke, starker Regen Gr\u00f6sse: 8.5 Innendurchmesser: 1.9 cm Ovales Pl\u00e4ttchen mit einer L\u00e4nge von 2.5 cm","_links":{"self":[{"href":"https:\/\/www.prairiewind.ch\/newone\/wp-json\/wp\/v2\/product\/26624","targetHints":{"allow":["GET"]}}],"collection":[{"href":"https:\/\/www.prairiewind.ch\/newone\/wp-json\/wp\/v2\/product"}],"about":[{"href":"https:\/\/www.prairiewind.ch\/newone\/wp-json\/wp\/v2\/types\/product"}],"version-history":[{"count":0,"href":"https:\/\/www.prairiewind.ch\/newone\/wp-json\/wp\/v2\/product\/26624\/revisions"}],"wp:featuredmedia":[{"embeddable":true,"href":"https:\/\/www.prairiewind.ch\/newone\/wp-json\/wp\/v2\/media\/26625"}],"wp:attachment":[{"href":"https:\/\/www.prairiewind.ch\/newone\/wp-json\/wp\/v2\/media?parent=26624"}],"wp:term":[{"taxonomy":"product_brand","embeddable":true,"href":"https:\/\/www.prairiewind.ch\/newone\/wp-json\/wp\/v2\/product_brand?post=26624"},{"taxonomy":"product_cat","embeddable":true,"href":"https:\/\/www.prairiewind.ch\/newone\/wp-json\/wp\/v2\/product_cat?post=26624"},{"taxonomy":"product_tag","embeddable":true,"href":"https:\/\/www.prairiewind.ch\/newone\/wp-json\/wp\/v2\/product_tag?post=26624"}],"curies":[{"name":"wp","href":"https:\/\/api.w.org\/{rel}","templated":true}]}}