{"id":26618,"date":"2025-10-12T20:59:22","date_gmt":"2025-10-12T18:59:22","guid":{"rendered":"https:\/\/www.prairiewind.ch\/newone\/?post_type=product&#038;p=26618"},"modified":"2025-10-12T20:59:24","modified_gmt":"2025-10-12T18:59:24","slug":"frankie-lahaleon-zuni-overlayring-mit-symboldesign","status":"publish","type":"product","link":"https:\/\/www.prairiewind.ch\/newone\/produkt\/frankie-lahaleon-zuni-overlayring-mit-symboldesign\/","title":{"rendered":"Frankie Lahaleon (Zuni) &#8211; Overlayring mit Symboldesign"},"content":{"rendered":"<p>Dieser Ring von Frankie Lahaleon, einem Silberschmied der Zuni, wurde in Overlay-Technik aus Sterlingsilber gefertigt. Das Design vereint mehrere bedeutungsvolle Symbole, die in der Zuni- und Hopi-Kultur f\u00fcr Fruchtbarkeit, Regen und Erneuerung stehen.<\/p>\n<p>Zentral dargestellt ist ein Maiskolben in einer Schale, Sinnbild f\u00fcr Wachstum und Lebensf\u00fclle. Erg\u00e4nzt wird das Motiv durch Wasserwellen und starken Regen, die das Zusammenspiel der Elemente betonen und den lebensspendenden Zyklus von Erde und Himmel versinnbildlichen. Das tiefergelegte, geschw\u00e4rzte Muster kontrastiert mit der gl\u00e4nzend polierten Oberfl\u00e4che und verleiht dem Ring eine markante Plastizit\u00e4t.<\/p>\n<p>Mit einem Innendurchmesser von etwa 2,3 Zentimetern (Gr\u00f6\u00dfe 13 \u00be) liegt der Ring kraftvoll und ausgewogen am Finger. Frankie Lahaleon verbindet in diesem Werk traditionelle Symbolik der Pueblo-Kulturen mit pr\u00e4ziser handwerklicher Ausf\u00fchrung. Das Ergebnis ist ein Schmuckst\u00fcck von eindrucksvoller Pr\u00e4senz und kultureller Tiefe \u2013 zugleich Ausdruck von Respekt vor der Natur und Sinnbild ihrer sch\u00f6pferischen Energie.<\/p>\n","protected":false},"excerpt":{"rendered":"<p>Overlayring aus Sterlingsilber mit Symboldesign: Maiskolben in Schale, Wasserwellen, starker Regen.<\/p>\n<p>Gr\u00f6sse: 13 3\/4<br \/>\nInnendurchmesser: 2.3 cm<br \/>\nBreite: 1.3 cm<\/p>\n","protected":false},"featured_media":26620,"template":"","meta":{"_uag_custom_page_level_css":"","site-sidebar-layout":"default","site-content-layout":"","ast-site-content-layout":"default","site-content-style":"default","site-sidebar-style":"default","ast-global-header-display":"","ast-banner-title-visibility":"","ast-main-header-display":"","ast-hfb-above-header-display":"","ast-hfb-below-header-display":"","ast-hfb-mobile-header-display":"","site-post-title":"","ast-breadcrumbs-content":"","ast-featured-img":"","footer-sml-layout":"","ast-disable-related-posts":"","theme-transparent-header-meta":"default","adv-header-id-meta":"","stick-header-meta":"","header-above-stick-meta":"","header-main-stick-meta":"","header-below-stick-meta":"","astra-migrate-meta-layouts":"set","ast-page-background-enabled":"default","ast-page-background-meta":{"desktop":{"background-color":"var(--ast-global-color-4)","background-image":"","background-repeat":"repeat","background-position":"center center","background-size":"auto","background-attachment":"scroll","background-type":"","background-media":"","overlay-type":"","overlay-color":"","overlay-opacity":"","overlay-gradient":""},"tablet":{"background-color":"","background-image":"","background-repeat":"repeat","background-position":"center center","background-size":"auto","background-attachment":"scroll","background-type":"","background-media":"","overlay-type":"","overlay-color":"","overlay-opacity":"","overlay-gradient":""},"mobile":{"background-color":"","background-image":"","background-repeat":"repeat","background-position":"center center","background-size":"auto","background-attachment":"scroll","background-type":"","background-media":"","overlay-type":"","overlay-color":"","overlay-opacity":"","overlay-gradient":""}},"ast-content-background-meta":{"desktop":{"background-color":"var(--ast-global-color-5)","background-image":"","background-repeat":"repeat","background-position":"center center","background-size":"auto","background-attachment":"scroll","background-type":"","background-media":"","overlay-type":"","overlay-color":"","overlay-opacity":"","overlay-gradient":""},"tablet":{"background-color":"var(--ast-global-color-5)","background-image":"","background-repeat":"repeat","background-position":"center center","background-size":"auto","background-attachment":"scroll","background-type":"","background-media":"","overlay-type":"","overlay-color":"","overlay-opacity":"","overlay-gradient":""},"mobile":{"background-color":"var(--ast-global-color-5)","background-image":"","background-repeat":"repeat","background-position":"center center","background-size":"auto","background-attachment":"scroll","background-type":"","background-media":"","overlay-type":"","overlay-color":"","overlay-opacity":"","overlay-gradient":""}}},"product_brand":[],"product_cat":[46],"product_tag":[880,861],"class_list":{"0":"post-26618","1":"product","2":"type-product","3":"status-publish","4":"has-post-thumbnail","6":"product_cat-fingerringe-navajo","7":"product_tag-overlay","8":"product_tag-zuni","9":"desktop-align-left","10":"tablet-align-left","11":"mobile-align-left","13":"first","14":"instock","15":"shipping-taxable","16":"purchasable","17":"product-type-simple"},"uagb_featured_image_src":{"full":["https:\/\/www.prairiewind.ch\/newone\/wp-content\/uploads\/2025\/10\/20250527_122419145_iOS-scaled.jpg",2560,1920,false],"thumbnail":["https:\/\/www.prairiewind.ch\/newone\/wp-content\/uploads\/2025\/10\/20250527_122419145_iOS-150x150.webp",150,150,true],"medium":["https:\/\/www.prairiewind.ch\/newone\/wp-content\/uploads\/2025\/10\/20250527_122419145_iOS-300x225.webp",300,225,true],"medium_large":["https:\/\/www.prairiewind.ch\/newone\/wp-content\/uploads\/2025\/10\/20250527_122419145_iOS-768x576.webp",768,576,true],"large":["https:\/\/www.prairiewind.ch\/newone\/wp-content\/uploads\/2025\/10\/20250527_122419145_iOS-1024x768.webp",1024,768,true],"1536x1536":["https:\/\/www.prairiewind.ch\/newone\/wp-content\/uploads\/2025\/10\/20250527_122419145_iOS-1536x1152.webp",1536,1152,true],"2048x2048":["https:\/\/www.prairiewind.ch\/newone\/wp-content\/uploads\/2025\/10\/20250527_122419145_iOS-2048x1536.jpg",2048,1536,true],"hero-banner":["https:\/\/www.prairiewind.ch\/newone\/wp-content\/uploads\/2025\/10\/20250527_122419145_iOS-450x160.webp",450,160,true],"category-thumb":["https:\/\/www.prairiewind.ch\/newone\/wp-content\/uploads\/2025\/10\/20250527_122419145_iOS-200x150.webp",200,150,true],"woocommerce_thumbnail":["https:\/\/www.prairiewind.ch\/newone\/wp-content\/uploads\/2025\/10\/20250527_122419145_iOS-188x141.webp",188,141,true],"woocommerce_single":["https:\/\/www.prairiewind.ch\/newone\/wp-content\/uploads\/2025\/10\/20250527_122419145_iOS-251x188.webp",251,188,true],"woocommerce_gallery_thumbnail":["https:\/\/www.prairiewind.ch\/newone\/wp-content\/uploads\/2025\/10\/20250527_122419145_iOS-100x100.webp",100,100,true]},"uagb_author_info":{"display_name":"Kurt Weissen","author_link":"https:\/\/www.prairiewind.ch\/newone\/author\/"},"uagb_comment_info":0,"uagb_excerpt":"Overlayring aus Sterlingsilber mit Symboldesign: Maiskolben in Schale, Wasserwellen, starker Regen. Gr\u00f6sse: 13 3\/4 Innendurchmesser: 2.3 cm Breite: 1.3 cm","_links":{"self":[{"href":"https:\/\/www.prairiewind.ch\/newone\/wp-json\/wp\/v2\/product\/26618","targetHints":{"allow":["GET"]}}],"collection":[{"href":"https:\/\/www.prairiewind.ch\/newone\/wp-json\/wp\/v2\/product"}],"about":[{"href":"https:\/\/www.prairiewind.ch\/newone\/wp-json\/wp\/v2\/types\/product"}],"version-history":[{"count":0,"href":"https:\/\/www.prairiewind.ch\/newone\/wp-json\/wp\/v2\/product\/26618\/revisions"}],"wp:featuredmedia":[{"embeddable":true,"href":"https:\/\/www.prairiewind.ch\/newone\/wp-json\/wp\/v2\/media\/26620"}],"wp:attachment":[{"href":"https:\/\/www.prairiewind.ch\/newone\/wp-json\/wp\/v2\/media?parent=26618"}],"wp:term":[{"taxonomy":"product_brand","embeddable":true,"href":"https:\/\/www.prairiewind.ch\/newone\/wp-json\/wp\/v2\/product_brand?post=26618"},{"taxonomy":"product_cat","embeddable":true,"href":"https:\/\/www.prairiewind.ch\/newone\/wp-json\/wp\/v2\/product_cat?post=26618"},{"taxonomy":"product_tag","embeddable":true,"href":"https:\/\/www.prairiewind.ch\/newone\/wp-json\/wp\/v2\/product_tag?post=26618"}],"curies":[{"name":"wp","href":"https:\/\/api.w.org\/{rel}","templated":true}]}}