{"id":25228,"date":"2025-08-30T19:14:43","date_gmt":"2025-08-30T17:14:43","guid":{"rendered":"https:\/\/www.prairiewind.ch\/newone\/?post_type=product&#038;p=25228"},"modified":"2025-08-30T19:15:30","modified_gmt":"2025-08-30T17:15:30","slug":"devin-seowtewa-zuni-bandring","status":"publish","type":"product","link":"https:\/\/www.prairiewind.ch\/newone\/produkt\/devin-seowtewa-zuni-bandring\/","title":{"rendered":"Devin Seowtewa (Zuni) &#8211; Bandring"},"content":{"rendered":"<p>Dieser handgearbeitete Bandring von Devin Seowtewa aus der Zuni-Tradition ist aus Sterlingsilber gefertigt und vollst\u00e4ndig mit einem Inlay aus Spiny Oyster Muschel besetzt. Die rechteckigen Steinelemente sind pr\u00e4zise eingefasst und bilden ein umlaufendes Muster, das den Ring durch warme Orange- und Cremet\u00f6ne charakterisiert.<\/p>\n<p>Mit einer Gr\u00f6\u00dfe 7 und einem Innendurchmesser von 1,6 Zentimetern liegt er angenehm am Finger, w\u00e4hrend die Breite von 0,6 Zentimetern ihm eine klare und zugleich elegante Wirkung verleiht. Die Kombination aus traditioneller Zuni-Handwerkskunst und den lebendigen Farben der Spiny Muschel macht dieses St\u00fcck zu einem schlichten, aber ausdrucksstarken Schmuckst\u00fcck, das einzeln getragen oder mit anderen Ringen kombiniert werden kann.<\/p>\n","protected":false},"excerpt":{"rendered":"<p>Bandring aus Sterlingsilber mit <a class=\"wpil_keyword_link\" href=\"https:\/\/www.prairiewind.ch\/newone\/produkt\/shannon-tenorio-kewa-muschelanhaenger-mit-inlay\/\" title=\"Shannon Tenorio (Kewa) &#8211; Muschelanh\u00e4nger mit Inlay\" data-wpil-keyword-link=\"linked\" data-wpil-monitor-id=\"188983\">Inlay<\/a> aus Spiny Muschel<\/p>\n<p>Gr\u00f6sse: 7<br \/>\nInnendurchmesser: 1.6 cm<br \/>\nBreite: 0.6 cm<\/p>\n","protected":false},"featured_media":25230,"template":"","meta":{"_uag_custom_page_level_css":"","site-sidebar-layout":"default","site-content-layout":"","ast-site-content-layout":"default","site-content-style":"default","site-sidebar-style":"default","ast-global-header-display":"","ast-banner-title-visibility":"","ast-main-header-display":"","ast-hfb-above-header-display":"","ast-hfb-below-header-display":"","ast-hfb-mobile-header-display":"","site-post-title":"","ast-breadcrumbs-content":"","ast-featured-img":"","footer-sml-layout":"","ast-disable-related-posts":"","theme-transparent-header-meta":"default","adv-header-id-meta":"","stick-header-meta":"","header-above-stick-meta":"","header-main-stick-meta":"","header-below-stick-meta":"","astra-migrate-meta-layouts":"set","ast-page-background-enabled":"default","ast-page-background-meta":{"desktop":{"background-color":"var(--ast-global-color-4)","background-image":"","background-repeat":"repeat","background-position":"center center","background-size":"auto","background-attachment":"scroll","background-type":"","background-media":"","overlay-type":"","overlay-color":"","overlay-opacity":"","overlay-gradient":""},"tablet":{"background-color":"","background-image":"","background-repeat":"repeat","background-position":"center center","background-size":"auto","background-attachment":"scroll","background-type":"","background-media":"","overlay-type":"","overlay-color":"","overlay-opacity":"","overlay-gradient":""},"mobile":{"background-color":"","background-image":"","background-repeat":"repeat","background-position":"center center","background-size":"auto","background-attachment":"scroll","background-type":"","background-media":"","overlay-type":"","overlay-color":"","overlay-opacity":"","overlay-gradient":""}},"ast-content-background-meta":{"desktop":{"background-color":"var(--ast-global-color-5)","background-image":"","background-repeat":"repeat","background-position":"center center","background-size":"auto","background-attachment":"scroll","background-type":"","background-media":"","overlay-type":"","overlay-color":"","overlay-opacity":"","overlay-gradient":""},"tablet":{"background-color":"var(--ast-global-color-5)","background-image":"","background-repeat":"repeat","background-position":"center center","background-size":"auto","background-attachment":"scroll","background-type":"","background-media":"","overlay-type":"","overlay-color":"","overlay-opacity":"","overlay-gradient":""},"mobile":{"background-color":"var(--ast-global-color-5)","background-image":"","background-repeat":"repeat","background-position":"center center","background-size":"auto","background-attachment":"scroll","background-type":"","background-media":"","overlay-type":"","overlay-color":"","overlay-opacity":"","overlay-gradient":""}}},"product_brand":[],"product_cat":[40],"product_tag":[861],"class_list":{"0":"post-25228","1":"product","2":"type-product","3":"status-publish","4":"has-post-thumbnail","6":"product_cat-fingerringe","7":"product_tag-zuni","8":"desktop-align-left","9":"tablet-align-left","10":"mobile-align-left","12":"first","13":"instock","14":"shipping-taxable","15":"purchasable","16":"product-type-simple"},"uagb_featured_image_src":{"full":["https:\/\/www.prairiewind.ch\/newone\/wp-content\/uploads\/2025\/08\/20250527_125516424_iOS-scaled.jpg",2560,1920,false],"thumbnail":["https:\/\/www.prairiewind.ch\/newone\/wp-content\/uploads\/2025\/08\/20250527_125516424_iOS-150x150.webp",150,150,true],"medium":["https:\/\/www.prairiewind.ch\/newone\/wp-content\/uploads\/2025\/08\/20250527_125516424_iOS-300x225.webp",300,225,true],"medium_large":["https:\/\/www.prairiewind.ch\/newone\/wp-content\/uploads\/2025\/08\/20250527_125516424_iOS-768x576.webp",768,576,true],"large":["https:\/\/www.prairiewind.ch\/newone\/wp-content\/uploads\/2025\/08\/20250527_125516424_iOS-1024x768.webp",1024,768,true],"1536x1536":["https:\/\/www.prairiewind.ch\/newone\/wp-content\/uploads\/2025\/08\/20250527_125516424_iOS-1536x1152.webp",1536,1152,true],"2048x2048":["https:\/\/www.prairiewind.ch\/newone\/wp-content\/uploads\/2025\/08\/20250527_125516424_iOS-2048x1536.jpg",2048,1536,true],"hero-banner":["https:\/\/www.prairiewind.ch\/newone\/wp-content\/uploads\/2025\/08\/20250527_125516424_iOS-450x160.webp",450,160,true],"category-thumb":["https:\/\/www.prairiewind.ch\/newone\/wp-content\/uploads\/2025\/08\/20250527_125516424_iOS-200x150.webp",200,150,true],"woocommerce_thumbnail":["https:\/\/www.prairiewind.ch\/newone\/wp-content\/uploads\/2025\/08\/20250527_125516424_iOS-188x141.webp",188,141,true],"woocommerce_single":["https:\/\/www.prairiewind.ch\/newone\/wp-content\/uploads\/2025\/08\/20250527_125516424_iOS-251x188.webp",251,188,true],"woocommerce_gallery_thumbnail":["https:\/\/www.prairiewind.ch\/newone\/wp-content\/uploads\/2025\/08\/20250527_125516424_iOS-100x100.webp",100,100,true]},"uagb_author_info":{"display_name":"Kurt Weissen","author_link":"https:\/\/www.prairiewind.ch\/newone\/author\/"},"uagb_comment_info":0,"uagb_excerpt":"Bandring aus Sterlingsilber mit Inlay aus Spiny Muschel Gr\u00f6sse: 7 Innendurchmesser: 1.6 cm Breite: 0.6 cm","_links":{"self":[{"href":"https:\/\/www.prairiewind.ch\/newone\/wp-json\/wp\/v2\/product\/25228","targetHints":{"allow":["GET"]}}],"collection":[{"href":"https:\/\/www.prairiewind.ch\/newone\/wp-json\/wp\/v2\/product"}],"about":[{"href":"https:\/\/www.prairiewind.ch\/newone\/wp-json\/wp\/v2\/types\/product"}],"version-history":[{"count":2,"href":"https:\/\/www.prairiewind.ch\/newone\/wp-json\/wp\/v2\/product\/25228\/revisions"}],"predecessor-version":[{"id":112059,"href":"https:\/\/www.prairiewind.ch\/newone\/wp-json\/wp\/v2\/product\/25228\/revisions\/112059"}],"wp:featuredmedia":[{"embeddable":true,"href":"https:\/\/www.prairiewind.ch\/newone\/wp-json\/wp\/v2\/media\/25230"}],"wp:attachment":[{"href":"https:\/\/www.prairiewind.ch\/newone\/wp-json\/wp\/v2\/media?parent=25228"}],"wp:term":[{"taxonomy":"product_brand","embeddable":true,"href":"https:\/\/www.prairiewind.ch\/newone\/wp-json\/wp\/v2\/product_brand?post=25228"},{"taxonomy":"product_cat","embeddable":true,"href":"https:\/\/www.prairiewind.ch\/newone\/wp-json\/wp\/v2\/product_cat?post=25228"},{"taxonomy":"product_tag","embeddable":true,"href":"https:\/\/www.prairiewind.ch\/newone\/wp-json\/wp\/v2\/product_tag?post=25228"}],"curies":[{"name":"wp","href":"https:\/\/api.w.org\/{rel}","templated":true}]}}