{"id":20662,"date":"2025-04-05T18:44:11","date_gmt":"2025-04-05T17:44:11","guid":{"rendered":"https:\/\/www.prairiewind.ch\/newone\/?post_type=product&#038;p=20662"},"modified":"2026-01-12T08:27:41","modified_gmt":"2026-01-12T06:27:41","slug":"shannon-tenorio-kewa-muschelanhaenger-mit-inlay","status":"publish","type":"product","link":"https:\/\/www.prairiewind.ch\/newone\/produkt\/shannon-tenorio-kewa-muschelanhaenger-mit-inlay\/","title":{"rendered":"Shannon Tenorio (Kewa) &#8211; Muschelanh\u00e4nger mit Inlay"},"content":{"rendered":"<p class=\"\" data-start=\"207\" data-end=\"656\">Paar Ohrh\u00e4nger von Shannon Tenorio (Kewa), gefertigt aus goldfarbener <em data-start=\"277\" data-end=\"292\">Goldlip Shell<\/em> (<a href=\"https:\/\/www.prairiewind.ch\/newone\/produkt\/betty-rodriguez-kewa-unregelmaessige-tuerkishalskette\/\">Goldlippenmuschel<\/a>). Die Form orientiert sich an der nat\u00fcrlichen F\u00e4cherstruktur der <a href=\"https:\/\/www.prairiewind.ch\/newone\/produkt\/charlene-reano-kewa-muschelanhaenger\/\">Muschelschalen<\/a>, die durch die radial verlaufenden Rippen deutlich sichtbar ist. Die Schalen wurden behutsam zugeschnitten, poliert und in ihrer nat\u00fcrlichen Gelbf\u00e4rbung belassen. Leichte Unregelm\u00e4\u00dfigkeiten an den R\u00e4ndern deuten auf Handarbeit und organisches Ausgangsmaterial hin.<\/p>\n<p class=\"\" data-start=\"658\" data-end=\"1039\">Im oberen Bereich jedes Anh\u00e4ngers ist ein geometrisch gearbeitetes Inlay eingearbeitet, bestehend aus t\u00fcrkisfarbenen Segmenten in unterschiedlichen T\u00f6nungen und Maserungen. Diese sind in <a href=\"https:\/\/www.prairiewind.ch\/newone\/produkt\/181003-delores-tootsie-hopi-schale-in-form-eines-vogels\/\" data-wpil-monitor-id=\"2186\">ein trapezf\u00f6rmiges<\/a> Element eingef\u00fcgt. Eine schmale horizontale Linie aus Perlmutt trennt das Inlay optisch von der Muschelschale und bildet einen hellen Kontrast zur intensiven Farbe des <a href=\"https:\/\/www.prairiewind.ch\/newone\/produkt\/augustine-lovato-kewa-zweireihige-tuerkiskette\/\">Augustine Lovato Kewa 8211 Zweireihige Trkiskette<\/a><a href=\"https:\/\/www.prairiewind.ch\/newone\/produkt\/augustine-lovato-kewa-zweireihige-tuerkiskette\/\">Augustine Lovato (Kewa) \u2013 zweireihige T\u00fcrkiskette<\/a>.<\/p>\n<p class=\"\" data-start=\"1041\" data-end=\"1193\">An der \u00d6se jedes <a href=\"https:\/\/www.prairiewind.ch\/newone\/produkt\/lenore-cheykaychi-kewa-hopi-lange-ohrhaenger\/\" data-wpil-monitor-id=\"2136\">Ohrh\u00e4ngers befindet<\/a> sich eine kleine, rund geschliffene Perle aus Malachit. Die Ohrhaken bestehen aus Metall und sind schlicht gebogen.<\/p>\n","protected":false},"excerpt":{"rendered":"<p>Ohrh\u00e4nger aus goldlip Shell (<span class=\"Y2IQFc\" lang=\"de\">Goldlippenmuschel) mit einem Inlay aus T\u00fcrkis, Perlmutt (Linie). Auf der \u00d6se eine winzige Perle aus Malachit<\/span><\/p>\n<p>H\u00f6he: 5.5 cm (ohne \u00d6se)<br \/>\nBreite: 3 cm<\/p>\n","protected":false},"featured_media":20663,"template":"","meta":{"_uag_custom_page_level_css":"","site-sidebar-layout":"default","site-content-layout":"","ast-site-content-layout":"default","site-content-style":"default","site-sidebar-style":"default","ast-global-header-display":"","ast-banner-title-visibility":"","ast-main-header-display":"","ast-hfb-above-header-display":"","ast-hfb-below-header-display":"","ast-hfb-mobile-header-display":"","site-post-title":"","ast-breadcrumbs-content":"","ast-featured-img":"","footer-sml-layout":"","ast-disable-related-posts":"","theme-transparent-header-meta":"default","adv-header-id-meta":"","stick-header-meta":"","header-above-stick-meta":"","header-main-stick-meta":"","header-below-stick-meta":"","astra-migrate-meta-layouts":"set","ast-page-background-enabled":"default","ast-page-background-meta":{"desktop":{"background-color":"var(--ast-global-color-4)","background-image":"","background-repeat":"repeat","background-position":"center center","background-size":"auto","background-attachment":"scroll","background-type":"","background-media":"","overlay-type":"","overlay-color":"","overlay-opacity":"","overlay-gradient":""},"tablet":{"background-color":"","background-image":"","background-repeat":"repeat","background-position":"center center","background-size":"auto","background-attachment":"scroll","background-type":"","background-media":"","overlay-type":"","overlay-color":"","overlay-opacity":"","overlay-gradient":""},"mobile":{"background-color":"","background-image":"","background-repeat":"repeat","background-position":"center center","background-size":"auto","background-attachment":"scroll","background-type":"","background-media":"","overlay-type":"","overlay-color":"","overlay-opacity":"","overlay-gradient":""}},"ast-content-background-meta":{"desktop":{"background-color":"var(--ast-global-color-5)","background-image":"","background-repeat":"repeat","background-position":"center center","background-size":"auto","background-attachment":"scroll","background-type":"","background-media":"","overlay-type":"","overlay-color":"","overlay-opacity":"","overlay-gradient":""},"tablet":{"background-color":"var(--ast-global-color-5)","background-image":"","background-repeat":"repeat","background-position":"center center","background-size":"auto","background-attachment":"scroll","background-type":"","background-media":"","overlay-type":"","overlay-color":"","overlay-opacity":"","overlay-gradient":""},"mobile":{"background-color":"var(--ast-global-color-5)","background-image":"","background-repeat":"repeat","background-position":"center center","background-size":"auto","background-attachment":"scroll","background-type":"","background-media":"","overlay-type":"","overlay-color":"","overlay-opacity":"","overlay-gradient":""}}},"product_brand":[],"product_cat":[41],"product_tag":[857,875],"class_list":{"0":"post-20662","1":"product","2":"type-product","3":"status-publish","4":"has-post-thumbnail","6":"product_cat-ohrringe","7":"product_tag-kewa","8":"product_tag-tuerkis","9":"desktop-align-left","10":"tablet-align-left","11":"mobile-align-left","13":"first","14":"instock","15":"shipping-taxable","16":"purchasable","17":"product-type-simple"},"uagb_featured_image_src":{"full":["https:\/\/www.prairiewind.ch\/newone\/wp-content\/uploads\/2025\/04\/20250321_110213658_iOS-scaled.webp",1920,1440,false],"thumbnail":["https:\/\/www.prairiewind.ch\/newone\/wp-content\/uploads\/2025\/04\/20250321_110213658_iOS-scaled-150x150.webp",150,150,true],"medium":["https:\/\/www.prairiewind.ch\/newone\/wp-content\/uploads\/2025\/04\/20250321_110213658_iOS-scaled-300x225.webp",300,225,true],"medium_large":["https:\/\/www.prairiewind.ch\/newone\/wp-content\/uploads\/2025\/04\/20250321_110213658_iOS-scaled-768x576.webp",768,576,true],"large":["https:\/\/www.prairiewind.ch\/newone\/wp-content\/uploads\/2025\/04\/20250321_110213658_iOS-scaled-1024x768.webp",1024,768,true],"1536x1536":["https:\/\/www.prairiewind.ch\/newone\/wp-content\/uploads\/2025\/04\/20250321_110213658_iOS-scaled-1536x1152.webp",1536,1152,true],"2048x2048":["https:\/\/www.prairiewind.ch\/newone\/wp-content\/uploads\/2025\/04\/20250321_110213658_iOS-2048x1536.webp",1920,1440,true],"hero-banner":["https:\/\/www.prairiewind.ch\/newone\/wp-content\/uploads\/2025\/04\/20250321_110213658_iOS-scaled-450x160.webp",450,160,true],"category-thumb":["https:\/\/www.prairiewind.ch\/newone\/wp-content\/uploads\/2025\/04\/20250321_110213658_iOS-scaled-200x150.webp",200,150,true],"woocommerce_thumbnail":["https:\/\/www.prairiewind.ch\/newone\/wp-content\/uploads\/2025\/04\/20250321_110213658_iOS-scaled-188x141.webp",188,141,true],"woocommerce_single":["https:\/\/www.prairiewind.ch\/newone\/wp-content\/uploads\/2025\/04\/20250321_110213658_iOS-scaled-251x188.webp",251,188,true],"woocommerce_gallery_thumbnail":["https:\/\/www.prairiewind.ch\/newone\/wp-content\/uploads\/2025\/04\/20250321_110213658_iOS-scaled-100x100.webp",100,100,true]},"uagb_author_info":{"display_name":"Kurt Weissen","author_link":"https:\/\/www.prairiewind.ch\/newone\/author\/"},"uagb_comment_info":0,"uagb_excerpt":"Ohrh\u00e4nger aus goldlip Shell (Goldlippenmuschel) mit einem Inlay aus T\u00fcrkis, Perlmutt (Linie). Auf der \u00d6se eine winzige Perle aus Malachit H\u00f6he: 5.5 cm (ohne \u00d6se) Breite: 3 cm","_links":{"self":[{"href":"https:\/\/www.prairiewind.ch\/newone\/wp-json\/wp\/v2\/product\/20662","targetHints":{"allow":["GET"]}}],"collection":[{"href":"https:\/\/www.prairiewind.ch\/newone\/wp-json\/wp\/v2\/product"}],"about":[{"href":"https:\/\/www.prairiewind.ch\/newone\/wp-json\/wp\/v2\/types\/product"}],"version-history":[{"count":1,"href":"https:\/\/www.prairiewind.ch\/newone\/wp-json\/wp\/v2\/product\/20662\/revisions"}],"predecessor-version":[{"id":68452,"href":"https:\/\/www.prairiewind.ch\/newone\/wp-json\/wp\/v2\/product\/20662\/revisions\/68452"}],"wp:featuredmedia":[{"embeddable":true,"href":"https:\/\/www.prairiewind.ch\/newone\/wp-json\/wp\/v2\/media\/20663"}],"wp:attachment":[{"href":"https:\/\/www.prairiewind.ch\/newone\/wp-json\/wp\/v2\/media?parent=20662"}],"wp:term":[{"taxonomy":"product_brand","embeddable":true,"href":"https:\/\/www.prairiewind.ch\/newone\/wp-json\/wp\/v2\/product_brand?post=20662"},{"taxonomy":"product_cat","embeddable":true,"href":"https:\/\/www.prairiewind.ch\/newone\/wp-json\/wp\/v2\/product_cat?post=20662"},{"taxonomy":"product_tag","embeddable":true,"href":"https:\/\/www.prairiewind.ch\/newone\/wp-json\/wp\/v2\/product_tag?post=20662"}],"curies":[{"name":"wp","href":"https:\/\/api.w.org\/{rel}","templated":true}]}}