{"id":20657,"date":"2025-04-05T18:26:09","date_gmt":"2025-04-05T17:26:09","guid":{"rendered":"https:\/\/www.prairiewind.ch\/newone\/?post_type=product&#038;p=20657"},"modified":"2025-07-15T20:27:00","modified_gmt":"2025-07-15T18:27:00","slug":"lenore-cheykaychi-kewa-hopi-lange-ohrhaenger","status":"publish","type":"product","link":"https:\/\/www.prairiewind.ch\/newone\/produkt\/lenore-cheykaychi-kewa-hopi-lange-ohrhaenger\/","title":{"rendered":"Lenore Cheykaychi (Kewa-Hopi) &#8211; lange Ohrh\u00e4nger"},"content":{"rendered":"<p class=\"\" data-start=\"154\" data-end=\"558\">Dieses <a href=\"https:\/\/www.prairiewind.ch\/newone\/produkt\/betty-rodriguez-kewa-unregelmaessige-tuerkishalskette\/\">Paar langer Ohrh\u00e4nger<\/a> wurde von Lenore Cheykaychi gefertigt, einer K\u00fcnstlerin mit famili\u00e4ren Wurzeln bei den Kewa (Santo Domingo Pueblo) und Hopi. Die Ohrh\u00e4nger bestehen aus jeweils einer senkrechten Reihe rotbrauner Scheibenperlen aus Apple Coral. Die Perlen sind regelm\u00e4\u00dfig geschliffen und leicht gl\u00e4nzend. Ihre warmrote Farbe zeigt nat\u00fcrliche Variationen, die f\u00fcr diesen Werkstoff typisch sind.<\/p>\n<p class=\"\" data-start=\"560\" data-end=\"1028\">Zwischen den Apple-Coral-Perlen sind vereinzelt hellere Einlagen sichtbar, vermutlich kleine Muschelscheiben. Diese setzen dezente farbliche Akzente und verleihen <a href=\"https:\/\/www.prairiewind.ch\/newone\/produkt\/181003-delores-tootsie-hopi-schale-in-form-eines-vogels\/\" data-wpil-monitor-id=\"2187\">den H\u00e4ngern eine<\/a> rhythmische Gliederung. Den unteren Abschluss bildet jeweils eine flach geschliffene T\u00fcrkisperle <a href=\"https:\/\/www.prairiewind.ch\/newone\/produkt\/raymond-gasper-zuni-muschelkette\/\" data-wpil-monitor-id=\"2105\">Raymond Gasper Zuni 8211 Muschelkette Mit Guide<\/a> sichtbarer Maserung, gefasst durch ein kleines, rundes Metallelement. Die Kombination von <a href=\"https:\/\/www.prairiewind.ch\/newone\/produkt\/augustine-lovato-kewa-zweireihige-tuerkiskette\/\">Apple Coral<\/a> und T\u00fcrkis ist charakteristisch f\u00fcr <a href=\"https:\/\/www.prairiewind.ch\/newone\/produkt\/charlene-reano-kewa-muschelanhaenger\/\">traditionellen Schmuck<\/a> aus dem S\u00fcdwesten der USA.<\/p>\n<p class=\"\" data-start=\"1030\" data-end=\"1198\">Die Ohrhaken bestehen aus Metall und sind schlicht gearbeitet. Die gesamte Gestaltung ist zur\u00fcckhaltend, mit klarer Linienf\u00fchrung und <a href=\"https:\/\/www.prairiewind.ch\/newone\/produkt\/verna-kaskalla-zuni-kette\/\" data-wpil-monitor-id=\"2096\">traditioneller<\/a> Materialverwendung.<\/p>\n","protected":false},"excerpt":{"rendered":"<p>Lange Ohrh\u00e4nger <a href=\"https:\/\/www.prairiewind.ch\/newone\/produkt\/rosita-kaamasee-zuni-halskette-mit-voegeln\/\" data-wpil-monitor-id=\"2124\">mit<\/a> Str\u00e4ngen von Apple Coral Perlen zwischen denen feine M\u00fcschelchen sind. Den Abschluss macht je eine T\u00fcrkisperle<\/p>\n<p>L\u00e4nge: 4.8 cm (ohne B\u00fcgel)<\/p>\n","protected":false},"featured_media":20661,"template":"","meta":{"_uag_custom_page_level_css":"","site-sidebar-layout":"default","site-content-layout":"","ast-site-content-layout":"default","site-content-style":"default","site-sidebar-style":"default","ast-global-header-display":"","ast-banner-title-visibility":"","ast-main-header-display":"","ast-hfb-above-header-display":"","ast-hfb-below-header-display":"","ast-hfb-mobile-header-display":"","site-post-title":"","ast-breadcrumbs-content":"","ast-featured-img":"","footer-sml-layout":"","ast-disable-related-posts":"","theme-transparent-header-meta":"default","adv-header-id-meta":"","stick-header-meta":"","header-above-stick-meta":"","header-main-stick-meta":"","header-below-stick-meta":"","astra-migrate-meta-layouts":"set","ast-page-background-enabled":"default","ast-page-background-meta":{"desktop":{"background-color":"var(--ast-global-color-4)","background-image":"","background-repeat":"repeat","background-position":"center center","background-size":"auto","background-attachment":"scroll","background-type":"","background-media":"","overlay-type":"","overlay-color":"","overlay-opacity":"","overlay-gradient":""},"tablet":{"background-color":"","background-image":"","background-repeat":"repeat","background-position":"center center","background-size":"auto","background-attachment":"scroll","background-type":"","background-media":"","overlay-type":"","overlay-color":"","overlay-opacity":"","overlay-gradient":""},"mobile":{"background-color":"","background-image":"","background-repeat":"repeat","background-position":"center center","background-size":"auto","background-attachment":"scroll","background-type":"","background-media":"","overlay-type":"","overlay-color":"","overlay-opacity":"","overlay-gradient":""}},"ast-content-background-meta":{"desktop":{"background-color":"var(--ast-global-color-5)","background-image":"","background-repeat":"repeat","background-position":"center center","background-size":"auto","background-attachment":"scroll","background-type":"","background-media":"","overlay-type":"","overlay-color":"","overlay-opacity":"","overlay-gradient":""},"tablet":{"background-color":"var(--ast-global-color-5)","background-image":"","background-repeat":"repeat","background-position":"center center","background-size":"auto","background-attachment":"scroll","background-type":"","background-media":"","overlay-type":"","overlay-color":"","overlay-opacity":"","overlay-gradient":""},"mobile":{"background-color":"var(--ast-global-color-5)","background-image":"","background-repeat":"repeat","background-position":"center center","background-size":"auto","background-attachment":"scroll","background-type":"","background-media":"","overlay-type":"","overlay-color":"","overlay-opacity":"","overlay-gradient":""}}},"product_brand":[],"product_cat":[41],"product_tag":[856,857,875],"class_list":{"0":"post-20657","1":"product","2":"type-product","3":"status-publish","4":"has-post-thumbnail","6":"product_cat-ohrringe","7":"product_tag-hopi","8":"product_tag-kewa","9":"product_tag-tuerkis","10":"desktop-align-left","11":"tablet-align-left","12":"mobile-align-left","14":"first","15":"instock","16":"sold-individually","17":"shipping-taxable","18":"purchasable","19":"product-type-simple"},"uagb_featured_image_src":{"full":["https:\/\/www.prairiewind.ch\/newone\/wp-content\/uploads\/2025\/04\/20250321_111225375_iOS-scaled.webp",1920,1440,false],"thumbnail":["https:\/\/www.prairiewind.ch\/newone\/wp-content\/uploads\/2025\/04\/20250321_111225375_iOS-scaled-150x150.webp",150,150,true],"medium":["https:\/\/www.prairiewind.ch\/newone\/wp-content\/uploads\/2025\/04\/20250321_111225375_iOS-scaled-300x225.webp",300,225,true],"medium_large":["https:\/\/www.prairiewind.ch\/newone\/wp-content\/uploads\/2025\/04\/20250321_111225375_iOS-scaled-768x576.webp",768,576,true],"large":["https:\/\/www.prairiewind.ch\/newone\/wp-content\/uploads\/2025\/04\/20250321_111225375_iOS-scaled-1024x768.webp",1024,768,true],"1536x1536":["https:\/\/www.prairiewind.ch\/newone\/wp-content\/uploads\/2025\/04\/20250321_111225375_iOS-scaled-1536x1152.webp",1536,1152,true],"2048x2048":["https:\/\/www.prairiewind.ch\/newone\/wp-content\/uploads\/2025\/04\/20250321_111225375_iOS-2048x1536.webp",1920,1440,true],"hero-banner":["https:\/\/www.prairiewind.ch\/newone\/wp-content\/uploads\/2025\/04\/20250321_111225375_iOS-scaled-450x160.webp",450,160,true],"category-thumb":["https:\/\/www.prairiewind.ch\/newone\/wp-content\/uploads\/2025\/04\/20250321_111225375_iOS-scaled-200x150.webp",200,150,true],"woocommerce_thumbnail":["https:\/\/www.prairiewind.ch\/newone\/wp-content\/uploads\/2025\/04\/20250321_111225375_iOS-scaled-188x141.webp",188,141,true],"woocommerce_single":["https:\/\/www.prairiewind.ch\/newone\/wp-content\/uploads\/2025\/04\/20250321_111225375_iOS-scaled-251x188.webp",251,188,true],"woocommerce_gallery_thumbnail":["https:\/\/www.prairiewind.ch\/newone\/wp-content\/uploads\/2025\/04\/20250321_111225375_iOS-scaled-100x100.webp",100,100,true]},"uagb_author_info":{"display_name":"Kurt Weissen","author_link":"https:\/\/www.prairiewind.ch\/newone\/author\/"},"uagb_comment_info":0,"uagb_excerpt":"Lange Ohrh\u00e4nger mit Str\u00e4ngen von Apple Coral Perlen zwischen denen feine M\u00fcschelchen sind. Den Abschluss macht je eine T\u00fcrkisperle L\u00e4nge: 4.8 cm (ohne B\u00fcgel)","_links":{"self":[{"href":"https:\/\/www.prairiewind.ch\/newone\/wp-json\/wp\/v2\/product\/20657","targetHints":{"allow":["GET"]}}],"collection":[{"href":"https:\/\/www.prairiewind.ch\/newone\/wp-json\/wp\/v2\/product"}],"about":[{"href":"https:\/\/www.prairiewind.ch\/newone\/wp-json\/wp\/v2\/types\/product"}],"version-history":[{"count":2,"href":"https:\/\/www.prairiewind.ch\/newone\/wp-json\/wp\/v2\/product\/20657\/revisions"}],"predecessor-version":[{"id":112017,"href":"https:\/\/www.prairiewind.ch\/newone\/wp-json\/wp\/v2\/product\/20657\/revisions\/112017"}],"wp:featuredmedia":[{"embeddable":true,"href":"https:\/\/www.prairiewind.ch\/newone\/wp-json\/wp\/v2\/media\/20661"}],"wp:attachment":[{"href":"https:\/\/www.prairiewind.ch\/newone\/wp-json\/wp\/v2\/media?parent=20657"}],"wp:term":[{"taxonomy":"product_brand","embeddable":true,"href":"https:\/\/www.prairiewind.ch\/newone\/wp-json\/wp\/v2\/product_brand?post=20657"},{"taxonomy":"product_cat","embeddable":true,"href":"https:\/\/www.prairiewind.ch\/newone\/wp-json\/wp\/v2\/product_cat?post=20657"},{"taxonomy":"product_tag","embeddable":true,"href":"https:\/\/www.prairiewind.ch\/newone\/wp-json\/wp\/v2\/product_tag?post=20657"}],"curies":[{"name":"wp","href":"https:\/\/api.w.org\/{rel}","templated":true}]}}