{"id":20418,"date":"2024-12-17T15:33:26","date_gmt":"2024-12-17T14:33:26","guid":{"rendered":"https:\/\/www.prairiewind.ch\/newone\/?post_type=product&#038;p=20418"},"modified":"2025-09-17T12:06:17","modified_gmt":"2025-09-17T10:06:17","slug":"morris-begay-navajo-armreif-mit-channel-inlay","status":"publish","type":"product","link":"https:\/\/www.prairiewind.ch\/newone\/produkt\/morris-begay-navajo-armreif-mit-channel-inlay\/","title":{"rendered":"Morris Begay (Navajo) &#8211; Armreif mit Channel Inlay"},"content":{"rendered":"<p>Dieser Armreif von Morris Begay ist aus Sterlingsilber gefertigt und mit einem Channel Inlay aus \u201eWild Horse\u201c-Stein (einer Mischung aus Hematite und Howlite) versehen. Der Armreif hat einen Innendurchmesser von 5,8 cm, eine Breite von 0,7 cm und eine \u00d6ffnung von 2,8 cm.<\/p>\n<p>Channel Inlay ist eine traditionelle Technik in der Navajo-Schmuckherstellung, bei der einzelne Steinst\u00fccke pr\u00e4zise geschnitten und in schmale Silberkan\u00e4le eingefasst werden. Das Silber dient dabei nicht nur als Fassung, sondern bildet auch schmale Linien zwischen den Steinen, wodurch <a href=\"https:\/\/www.prairiewind.ch\/newone\/produkt\/181003-delores-tootsie-hopi-schale-in-form-eines-vogels\/\" data-wpil-monitor-id=\"2189\">ein klar strukturiertes und<\/a> harmonisches Muster entsteht. Diese Technik erfordert ein hohes Ma\u00df an <a href=\"https:\/\/www.prairiewind.ch\/newone\/produkt\/pferdehaaranhaenger\/\" data-wpil-monitor-id=\"2300\">handwerklicher Pr\u00e4zision<\/a> und Geschick.<\/p>\n<p>Der \u201eWild Horse\u201c-Stein zeichnet sich durch seine markante Maserung aus und <a href=\"https:\/\/www.prairiewind.ch\/newone\/produkt\/herb-halate-zuni-bergloewe-buendel\/\" data-wpil-monitor-id=\"2222\">verleiht dem Schmuckst\u00fcck<\/a> ein nat\u00fcrliches und zugleich edles Erscheinungsbild. Dieser <a href=\"https:\/\/www.prairiewind.ch\/newone\/produkt\/b-jackson-navajo-armreif\/\" data-wpil-monitor-id=\"2039\">B. Jackson (Navajo) \u2013 Armreif<\/a> vereint traditionelle Navajo-Handwerkskunst mit der Sch\u00f6nheit nat\u00fcrlicher Materialien zu einem ausdrucksstarken Schmuckst\u00fcck.<\/p>\n","protected":false},"excerpt":{"rendered":"<p>Morris Begay (Navajo) &#8211; <a href=\"\/\" data-wpil-monitor-id=\"2055\">Armreif<\/a> mit Channel Inlay<\/p>\n<p>Armreif aus Sterlingsilber mit Channel Inlay aus &#171;Wild Horse&#187;-Stein (Hematite\/Howlite)<\/p>\n<p>Innendurchmesser: 5.8 cm<br \/>\nBreite: 0.7 cm<br \/>\n\u00d6ffnung: 2.8 cm<\/p>\n","protected":false},"featured_media":20420,"template":"","meta":{"_uag_custom_page_level_css":"","site-sidebar-layout":"default","site-content-layout":"","ast-site-content-layout":"default","site-content-style":"default","site-sidebar-style":"default","ast-global-header-display":"","ast-banner-title-visibility":"","ast-main-header-display":"","ast-hfb-above-header-display":"","ast-hfb-below-header-display":"","ast-hfb-mobile-header-display":"","site-post-title":"","ast-breadcrumbs-content":"","ast-featured-img":"","footer-sml-layout":"","ast-disable-related-posts":"","theme-transparent-header-meta":"default","adv-header-id-meta":"","stick-header-meta":"","header-above-stick-meta":"","header-main-stick-meta":"","header-below-stick-meta":"","astra-migrate-meta-layouts":"set","ast-page-background-enabled":"default","ast-page-background-meta":{"desktop":{"background-color":"var(--ast-global-color-4)","background-image":"","background-repeat":"repeat","background-position":"center center","background-size":"auto","background-attachment":"scroll","background-type":"","background-media":"","overlay-type":"","overlay-color":"","overlay-opacity":"","overlay-gradient":""},"tablet":{"background-color":"","background-image":"","background-repeat":"repeat","background-position":"center center","background-size":"auto","background-attachment":"scroll","background-type":"","background-media":"","overlay-type":"","overlay-color":"","overlay-opacity":"","overlay-gradient":""},"mobile":{"background-color":"","background-image":"","background-repeat":"repeat","background-position":"center center","background-size":"auto","background-attachment":"scroll","background-type":"","background-media":"","overlay-type":"","overlay-color":"","overlay-opacity":"","overlay-gradient":""}},"ast-content-background-meta":{"desktop":{"background-color":"var(--ast-global-color-5)","background-image":"","background-repeat":"repeat","background-position":"center center","background-size":"auto","background-attachment":"scroll","background-type":"","background-media":"","overlay-type":"","overlay-color":"","overlay-opacity":"","overlay-gradient":""},"tablet":{"background-color":"var(--ast-global-color-5)","background-image":"","background-repeat":"repeat","background-position":"center center","background-size":"auto","background-attachment":"scroll","background-type":"","background-media":"","overlay-type":"","overlay-color":"","overlay-opacity":"","overlay-gradient":""},"mobile":{"background-color":"var(--ast-global-color-5)","background-image":"","background-repeat":"repeat","background-position":"center center","background-size":"auto","background-attachment":"scroll","background-type":"","background-media":"","overlay-type":"","overlay-color":"","overlay-opacity":"","overlay-gradient":""}}},"product_brand":[],"product_cat":[39],"product_tag":[858],"class_list":{"0":"post-20418","1":"product","2":"type-product","3":"status-publish","4":"has-post-thumbnail","6":"product_cat-armreifen","7":"product_tag-navajo","8":"desktop-align-left","9":"tablet-align-left","10":"mobile-align-left","12":"first","13":"instock","14":"shipping-taxable","15":"purchasable","16":"product-type-simple"},"uagb_featured_image_src":{"full":["https:\/\/www.prairiewind.ch\/newone\/wp-content\/uploads\/2024\/12\/20241209_210308926_iOS-scaled.webp",1920,1440,false],"thumbnail":["https:\/\/www.prairiewind.ch\/newone\/wp-content\/uploads\/2024\/12\/20241209_210308926_iOS-scaled-150x150.webp",150,150,true],"medium":["https:\/\/www.prairiewind.ch\/newone\/wp-content\/uploads\/2024\/12\/20241209_210308926_iOS-scaled-300x225.webp",300,225,true],"medium_large":["https:\/\/www.prairiewind.ch\/newone\/wp-content\/uploads\/2024\/12\/20241209_210308926_iOS-scaled-768x576.webp",768,576,true],"large":["https:\/\/www.prairiewind.ch\/newone\/wp-content\/uploads\/2024\/12\/20241209_210308926_iOS-scaled-1024x768.webp",1024,768,true],"1536x1536":["https:\/\/www.prairiewind.ch\/newone\/wp-content\/uploads\/2024\/12\/20241209_210308926_iOS-scaled-1536x1152.webp",1536,1152,true],"2048x2048":["https:\/\/www.prairiewind.ch\/newone\/wp-content\/uploads\/2024\/12\/20241209_210308926_iOS-2048x1536.webp",1920,1440,true],"hero-banner":["https:\/\/www.prairiewind.ch\/newone\/wp-content\/uploads\/2024\/12\/20241209_210308926_iOS-scaled-450x160.webp",450,160,true],"category-thumb":["https:\/\/www.prairiewind.ch\/newone\/wp-content\/uploads\/2024\/12\/20241209_210308926_iOS-scaled-200x150.webp",200,150,true],"woocommerce_thumbnail":["https:\/\/www.prairiewind.ch\/newone\/wp-content\/uploads\/2024\/12\/20241209_210308926_iOS-scaled-188x141.webp",188,141,true],"woocommerce_single":["https:\/\/www.prairiewind.ch\/newone\/wp-content\/uploads\/2024\/12\/20241209_210308926_iOS-scaled-251x188.webp",251,188,true],"woocommerce_gallery_thumbnail":["https:\/\/www.prairiewind.ch\/newone\/wp-content\/uploads\/2024\/12\/20241209_210308926_iOS-scaled-100x100.webp",100,100,true]},"uagb_author_info":{"display_name":"Kurt Weissen","author_link":"https:\/\/www.prairiewind.ch\/newone\/author\/"},"uagb_comment_info":0,"uagb_excerpt":"Morris Begay (Navajo) - Armreif mit Channel Inlay Armreif aus Sterlingsilber mit Channel Inlay aus \"Wild Horse\"-Stein (Hematite\/Howlite) Innendurchmesser: 5.8 cm Breite: 0.7 cm \u00d6ffnung: 2.8 cm","_links":{"self":[{"href":"https:\/\/www.prairiewind.ch\/newone\/wp-json\/wp\/v2\/product\/20418","targetHints":{"allow":["GET"]}}],"collection":[{"href":"https:\/\/www.prairiewind.ch\/newone\/wp-json\/wp\/v2\/product"}],"about":[{"href":"https:\/\/www.prairiewind.ch\/newone\/wp-json\/wp\/v2\/types\/product"}],"version-history":[{"count":1,"href":"https:\/\/www.prairiewind.ch\/newone\/wp-json\/wp\/v2\/product\/20418\/revisions"}],"predecessor-version":[{"id":68596,"href":"https:\/\/www.prairiewind.ch\/newone\/wp-json\/wp\/v2\/product\/20418\/revisions\/68596"}],"wp:featuredmedia":[{"embeddable":true,"href":"https:\/\/www.prairiewind.ch\/newone\/wp-json\/wp\/v2\/media\/20420"}],"wp:attachment":[{"href":"https:\/\/www.prairiewind.ch\/newone\/wp-json\/wp\/v2\/media?parent=20418"}],"wp:term":[{"taxonomy":"product_brand","embeddable":true,"href":"https:\/\/www.prairiewind.ch\/newone\/wp-json\/wp\/v2\/product_brand?post=20418"},{"taxonomy":"product_cat","embeddable":true,"href":"https:\/\/www.prairiewind.ch\/newone\/wp-json\/wp\/v2\/product_cat?post=20418"},{"taxonomy":"product_tag","embeddable":true,"href":"https:\/\/www.prairiewind.ch\/newone\/wp-json\/wp\/v2\/product_tag?post=20418"}],"curies":[{"name":"wp","href":"https:\/\/api.w.org\/{rel}","templated":true}]}}