{"id":20390,"date":"2024-12-13T12:16:47","date_gmt":"2024-12-13T11:16:47","guid":{"rendered":"https:\/\/www.prairiewind.ch\/newone\/?post_type=product&#038;p=20390"},"modified":"2025-07-15T20:17:28","modified_gmt":"2025-07-15T18:17:28","slug":"betty-rodriguez-kewa-muschelhalskette","status":"publish","type":"product","link":"https:\/\/www.prairiewind.ch\/newone\/produkt\/betty-rodriguez-kewa-muschelhalskette\/","title":{"rendered":"Betty Rodriguez (Kewa) &#8211; Muschelhalskette"},"content":{"rendered":"<p>Diese zweireihige Halskette ist aus feinster Olive Baby Muschel gefertigt und wird an den Enden von jeweils zwei T\u00fcrkisnuggets abgeschlossen. Insgesamt sind acht gr\u00fcne T\u00fcrkisperlen kunstvoll in das Design eingearbeitet. Der Verschluss besteht aus Sterlingsilber und erg\u00e4nzt die Kette funktional und \u00e4sthetisch.<\/p>\n<p>Mit einer L\u00e4nge von 85 cm und einer Breite von 0,2 bis 0,3 cm kombiniert diese Kette die feine Verarbeitung nat\u00fcrlicher Materialien mit der <a href=\"https:\/\/www.prairiewind.ch\/newone\/produkt\/verna-kaskalla-zuni-kette\/\"  data-wpil-monitor-id=\"2097\">Verna Kaskalla (Zuni) &#8211; traditionelle<\/a> Handwerkskunst der Kewa-Kultur.<\/p>\n","protected":false},"excerpt":{"rendered":"<p>Zweireihige Muschelhalskette <a href=\"https:\/\/www.prairiewind.ch\/newone\/produkt\/raymond-gasper-zuni-muschelkette\/\"  data-wpil-monitor-id=\"2107\">mit<\/a> je 2 T\u00fcrkisneuggets als Abschluss<\/p>\n<p>feinste Olive Baby <a href=\"https:\/\/www.prairiewind.ch\/newone\/produkt\/paul-coriz-nadel-inlay\/\"  data-wpil-monitor-id=\"2045\">Muschel<\/a>, 8\u00a0 gr\u00fcne T\u00fcrkisperlen, Verschluss aus Sterlingsilber<\/p>\n<p>L\u00e4nge: 85 cm<br \/>\nBreite: 0.2-0.3 cm<\/p>\n","protected":false},"featured_media":20391,"template":"","meta":{"_uag_custom_page_level_css":"","site-sidebar-layout":"default","site-content-layout":"","ast-site-content-layout":"default","site-content-style":"default","site-sidebar-style":"default","ast-global-header-display":"","ast-banner-title-visibility":"","ast-main-header-display":"","ast-hfb-above-header-display":"","ast-hfb-below-header-display":"","ast-hfb-mobile-header-display":"","site-post-title":"","ast-breadcrumbs-content":"","ast-featured-img":"","footer-sml-layout":"","ast-disable-related-posts":"","theme-transparent-header-meta":"default","adv-header-id-meta":"","stick-header-meta":"","header-above-stick-meta":"","header-main-stick-meta":"","header-below-stick-meta":"","astra-migrate-meta-layouts":"set","ast-page-background-enabled":"default","ast-page-background-meta":{"desktop":{"background-color":"var(--ast-global-color-4)","background-image":"","background-repeat":"repeat","background-position":"center center","background-size":"auto","background-attachment":"scroll","background-type":"","background-media":"","overlay-type":"","overlay-color":"","overlay-opacity":"","overlay-gradient":""},"tablet":{"background-color":"","background-image":"","background-repeat":"repeat","background-position":"center center","background-size":"auto","background-attachment":"scroll","background-type":"","background-media":"","overlay-type":"","overlay-color":"","overlay-opacity":"","overlay-gradient":""},"mobile":{"background-color":"","background-image":"","background-repeat":"repeat","background-position":"center center","background-size":"auto","background-attachment":"scroll","background-type":"","background-media":"","overlay-type":"","overlay-color":"","overlay-opacity":"","overlay-gradient":""}},"ast-content-background-meta":{"desktop":{"background-color":"var(--ast-global-color-5)","background-image":"","background-repeat":"repeat","background-position":"center center","background-size":"auto","background-attachment":"scroll","background-type":"","background-media":"","overlay-type":"","overlay-color":"","overlay-opacity":"","overlay-gradient":""},"tablet":{"background-color":"var(--ast-global-color-5)","background-image":"","background-repeat":"repeat","background-position":"center center","background-size":"auto","background-attachment":"scroll","background-type":"","background-media":"","overlay-type":"","overlay-color":"","overlay-opacity":"","overlay-gradient":""},"mobile":{"background-color":"var(--ast-global-color-5)","background-image":"","background-repeat":"repeat","background-position":"center center","background-size":"auto","background-attachment":"scroll","background-type":"","background-media":"","overlay-type":"","overlay-color":"","overlay-opacity":"","overlay-gradient":""}}},"product_brand":[],"product_cat":[42,48],"product_tag":[],"class_list":{"0":"post-20390","1":"product","2":"type-product","3":"status-publish","4":"has-post-thumbnail","6":"product_cat-halsketten-tuerkis","7":"product_cat-halsketten-navajo","8":"desktop-align-left","9":"tablet-align-left","10":"mobile-align-left","12":"first","13":"instock","14":"shipping-taxable","15":"purchasable","16":"product-type-simple"},"uagb_featured_image_src":{"full":["https:\/\/www.prairiewind.ch\/newone\/wp-content\/uploads\/2024\/12\/20241128_213122931_iOS-scaled.webp",1920,1440,false],"thumbnail":["https:\/\/www.prairiewind.ch\/newone\/wp-content\/uploads\/2024\/12\/20241128_213122931_iOS-scaled-150x150.webp",150,150,true],"medium":["https:\/\/www.prairiewind.ch\/newone\/wp-content\/uploads\/2024\/12\/20241128_213122931_iOS-scaled-300x225.webp",300,225,true],"medium_large":["https:\/\/www.prairiewind.ch\/newone\/wp-content\/uploads\/2024\/12\/20241128_213122931_iOS-scaled-768x576.webp",768,576,true],"large":["https:\/\/www.prairiewind.ch\/newone\/wp-content\/uploads\/2024\/12\/20241128_213122931_iOS-scaled-1024x768.webp",1024,768,true],"1536x1536":["https:\/\/www.prairiewind.ch\/newone\/wp-content\/uploads\/2024\/12\/20241128_213122931_iOS-scaled-1536x1152.webp",1536,1152,true],"2048x2048":["https:\/\/www.prairiewind.ch\/newone\/wp-content\/uploads\/2024\/12\/20241128_213122931_iOS-2048x1536.webp",1920,1440,true],"hero-banner":["https:\/\/www.prairiewind.ch\/newone\/wp-content\/uploads\/2024\/12\/20241128_213122931_iOS-scaled-450x160.webp",450,160,true],"category-thumb":["https:\/\/www.prairiewind.ch\/newone\/wp-content\/uploads\/2024\/12\/20241128_213122931_iOS-scaled-200x150.webp",200,150,true],"woocommerce_thumbnail":["https:\/\/www.prairiewind.ch\/newone\/wp-content\/uploads\/2024\/12\/20241128_213122931_iOS-scaled-188x141.webp",188,141,true],"woocommerce_single":["https:\/\/www.prairiewind.ch\/newone\/wp-content\/uploads\/2024\/12\/20241128_213122931_iOS-scaled-251x188.webp",251,188,true],"woocommerce_gallery_thumbnail":["https:\/\/www.prairiewind.ch\/newone\/wp-content\/uploads\/2024\/12\/20241128_213122931_iOS-scaled-100x100.webp",100,100,true]},"uagb_author_info":{"display_name":"Kurt Weissen","author_link":"https:\/\/www.prairiewind.ch\/newone\/author\/"},"uagb_comment_info":0,"uagb_excerpt":"Zweireihige Muschelhalskette mit je 2 T\u00fcrkisneuggets als Abschluss feinste Olive Baby Muschel, 8\u00a0 gr\u00fcne T\u00fcrkisperlen, Verschluss aus Sterlingsilber L\u00e4nge: 85 cm Breite: 0.2-0.3 cm","_links":{"self":[{"href":"https:\/\/www.prairiewind.ch\/newone\/wp-json\/wp\/v2\/product\/20390","targetHints":{"allow":["GET"]}}],"collection":[{"href":"https:\/\/www.prairiewind.ch\/newone\/wp-json\/wp\/v2\/product"}],"about":[{"href":"https:\/\/www.prairiewind.ch\/newone\/wp-json\/wp\/v2\/types\/product"}],"version-history":[{"count":0,"href":"https:\/\/www.prairiewind.ch\/newone\/wp-json\/wp\/v2\/product\/20390\/revisions"}],"wp:featuredmedia":[{"embeddable":true,"href":"https:\/\/www.prairiewind.ch\/newone\/wp-json\/wp\/v2\/media\/20391"}],"wp:attachment":[{"href":"https:\/\/www.prairiewind.ch\/newone\/wp-json\/wp\/v2\/media?parent=20390"}],"wp:term":[{"taxonomy":"product_brand","embeddable":true,"href":"https:\/\/www.prairiewind.ch\/newone\/wp-json\/wp\/v2\/product_brand?post=20390"},{"taxonomy":"product_cat","embeddable":true,"href":"https:\/\/www.prairiewind.ch\/newone\/wp-json\/wp\/v2\/product_cat?post=20390"},{"taxonomy":"product_tag","embeddable":true,"href":"https:\/\/www.prairiewind.ch\/newone\/wp-json\/wp\/v2\/product_tag?post=20390"}],"curies":[{"name":"wp","href":"https:\/\/api.w.org\/{rel}","templated":true}]}}