{"id":17011,"date":"2024-08-19T14:59:17","date_gmt":"2024-08-19T13:59:17","guid":{"rendered":"https:\/\/www.prairiewind.ch\/newone\/?post_type=product&#038;p=17011"},"modified":"2026-01-12T08:27:47","modified_gmt":"2026-01-12T06:27:47","slug":"fuenfreihige-tuerkishalskette-kewa","status":"publish","type":"product","link":"https:\/\/www.prairiewind.ch\/newone\/produkt\/fuenfreihige-tuerkishalskette-kewa\/","title":{"rendered":"M. C. Coriz (Kewa) &#8211; f\u00fcnfreihige T\u00fcrkishalskette"},"content":{"rendered":"<p>Die f\u00fcnfreihige T\u00fcrkishalskette von M.C. Coriz besteht aus f\u00fcnf separaten Str\u00e4ngen, die aus gr\u00fcnen, unregelm\u00e4\u00dfig geformten T\u00fcrkisnuggets gefertigt sind. Diese variieren in Form und Gr\u00f6\u00dfe, was jeder Kette eine besondere, individuelle Note verleiht. Die Kette hat eine Gesamtl\u00e4nge von 45 cm, inklusive des Verschlusses, und die Breite variiert zwischen 0,3 cm und 1 cm.<\/p>\n<p><a href=\"https:\/\/www.prairiewind.ch\/newone\/produkt\/leland-boone-zuni-baer-aus-sodalite\/\" data-wpil-monitor-id=\"876\">Der Verschluss ist sorgf\u00e4ltig aus Sterlingsilber gefertigt und sorgt<\/a> f\u00fcr sicheren Halt.<\/p>\n<p>Dieses Schmuckst\u00fcck verbindet traditionelles Handwerk mit der nat\u00fcrlichen Sch\u00f6nheit des <a href=\"https:\/\/www.prairiewind.ch\/newone\/produkt\/guertelschnalle\/\" data-wpil-monitor-id=\"460\">T\u00fcrkises<\/a> und zeitloser Eleganz.<\/p>\n<p>&nbsp;<\/p>\n","protected":false},"excerpt":{"rendered":"<p>F\u00fcnfreihige T\u00fcrkishalskette aus gr\u00fcnen unregelm\u00e4ssigen T\u00fcrkisnuggets<\/p>\n<p>L\u00e4nge: 45 <a href=\"https:\/\/www.prairiewind.ch\/newone\/produkt\/lynn-quam-zuni-bueffel\/\" data-wpil-monitor-id=\"1152\">cm<\/a> (inkl. Verschluss)<br \/>\nBreite: 0.3 &#8211; <a href=\"https:\/\/www.prairiewind.ch\/newone\/produkt\/mary-tsosie-navajo-mosaic-inlay-fingerring\/\" data-wpil-monitor-id=\"1551\">1 cm<\/a><br \/>\nVerschluss: Sterlingsilber<\/p>\n","protected":false},"featured_media":17014,"template":"","meta":{"_uag_custom_page_level_css":"","site-sidebar-layout":"default","site-content-layout":"","ast-site-content-layout":"default","site-content-style":"default","site-sidebar-style":"default","ast-global-header-display":"","ast-banner-title-visibility":"","ast-main-header-display":"","ast-hfb-above-header-display":"","ast-hfb-below-header-display":"","ast-hfb-mobile-header-display":"","site-post-title":"","ast-breadcrumbs-content":"","ast-featured-img":"","footer-sml-layout":"","ast-disable-related-posts":"","theme-transparent-header-meta":"default","adv-header-id-meta":"","stick-header-meta":"","header-above-stick-meta":"","header-main-stick-meta":"","header-below-stick-meta":"","astra-migrate-meta-layouts":"set","ast-page-background-enabled":"default","ast-page-background-meta":{"desktop":{"background-color":"var(--ast-global-color-4)","background-image":"","background-repeat":"repeat","background-position":"center center","background-size":"auto","background-attachment":"scroll","background-type":"","background-media":"","overlay-type":"","overlay-color":"","overlay-opacity":"","overlay-gradient":""},"tablet":{"background-color":"","background-image":"","background-repeat":"repeat","background-position":"center center","background-size":"auto","background-attachment":"scroll","background-type":"","background-media":"","overlay-type":"","overlay-color":"","overlay-opacity":"","overlay-gradient":""},"mobile":{"background-color":"","background-image":"","background-repeat":"repeat","background-position":"center center","background-size":"auto","background-attachment":"scroll","background-type":"","background-media":"","overlay-type":"","overlay-color":"","overlay-opacity":"","overlay-gradient":""}},"ast-content-background-meta":{"desktop":{"background-color":"var(--ast-global-color-5)","background-image":"","background-repeat":"repeat","background-position":"center center","background-size":"auto","background-attachment":"scroll","background-type":"","background-media":"","overlay-type":"","overlay-color":"","overlay-opacity":"","overlay-gradient":""},"tablet":{"background-color":"var(--ast-global-color-5)","background-image":"","background-repeat":"repeat","background-position":"center center","background-size":"auto","background-attachment":"scroll","background-type":"","background-media":"","overlay-type":"","overlay-color":"","overlay-opacity":"","overlay-gradient":""},"mobile":{"background-color":"var(--ast-global-color-5)","background-image":"","background-repeat":"repeat","background-position":"center center","background-size":"auto","background-attachment":"scroll","background-type":"","background-media":"","overlay-type":"","overlay-color":"","overlay-opacity":"","overlay-gradient":""}}},"product_brand":[],"product_cat":[42,38],"product_tag":[857],"class_list":{"0":"post-17011","1":"product","2":"type-product","3":"status-publish","4":"has-post-thumbnail","6":"product_cat-halsketten-tuerkis","7":"product_cat-schmuck-frauen-indianer","8":"product_tag-kewa","9":"desktop-align-left","10":"tablet-align-left","11":"mobile-align-left","13":"first","14":"instock","15":"featured","16":"shipping-taxable","17":"purchasable","18":"product-type-simple"},"uagb_featured_image_src":{"full":["https:\/\/www.prairiewind.ch\/newone\/wp-content\/uploads\/2024\/08\/20240711_111925627_iOS.webp",1920,1440,false],"thumbnail":["https:\/\/www.prairiewind.ch\/newone\/wp-content\/uploads\/2024\/08\/20240711_111925627_iOS-150x150.webp",150,150,true],"medium":["https:\/\/www.prairiewind.ch\/newone\/wp-content\/uploads\/2024\/08\/20240711_111925627_iOS-300x225.webp",300,225,true],"medium_large":["https:\/\/www.prairiewind.ch\/newone\/wp-content\/uploads\/2024\/08\/20240711_111925627_iOS-768x576.webp",768,576,true],"large":["https:\/\/www.prairiewind.ch\/newone\/wp-content\/uploads\/2024\/08\/20240711_111925627_iOS-1024x768.webp",1024,768,true],"1536x1536":["https:\/\/www.prairiewind.ch\/newone\/wp-content\/uploads\/2024\/08\/20240711_111925627_iOS-1536x1152.webp",1536,1152,true],"2048x2048":["https:\/\/www.prairiewind.ch\/newone\/wp-content\/uploads\/2024\/08\/20240711_111925627_iOS.webp",1920,1440,false],"hero-banner":["https:\/\/www.prairiewind.ch\/newone\/wp-content\/uploads\/2024\/08\/20240711_111925627_iOS-450x160.webp",450,160,true],"category-thumb":["https:\/\/www.prairiewind.ch\/newone\/wp-content\/uploads\/2024\/08\/20240711_111925627_iOS-200x150.webp",200,150,true],"woocommerce_thumbnail":["https:\/\/www.prairiewind.ch\/newone\/wp-content\/uploads\/2024\/08\/20240711_111925627_iOS-188x141.webp",188,141,true],"woocommerce_single":["https:\/\/www.prairiewind.ch\/newone\/wp-content\/uploads\/2024\/08\/20240711_111925627_iOS-251x188.webp",251,188,true],"woocommerce_gallery_thumbnail":["https:\/\/www.prairiewind.ch\/newone\/wp-content\/uploads\/2024\/08\/20240711_111925627_iOS-100x100.webp",100,100,true]},"uagb_author_info":{"display_name":"Kurt Weissen","author_link":"https:\/\/www.prairiewind.ch\/newone\/author\/"},"uagb_comment_info":0,"uagb_excerpt":"F\u00fcnfreihige T\u00fcrkishalskette aus gr\u00fcnen unregelm\u00e4ssigen T\u00fcrkisnuggets L\u00e4nge: 45 cm (inkl. Verschluss) Breite: 0.3 - 1 cm Verschluss: Sterlingsilber","_links":{"self":[{"href":"https:\/\/www.prairiewind.ch\/newone\/wp-json\/wp\/v2\/product\/17011","targetHints":{"allow":["GET"]}}],"collection":[{"href":"https:\/\/www.prairiewind.ch\/newone\/wp-json\/wp\/v2\/product"}],"about":[{"href":"https:\/\/www.prairiewind.ch\/newone\/wp-json\/wp\/v2\/types\/product"}],"version-history":[{"count":1,"href":"https:\/\/www.prairiewind.ch\/newone\/wp-json\/wp\/v2\/product\/17011\/revisions"}],"predecessor-version":[{"id":68459,"href":"https:\/\/www.prairiewind.ch\/newone\/wp-json\/wp\/v2\/product\/17011\/revisions\/68459"}],"wp:featuredmedia":[{"embeddable":true,"href":"https:\/\/www.prairiewind.ch\/newone\/wp-json\/wp\/v2\/media\/17014"}],"wp:attachment":[{"href":"https:\/\/www.prairiewind.ch\/newone\/wp-json\/wp\/v2\/media?parent=17011"}],"wp:term":[{"taxonomy":"product_brand","embeddable":true,"href":"https:\/\/www.prairiewind.ch\/newone\/wp-json\/wp\/v2\/product_brand?post=17011"},{"taxonomy":"product_cat","embeddable":true,"href":"https:\/\/www.prairiewind.ch\/newone\/wp-json\/wp\/v2\/product_cat?post=17011"},{"taxonomy":"product_tag","embeddable":true,"href":"https:\/\/www.prairiewind.ch\/newone\/wp-json\/wp\/v2\/product_tag?post=17011"}],"curies":[{"name":"wp","href":"https:\/\/api.w.org\/{rel}","templated":true}]}}