{"id":16122,"date":"2024-01-09T20:51:59","date_gmt":"2024-01-09T19:51:59","guid":{"rendered":"https:\/\/www.prairiewind.ch\/newone\/?post_type=product&#038;p=16122"},"modified":"2026-01-12T08:27:49","modified_gmt":"2026-01-12T06:27:49","slug":"jeffrey-yunie-zuni-rennender-wolf","status":"publish","type":"product","link":"https:\/\/www.prairiewind.ch\/newone\/produkt\/jeffrey-yunie-zuni-rennender-wolf\/","title":{"rendered":"Jeffrey Yunie (Zuni) &#8211; rennender Wolf"},"content":{"rendered":"<p>Entdecken Sie den faszinierenden rennenden Wolf aus Dolomit, geschaffen von Jeffrey Yunie (Zuni). Diese kunstvoll gestaltete Skulptur besticht durch ihre abstrakte Anmut und ist ein beeindruckendes Beispiel f\u00fcr die traditionelle Zuni-Kunst.<\/p>\n<p>Mit einer L\u00e4nge von 4,5 cm ist diese Miniatur ein perfektes Sammlerst\u00fcck.<\/p>\n<p>Die Augen des Wolfs sind kunstvoll mit 1165 Devin Seowtewa <a class=\"wpil_keyword_link\" href=\"https:\/\/www.prairiewind.ch\/newone\/silberschmiedekunst-zuni\/\" title=\"Silberschmiedekunst der Zuni\" data-wpil-keyword-link=\"linked\" data-wpil-monitor-id=\"188683\">Zuni<\/a> eingelegt, was dem St\u00fcck eine zus\u00e4tzliche Tiefe verleiht. Erfahren Sie mehr \u00fcber diese einzigartige Kreation und bereichern Sie Ihre Sammlung <a href=\"https:\/\/www.prairiewind.ch\/newone\/produkt\/michael-mahooty-zuni-pferd-mit-buendel\/\" data-wpil-monitor-id=\"1018\">Michael Mahooty (Zuni) \u2013 Pferd mit B\u00fcndel<\/a> diesem bemerkenswerten Kunstwerk.<\/p>\n","protected":false},"excerpt":{"rendered":"<p>Abstrakt anmutender <a class=\"wpil_keyword_link\" href=\"https:\/\/www.prairiewind.ch\/newone\/produkt\/debra-gasper-zuni-wolf\/\" title=\"Debra Gasper (Zuni) &#8211; Wolf\" data-wpil-keyword-link=\"linked\" data-wpil-monitor-id=\"188984\">rennender Wolf<\/a> aus Dolomite. Augen mit <a href=\"https:\/\/www.prairiewind.ch\/newone\/produkt\/261004-carlton-etsate-zuni-pueblo-cruiser\/\" data-wpil-monitor-id=\"513\">T\u00fcrkis<\/a> eingelegt<\/p>\n<p>L\u00e4nge: 4.5 <a href=\"https:\/\/www.prairiewind.ch\/newone\/produkt\/lynn-quam-zuni-bueffel\/\" data-wpil-monitor-id=\"1153\">cm<\/a><\/p>\n","protected":false},"featured_media":16124,"template":"","meta":{"_uag_custom_page_level_css":"","site-sidebar-layout":"default","site-content-layout":"","ast-site-content-layout":"default","site-content-style":"default","site-sidebar-style":"default","ast-global-header-display":"","ast-banner-title-visibility":"","ast-main-header-display":"","ast-hfb-above-header-display":"","ast-hfb-below-header-display":"","ast-hfb-mobile-header-display":"","site-post-title":"","ast-breadcrumbs-content":"","ast-featured-img":"","footer-sml-layout":"","ast-disable-related-posts":"","theme-transparent-header-meta":"default","adv-header-id-meta":"","stick-header-meta":"","header-above-stick-meta":"","header-main-stick-meta":"","header-below-stick-meta":"","astra-migrate-meta-layouts":"set","ast-page-background-enabled":"default","ast-page-background-meta":{"desktop":{"background-color":"var(--ast-global-color-4)","background-image":"","background-repeat":"repeat","background-position":"center center","background-size":"auto","background-attachment":"scroll","background-type":"","background-media":"","overlay-type":"","overlay-color":"","overlay-opacity":"","overlay-gradient":""},"tablet":{"background-color":"","background-image":"","background-repeat":"repeat","background-position":"center center","background-size":"auto","background-attachment":"scroll","background-type":"","background-media":"","overlay-type":"","overlay-color":"","overlay-opacity":"","overlay-gradient":""},"mobile":{"background-color":"","background-image":"","background-repeat":"repeat","background-position":"center center","background-size":"auto","background-attachment":"scroll","background-type":"","background-media":"","overlay-type":"","overlay-color":"","overlay-opacity":"","overlay-gradient":""}},"ast-content-background-meta":{"desktop":{"background-color":"var(--ast-global-color-5)","background-image":"","background-repeat":"repeat","background-position":"center center","background-size":"auto","background-attachment":"scroll","background-type":"","background-media":"","overlay-type":"","overlay-color":"","overlay-opacity":"","overlay-gradient":""},"tablet":{"background-color":"var(--ast-global-color-5)","background-image":"","background-repeat":"repeat","background-position":"center center","background-size":"auto","background-attachment":"scroll","background-type":"","background-media":"","overlay-type":"","overlay-color":"","overlay-opacity":"","overlay-gradient":""},"mobile":{"background-color":"var(--ast-global-color-5)","background-image":"","background-repeat":"repeat","background-position":"center center","background-size":"auto","background-attachment":"scroll","background-type":"","background-media":"","overlay-type":"","overlay-color":"","overlay-opacity":"","overlay-gradient":""}}},"product_brand":[],"product_cat":[758],"product_tag":[861],"class_list":{"0":"post-16122","1":"product","2":"type-product","3":"status-publish","4":"has-post-thumbnail","6":"product_cat-zuni-steintiere","7":"product_tag-zuni","8":"desktop-align-left","9":"tablet-align-left","10":"mobile-align-left","12":"first","13":"instock","14":"shipping-taxable","15":"purchasable","16":"product-type-simple"},"uagb_featured_image_src":{"full":["https:\/\/www.prairiewind.ch\/newone\/wp-content\/uploads\/2024\/01\/20240107_132435642_iOS-scaled.webp",1920,1440,false],"thumbnail":["https:\/\/www.prairiewind.ch\/newone\/wp-content\/uploads\/2024\/01\/20240107_132435642_iOS-scaled-150x150.webp",150,150,true],"medium":["https:\/\/www.prairiewind.ch\/newone\/wp-content\/uploads\/2024\/01\/20240107_132435642_iOS-scaled-300x225.webp",300,225,true],"medium_large":["https:\/\/www.prairiewind.ch\/newone\/wp-content\/uploads\/2024\/01\/20240107_132435642_iOS-scaled-768x576.webp",768,576,true],"large":["https:\/\/www.prairiewind.ch\/newone\/wp-content\/uploads\/2024\/01\/20240107_132435642_iOS-scaled-1024x768.webp",1024,768,true],"1536x1536":["https:\/\/www.prairiewind.ch\/newone\/wp-content\/uploads\/2024\/01\/20240107_132435642_iOS-scaled-1536x1152.webp",1536,1152,true],"2048x2048":["https:\/\/www.prairiewind.ch\/newone\/wp-content\/uploads\/2024\/01\/20240107_132435642_iOS-2048x1536.webp",1920,1440,true],"hero-banner":["https:\/\/www.prairiewind.ch\/newone\/wp-content\/uploads\/2024\/01\/20240107_132435642_iOS-scaled-450x160.webp",450,160,true],"category-thumb":["https:\/\/www.prairiewind.ch\/newone\/wp-content\/uploads\/2024\/01\/20240107_132435642_iOS-scaled-200x150.webp",200,150,true],"woocommerce_thumbnail":["https:\/\/www.prairiewind.ch\/newone\/wp-content\/uploads\/2024\/01\/20240107_132435642_iOS-scaled-188x141.webp",188,141,true],"woocommerce_single":["https:\/\/www.prairiewind.ch\/newone\/wp-content\/uploads\/2024\/01\/20240107_132435642_iOS-scaled-251x188.webp",251,188,true],"woocommerce_gallery_thumbnail":["https:\/\/www.prairiewind.ch\/newone\/wp-content\/uploads\/2024\/01\/20240107_132435642_iOS-scaled-100x100.webp",100,100,true]},"uagb_author_info":{"display_name":"Kurt Weissen","author_link":"https:\/\/www.prairiewind.ch\/newone\/author\/"},"uagb_comment_info":0,"uagb_excerpt":"Abstrakt anmutender rennender Wolf aus Dolomite. Augen mit T\u00fcrkis eingelegt L\u00e4nge: 4.5 cm","_links":{"self":[{"href":"https:\/\/www.prairiewind.ch\/newone\/wp-json\/wp\/v2\/product\/16122","targetHints":{"allow":["GET"]}}],"collection":[{"href":"https:\/\/www.prairiewind.ch\/newone\/wp-json\/wp\/v2\/product"}],"about":[{"href":"https:\/\/www.prairiewind.ch\/newone\/wp-json\/wp\/v2\/types\/product"}],"version-history":[{"count":2,"href":"https:\/\/www.prairiewind.ch\/newone\/wp-json\/wp\/v2\/product\/16122\/revisions"}],"predecessor-version":[{"id":112060,"href":"https:\/\/www.prairiewind.ch\/newone\/wp-json\/wp\/v2\/product\/16122\/revisions\/112060"}],"wp:featuredmedia":[{"embeddable":true,"href":"https:\/\/www.prairiewind.ch\/newone\/wp-json\/wp\/v2\/media\/16124"}],"wp:attachment":[{"href":"https:\/\/www.prairiewind.ch\/newone\/wp-json\/wp\/v2\/media?parent=16122"}],"wp:term":[{"taxonomy":"product_brand","embeddable":true,"href":"https:\/\/www.prairiewind.ch\/newone\/wp-json\/wp\/v2\/product_brand?post=16122"},{"taxonomy":"product_cat","embeddable":true,"href":"https:\/\/www.prairiewind.ch\/newone\/wp-json\/wp\/v2\/product_cat?post=16122"},{"taxonomy":"product_tag","embeddable":true,"href":"https:\/\/www.prairiewind.ch\/newone\/wp-json\/wp\/v2\/product_tag?post=16122"}],"curies":[{"name":"wp","href":"https:\/\/api.w.org\/{rel}","templated":true}]}}