{"id":16087,"date":"2024-01-09T17:21:51","date_gmt":"2024-01-09T16:21:51","guid":{"rendered":"https:\/\/www.prairiewind.ch\/newone\/?post_type=product&#038;p=16087"},"modified":"2024-11-07T05:17:10","modified_gmt":"2024-11-07T04:17:10","slug":"garrick-acque-zuni-schwarzer-wolf-mit-symbolischen-einritzungen","status":"publish","type":"product","link":"https:\/\/www.prairiewind.ch\/newone\/produkt\/garrick-acque-zuni-schwarzer-wolf-mit-symbolischen-einritzungen\/","title":{"rendered":"Garrick Acque (Zuni) &#8211; schwarzer Wolf mit symbolischen Einritzungen"},"content":{"rendered":"<p>Die Skulptur &#171;Schwarzer Wolf mit Symbolischen Einritzungen&#187;, kreiert von Garrick Acque (Zuni), ist aus schwarzem Marmor gefertigt und fasziniert mit ihren symbolischen Details. Auf der Oberfl\u00e4che des Wolfs sind einzigartige Einritzungen zu sehen: Eine Wasserwelle, die in einen Pfeil ausm\u00fcndet und in Richtung des Herzens zeigt, Gebetsfedern, Pfeilspitzen sowie Regentropfen und Schneeflocken, die f\u00fcr Feuchtigkeit, Regen und Wasser stehen. Diese Symbole verleihen der Skulptur eine tiefe Bedeutung und erz\u00e4hlen eine Geschichte von Verbindung zur Natur und spiritueller Weisheit.<\/p>\n<p><a href=\"https:\/\/www.prairiewind.ch\/newone\/produkt\/arvella-cheama-zuni-prairie-dog\/\"  data-wpil-monitor-id=\"887\">Mit einer L\u00e4nge von 8 cm ist diese Kunst ein bemerkenswertes<\/a> Beispiel f\u00fcr die handwerkliche Kunst der Zuni-Kultur.<\/p>\n","protected":false},"excerpt":{"rendered":"<p>Wolf aus schwarzem <a href=\"https:\/\/www.prairiewind.ch\/newone\/produkt\/herb-halate-zuni-bergloewe-buendel\/\"  data-wpil-monitor-id=\"581\">Marmor<\/a> mit symbolischen Einritzungen: Wasserwelle, die in einen Pfeil ausm\u00fcndet, zeigt in Richtung des Herzens &#8211; Gebetsfedern &#8211; Pfeilspitzen &#8211; Regentropfen \/ Schneeflocken, die f\u00fcr Feuchtigkeit, Regen und Wasser stehen<\/p>\n<p>L\u00e4nge: 8 <a href=\"https:\/\/www.prairiewind.ch\/newone\/produkt\/lynn-quam-zuni-bueffel\/\"  data-wpil-monitor-id=\"1156\">cm<\/a><\/p>\n","protected":false},"featured_media":16091,"template":"","meta":{"_uag_custom_page_level_css":"","site-sidebar-layout":"default","site-content-layout":"","ast-site-content-layout":"default","site-content-style":"default","site-sidebar-style":"default","ast-global-header-display":"","ast-banner-title-visibility":"","ast-main-header-display":"","ast-hfb-above-header-display":"","ast-hfb-below-header-display":"","ast-hfb-mobile-header-display":"","site-post-title":"","ast-breadcrumbs-content":"","ast-featured-img":"","footer-sml-layout":"","ast-disable-related-posts":"","theme-transparent-header-meta":"default","adv-header-id-meta":"","stick-header-meta":"","header-above-stick-meta":"","header-main-stick-meta":"","header-below-stick-meta":"","astra-migrate-meta-layouts":"set","ast-page-background-enabled":"default","ast-page-background-meta":{"desktop":{"background-color":"var(--ast-global-color-4)","background-image":"","background-repeat":"repeat","background-position":"center center","background-size":"auto","background-attachment":"scroll","background-type":"","background-media":"","overlay-type":"","overlay-color":"","overlay-opacity":"","overlay-gradient":""},"tablet":{"background-color":"","background-image":"","background-repeat":"repeat","background-position":"center center","background-size":"auto","background-attachment":"scroll","background-type":"","background-media":"","overlay-type":"","overlay-color":"","overlay-opacity":"","overlay-gradient":""},"mobile":{"background-color":"","background-image":"","background-repeat":"repeat","background-position":"center center","background-size":"auto","background-attachment":"scroll","background-type":"","background-media":"","overlay-type":"","overlay-color":"","overlay-opacity":"","overlay-gradient":""}},"ast-content-background-meta":{"desktop":{"background-color":"var(--ast-global-color-5)","background-image":"","background-repeat":"repeat","background-position":"center center","background-size":"auto","background-attachment":"scroll","background-type":"","background-media":"","overlay-type":"","overlay-color":"","overlay-opacity":"","overlay-gradient":""},"tablet":{"background-color":"var(--ast-global-color-5)","background-image":"","background-repeat":"repeat","background-position":"center center","background-size":"auto","background-attachment":"scroll","background-type":"","background-media":"","overlay-type":"","overlay-color":"","overlay-opacity":"","overlay-gradient":""},"mobile":{"background-color":"var(--ast-global-color-5)","background-image":"","background-repeat":"repeat","background-position":"center center","background-size":"auto","background-attachment":"scroll","background-type":"","background-media":"","overlay-type":"","overlay-color":"","overlay-opacity":"","overlay-gradient":""}}},"product_brand":[],"product_cat":[758],"product_tag":[1054,861],"class_list":{"0":"post-16087","1":"product","2":"type-product","3":"status-publish","4":"has-post-thumbnail","6":"product_cat-zuni-steintiere","7":"product_tag-marmor","8":"product_tag-zuni","9":"desktop-align-left","10":"tablet-align-left","11":"mobile-align-left","13":"first","14":"instock","15":"shipping-taxable","16":"purchasable","17":"product-type-simple"},"uagb_featured_image_src":{"full":["https:\/\/www.prairiewind.ch\/newone\/wp-content\/uploads\/2024\/01\/20240107_111158107_iOS-scaled.webp",1920,1440,false],"thumbnail":["https:\/\/www.prairiewind.ch\/newone\/wp-content\/uploads\/2024\/01\/20240107_111158107_iOS-scaled-150x150.webp",150,150,true],"medium":["https:\/\/www.prairiewind.ch\/newone\/wp-content\/uploads\/2024\/01\/20240107_111158107_iOS-scaled-300x225.webp",300,225,true],"medium_large":["https:\/\/www.prairiewind.ch\/newone\/wp-content\/uploads\/2024\/01\/20240107_111158107_iOS-scaled-768x576.webp",768,576,true],"large":["https:\/\/www.prairiewind.ch\/newone\/wp-content\/uploads\/2024\/01\/20240107_111158107_iOS-scaled-1024x768.webp",1024,768,true],"1536x1536":["https:\/\/www.prairiewind.ch\/newone\/wp-content\/uploads\/2024\/01\/20240107_111158107_iOS-scaled-1536x1152.webp",1536,1152,true],"2048x2048":["https:\/\/www.prairiewind.ch\/newone\/wp-content\/uploads\/2024\/01\/20240107_111158107_iOS-2048x1536.webp",1920,1440,true],"hero-banner":["https:\/\/www.prairiewind.ch\/newone\/wp-content\/uploads\/2024\/01\/20240107_111158107_iOS-scaled-450x160.webp",450,160,true],"category-thumb":["https:\/\/www.prairiewind.ch\/newone\/wp-content\/uploads\/2024\/01\/20240107_111158107_iOS-scaled-200x150.webp",200,150,true],"woocommerce_thumbnail":["https:\/\/www.prairiewind.ch\/newone\/wp-content\/uploads\/2024\/01\/20240107_111158107_iOS-scaled-188x141.webp",188,141,true],"woocommerce_single":["https:\/\/www.prairiewind.ch\/newone\/wp-content\/uploads\/2024\/01\/20240107_111158107_iOS-scaled-251x188.webp",251,188,true],"woocommerce_gallery_thumbnail":["https:\/\/www.prairiewind.ch\/newone\/wp-content\/uploads\/2024\/01\/20240107_111158107_iOS-scaled-100x100.webp",100,100,true]},"uagb_author_info":{"display_name":"Kurt Weissen","author_link":"https:\/\/www.prairiewind.ch\/newone\/author\/"},"uagb_comment_info":0,"uagb_excerpt":"Wolf aus schwarzem Marmor mit symbolischen Einritzungen: Wasserwelle, die in einen Pfeil ausm\u00fcndet, zeigt in Richtung des Herzens - Gebetsfedern - Pfeilspitzen - Regentropfen \/ Schneeflocken, die f\u00fcr Feuchtigkeit, Regen und Wasser stehen L\u00e4nge: 8 cm","_links":{"self":[{"href":"https:\/\/www.prairiewind.ch\/newone\/wp-json\/wp\/v2\/product\/16087","targetHints":{"allow":["GET"]}}],"collection":[{"href":"https:\/\/www.prairiewind.ch\/newone\/wp-json\/wp\/v2\/product"}],"about":[{"href":"https:\/\/www.prairiewind.ch\/newone\/wp-json\/wp\/v2\/types\/product"}],"version-history":[{"count":0,"href":"https:\/\/www.prairiewind.ch\/newone\/wp-json\/wp\/v2\/product\/16087\/revisions"}],"wp:featuredmedia":[{"embeddable":true,"href":"https:\/\/www.prairiewind.ch\/newone\/wp-json\/wp\/v2\/media\/16091"}],"wp:attachment":[{"href":"https:\/\/www.prairiewind.ch\/newone\/wp-json\/wp\/v2\/media?parent=16087"}],"wp:term":[{"taxonomy":"product_brand","embeddable":true,"href":"https:\/\/www.prairiewind.ch\/newone\/wp-json\/wp\/v2\/product_brand?post=16087"},{"taxonomy":"product_cat","embeddable":true,"href":"https:\/\/www.prairiewind.ch\/newone\/wp-json\/wp\/v2\/product_cat?post=16087"},{"taxonomy":"product_tag","embeddable":true,"href":"https:\/\/www.prairiewind.ch\/newone\/wp-json\/wp\/v2\/product_tag?post=16087"}],"curies":[{"name":"wp","href":"https:\/\/api.w.org\/{rel}","templated":true}]}}