{"id":15081,"date":"2023-08-20T20:33:43","date_gmt":"2023-08-20T19:33:43","guid":{"rendered":"https:\/\/www.prairiewind.ch\/newone\/?post_type=product&#038;p=15081"},"modified":"2025-07-15T20:48:22","modified_gmt":"2025-07-15T18:48:22","slug":"lynn-quam-zuni-heulender-kojote","status":"publish","type":"product","link":"https:\/\/www.prairiewind.ch\/newone\/produkt\/lynn-quam-zuni-heulender-kojote\/","title":{"rendered":"Lynn Quam (Zuni) &#8211; heulender Kojote"},"content":{"rendered":"<p>Dieser sorgf\u00e4ltig gearbeitete Kojote wurde vollst\u00e4ndig aus Malachit geschaffen, einem Mineral, das f\u00fcr seine einzigartige smaragdgr\u00fcne Farbe und seine geschichteten Muster bekannt ist. Der tiefe und reiche Gr\u00fcnton des Malachits stellt die nat\u00fcrliche Wildheit und Mystik des heulenden Koyoten dar und erzeugt ein Gef\u00fchl der Verbindung mit der Erde und ihrer Geschichte.<\/p>\n<p>Die Augen des Kojoten, funkelnd und ausdrucksstark, sind aus kleinen, leuchtenden T\u00fcrkisen eingesetzt, die ein strahlendes Kontrastelement zum tiefen Gr\u00fcn des Malachits bilden. <a href=\"https:\/\/www.prairiewind.ch\/newone\/produkt-schlagwort\/navajo\/\"  data-wpil-monitor-id=\"1074\">Dieses Detail verleiht dem Kojoten Leben und Emotion und l\u00e4sst<\/a> ihn fast in der Nacht heulen.<\/p>\n<p>Mit einer eleganten H\u00f6he von 3,8 cm ist dieses Kunstwerk nicht nur ein begehrtes Sammlerst\u00fcck, sondern auch ein Zeugnis f\u00fcr die tiefe kulturelle Tradition und das unglaubliche Handwerk der <a href=\"https:\/\/www.prairiewind.ch\/newone\/produkt\/lynn-quam-zuni-sitzender-wolf\/\"  data-wpil-monitor-id=\"611\">Lynn Quam (Zuni) &#8211; sitzender Wolf<\/a>. Ein solches Kunsthandwerk w\u00e4re perfekt f\u00fcr Sammler, die sich f\u00fcr <a href=\"https:\/\/www.prairiewind.ch\/newone\/faelschungen\/\"  data-wpil-monitor-id=\"612\">Diebstahl und F\u00e4lschungen Tutorial<\/a>, indigene Kunst interessieren oder diejenigen, die nach einem besonderen Geschenk suchen, das Geschichten aus der Vergangenheit erz\u00e4hlt und gleichzeitig zeitlose Sch\u00f6nheit ausstrahlt.<\/p>\n","protected":false},"excerpt":{"rendered":"<p><a href=\"https:\/\/www.prairiewind.ch\/newone\/produkt\/betty-rodriguez-kewa-halskette-mit-unregelmaessigen-tuerkissteinen\/\"  data-wpil-monitor-id=\"912\">Heulender Kojote aus Malachit<\/a>. Augen aus kleinen <a href=\"https:\/\/www.prairiewind.ch\/newone\/produkt\/1164-leonard-martza-zuni\/\" data-wpil-monitor-id=\"344\">T\u00fcrkisen<\/a> eingesetzt<\/p>\n<p>H\u00f6he: 3.8 cm<\/p>\n","protected":false},"featured_media":15088,"template":"","meta":{"_uag_custom_page_level_css":"","site-sidebar-layout":"default","site-content-layout":"","ast-site-content-layout":"default","site-content-style":"default","site-sidebar-style":"default","ast-global-header-display":"","ast-banner-title-visibility":"","ast-main-header-display":"","ast-hfb-above-header-display":"","ast-hfb-below-header-display":"","ast-hfb-mobile-header-display":"","site-post-title":"","ast-breadcrumbs-content":"","ast-featured-img":"","footer-sml-layout":"","ast-disable-related-posts":"","theme-transparent-header-meta":"default","adv-header-id-meta":"","stick-header-meta":"","header-above-stick-meta":"","header-main-stick-meta":"","header-below-stick-meta":"","astra-migrate-meta-layouts":"set","ast-page-background-enabled":"default","ast-page-background-meta":{"desktop":{"background-color":"var(--ast-global-color-4)","background-image":"","background-repeat":"repeat","background-position":"center center","background-size":"auto","background-attachment":"scroll","background-type":"","background-media":"","overlay-type":"","overlay-color":"","overlay-opacity":"","overlay-gradient":""},"tablet":{"background-color":"","background-image":"","background-repeat":"repeat","background-position":"center center","background-size":"auto","background-attachment":"scroll","background-type":"","background-media":"","overlay-type":"","overlay-color":"","overlay-opacity":"","overlay-gradient":""},"mobile":{"background-color":"","background-image":"","background-repeat":"repeat","background-position":"center center","background-size":"auto","background-attachment":"scroll","background-type":"","background-media":"","overlay-type":"","overlay-color":"","overlay-opacity":"","overlay-gradient":""}},"ast-content-background-meta":{"desktop":{"background-color":"var(--ast-global-color-5)","background-image":"","background-repeat":"repeat","background-position":"center center","background-size":"auto","background-attachment":"scroll","background-type":"","background-media":"","overlay-type":"","overlay-color":"","overlay-opacity":"","overlay-gradient":""},"tablet":{"background-color":"var(--ast-global-color-5)","background-image":"","background-repeat":"repeat","background-position":"center center","background-size":"auto","background-attachment":"scroll","background-type":"","background-media":"","overlay-type":"","overlay-color":"","overlay-opacity":"","overlay-gradient":""},"mobile":{"background-color":"var(--ast-global-color-5)","background-image":"","background-repeat":"repeat","background-position":"center center","background-size":"auto","background-attachment":"scroll","background-type":"","background-media":"","overlay-type":"","overlay-color":"","overlay-opacity":"","overlay-gradient":""}}},"product_brand":[],"product_cat":[758],"product_tag":[861],"class_list":{"0":"post-15081","1":"product","2":"type-product","3":"status-publish","4":"has-post-thumbnail","6":"product_cat-zuni-steintiere","7":"product_tag-zuni","8":"desktop-align-left","9":"tablet-align-left","10":"mobile-align-left","12":"first","13":"instock","14":"shipping-taxable","15":"purchasable","16":"product-type-simple"},"uagb_featured_image_src":{"full":["https:\/\/www.prairiewind.ch\/newone\/wp-content\/uploads\/2023\/08\/20230718_193747449_iOS.webp",1920,1440,false],"thumbnail":["https:\/\/www.prairiewind.ch\/newone\/wp-content\/uploads\/2023\/08\/20230718_193747449_iOS-150x150.webp",150,150,true],"medium":["https:\/\/www.prairiewind.ch\/newone\/wp-content\/uploads\/2023\/08\/20230718_193747449_iOS-300x225.webp",300,225,true],"medium_large":["https:\/\/www.prairiewind.ch\/newone\/wp-content\/uploads\/2023\/08\/20230718_193747449_iOS-768x576.webp",768,576,true],"large":["https:\/\/www.prairiewind.ch\/newone\/wp-content\/uploads\/2023\/08\/20230718_193747449_iOS-1024x768.webp",1024,768,true],"1536x1536":["https:\/\/www.prairiewind.ch\/newone\/wp-content\/uploads\/2023\/08\/20230718_193747449_iOS-1536x1152.webp",1536,1152,true],"2048x2048":["https:\/\/www.prairiewind.ch\/newone\/wp-content\/uploads\/2023\/08\/20230718_193747449_iOS.webp",1920,1440,false],"hero-banner":["https:\/\/www.prairiewind.ch\/newone\/wp-content\/uploads\/2023\/08\/20230718_193747449_iOS-450x160.webp",450,160,true],"category-thumb":["https:\/\/www.prairiewind.ch\/newone\/wp-content\/uploads\/2023\/08\/20230718_193747449_iOS-200x150.webp",200,150,true],"woocommerce_thumbnail":["https:\/\/www.prairiewind.ch\/newone\/wp-content\/uploads\/2023\/08\/20230718_193747449_iOS-188x141.webp",188,141,true],"woocommerce_single":["https:\/\/www.prairiewind.ch\/newone\/wp-content\/uploads\/2023\/08\/20230718_193747449_iOS-251x188.webp",251,188,true],"woocommerce_gallery_thumbnail":["https:\/\/www.prairiewind.ch\/newone\/wp-content\/uploads\/2023\/08\/20230718_193747449_iOS-100x100.webp",100,100,true]},"uagb_author_info":{"display_name":"Kurt Weissen","author_link":"https:\/\/www.prairiewind.ch\/newone\/author\/"},"uagb_comment_info":0,"uagb_excerpt":"Heulender Kojote aus Malachit. Augen aus kleinen T\u00fcrkisen eingesetzt H\u00f6he: 3.8 cm","_links":{"self":[{"href":"https:\/\/www.prairiewind.ch\/newone\/wp-json\/wp\/v2\/product\/15081","targetHints":{"allow":["GET"]}}],"collection":[{"href":"https:\/\/www.prairiewind.ch\/newone\/wp-json\/wp\/v2\/product"}],"about":[{"href":"https:\/\/www.prairiewind.ch\/newone\/wp-json\/wp\/v2\/types\/product"}],"version-history":[{"count":0,"href":"https:\/\/www.prairiewind.ch\/newone\/wp-json\/wp\/v2\/product\/15081\/revisions"}],"wp:featuredmedia":[{"embeddable":true,"href":"https:\/\/www.prairiewind.ch\/newone\/wp-json\/wp\/v2\/media\/15088"}],"wp:attachment":[{"href":"https:\/\/www.prairiewind.ch\/newone\/wp-json\/wp\/v2\/media?parent=15081"}],"wp:term":[{"taxonomy":"product_brand","embeddable":true,"href":"https:\/\/www.prairiewind.ch\/newone\/wp-json\/wp\/v2\/product_brand?post=15081"},{"taxonomy":"product_cat","embeddable":true,"href":"https:\/\/www.prairiewind.ch\/newone\/wp-json\/wp\/v2\/product_cat?post=15081"},{"taxonomy":"product_tag","embeddable":true,"href":"https:\/\/www.prairiewind.ch\/newone\/wp-json\/wp\/v2\/product_tag?post=15081"}],"curies":[{"name":"wp","href":"https:\/\/api.w.org\/{rel}","templated":true}]}}