{"id":15021,"date":"2023-08-16T20:23:06","date_gmt":"2023-08-16T19:23:06","guid":{"rendered":"https:\/\/www.prairiewind.ch\/newone\/?post_type=product&#038;p=15021"},"modified":"2025-07-15T20:26:40","modified_gmt":"2025-07-15T18:26:40","slug":"michael-chavez-zuni-bemalte-rasselschlange","status":"publish","type":"product","link":"https:\/\/www.prairiewind.ch\/newone\/produkt\/michael-chavez-zuni-bemalte-rasselschlange\/","title":{"rendered":"Michael Chavez (Zuni) &#8211; bemalte Rasselschlange"},"content":{"rendered":"<p>Michael Chavez, ein angesehener Zuni-K\u00fcnstler, hat seine k\u00fcnstlerische Begabung und kulturelle Verbundenheit in einer bezaubernden Sch\u00f6pfung ausgedr\u00fcckt: eine bemalte Rasselschlange, gefertigt aus liebevoll bearbeitetem Zedernholz.<\/p>\n<p>Die Meisterschaft von Michael Chavez zeigt sich in den feinen Details und lebendigen Farben dieser Rasselschlange. Mit einer L\u00e4nge von 10,5 cm strahlt sie trotz ihrer kompakten Gr\u00f6\u00dfe eine kraftvolle Pr\u00e4senz aus und f\u00e4ngt die Essenz der Schlange als bedeutendes Symbol in der Zuni-Kultur ein.<\/p>\n<p>Das verwendete Zedernholz verleiht der Schlange nicht nur eine warme und nat\u00fcrliche Ausstrahlung, sondern symbolisiert auch die Wertsch\u00e4tzung der <a class=\"wpil_keyword_link\" href=\"https:\/\/www.prairiewind.ch\/newone\/produkt\/lynn-quam-zuni-sitzender-wolf\/\" title=\"Lynn Quam (Zuni) &#8211; sitzender Wolf\" data-wpil-keyword-link=\"linked\" data-wpil-monitor-id=\"188685\">Zuni<\/a> f\u00fcr die heilige Verbindung zur Natur. Die bemalten Motive auf der Schlange erz\u00e4hlen Geschichten aus der Zuni-Kultur <a href=\"https:\/\/www.prairiewind.ch\/newone\/produkt-schlagwort\/blackfeet\/\" data-wpil-monitor-id=\"1253\">Blackfeet Guide<\/a> geben Einblicke in die reiche Mythologie und Traditionen des Volkes.<\/p>\n<p>Michael Chavez&#8216; bemalte <a class=\"wpil_keyword_link\" href=\"https:\/\/www.prairiewind.ch\/newone\/produkt\/martina-martin-hopi-yucca-rassel\/\" title=\"Martina Martin (Hopi) &#8211; Yucca-Rassel\" data-wpil-keyword-link=\"linked\" data-wpil-monitor-id=\"4872\">Rasselschlange<\/a> ist nicht nur ein Kunstwerk, sondern auch ein kulturelles Erbe. Durch die Verwendung von Zedernholz und die handgemalten Designs wird die Schlange zu einem Ausdruck der Zuni-Lebensweise und <a href=\"https:\/\/www.prairiewind.ch\/newone\/produkt\/012001-betty-rodriguez-kewa-halskette\/\" data-wpil-monitor-id=\"1103\">ihres<\/a> tiefen Respekts vor der Natur und den kulturellen Wurzeln.<\/p>\n<p>Diese bezaubernde Rasselschlange l\u00e4dt die Betrachter ein, die Kunstfertigkeit von <a href=\"https:\/\/www.prairiewind.ch\/newone\/produkt\/michael-mahooty-zuni-pferd-mit-buendel\/\" data-wpil-monitor-id=\"203\">Michael<\/a> Chavez zu bewundern und sich gleichzeitig in die reiche Welt der Zuni-Kultur zu vertiefen, in der jedes St\u00fcck eine Geschichte erz\u00e4hlt und eine Br\u00fccke zu den Werten und \u00dcberzeugungen der Gemeinschaft schl\u00e4gt.<\/p>\n","protected":false},"excerpt":{"rendered":"<p><a href=\"https:\/\/www.prairiewind.ch\/newone\/produkt\/betty-rodriguez-kewa-halskette-mit-unregelmaessigen-tuerkissteinen\/\" data-wpil-monitor-id=\"913\">Rasselschlange aus bemaltem Zedernholz<\/a><\/p>\n<p>L\u00e4nge: <a href=\"https:\/\/www.prairiewind.ch\/newone\/produkt\/121012-dakota-schluesselanhaenger\/\" data-wpil-monitor-id=\"1682\">10.5 cm<\/a><\/p>\n","protected":false},"featured_media":15023,"template":"","meta":{"_uag_custom_page_level_css":"","site-sidebar-layout":"default","site-content-layout":"","ast-site-content-layout":"default","site-content-style":"default","site-sidebar-style":"default","ast-global-header-display":"","ast-banner-title-visibility":"","ast-main-header-display":"","ast-hfb-above-header-display":"","ast-hfb-below-header-display":"","ast-hfb-mobile-header-display":"","site-post-title":"","ast-breadcrumbs-content":"","ast-featured-img":"","footer-sml-layout":"","ast-disable-related-posts":"","theme-transparent-header-meta":"default","adv-header-id-meta":"","stick-header-meta":"","header-above-stick-meta":"","header-main-stick-meta":"","header-below-stick-meta":"","astra-migrate-meta-layouts":"set","ast-page-background-enabled":"default","ast-page-background-meta":{"desktop":{"background-color":"var(--ast-global-color-4)","background-image":"","background-repeat":"repeat","background-position":"center center","background-size":"auto","background-attachment":"scroll","background-type":"","background-media":"","overlay-type":"","overlay-color":"","overlay-opacity":"","overlay-gradient":""},"tablet":{"background-color":"","background-image":"","background-repeat":"repeat","background-position":"center center","background-size":"auto","background-attachment":"scroll","background-type":"","background-media":"","overlay-type":"","overlay-color":"","overlay-opacity":"","overlay-gradient":""},"mobile":{"background-color":"","background-image":"","background-repeat":"repeat","background-position":"center center","background-size":"auto","background-attachment":"scroll","background-type":"","background-media":"","overlay-type":"","overlay-color":"","overlay-opacity":"","overlay-gradient":""}},"ast-content-background-meta":{"desktop":{"background-color":"var(--ast-global-color-5)","background-image":"","background-repeat":"repeat","background-position":"center center","background-size":"auto","background-attachment":"scroll","background-type":"","background-media":"","overlay-type":"","overlay-color":"","overlay-opacity":"","overlay-gradient":""},"tablet":{"background-color":"var(--ast-global-color-5)","background-image":"","background-repeat":"repeat","background-position":"center center","background-size":"auto","background-attachment":"scroll","background-type":"","background-media":"","overlay-type":"","overlay-color":"","overlay-opacity":"","overlay-gradient":""},"mobile":{"background-color":"var(--ast-global-color-5)","background-image":"","background-repeat":"repeat","background-position":"center center","background-size":"auto","background-attachment":"scroll","background-type":"","background-media":"","overlay-type":"","overlay-color":"","overlay-opacity":"","overlay-gradient":""}}},"product_brand":[],"product_cat":[758],"product_tag":[861],"class_list":{"0":"post-15021","1":"product","2":"type-product","3":"status-publish","4":"has-post-thumbnail","6":"product_cat-zuni-steintiere","7":"product_tag-zuni","8":"desktop-align-left","9":"tablet-align-left","10":"mobile-align-left","12":"first","13":"instock","14":"shipping-taxable","15":"purchasable","16":"product-type-simple"},"uagb_featured_image_src":{"full":["https:\/\/www.prairiewind.ch\/newone\/wp-content\/uploads\/2023\/08\/20230718_192036444_iOS.webp",1920,1440,false],"thumbnail":["https:\/\/www.prairiewind.ch\/newone\/wp-content\/uploads\/2023\/08\/20230718_192036444_iOS-150x150.webp",150,150,true],"medium":["https:\/\/www.prairiewind.ch\/newone\/wp-content\/uploads\/2023\/08\/20230718_192036444_iOS-300x225.webp",300,225,true],"medium_large":["https:\/\/www.prairiewind.ch\/newone\/wp-content\/uploads\/2023\/08\/20230718_192036444_iOS-768x576.webp",768,576,true],"large":["https:\/\/www.prairiewind.ch\/newone\/wp-content\/uploads\/2023\/08\/20230718_192036444_iOS-1024x768.webp",1024,768,true],"1536x1536":["https:\/\/www.prairiewind.ch\/newone\/wp-content\/uploads\/2023\/08\/20230718_192036444_iOS-1536x1152.webp",1536,1152,true],"2048x2048":["https:\/\/www.prairiewind.ch\/newone\/wp-content\/uploads\/2023\/08\/20230718_192036444_iOS.webp",1920,1440,false],"hero-banner":["https:\/\/www.prairiewind.ch\/newone\/wp-content\/uploads\/2023\/08\/20230718_192036444_iOS-450x160.webp",450,160,true],"category-thumb":["https:\/\/www.prairiewind.ch\/newone\/wp-content\/uploads\/2023\/08\/20230718_192036444_iOS-200x150.webp",200,150,true],"woocommerce_thumbnail":["https:\/\/www.prairiewind.ch\/newone\/wp-content\/uploads\/2023\/08\/20230718_192036444_iOS-188x141.webp",188,141,true],"woocommerce_single":["https:\/\/www.prairiewind.ch\/newone\/wp-content\/uploads\/2023\/08\/20230718_192036444_iOS-251x188.webp",251,188,true],"woocommerce_gallery_thumbnail":["https:\/\/www.prairiewind.ch\/newone\/wp-content\/uploads\/2023\/08\/20230718_192036444_iOS-100x100.webp",100,100,true]},"uagb_author_info":{"display_name":"Kurt Weissen","author_link":"https:\/\/www.prairiewind.ch\/newone\/author\/"},"uagb_comment_info":0,"uagb_excerpt":"Rasselschlange aus bemaltem Zedernholz L\u00e4nge: 10.5 cm","_links":{"self":[{"href":"https:\/\/www.prairiewind.ch\/newone\/wp-json\/wp\/v2\/product\/15021","targetHints":{"allow":["GET"]}}],"collection":[{"href":"https:\/\/www.prairiewind.ch\/newone\/wp-json\/wp\/v2\/product"}],"about":[{"href":"https:\/\/www.prairiewind.ch\/newone\/wp-json\/wp\/v2\/types\/product"}],"version-history":[{"count":2,"href":"https:\/\/www.prairiewind.ch\/newone\/wp-json\/wp\/v2\/product\/15021\/revisions"}],"predecessor-version":[{"id":111905,"href":"https:\/\/www.prairiewind.ch\/newone\/wp-json\/wp\/v2\/product\/15021\/revisions\/111905"}],"wp:featuredmedia":[{"embeddable":true,"href":"https:\/\/www.prairiewind.ch\/newone\/wp-json\/wp\/v2\/media\/15023"}],"wp:attachment":[{"href":"https:\/\/www.prairiewind.ch\/newone\/wp-json\/wp\/v2\/media?parent=15021"}],"wp:term":[{"taxonomy":"product_brand","embeddable":true,"href":"https:\/\/www.prairiewind.ch\/newone\/wp-json\/wp\/v2\/product_brand?post=15021"},{"taxonomy":"product_cat","embeddable":true,"href":"https:\/\/www.prairiewind.ch\/newone\/wp-json\/wp\/v2\/product_cat?post=15021"},{"taxonomy":"product_tag","embeddable":true,"href":"https:\/\/www.prairiewind.ch\/newone\/wp-json\/wp\/v2\/product_tag?post=15021"}],"curies":[{"name":"wp","href":"https:\/\/api.w.org\/{rel}","templated":true}]}}