{"id":14975,"date":"2023-08-13T18:32:16","date_gmt":"2023-08-13T17:32:16","guid":{"rendered":"https:\/\/www.prairiewind.ch\/newone\/?post_type=product&#038;p=14975"},"modified":"2024-11-06T09:33:26","modified_gmt":"2024-11-06T08:33:26","slug":"jonathan-quam-zuni-bighorn-sheep-auf-stein","status":"publish","type":"product","link":"https:\/\/www.prairiewind.ch\/newone\/produkt\/jonathan-quam-zuni-bighorn-sheep-auf-stein\/","title":{"rendered":"Jonathan Quam (Zuni) &#8211; Bighorn Sheep auf Stein"},"content":{"rendered":"<div class=\"flex-1 overflow-hidden\">\n<div class=\"react-scroll-to-bottom--css-jsgzf-79elbk h-full dark:bg-gray-800\">\n<div class=\"react-scroll-to-bottom--css-jsgzf-1n7m0yu\">\n<div class=\"flex flex-col text-sm dark:bg-gray-800\">\n<div class=\"group w-full text-token-text-primary border-b border-black\/10 dark:border-gray-900\/50 bg-gray-50 dark:bg-[#444654]\">\n<div class=\"flex p-4 gap-4 text-base md:gap-6 md:max-w-2xl lg:max-w-[38rem] xl:max-w-3xl md:py-6 lg:px-0 m-auto\">\n<div class=\"relative flex w-[calc(100%-50px)] flex-col gap-1 md:gap-3 lg:w-[calc(100%-115px)]\">\n<div class=\"flex flex-grow flex-col gap-3\">\n<div class=\"min-h-[20px] flex flex-col items-start gap-3 overflow-x-auto whitespace-pre-wrap break-words\">\n<div class=\"markdown prose w-full break-words dark:prose-invert light\">\n<p>Ein majest\u00e4tisches Bighorn-Schaf, kunstvoll aus dem schillernden Material der Fluorit-Gesteine gefertigt, fasziniert mit seiner lebendigen Ausstrahlung und seiner Detailgenauigkeit. Dieses beeindruckende Zuni-Steintier verk\u00f6rpert die Essenz der nat\u00fcrlichen Welt und vereint die meisterhafte Handwerkskunst mit der Sch\u00f6nheit der Mineralwelt.<\/p>\n<p>Die Farben des Fluorits verschmelzen harmonisch und erzeugen ein faszinierendes Farbspiel, das das Licht auf eine einzigartige Weise einf\u00e4ngt und reflektiert. Von sanften Gr\u00fcnt\u00f6nen \u00fcber violette Nuancen bis hin zu tiefen Blau- und Lavendelt\u00f6nen \u2013 <a href=\"https:\/\/www.prairiewind.ch\/newone\/produkt\/ulysses-mahkee-zuni-bighornsheep\/\" data-wpil-monitor-id=\"202\">das Bighorn-Schaf aus Fluorit strahlt<\/a> in einer Palette, die die Vielfalt der Natur widerspiegelt.<\/p>\n<p><a href=\"https:\/\/www.prairiewind.ch\/newone\/produkt\/ronnie-lunasee-zuni-bergloewe\/\"  data-wpil-monitor-id=\"593\">Die Formgebung des Zuni-Steintiers ist meisterhaft<\/a> umgesetzt, wobei jedes Detail des Bighorn-Schafs sorgf\u00e4ltig herausgearbeitet wurde. Die kr\u00e4ftigen H\u00f6rner, <a href=\"https:\/\/www.prairiewind.ch\/newone\/produkt\/bennard-dallasvuyoma-mosaic-inlay-haenger\/\"  data-wpil-monitor-id=\"1004\">der muskul\u00f6se K\u00f6rper und die feinen Gesichtsz\u00fcge verleihen ihm<\/a> eine beeindruckende Pr\u00e4senz und Authentizit\u00e4t. Dieses Kunstwerk zeugt von der tiefen Verbundenheit der Zuni-K\u00fcnstler mit der Tierwelt und ihrer F\u00e4higkeit, <a href=\"https:\/\/www.prairiewind.ch\/newone\/produkt\/1162-charles-hustito-zuni\/\"  data-wpil-monitor-id=\"990\">diese Verbindung durch ihre kunstvollen<\/a> Kreationen auszudr\u00fccken.<\/p>\n<p>Mit Stolz und Bedacht in einer Gr\u00f6\u00dfe von 7 cm gefertigt, <a href=\"https:\/\/www.prairiewind.ch\/newone\/produkt\/leland-boone-zuni-baer-aus-sodalite\/\"  data-wpil-monitor-id=\"880\">steht dieses Bighorn-Schaf aus Fluorit als Symbol f\u00fcr<\/a> die Kreativit\u00e4t des Menschen und die Sch\u00f6nheit der Natur. Es erinnert uns daran, <a href=\"https:\/\/www.prairiewind.ch\/newone\/produkt\/barry-johnson-lakota-amulett-schildkroete\/\"  data-wpil-monitor-id=\"1205\">wie Kunst und<\/a> Natur in harmonischer Symbiose existieren k\u00f6nnen und uns gleichzeitig in Staunen versetzen und inspirieren.<\/p>\n<\/div>\n<\/div>\n<\/div>\n<div class=\"flex justify-between lg:block\">\n<div class=\"text-gray-400 flex self-end lg:self-center justify-center mt-2 gap-2 md:gap-3 lg:gap-1 lg:absolute lg:top-0 lg:translate-x-full lg:right-0 lg:mt-0 lg:pl-2 visible\">\n<p>&nbsp;<\/p>\n<div class=\"flex gap-1\"><\/div>\n<\/div>\n<\/div>\n<\/div>\n<\/div>\n<\/div>\n<div class=\"h-32 md:h-48 flex-shrink-0\"><\/div>\n<p>&nbsp;<\/p>\n<\/div>\n<\/div>\n<\/div>\n<\/div>\n<div class=\"absolute bottom-0 left-0 w-full border-t md:border-t-0 dark:border-white\/20 md:border-transparent md:dark:border-transparent md:bg-vert-light-gradient bg-white dark:bg-gray-800 md:!bg-transparent dark:md:bg-vert-dark-gradient pt-2 md:pl-2 md:w-[calc(100%-.5rem)]\">\n<form class=\"stretch mx-2 flex flex-row gap-3 last:mb-2 md:mx-4 md:last:mb-6 lg:mx-auto lg:max-w-2xl xl:max-w-3xl\">\n<div class=\"relative flex h-full flex-1 items-stretch md:flex-col\" role=\"presentation\">\n<div>\n<div class=\"h-full flex ml-1 md:w-full md:m-auto md:mb-4 gap-0 md:gap-2 justify-center\"><\/div>\n<\/div>\n<\/div>\n<\/form>\n<\/div>\n","protected":false},"excerpt":{"rendered":"<p><a href=\"https:\/\/www.prairiewind.ch\/newone\/produkt\/lynn-quam-zuni-heulender-kojote\/\"  data-wpil-monitor-id=\"1296\">Bighorn-Schaaf aus Fluorite<\/a><\/p>\n<p>L\u00e4nge: <a href=\"https:\/\/www.prairiewind.ch\/newone\/produkt\/leland-boone-bergloewe\/\"  data-wpil-monitor-id=\"1391\">7 cm<\/a><\/p>\n","protected":false},"featured_media":14977,"template":"","meta":{"_uag_custom_page_level_css":"","site-sidebar-layout":"default","site-content-layout":"","ast-site-content-layout":"default","site-content-style":"default","site-sidebar-style":"default","ast-global-header-display":"","ast-banner-title-visibility":"","ast-main-header-display":"","ast-hfb-above-header-display":"","ast-hfb-below-header-display":"","ast-hfb-mobile-header-display":"","site-post-title":"","ast-breadcrumbs-content":"","ast-featured-img":"","footer-sml-layout":"","ast-disable-related-posts":"","theme-transparent-header-meta":"default","adv-header-id-meta":"","stick-header-meta":"","header-above-stick-meta":"","header-main-stick-meta":"","header-below-stick-meta":"","astra-migrate-meta-layouts":"set","ast-page-background-enabled":"default","ast-page-background-meta":{"desktop":{"background-color":"var(--ast-global-color-4)","background-image":"","background-repeat":"repeat","background-position":"center center","background-size":"auto","background-attachment":"scroll","background-type":"","background-media":"","overlay-type":"","overlay-color":"","overlay-opacity":"","overlay-gradient":""},"tablet":{"background-color":"","background-image":"","background-repeat":"repeat","background-position":"center center","background-size":"auto","background-attachment":"scroll","background-type":"","background-media":"","overlay-type":"","overlay-color":"","overlay-opacity":"","overlay-gradient":""},"mobile":{"background-color":"","background-image":"","background-repeat":"repeat","background-position":"center center","background-size":"auto","background-attachment":"scroll","background-type":"","background-media":"","overlay-type":"","overlay-color":"","overlay-opacity":"","overlay-gradient":""}},"ast-content-background-meta":{"desktop":{"background-color":"var(--ast-global-color-5)","background-image":"","background-repeat":"repeat","background-position":"center center","background-size":"auto","background-attachment":"scroll","background-type":"","background-media":"","overlay-type":"","overlay-color":"","overlay-opacity":"","overlay-gradient":""},"tablet":{"background-color":"var(--ast-global-color-5)","background-image":"","background-repeat":"repeat","background-position":"center center","background-size":"auto","background-attachment":"scroll","background-type":"","background-media":"","overlay-type":"","overlay-color":"","overlay-opacity":"","overlay-gradient":""},"mobile":{"background-color":"var(--ast-global-color-5)","background-image":"","background-repeat":"repeat","background-position":"center center","background-size":"auto","background-attachment":"scroll","background-type":"","background-media":"","overlay-type":"","overlay-color":"","overlay-opacity":"","overlay-gradient":""}}},"product_brand":[],"product_cat":[758],"product_tag":[861],"class_list":{"0":"post-14975","1":"product","2":"type-product","3":"status-publish","4":"has-post-thumbnail","6":"product_cat-zuni-steintiere","7":"product_tag-zuni","8":"desktop-align-left","9":"tablet-align-left","10":"mobile-align-left","12":"first","13":"instock","14":"shipping-taxable","15":"purchasable","16":"product-type-simple"},"uagb_featured_image_src":{"full":["https:\/\/www.prairiewind.ch\/newone\/wp-content\/uploads\/2023\/08\/20230718_180721295_iOS.webp",1920,1440,false],"thumbnail":["https:\/\/www.prairiewind.ch\/newone\/wp-content\/uploads\/2023\/08\/20230718_180721295_iOS-150x150.webp",150,150,true],"medium":["https:\/\/www.prairiewind.ch\/newone\/wp-content\/uploads\/2023\/08\/20230718_180721295_iOS-300x225.webp",300,225,true],"medium_large":["https:\/\/www.prairiewind.ch\/newone\/wp-content\/uploads\/2023\/08\/20230718_180721295_iOS-768x576.webp",768,576,true],"large":["https:\/\/www.prairiewind.ch\/newone\/wp-content\/uploads\/2023\/08\/20230718_180721295_iOS-1024x768.webp",1024,768,true],"1536x1536":["https:\/\/www.prairiewind.ch\/newone\/wp-content\/uploads\/2023\/08\/20230718_180721295_iOS-1536x1152.webp",1536,1152,true],"2048x2048":["https:\/\/www.prairiewind.ch\/newone\/wp-content\/uploads\/2023\/08\/20230718_180721295_iOS.webp",1920,1440,false],"hero-banner":["https:\/\/www.prairiewind.ch\/newone\/wp-content\/uploads\/2023\/08\/20230718_180721295_iOS-450x160.webp",450,160,true],"category-thumb":["https:\/\/www.prairiewind.ch\/newone\/wp-content\/uploads\/2023\/08\/20230718_180721295_iOS-200x150.webp",200,150,true],"woocommerce_thumbnail":["https:\/\/www.prairiewind.ch\/newone\/wp-content\/uploads\/2023\/08\/20230718_180721295_iOS-188x141.webp",188,141,true],"woocommerce_single":["https:\/\/www.prairiewind.ch\/newone\/wp-content\/uploads\/2023\/08\/20230718_180721295_iOS-251x188.webp",251,188,true],"woocommerce_gallery_thumbnail":["https:\/\/www.prairiewind.ch\/newone\/wp-content\/uploads\/2023\/08\/20230718_180721295_iOS-100x100.webp",100,100,true]},"uagb_author_info":{"display_name":"Kurt Weissen","author_link":"https:\/\/www.prairiewind.ch\/newone\/author\/"},"uagb_comment_info":0,"uagb_excerpt":"Bighorn-Schaaf aus Fluorite L\u00e4nge: 7 cm","_links":{"self":[{"href":"https:\/\/www.prairiewind.ch\/newone\/wp-json\/wp\/v2\/product\/14975","targetHints":{"allow":["GET"]}}],"collection":[{"href":"https:\/\/www.prairiewind.ch\/newone\/wp-json\/wp\/v2\/product"}],"about":[{"href":"https:\/\/www.prairiewind.ch\/newone\/wp-json\/wp\/v2\/types\/product"}],"version-history":[{"count":0,"href":"https:\/\/www.prairiewind.ch\/newone\/wp-json\/wp\/v2\/product\/14975\/revisions"}],"wp:featuredmedia":[{"embeddable":true,"href":"https:\/\/www.prairiewind.ch\/newone\/wp-json\/wp\/v2\/media\/14977"}],"wp:attachment":[{"href":"https:\/\/www.prairiewind.ch\/newone\/wp-json\/wp\/v2\/media?parent=14975"}],"wp:term":[{"taxonomy":"product_brand","embeddable":true,"href":"https:\/\/www.prairiewind.ch\/newone\/wp-json\/wp\/v2\/product_brand?post=14975"},{"taxonomy":"product_cat","embeddable":true,"href":"https:\/\/www.prairiewind.ch\/newone\/wp-json\/wp\/v2\/product_cat?post=14975"},{"taxonomy":"product_tag","embeddable":true,"href":"https:\/\/www.prairiewind.ch\/newone\/wp-json\/wp\/v2\/product_tag?post=14975"}],"curies":[{"name":"wp","href":"https:\/\/api.w.org\/{rel}","templated":true}]}}