{"id":13629,"date":"2023-04-09T09:48:44","date_gmt":"2023-04-09T08:48:44","guid":{"rendered":"https:\/\/www.prairiewind.ch\/newone\/?post_type=product&#038;p=13629"},"modified":"2025-07-15T20:17:37","modified_gmt":"2025-07-15T18:17:37","slug":"leland-boone-zuni-biber-mit-buendel","status":"publish","type":"product","link":"https:\/\/www.prairiewind.ch\/newone\/produkt\/leland-boone-zuni-biber-mit-buendel\/","title":{"rendered":"Leland Boone (Zuni) &#8211; Biber mit B\u00fcndel"},"content":{"rendered":"<p>Dieser aus Glas geschnitzte Biber von <a href=\"https:\/\/www.prairiewind.ch\/newone\/produkt\/arvella-cheama-spechte\/\">Leland Boone, einem<\/a> Zuni-K\u00fcnstler, verk\u00f6rpert die Verbindung der Zuni zu Tiergeistern und Schutzsymbolen. Der Biber selbst steht in der Zuni-Tradition f\u00fcr Flei\u00df, Beharrlichkeit und die F\u00e4higkeit, im Einklang mit der Natur Lebensr\u00e4ume zu gestalten.<\/p>\n<p>Das B\u00fcndel, das der Biber tr\u00e4gt, ist ein kraftvolles Symbol und enth\u00e4lt eine Pfeilspitze, die aus Koralle, T\u00fcrkis und Spiny Oyster gefertigt ist. Jeder dieser Steine hat eine eigene Bedeutung: T\u00fcrkis gilt als Schutzstein und steht f\u00fcr Heilung und St\u00e4rke, w\u00e4hrend Koralle Vitalit\u00e4t und Leben symbolisiert. Spiny Oyster bringt durch seine kr\u00e4ftige Farbe und Textur die Lebendigkeit und Verbundenheit mit dem Wasser zum Ausdruck, das f\u00fcr den <a href=\"https:\/\/www.prairiewind.ch\/newone\/produkt\/joann-cheama-zuni-biber\/\" data-wpil-monitor-id=\"591\">Joann Cheama (Zuni) &#8211; Biber<\/a> von besonderer Bedeutung ist.<\/p>\n<p>Mit einer L\u00e4nge von 8 cm ist dieser Biber ein ausdrucksstarkes St\u00fcck, das sowohl die Sch\u00f6nheit der Materialien als auch die spirituelle Tiefe der Zuni-Kultur verk\u00f6rpert.<\/p>\n","protected":false},"excerpt":{"rendered":"<p><a href=\"https:\/\/www.prairiewind.ch\/newone\/produkt\/arvella-cheama-spechte\/\">Biber aus Glas mit einem B\u00fcndel<\/a>. B\u00fcndel: Pfeilspitze aus <a href=\"https:\/\/www.prairiewind.ch\/newone\/produkt\/lorandina-sheche-zuni-he-she-coyote-mit-buendel\/\" data-wpil-monitor-id=\"592\">Koralle<\/a>, T\u00fcrkis und Spiny Oyster<\/p>\n<p>L\u00e4nge: <a href=\"https:\/\/www.prairiewind.ch\/newone\/produkt\/garrick-acque-zuni-schwarzer-wolf-mit-symbolischen-einritzungen\/\" data-wpil-monitor-id=\"1290\">8 cm<\/a><\/p>\n","protected":false},"featured_media":11508,"template":"","meta":{"_uag_custom_page_level_css":"","site-sidebar-layout":"default","site-content-layout":"","ast-site-content-layout":"default","site-content-style":"default","site-sidebar-style":"default","ast-global-header-display":"","ast-banner-title-visibility":"","ast-main-header-display":"","ast-hfb-above-header-display":"","ast-hfb-below-header-display":"","ast-hfb-mobile-header-display":"","site-post-title":"","ast-breadcrumbs-content":"","ast-featured-img":"","footer-sml-layout":"","ast-disable-related-posts":"","theme-transparent-header-meta":"default","adv-header-id-meta":"","stick-header-meta":"","header-above-stick-meta":"","header-main-stick-meta":"","header-below-stick-meta":"","astra-migrate-meta-layouts":"set","ast-page-background-enabled":"default","ast-page-background-meta":{"desktop":{"background-color":"var(--ast-global-color-4)","background-image":"","background-repeat":"repeat","background-position":"center center","background-size":"auto","background-attachment":"scroll","background-type":"","background-media":"","overlay-type":"","overlay-color":"","overlay-opacity":"","overlay-gradient":""},"tablet":{"background-color":"","background-image":"","background-repeat":"repeat","background-position":"center center","background-size":"auto","background-attachment":"scroll","background-type":"","background-media":"","overlay-type":"","overlay-color":"","overlay-opacity":"","overlay-gradient":""},"mobile":{"background-color":"","background-image":"","background-repeat":"repeat","background-position":"center center","background-size":"auto","background-attachment":"scroll","background-type":"","background-media":"","overlay-type":"","overlay-color":"","overlay-opacity":"","overlay-gradient":""}},"ast-content-background-meta":{"desktop":{"background-color":"var(--ast-global-color-5)","background-image":"","background-repeat":"repeat","background-position":"center center","background-size":"auto","background-attachment":"scroll","background-type":"","background-media":"","overlay-type":"","overlay-color":"","overlay-opacity":"","overlay-gradient":""},"tablet":{"background-color":"var(--ast-global-color-5)","background-image":"","background-repeat":"repeat","background-position":"center center","background-size":"auto","background-attachment":"scroll","background-type":"","background-media":"","overlay-type":"","overlay-color":"","overlay-opacity":"","overlay-gradient":""},"mobile":{"background-color":"var(--ast-global-color-5)","background-image":"","background-repeat":"repeat","background-position":"center center","background-size":"auto","background-attachment":"scroll","background-type":"","background-media":"","overlay-type":"","overlay-color":"","overlay-opacity":"","overlay-gradient":""}}},"product_brand":[],"product_cat":[757],"product_tag":[861],"class_list":{"0":"post-13629","1":"product","2":"type-product","3":"status-publish","4":"has-post-thumbnail","6":"product_cat-tierskulpturen","7":"product_tag-zuni","8":"desktop-align-left","9":"tablet-align-left","10":"mobile-align-left","12":"first","13":"instock","14":"shipping-taxable","15":"purchasable","16":"product-type-simple"},"uagb_featured_image_src":{"full":["https:\/\/www.prairiewind.ch\/newone\/wp-content\/uploads\/2023\/02\/20230208_143136067_iOS-scaled.webp",1920,1440,false],"thumbnail":["https:\/\/www.prairiewind.ch\/newone\/wp-content\/uploads\/2023\/02\/20230208_143136067_iOS-scaled-150x150.webp",150,150,true],"medium":["https:\/\/www.prairiewind.ch\/newone\/wp-content\/uploads\/2023\/02\/20230208_143136067_iOS-scaled-300x225.webp",300,225,true],"medium_large":["https:\/\/www.prairiewind.ch\/newone\/wp-content\/uploads\/2023\/02\/20230208_143136067_iOS-scaled-768x576.webp",768,576,true],"large":["https:\/\/www.prairiewind.ch\/newone\/wp-content\/uploads\/2023\/02\/20230208_143136067_iOS-scaled-1024x768.webp",1024,768,true],"1536x1536":["https:\/\/www.prairiewind.ch\/newone\/wp-content\/uploads\/2023\/02\/20230208_143136067_iOS-scaled-1536x1152.webp",1536,1152,true],"2048x2048":["https:\/\/www.prairiewind.ch\/newone\/wp-content\/uploads\/2023\/02\/20230208_143136067_iOS-2048x1536.webp",1920,1440,true],"hero-banner":["https:\/\/www.prairiewind.ch\/newone\/wp-content\/uploads\/2023\/02\/20230208_143136067_iOS-scaled-450x160.webp",450,160,true],"category-thumb":["https:\/\/www.prairiewind.ch\/newone\/wp-content\/uploads\/2023\/02\/20230208_143136067_iOS-scaled-200x150.webp",200,150,true],"woocommerce_thumbnail":["https:\/\/www.prairiewind.ch\/newone\/wp-content\/uploads\/2023\/02\/20230208_143136067_iOS-scaled-188x141.webp",188,141,true],"woocommerce_single":["https:\/\/www.prairiewind.ch\/newone\/wp-content\/uploads\/2023\/02\/20230208_143136067_iOS-scaled-251x188.webp",251,188,true],"woocommerce_gallery_thumbnail":["https:\/\/www.prairiewind.ch\/newone\/wp-content\/uploads\/2023\/02\/20230208_143136067_iOS-scaled-100x100.webp",100,100,true]},"uagb_author_info":{"display_name":"Kurt Weissen","author_link":"https:\/\/www.prairiewind.ch\/newone\/author\/"},"uagb_comment_info":0,"uagb_excerpt":"Biber aus Glas mit einem B\u00fcndel. B\u00fcndel: Pfeilspitze aus Koralle, T\u00fcrkis und Spiny Oyster L\u00e4nge: 8 cm","_links":{"self":[{"href":"https:\/\/www.prairiewind.ch\/newone\/wp-json\/wp\/v2\/product\/13629","targetHints":{"allow":["GET"]}}],"collection":[{"href":"https:\/\/www.prairiewind.ch\/newone\/wp-json\/wp\/v2\/product"}],"about":[{"href":"https:\/\/www.prairiewind.ch\/newone\/wp-json\/wp\/v2\/types\/product"}],"version-history":[{"count":2,"href":"https:\/\/www.prairiewind.ch\/newone\/wp-json\/wp\/v2\/product\/13629\/revisions"}],"predecessor-version":[{"id":110119,"href":"https:\/\/www.prairiewind.ch\/newone\/wp-json\/wp\/v2\/product\/13629\/revisions\/110119"}],"wp:featuredmedia":[{"embeddable":true,"href":"https:\/\/www.prairiewind.ch\/newone\/wp-json\/wp\/v2\/media\/11508"}],"wp:attachment":[{"href":"https:\/\/www.prairiewind.ch\/newone\/wp-json\/wp\/v2\/media?parent=13629"}],"wp:term":[{"taxonomy":"product_brand","embeddable":true,"href":"https:\/\/www.prairiewind.ch\/newone\/wp-json\/wp\/v2\/product_brand?post=13629"},{"taxonomy":"product_cat","embeddable":true,"href":"https:\/\/www.prairiewind.ch\/newone\/wp-json\/wp\/v2\/product_cat?post=13629"},{"taxonomy":"product_tag","embeddable":true,"href":"https:\/\/www.prairiewind.ch\/newone\/wp-json\/wp\/v2\/product_tag?post=13629"}],"curies":[{"name":"wp","href":"https:\/\/api.w.org\/{rel}","templated":true}]}}