{"id":13049,"date":"2023-03-25T19:38:01","date_gmt":"2023-03-25T18:38:01","guid":{"rendered":"https:\/\/www.prairiewind.ch\/newone\/?post_type=product&#038;p=13049"},"modified":"2024-11-06T10:20:16","modified_gmt":"2024-11-06T09:20:16","slug":"masawytewa-hopi-overlay-ring-baerentatze","status":"publish","type":"product","link":"https:\/\/www.prairiewind.ch\/newone\/produkt\/masawytewa-hopi-overlay-ring-baerentatze\/","title":{"rendered":"Riley Polyquaptewa (Hopi) \u2013 Overlay Ring mit B\u00e4rentatze"},"content":{"rendered":"<p>Dieser kunstvoll gestaltete Overlay-Fingerring von Riley <a href=\"https:\/\/www.prairiewind.ch\/newone\/produkt\/hopi-overlay-ring-medizinrad\/\">Polyquaptewa<\/a>, einem erfahrenen Hopi-K\u00fcnstler, besteht aus Sterlingsilber und zeigt eine markante viereckige Platte, die mit dem Symbol der B\u00e4rentatze verziert ist. Die B\u00e4rentatze, die f\u00fcr Schutz, St\u00e4rke und F\u00fchrung steht, wird links und rechts von je sechs Richtungslinien begleitet, die die spirituelle Verbindung zur Natur und den vier Himmelsrichtungen symbolisieren. Der Ring hat eine Gr\u00f6\u00dfe von 7,5, einen Innendurchmesser von 1,5 cm und eine rechteckige Platte von 2 x 2,2 cm.<\/p>\n<p>Die Overlay-Technik, die typisch f\u00fcr die Hopi-Silberschmiedekunst ist, erm\u00f6glicht es, tiefe Gravuren zu schaffen, die das Symbol der B\u00e4rentatze hervorheben. Dieses handgefertigte Schmuckst\u00fcck verbindet spirituelle Symbolik und herausragende Handwerkskunst, wodurch es sowohl kulturell bedeutsam als auch \u00e4sthetisch ansprechend ist.<\/p>\n","protected":false},"excerpt":{"rendered":"<p>Overlay <a href=\"https:\/\/www.prairiewind.ch\/newone\/produkt\/1160-andy-thomas-navajo\/\"  data-wpil-monitor-id=\"376\">Fingerring<\/a> mit einer viereckigen Platte aus Sterlingsilber mit B\u00e4rentatzen und links und rechts davon je sechs Richtungslinien.<\/p>\n<p>Gr\u00f6sse: 7.5<br \/>\nPlatte: 2 auf 2.2 cm<br \/>\nInnendurchmesser: <a href=\"https:\/\/www.prairiewind.ch\/newone\/produkt\/1155-aaron-brokeshoulder-shawnee-choktaw-pueblo\/\"  data-wpil-monitor-id=\"1188\">1.5 cm<\/a><\/p>\n","protected":false},"featured_media":13024,"template":"","meta":{"_uag_custom_page_level_css":"","site-sidebar-layout":"default","site-content-layout":"","ast-site-content-layout":"default","site-content-style":"default","site-sidebar-style":"default","ast-global-header-display":"","ast-banner-title-visibility":"","ast-main-header-display":"","ast-hfb-above-header-display":"","ast-hfb-below-header-display":"","ast-hfb-mobile-header-display":"","site-post-title":"","ast-breadcrumbs-content":"","ast-featured-img":"","footer-sml-layout":"","ast-disable-related-posts":"","theme-transparent-header-meta":"default","adv-header-id-meta":"","stick-header-meta":"","header-above-stick-meta":"","header-main-stick-meta":"","header-below-stick-meta":"","astra-migrate-meta-layouts":"set","ast-page-background-enabled":"default","ast-page-background-meta":{"desktop":{"background-color":"var(--ast-global-color-4)","background-image":"","background-repeat":"repeat","background-position":"center center","background-size":"auto","background-attachment":"scroll","background-type":"","background-media":"","overlay-type":"","overlay-color":"","overlay-opacity":"","overlay-gradient":""},"tablet":{"background-color":"","background-image":"","background-repeat":"repeat","background-position":"center center","background-size":"auto","background-attachment":"scroll","background-type":"","background-media":"","overlay-type":"","overlay-color":"","overlay-opacity":"","overlay-gradient":""},"mobile":{"background-color":"","background-image":"","background-repeat":"repeat","background-position":"center center","background-size":"auto","background-attachment":"scroll","background-type":"","background-media":"","overlay-type":"","overlay-color":"","overlay-opacity":"","overlay-gradient":""}},"ast-content-background-meta":{"desktop":{"background-color":"var(--ast-global-color-5)","background-image":"","background-repeat":"repeat","background-position":"center center","background-size":"auto","background-attachment":"scroll","background-type":"","background-media":"","overlay-type":"","overlay-color":"","overlay-opacity":"","overlay-gradient":""},"tablet":{"background-color":"var(--ast-global-color-5)","background-image":"","background-repeat":"repeat","background-position":"center center","background-size":"auto","background-attachment":"scroll","background-type":"","background-media":"","overlay-type":"","overlay-color":"","overlay-opacity":"","overlay-gradient":""},"mobile":{"background-color":"var(--ast-global-color-5)","background-image":"","background-repeat":"repeat","background-position":"center center","background-size":"auto","background-attachment":"scroll","background-type":"","background-media":"","overlay-type":"","overlay-color":"","overlay-opacity":"","overlay-gradient":""}}},"product_brand":[],"product_cat":[40],"product_tag":[856,880],"class_list":{"0":"post-13049","1":"product","2":"type-product","3":"status-publish","4":"has-post-thumbnail","6":"product_cat-fingerringe","7":"product_tag-hopi","8":"product_tag-overlay","9":"desktop-align-left","10":"tablet-align-left","11":"mobile-align-left","13":"first","14":"instock","15":"shipping-taxable","16":"purchasable","17":"product-type-simple"},"uagb_featured_image_src":{"full":["https:\/\/www.prairiewind.ch\/newone\/wp-content\/uploads\/2023\/03\/20230323_134431570_iOS-scaled.webp",1920,1440,false],"thumbnail":["https:\/\/www.prairiewind.ch\/newone\/wp-content\/uploads\/2023\/03\/20230323_134431570_iOS-scaled-150x150.webp",150,150,true],"medium":["https:\/\/www.prairiewind.ch\/newone\/wp-content\/uploads\/2023\/03\/20230323_134431570_iOS-scaled-300x225.webp",300,225,true],"medium_large":["https:\/\/www.prairiewind.ch\/newone\/wp-content\/uploads\/2023\/03\/20230323_134431570_iOS-scaled-768x576.webp",768,576,true],"large":["https:\/\/www.prairiewind.ch\/newone\/wp-content\/uploads\/2023\/03\/20230323_134431570_iOS-scaled-1024x768.webp",1024,768,true],"1536x1536":["https:\/\/www.prairiewind.ch\/newone\/wp-content\/uploads\/2023\/03\/20230323_134431570_iOS-scaled-1536x1152.webp",1536,1152,true],"2048x2048":["https:\/\/www.prairiewind.ch\/newone\/wp-content\/uploads\/2023\/03\/20230323_134431570_iOS-2048x1536.webp",1920,1440,true],"hero-banner":["https:\/\/www.prairiewind.ch\/newone\/wp-content\/uploads\/2023\/03\/20230323_134431570_iOS-scaled-450x160.webp",450,160,true],"category-thumb":["https:\/\/www.prairiewind.ch\/newone\/wp-content\/uploads\/2023\/03\/20230323_134431570_iOS-scaled-200x150.webp",200,150,true],"woocommerce_thumbnail":["https:\/\/www.prairiewind.ch\/newone\/wp-content\/uploads\/2023\/03\/20230323_134431570_iOS-scaled-188x141.webp",188,141,true],"woocommerce_single":["https:\/\/www.prairiewind.ch\/newone\/wp-content\/uploads\/2023\/03\/20230323_134431570_iOS-scaled-251x188.webp",251,188,true],"woocommerce_gallery_thumbnail":["https:\/\/www.prairiewind.ch\/newone\/wp-content\/uploads\/2023\/03\/20230323_134431570_iOS-scaled-100x100.webp",100,100,true]},"uagb_author_info":{"display_name":"Kurt Weissen","author_link":"https:\/\/www.prairiewind.ch\/newone\/author\/"},"uagb_comment_info":0,"uagb_excerpt":"Overlay Fingerring mit einer viereckigen Platte aus Sterlingsilber mit B\u00e4rentatzen und links und rechts davon je sechs Richtungslinien. Gr\u00f6sse: 7.5 Platte: 2 auf 2.2 cm Innendurchmesser: 1.5 cm","_links":{"self":[{"href":"https:\/\/www.prairiewind.ch\/newone\/wp-json\/wp\/v2\/product\/13049","targetHints":{"allow":["GET"]}}],"collection":[{"href":"https:\/\/www.prairiewind.ch\/newone\/wp-json\/wp\/v2\/product"}],"about":[{"href":"https:\/\/www.prairiewind.ch\/newone\/wp-json\/wp\/v2\/types\/product"}],"version-history":[{"count":0,"href":"https:\/\/www.prairiewind.ch\/newone\/wp-json\/wp\/v2\/product\/13049\/revisions"}],"wp:featuredmedia":[{"embeddable":true,"href":"https:\/\/www.prairiewind.ch\/newone\/wp-json\/wp\/v2\/media\/13024"}],"wp:attachment":[{"href":"https:\/\/www.prairiewind.ch\/newone\/wp-json\/wp\/v2\/media?parent=13049"}],"wp:term":[{"taxonomy":"product_brand","embeddable":true,"href":"https:\/\/www.prairiewind.ch\/newone\/wp-json\/wp\/v2\/product_brand?post=13049"},{"taxonomy":"product_cat","embeddable":true,"href":"https:\/\/www.prairiewind.ch\/newone\/wp-json\/wp\/v2\/product_cat?post=13049"},{"taxonomy":"product_tag","embeddable":true,"href":"https:\/\/www.prairiewind.ch\/newone\/wp-json\/wp\/v2\/product_tag?post=13049"}],"curies":[{"name":"wp","href":"https:\/\/api.w.org\/{rel}","templated":true}]}}