{"id":12803,"date":"2023-03-15T21:12:40","date_gmt":"2023-03-15T20:12:40","guid":{"rendered":"https:\/\/www.prairiewind.ch\/newone\/?post_type=product&#038;p=12803"},"modified":"2025-07-15T20:27:03","modified_gmt":"2025-07-15T18:27:03","slug":"paul-coriz-kewa-grosse-haarspange-mit-serpentin","status":"publish","type":"product","link":"https:\/\/www.prairiewind.ch\/newone\/produkt\/paul-coriz-kewa-grosse-haarspange-mit-serpentin\/","title":{"rendered":"Paul Coriz (Kewa) \u2013 grosse Haarspange mit Serpentin"},"content":{"rendered":"<p>Diese gro\u00dfe Haarspange von Paul Coriz, einem K\u00fcnstler der Kewa Pueblo, besteht aus einer Metallspange, die mit einem kunstvollen Steinmosaik aus Serpentin, getupftem Serpentin, Jet (versteinerte Kohle), T\u00fcrkis und Pipestone verziert ist. Mit einer Breite von 1,1 cm und einer L\u00e4nge von 10,1 cm bietet diese Haarspange eine elegante M\u00f6glichkeit, Haare stilvoll zu b\u00e4ndigen.<\/p>\n<p>Die verwendeten Materialien \u2013 Serpentin, T\u00fcrkis, Jet und Pipestone \u2013 haben in der indigenen Kunst der USA eine tiefe symbolische Bedeutung. Sie stehen f\u00fcr Schutz, Heilung und spirituelle <a href=\"https:\/\/www.prairiewind.ch\/newone\/produkt\/donovan-laiwakete-zuni-wolf-mit-buendel\/\"  data-wpil-monitor-id=\"2180\">Verbundenheit mit<\/a> der Erde. Die Kombination dieser <a href=\"https:\/\/www.prairiewind.ch\/newone\/produkt\/a-yatsattie-zuni-pfeilanhanger\/\"  data-wpil-monitor-id=\"2250\">Steine schafft eine<\/a> einzigartige Farb- und Texturharmonie.<\/p>\n<p><a href=\"https:\/\/www.prairiewind.ch\/newone\/produkt\/paul-coriz-kewa-grosse-banknotenklammer\/\" data-wpil-monitor-id=\"444\">Paul Coriz Kewa 8211 Grosse Banknotenklammer Guide<\/a> zeigt mit dieser Haarspange die Verbindung zwischen traditioneller Kewa-Kunst und modernem Design und bringt die Sch\u00f6nheit der nat\u00fcrlichen Materialien gekonnt zur Geltung.<\/p>\n","protected":false},"excerpt":{"rendered":"<p>Haarspange mit Steinmosaik auf Metallspange aus <a href=\"https:\/\/www.prairiewind.ch\/newone\/produkt\/lorandina-sheche-zuni-he-she-coyote-mit-buendel\/\"  data-wpil-monitor-id=\"585\">Serpentin<\/a>, getupftem Serpentin, Jet, T\u00fcrkis und Pipestone<\/p>\n<p>Breite: <a href=\"https:\/\/www.prairiewind.ch\/newone\/produkt\/paul-coriz-kewa-grosse-haarspange-mit-mosaik\/\"  data-wpil-monitor-id=\"1555\">1.1 cm<\/a><br \/>\nL\u00e4nge: 10.1 cm<\/p>\n","protected":false},"featured_media":12771,"template":"","meta":{"_uag_custom_page_level_css":"","site-sidebar-layout":"default","site-content-layout":"","ast-site-content-layout":"default","site-content-style":"default","site-sidebar-style":"default","ast-global-header-display":"","ast-banner-title-visibility":"","ast-main-header-display":"","ast-hfb-above-header-display":"","ast-hfb-below-header-display":"","ast-hfb-mobile-header-display":"","site-post-title":"","ast-breadcrumbs-content":"","ast-featured-img":"","footer-sml-layout":"","ast-disable-related-posts":"","theme-transparent-header-meta":"default","adv-header-id-meta":"","stick-header-meta":"","header-above-stick-meta":"","header-main-stick-meta":"","header-below-stick-meta":"","astra-migrate-meta-layouts":"set","ast-page-background-enabled":"default","ast-page-background-meta":{"desktop":{"background-color":"var(--ast-global-color-4)","background-image":"","background-repeat":"repeat","background-position":"center center","background-size":"auto","background-attachment":"scroll","background-type":"","background-media":"","overlay-type":"","overlay-color":"","overlay-opacity":"","overlay-gradient":""},"tablet":{"background-color":"","background-image":"","background-repeat":"repeat","background-position":"center center","background-size":"auto","background-attachment":"scroll","background-type":"","background-media":"","overlay-type":"","overlay-color":"","overlay-opacity":"","overlay-gradient":""},"mobile":{"background-color":"","background-image":"","background-repeat":"repeat","background-position":"center center","background-size":"auto","background-attachment":"scroll","background-type":"","background-media":"","overlay-type":"","overlay-color":"","overlay-opacity":"","overlay-gradient":""}},"ast-content-background-meta":{"desktop":{"background-color":"var(--ast-global-color-5)","background-image":"","background-repeat":"repeat","background-position":"center center","background-size":"auto","background-attachment":"scroll","background-type":"","background-media":"","overlay-type":"","overlay-color":"","overlay-opacity":"","overlay-gradient":""},"tablet":{"background-color":"var(--ast-global-color-5)","background-image":"","background-repeat":"repeat","background-position":"center center","background-size":"auto","background-attachment":"scroll","background-type":"","background-media":"","overlay-type":"","overlay-color":"","overlay-opacity":"","overlay-gradient":""},"mobile":{"background-color":"var(--ast-global-color-5)","background-image":"","background-repeat":"repeat","background-position":"center center","background-size":"auto","background-attachment":"scroll","background-type":"","background-media":"","overlay-type":"","overlay-color":"","overlay-opacity":"","overlay-gradient":""}}},"product_brand":[],"product_cat":[44],"product_tag":[857],"class_list":{"0":"post-12803","1":"product","2":"type-product","3":"status-publish","4":"has-post-thumbnail","6":"product_cat-haarschmuck","7":"product_tag-kewa","8":"desktop-align-left","9":"tablet-align-left","10":"mobile-align-left","12":"first","13":"instock","14":"shipping-taxable","15":"purchasable","16":"product-type-simple"},"uagb_featured_image_src":{"full":["https:\/\/www.prairiewind.ch\/newone\/wp-content\/uploads\/2023\/03\/20230307_135853242_iOS-scaled.webp",1920,1440,false],"thumbnail":["https:\/\/www.prairiewind.ch\/newone\/wp-content\/uploads\/2023\/03\/20230307_135853242_iOS-scaled-150x150.webp",150,150,true],"medium":["https:\/\/www.prairiewind.ch\/newone\/wp-content\/uploads\/2023\/03\/20230307_135853242_iOS-scaled-300x225.webp",300,225,true],"medium_large":["https:\/\/www.prairiewind.ch\/newone\/wp-content\/uploads\/2023\/03\/20230307_135853242_iOS-scaled-768x576.webp",768,576,true],"large":["https:\/\/www.prairiewind.ch\/newone\/wp-content\/uploads\/2023\/03\/20230307_135853242_iOS-scaled-1024x768.webp",1024,768,true],"1536x1536":["https:\/\/www.prairiewind.ch\/newone\/wp-content\/uploads\/2023\/03\/20230307_135853242_iOS-scaled-1536x1152.webp",1536,1152,true],"2048x2048":["https:\/\/www.prairiewind.ch\/newone\/wp-content\/uploads\/2023\/03\/20230307_135853242_iOS-2048x1536.webp",1920,1440,true],"hero-banner":["https:\/\/www.prairiewind.ch\/newone\/wp-content\/uploads\/2023\/03\/20230307_135853242_iOS-scaled-450x160.webp",450,160,true],"category-thumb":["https:\/\/www.prairiewind.ch\/newone\/wp-content\/uploads\/2023\/03\/20230307_135853242_iOS-scaled-200x150.webp",200,150,true],"woocommerce_thumbnail":["https:\/\/www.prairiewind.ch\/newone\/wp-content\/uploads\/2023\/03\/20230307_135853242_iOS-scaled-188x141.webp",188,141,true],"woocommerce_single":["https:\/\/www.prairiewind.ch\/newone\/wp-content\/uploads\/2023\/03\/20230307_135853242_iOS-scaled-251x188.webp",251,188,true],"woocommerce_gallery_thumbnail":["https:\/\/www.prairiewind.ch\/newone\/wp-content\/uploads\/2023\/03\/20230307_135853242_iOS-scaled-100x100.webp",100,100,true]},"uagb_author_info":{"display_name":"Kurt Weissen","author_link":"https:\/\/www.prairiewind.ch\/newone\/author\/"},"uagb_comment_info":0,"uagb_excerpt":"Haarspange mit Steinmosaik auf Metallspange aus Serpentin, getupftem Serpentin, Jet, T\u00fcrkis und Pipestone Breite: 1.1 cm L\u00e4nge: 10.1 cm","_links":{"self":[{"href":"https:\/\/www.prairiewind.ch\/newone\/wp-json\/wp\/v2\/product\/12803","targetHints":{"allow":["GET"]}}],"collection":[{"href":"https:\/\/www.prairiewind.ch\/newone\/wp-json\/wp\/v2\/product"}],"about":[{"href":"https:\/\/www.prairiewind.ch\/newone\/wp-json\/wp\/v2\/types\/product"}],"version-history":[{"count":0,"href":"https:\/\/www.prairiewind.ch\/newone\/wp-json\/wp\/v2\/product\/12803\/revisions"}],"wp:featuredmedia":[{"embeddable":true,"href":"https:\/\/www.prairiewind.ch\/newone\/wp-json\/wp\/v2\/media\/12771"}],"wp:attachment":[{"href":"https:\/\/www.prairiewind.ch\/newone\/wp-json\/wp\/v2\/media?parent=12803"}],"wp:term":[{"taxonomy":"product_brand","embeddable":true,"href":"https:\/\/www.prairiewind.ch\/newone\/wp-json\/wp\/v2\/product_brand?post=12803"},{"taxonomy":"product_cat","embeddable":true,"href":"https:\/\/www.prairiewind.ch\/newone\/wp-json\/wp\/v2\/product_cat?post=12803"},{"taxonomy":"product_tag","embeddable":true,"href":"https:\/\/www.prairiewind.ch\/newone\/wp-json\/wp\/v2\/product_tag?post=12803"}],"curies":[{"name":"wp","href":"https:\/\/api.w.org\/{rel}","templated":true}]}}