{"id":12802,"date":"2023-03-15T20:58:42","date_gmt":"2023-03-15T19:58:42","guid":{"rendered":"https:\/\/www.prairiewind.ch\/newone\/?post_type=product&#038;p=12802"},"modified":"2025-07-15T20:26:48","modified_gmt":"2025-07-15T18:26:48","slug":"paul-coriz-kewa-grosse-haarspange-mit-mosaik","status":"publish","type":"product","link":"https:\/\/www.prairiewind.ch\/newone\/produkt\/paul-coriz-kewa-grosse-haarspange-mit-mosaik\/","title":{"rendered":"Paul Coriz (Kewa) \u2013 grosse Haarspange mit Mosaik"},"content":{"rendered":"<p>Paul Coriz, ein Kewa K\u00fcnstler, hat einen atemberaubenden Haarschmuck geschaffen, der Kultur und Eleganz miteinander verbindet. Dieses Kunstwerk besteht aus einer robusten Messingspange, die sowohl f\u00fcr ihre Langlebigkeit als auch f\u00fcr ihren warmen, goldenen Glanz bekannt ist.<\/p>\n<p>Was diesen Haarschmuck jedoch wirklich zu einem Meisterwerk macht, ist das darauf angebrachte Mosaik. Ein komplexes Zusammenspiel von <a href=\"https:\/\/www.prairiewind.ch\/newone\/produkt\/121010-paul-coriz-kewa-kleine-inlay-klammer\/\" data-wpil-monitor-id=\"2176\">Paul Coriz (Kewa) &#8211; Kleine Inlay-Klammer<\/a>, Serpentin, Jet (versteinerte Kohle) und Rhodonit f\u00fcgt sich zu einem harmonischen und doch lebendigen Design zusammen. Der <a href=\"https:\/\/www.prairiewind.ch\/newone\/produkt\/011001-augustine-lovato-kewa-3reihige-halskette\/\" data-wpil-monitor-id=\"494\">Augustine Lovato Kewa 8211 3reihige Halskette<\/a> bringt leuchtende Blau- und Gr\u00fcnt\u00f6ne ein, w\u00e4hrend der Serpentin mit seinem oft marmorierten Aussehen Tiefe verleiht. Der Jet, <a href=\"https:\/\/www.prairiewind.ch\/newone\/produkt\/jobeth-mayes-zuni-gurtelschnalle\/\" data-wpil-monitor-id=\"996\">mit seiner<\/a> tiefen, gl\u00e4nzenden Schwarzfarbe, bietet einen kr\u00e4ftigen Kontrast, und der Rhodonit, bekannt f\u00fcr seine rosenroten und oft pinkfarbenen T\u00f6ne, setzt warme Akzente.<\/p>\n<p>Mit einer Breite von 1.1 cm und einer L\u00e4nge von 10.1 cm ist dieser <a class=\"wpil_keyword_link\" href=\"https:\/\/www.prairiewind.ch\/newone\/produkt-kategorie\/schmuck-frauen-indianer\/haarschmuck\/\" title=\"Haarschmuck\" data-wpil-keyword-link=\"linked\" data-wpil-monitor-id=\"40181\">Haarschmuck<\/a> nicht nur auff\u00e4llig, sondern auch funktional. <a href=\"https:\/\/www.prairiewind.ch\/newone\/produkt\/fe-04\/\" data-wpil-monitor-id=\"991\">Er kann leicht in eine Frisur eingearbeitet werden und dient<\/a> sowohl als Hingucker als auch als praktisches Accessoire.<\/p>\n<p>F\u00fcr Liebhaber authentischen Handwerks und der reichen Kultur der <a href=\"https:\/\/www.prairiewind.ch\/newone\/produkt\/paul-coriz-kewa-grosse-banknotenklammer\/\" data-wpil-monitor-id=\"443\">Kewa ist dieser Haarschmuck von Paul Coriz<\/a> ein Muss. <a href=\"https:\/\/www.prairiewind.ch\/newone\/produkt\/bm-12-pueblo-moccasins-mit-weicher-ledersohle\/\" data-wpil-monitor-id=\"992\">Jedes Detail spricht von handwerklicher Meisterschaft und einer tiefen Wertsch\u00e4tzung<\/a> f\u00fcr die nat\u00fcrlichen Materialien, die unsere Erde zu bieten hat. Ein solcher <a href=\"https:\/\/www.prairiewind.ch\/newone\/produkt\/aaron-brokeshoulder-shawnee-choctaw_pueblo-kupferhaarspange\/\" data-wpil-monitor-id=\"536\">Haarschmuck<\/a> w\u00e4re ein ideales Geschenk f\u00fcr jemanden, der das Besondere sch\u00e4tzt und eine Verbindung zur Geschichte und Kultur der indigenen V\u00f6lker sucht.<\/p>\n","protected":false},"excerpt":{"rendered":"<p>Haarschmuck aus Messingspange <a href=\"https:\/\/www.prairiewind.ch\/newone\/produkt\/017003-julian-coriz-kewa-muschelhalskette-mit-tuerkis\/\" data-wpil-monitor-id=\"2293\">mit einem Mosaik aus<\/a> T\u00fcrkis, Serpentin, Jet und Rhodonit<\/p>\n<p>Breite: <a href=\"https:\/\/www.prairiewind.ch\/newone\/produkt\/paul-coriz-kewa-haarspange\/\" data-wpil-monitor-id=\"1714\">1.1 cm<\/a><br \/>\nL\u00e4nge: 10.1 cm<\/p>\n","protected":false},"featured_media":12767,"template":"","meta":{"_uag_custom_page_level_css":"","site-sidebar-layout":"default","site-content-layout":"","ast-site-content-layout":"default","site-content-style":"default","site-sidebar-style":"default","ast-global-header-display":"","ast-banner-title-visibility":"","ast-main-header-display":"","ast-hfb-above-header-display":"","ast-hfb-below-header-display":"","ast-hfb-mobile-header-display":"","site-post-title":"","ast-breadcrumbs-content":"","ast-featured-img":"","footer-sml-layout":"","ast-disable-related-posts":"","theme-transparent-header-meta":"default","adv-header-id-meta":"","stick-header-meta":"","header-above-stick-meta":"","header-main-stick-meta":"","header-below-stick-meta":"","astra-migrate-meta-layouts":"set","ast-page-background-enabled":"default","ast-page-background-meta":{"desktop":{"background-color":"var(--ast-global-color-4)","background-image":"","background-repeat":"repeat","background-position":"center center","background-size":"auto","background-attachment":"scroll","background-type":"","background-media":"","overlay-type":"","overlay-color":"","overlay-opacity":"","overlay-gradient":""},"tablet":{"background-color":"","background-image":"","background-repeat":"repeat","background-position":"center center","background-size":"auto","background-attachment":"scroll","background-type":"","background-media":"","overlay-type":"","overlay-color":"","overlay-opacity":"","overlay-gradient":""},"mobile":{"background-color":"","background-image":"","background-repeat":"repeat","background-position":"center center","background-size":"auto","background-attachment":"scroll","background-type":"","background-media":"","overlay-type":"","overlay-color":"","overlay-opacity":"","overlay-gradient":""}},"ast-content-background-meta":{"desktop":{"background-color":"var(--ast-global-color-5)","background-image":"","background-repeat":"repeat","background-position":"center center","background-size":"auto","background-attachment":"scroll","background-type":"","background-media":"","overlay-type":"","overlay-color":"","overlay-opacity":"","overlay-gradient":""},"tablet":{"background-color":"var(--ast-global-color-5)","background-image":"","background-repeat":"repeat","background-position":"center center","background-size":"auto","background-attachment":"scroll","background-type":"","background-media":"","overlay-type":"","overlay-color":"","overlay-opacity":"","overlay-gradient":""},"mobile":{"background-color":"var(--ast-global-color-5)","background-image":"","background-repeat":"repeat","background-position":"center center","background-size":"auto","background-attachment":"scroll","background-type":"","background-media":"","overlay-type":"","overlay-color":"","overlay-opacity":"","overlay-gradient":""}}},"product_brand":[],"product_cat":[44],"product_tag":[857],"class_list":{"0":"post-12802","1":"product","2":"type-product","3":"status-publish","4":"has-post-thumbnail","6":"product_cat-haarschmuck","7":"product_tag-kewa","8":"desktop-align-left","9":"tablet-align-left","10":"mobile-align-left","12":"first","13":"instock","14":"shipping-taxable","15":"purchasable","16":"product-type-simple"},"uagb_featured_image_src":{"full":["https:\/\/www.prairiewind.ch\/newone\/wp-content\/uploads\/2023\/03\/20230307_135602585_iOS-scaled.webp",1920,1440,false],"thumbnail":["https:\/\/www.prairiewind.ch\/newone\/wp-content\/uploads\/2023\/03\/20230307_135602585_iOS-scaled-150x150.webp",150,150,true],"medium":["https:\/\/www.prairiewind.ch\/newone\/wp-content\/uploads\/2023\/03\/20230307_135602585_iOS-scaled-300x225.webp",300,225,true],"medium_large":["https:\/\/www.prairiewind.ch\/newone\/wp-content\/uploads\/2023\/03\/20230307_135602585_iOS-scaled-768x576.webp",768,576,true],"large":["https:\/\/www.prairiewind.ch\/newone\/wp-content\/uploads\/2023\/03\/20230307_135602585_iOS-scaled-1024x768.webp",1024,768,true],"1536x1536":["https:\/\/www.prairiewind.ch\/newone\/wp-content\/uploads\/2023\/03\/20230307_135602585_iOS-scaled-1536x1152.webp",1536,1152,true],"2048x2048":["https:\/\/www.prairiewind.ch\/newone\/wp-content\/uploads\/2023\/03\/20230307_135602585_iOS-2048x1536.webp",1920,1440,true],"hero-banner":["https:\/\/www.prairiewind.ch\/newone\/wp-content\/uploads\/2023\/03\/20230307_135602585_iOS-scaled-450x160.webp",450,160,true],"category-thumb":["https:\/\/www.prairiewind.ch\/newone\/wp-content\/uploads\/2023\/03\/20230307_135602585_iOS-scaled-200x150.webp",200,150,true],"woocommerce_thumbnail":["https:\/\/www.prairiewind.ch\/newone\/wp-content\/uploads\/2023\/03\/20230307_135602585_iOS-scaled-188x141.webp",188,141,true],"woocommerce_single":["https:\/\/www.prairiewind.ch\/newone\/wp-content\/uploads\/2023\/03\/20230307_135602585_iOS-scaled-251x188.webp",251,188,true],"woocommerce_gallery_thumbnail":["https:\/\/www.prairiewind.ch\/newone\/wp-content\/uploads\/2023\/03\/20230307_135602585_iOS-scaled-100x100.webp",100,100,true]},"uagb_author_info":{"display_name":"Kurt Weissen","author_link":"https:\/\/www.prairiewind.ch\/newone\/author\/"},"uagb_comment_info":0,"uagb_excerpt":"Haarschmuck aus Messingspange mit einem Mosaik aus T\u00fcrkis, Serpentin, Jet und Rhodonit Breite: 1.1 cm L\u00e4nge: 10.1 cm","_links":{"self":[{"href":"https:\/\/www.prairiewind.ch\/newone\/wp-json\/wp\/v2\/product\/12802","targetHints":{"allow":["GET"]}}],"collection":[{"href":"https:\/\/www.prairiewind.ch\/newone\/wp-json\/wp\/v2\/product"}],"about":[{"href":"https:\/\/www.prairiewind.ch\/newone\/wp-json\/wp\/v2\/types\/product"}],"version-history":[{"count":0,"href":"https:\/\/www.prairiewind.ch\/newone\/wp-json\/wp\/v2\/product\/12802\/revisions"}],"wp:featuredmedia":[{"embeddable":true,"href":"https:\/\/www.prairiewind.ch\/newone\/wp-json\/wp\/v2\/media\/12767"}],"wp:attachment":[{"href":"https:\/\/www.prairiewind.ch\/newone\/wp-json\/wp\/v2\/media?parent=12802"}],"wp:term":[{"taxonomy":"product_brand","embeddable":true,"href":"https:\/\/www.prairiewind.ch\/newone\/wp-json\/wp\/v2\/product_brand?post=12802"},{"taxonomy":"product_cat","embeddable":true,"href":"https:\/\/www.prairiewind.ch\/newone\/wp-json\/wp\/v2\/product_cat?post=12802"},{"taxonomy":"product_tag","embeddable":true,"href":"https:\/\/www.prairiewind.ch\/newone\/wp-json\/wp\/v2\/product_tag?post=12802"}],"curies":[{"name":"wp","href":"https:\/\/api.w.org\/{rel}","templated":true}]}}