{"id":12412,"date":"2023-03-05T16:24:56","date_gmt":"2023-03-05T15:24:56","guid":{"rendered":"https:\/\/www.prairiewind.ch\/newone\/?post_type=product&#038;p=12412"},"modified":"2026-01-11T20:46:55","modified_gmt":"2026-01-11T18:46:55","slug":"amelia-cordell-dakota-kleiner-traumfaenger-mit-pferdehaar","status":"publish","type":"product","link":"https:\/\/www.prairiewind.ch\/newone\/produkt\/amelia-cordell-dakota-kleiner-traumfaenger-mit-pferdehaar\/","title":{"rendered":"Amelia Cordell (Dakota) \u2013 kleiner Traumf\u00e4nger mit Pferdehaar"},"content":{"rendered":"<p>Dieser kleine <a href=\"https:\/\/www.prairiewind.ch\/newone\/produkt\/amelia-cordell-dakota-mini-traumfaenger-mit-brauner-feder-2\/\">Traumf\u00e4nger von Amelia Cordell<\/a> hat einen Ring aus Chokecherry-Holz mit einem Durchmesser von 8 cm.<\/p>\n<p>Er ist mit Pferdehaar verziert und hat eine Befestigung aus einem Messingcone, einem T\u00fcrkisnugget und Glasperlen.<\/p>\n<p>Das Netz, gesponnen aus Sehne, enth\u00e4lt einen kleinen T\u00fcrkisnugget im Zentrum, der dem Traumf\u00e4nger eine besondere Symbolkraft verleiht und traditionelle Materialien und Handwerkskunst der Dakota-Kultur vereint.<\/p>\n","protected":false},"excerpt":{"rendered":"<p>Kleiner <a class=\"wpil_keyword_link\" href=\"https:\/\/www.prairiewind.ch\/newone\/produkt\/kleine-cochiti-trommel-doppelseitig-bespannt\/\" title=\"kleine Cochiti-Trommel (doppelseitig bespannt)\" data-wpil-keyword-link=\"linked\" data-wpil-monitor-id=\"188985\">Traumf\u00e4nger<\/a> aus Chokecherry-Holz mit Pferdehaar an Befestigung mit Messingcone, T\u00fcrkisnugget und Glasperlen<\/p>\n<p>Netz: Sehne mit T\u00fcrkisnugget<\/p>\n<p>Durchmesser: <a href=\"https:\/\/www.prairiewind.ch\/newone\/produkt\/garrick-acque-zuni-schwarzer-wolf-mit-symbolischen-einritzungen\/\" data-wpil-monitor-id=\"1292\">8 cm<\/a><\/p>\n","protected":false},"featured_media":12340,"template":"","meta":{"_uag_custom_page_level_css":"","site-sidebar-layout":"default","site-content-layout":"","ast-site-content-layout":"default","site-content-style":"default","site-sidebar-style":"default","ast-global-header-display":"","ast-banner-title-visibility":"","ast-main-header-display":"","ast-hfb-above-header-display":"","ast-hfb-below-header-display":"","ast-hfb-mobile-header-display":"","site-post-title":"","ast-breadcrumbs-content":"","ast-featured-img":"","footer-sml-layout":"","ast-disable-related-posts":"","theme-transparent-header-meta":"default","adv-header-id-meta":"","stick-header-meta":"","header-above-stick-meta":"","header-main-stick-meta":"","header-below-stick-meta":"","astra-migrate-meta-layouts":"set","ast-page-background-enabled":"default","ast-page-background-meta":{"desktop":{"background-color":"var(--ast-global-color-4)","background-image":"","background-repeat":"repeat","background-position":"center center","background-size":"auto","background-attachment":"scroll","background-type":"","background-media":"","overlay-type":"","overlay-color":"","overlay-opacity":"","overlay-gradient":""},"tablet":{"background-color":"","background-image":"","background-repeat":"repeat","background-position":"center center","background-size":"auto","background-attachment":"scroll","background-type":"","background-media":"","overlay-type":"","overlay-color":"","overlay-opacity":"","overlay-gradient":""},"mobile":{"background-color":"","background-image":"","background-repeat":"repeat","background-position":"center center","background-size":"auto","background-attachment":"scroll","background-type":"","background-media":"","overlay-type":"","overlay-color":"","overlay-opacity":"","overlay-gradient":""}},"ast-content-background-meta":{"desktop":{"background-color":"var(--ast-global-color-5)","background-image":"","background-repeat":"repeat","background-position":"center center","background-size":"auto","background-attachment":"scroll","background-type":"","background-media":"","overlay-type":"","overlay-color":"","overlay-opacity":"","overlay-gradient":""},"tablet":{"background-color":"var(--ast-global-color-5)","background-image":"","background-repeat":"repeat","background-position":"center center","background-size":"auto","background-attachment":"scroll","background-type":"","background-media":"","overlay-type":"","overlay-color":"","overlay-opacity":"","overlay-gradient":""},"mobile":{"background-color":"var(--ast-global-color-5)","background-image":"","background-repeat":"repeat","background-position":"center center","background-size":"auto","background-attachment":"scroll","background-type":"","background-media":"","overlay-type":"","overlay-color":"","overlay-opacity":"","overlay-gradient":""}}},"product_brand":[],"product_cat":[52,825],"product_tag":[855],"class_list":{"0":"post-12412","1":"product","2":"type-product","3":"status-publish","4":"has-post-thumbnail","6":"product_cat-traumfaenger-dreamcatcher","7":"product_cat-pferdehaar","8":"product_tag-dakota-lakota","9":"desktop-align-left","10":"tablet-align-left","11":"mobile-align-left","13":"first","14":"instock","15":"shipping-taxable","16":"purchasable","17":"product-type-simple"},"uagb_featured_image_src":{"full":["https:\/\/www.prairiewind.ch\/newone\/wp-content\/uploads\/2023\/03\/20230304_155250602_iOS-2-scaled.webp",1920,1440,false],"thumbnail":["https:\/\/www.prairiewind.ch\/newone\/wp-content\/uploads\/2023\/03\/20230304_155250602_iOS-2-scaled-150x150.webp",150,150,true],"medium":["https:\/\/www.prairiewind.ch\/newone\/wp-content\/uploads\/2023\/03\/20230304_155250602_iOS-2-scaled-300x225.webp",300,225,true],"medium_large":["https:\/\/www.prairiewind.ch\/newone\/wp-content\/uploads\/2023\/03\/20230304_155250602_iOS-2-scaled-768x576.webp",768,576,true],"large":["https:\/\/www.prairiewind.ch\/newone\/wp-content\/uploads\/2023\/03\/20230304_155250602_iOS-2-scaled-1024x768.webp",1024,768,true],"1536x1536":["https:\/\/www.prairiewind.ch\/newone\/wp-content\/uploads\/2023\/03\/20230304_155250602_iOS-2-scaled-1536x1152.webp",1536,1152,true],"2048x2048":["https:\/\/www.prairiewind.ch\/newone\/wp-content\/uploads\/2023\/03\/20230304_155250602_iOS-2-2048x1536.webp",1920,1440,true],"hero-banner":["https:\/\/www.prairiewind.ch\/newone\/wp-content\/uploads\/2023\/03\/20230304_155250602_iOS-2-scaled-450x160.webp",450,160,true],"category-thumb":["https:\/\/www.prairiewind.ch\/newone\/wp-content\/uploads\/2023\/03\/20230304_155250602_iOS-2-scaled-200x150.webp",200,150,true],"woocommerce_thumbnail":["https:\/\/www.prairiewind.ch\/newone\/wp-content\/uploads\/2023\/03\/20230304_155250602_iOS-2-scaled-188x141.webp",188,141,true],"woocommerce_single":["https:\/\/www.prairiewind.ch\/newone\/wp-content\/uploads\/2023\/03\/20230304_155250602_iOS-2-scaled-251x188.webp",251,188,true],"woocommerce_gallery_thumbnail":["https:\/\/www.prairiewind.ch\/newone\/wp-content\/uploads\/2023\/03\/20230304_155250602_iOS-2-scaled-100x100.webp",100,100,true]},"uagb_author_info":{"display_name":"Kurt Weissen","author_link":"https:\/\/www.prairiewind.ch\/newone\/author\/"},"uagb_comment_info":0,"uagb_excerpt":"Kleiner Traumf\u00e4nger aus Chokecherry-Holz mit Pferdehaar an Befestigung mit Messingcone, T\u00fcrkisnugget und Glasperlen Netz: Sehne mit T\u00fcrkisnugget Durchmesser: 8 cm","_links":{"self":[{"href":"https:\/\/www.prairiewind.ch\/newone\/wp-json\/wp\/v2\/product\/12412","targetHints":{"allow":["GET"]}}],"collection":[{"href":"https:\/\/www.prairiewind.ch\/newone\/wp-json\/wp\/v2\/product"}],"about":[{"href":"https:\/\/www.prairiewind.ch\/newone\/wp-json\/wp\/v2\/types\/product"}],"version-history":[{"count":2,"href":"https:\/\/www.prairiewind.ch\/newone\/wp-json\/wp\/v2\/product\/12412\/revisions"}],"predecessor-version":[{"id":112061,"href":"https:\/\/www.prairiewind.ch\/newone\/wp-json\/wp\/v2\/product\/12412\/revisions\/112061"}],"wp:featuredmedia":[{"embeddable":true,"href":"https:\/\/www.prairiewind.ch\/newone\/wp-json\/wp\/v2\/media\/12340"}],"wp:attachment":[{"href":"https:\/\/www.prairiewind.ch\/newone\/wp-json\/wp\/v2\/media?parent=12412"}],"wp:term":[{"taxonomy":"product_brand","embeddable":true,"href":"https:\/\/www.prairiewind.ch\/newone\/wp-json\/wp\/v2\/product_brand?post=12412"},{"taxonomy":"product_cat","embeddable":true,"href":"https:\/\/www.prairiewind.ch\/newone\/wp-json\/wp\/v2\/product_cat?post=12412"},{"taxonomy":"product_tag","embeddable":true,"href":"https:\/\/www.prairiewind.ch\/newone\/wp-json\/wp\/v2\/product_tag?post=12412"}],"curies":[{"name":"wp","href":"https:\/\/api.w.org\/{rel}","templated":true}]}}