{"id":11785,"date":"2023-02-21T18:17:05","date_gmt":"2023-02-21T17:17:05","guid":{"rendered":"https:\/\/www.prairiewind.ch\/newone\/?post_type=product&#038;p=11785"},"modified":"2025-07-15T21:03:01","modified_gmt":"2025-07-15T19:03:01","slug":"charlotte-percy-reano-kewa-ohrhaenger","status":"publish","type":"product","link":"https:\/\/www.prairiewind.ch\/newone\/produkt\/charlotte-percy-reano-kewa-ohrhaenger\/","title":{"rendered":"Charlotte &#038; Percy Reano (Kewa) &#8211; Ohrh\u00e4nger"},"content":{"rendered":"<p>Diese Ohrh\u00e4nger von Charlotte &amp; Percy Reano zeigen ein kunstvolles Mosaic Inlay aus T\u00fcrkis und Koralle, das auf einer Basis aus Perlmutt angebracht ist. Das Design ist von den Stufen einer Kiva inspiriert, was dem Schmuckst\u00fcck eine besondere symbolische Tiefe verleiht.<\/p>\n<p>Der B\u00fcgel besteht aus Sterlingsilber, und die H\u00f6he der Ohrh\u00e4nger ohne den B\u00fcgel betr\u00e4gt 3,2 cm.<\/p>\n<p>Diese Ohrringe vereinen traditionelle Kewa-Handwerkskunst <a href=\"https:\/\/www.prairiewind.ch\/newone\/produkt\/paul-coriz-kewa-grosse-haarspange-mit-mosaik\/\"  data-wpil-monitor-id=\"2164\">Paul Coriz (Kewa) \u2013 grosse Haarspange mit Mosaik 1<\/a> einem einzigartigen, kulturell bedeutsamen Design.<\/p>\n","protected":false},"excerpt":{"rendered":"<p>Ohrh\u00e4nger mit einem Mosaic Inlay aus T\u00fcrkis und Koralle auf <a href=\"https:\/\/www.prairiewind.ch\/newone\/produkt-schlagwort\/perlmutt\/\"  data-wpil-monitor-id=\"306\">Perlmutt<\/a> mit einem B\u00fcgel aus Sterlingsilber<\/p>\n<p>H\u00f6he ohne B\u00fcgel: <a href=\"https:\/\/www.prairiewind.ch\/newone\/produkt\/paul-thompson-floete-flacher-block\/\"  data-wpil-monitor-id=\"1499\">3.2 cm<\/a><\/p>\n","protected":false},"featured_media":11770,"template":"","meta":{"_uag_custom_page_level_css":"","site-sidebar-layout":"default","site-content-layout":"","ast-site-content-layout":"default","site-content-style":"default","site-sidebar-style":"default","ast-global-header-display":"","ast-banner-title-visibility":"","ast-main-header-display":"","ast-hfb-above-header-display":"","ast-hfb-below-header-display":"","ast-hfb-mobile-header-display":"","site-post-title":"","ast-breadcrumbs-content":"","ast-featured-img":"","footer-sml-layout":"","ast-disable-related-posts":"","theme-transparent-header-meta":"default","adv-header-id-meta":"","stick-header-meta":"","header-above-stick-meta":"","header-main-stick-meta":"","header-below-stick-meta":"","astra-migrate-meta-layouts":"set","ast-page-background-enabled":"default","ast-page-background-meta":{"desktop":{"background-color":"var(--ast-global-color-4)","background-image":"","background-repeat":"repeat","background-position":"center center","background-size":"auto","background-attachment":"scroll","background-type":"","background-media":"","overlay-type":"","overlay-color":"","overlay-opacity":"","overlay-gradient":""},"tablet":{"background-color":"","background-image":"","background-repeat":"repeat","background-position":"center center","background-size":"auto","background-attachment":"scroll","background-type":"","background-media":"","overlay-type":"","overlay-color":"","overlay-opacity":"","overlay-gradient":""},"mobile":{"background-color":"","background-image":"","background-repeat":"repeat","background-position":"center center","background-size":"auto","background-attachment":"scroll","background-type":"","background-media":"","overlay-type":"","overlay-color":"","overlay-opacity":"","overlay-gradient":""}},"ast-content-background-meta":{"desktop":{"background-color":"var(--ast-global-color-5)","background-image":"","background-repeat":"repeat","background-position":"center center","background-size":"auto","background-attachment":"scroll","background-type":"","background-media":"","overlay-type":"","overlay-color":"","overlay-opacity":"","overlay-gradient":""},"tablet":{"background-color":"var(--ast-global-color-5)","background-image":"","background-repeat":"repeat","background-position":"center center","background-size":"auto","background-attachment":"scroll","background-type":"","background-media":"","overlay-type":"","overlay-color":"","overlay-opacity":"","overlay-gradient":""},"mobile":{"background-color":"var(--ast-global-color-5)","background-image":"","background-repeat":"repeat","background-position":"center center","background-size":"auto","background-attachment":"scroll","background-type":"","background-media":"","overlay-type":"","overlay-color":"","overlay-opacity":"","overlay-gradient":""}}},"product_brand":[],"product_cat":[41],"product_tag":[857,879,875],"class_list":{"0":"post-11785","1":"product","2":"type-product","3":"status-publish","4":"has-post-thumbnail","6":"product_cat-ohrringe","7":"product_tag-kewa","8":"product_tag-inlay","9":"product_tag-tuerkis","10":"desktop-align-left","11":"tablet-align-left","12":"mobile-align-left","14":"first","15":"instock","16":"shipping-taxable","17":"purchasable","18":"product-type-simple"},"uagb_featured_image_src":{"full":["https:\/\/www.prairiewind.ch\/newone\/wp-content\/uploads\/2023\/02\/20230221_132853884_iOS-scaled.webp",1920,1440,false],"thumbnail":["https:\/\/www.prairiewind.ch\/newone\/wp-content\/uploads\/2023\/02\/20230221_132853884_iOS-scaled-150x150.webp",150,150,true],"medium":["https:\/\/www.prairiewind.ch\/newone\/wp-content\/uploads\/2023\/02\/20230221_132853884_iOS-scaled-300x225.webp",300,225,true],"medium_large":["https:\/\/www.prairiewind.ch\/newone\/wp-content\/uploads\/2023\/02\/20230221_132853884_iOS-scaled-768x576.webp",768,576,true],"large":["https:\/\/www.prairiewind.ch\/newone\/wp-content\/uploads\/2023\/02\/20230221_132853884_iOS-scaled-1024x768.webp",1024,768,true],"1536x1536":["https:\/\/www.prairiewind.ch\/newone\/wp-content\/uploads\/2023\/02\/20230221_132853884_iOS-scaled-1536x1152.webp",1536,1152,true],"2048x2048":["https:\/\/www.prairiewind.ch\/newone\/wp-content\/uploads\/2023\/02\/20230221_132853884_iOS-2048x1536.webp",1920,1440,true],"hero-banner":["https:\/\/www.prairiewind.ch\/newone\/wp-content\/uploads\/2023\/02\/20230221_132853884_iOS-scaled-450x160.webp",450,160,true],"category-thumb":["https:\/\/www.prairiewind.ch\/newone\/wp-content\/uploads\/2023\/02\/20230221_132853884_iOS-scaled-200x150.webp",200,150,true],"woocommerce_thumbnail":["https:\/\/www.prairiewind.ch\/newone\/wp-content\/uploads\/2023\/02\/20230221_132853884_iOS-scaled-188x141.webp",188,141,true],"woocommerce_single":["https:\/\/www.prairiewind.ch\/newone\/wp-content\/uploads\/2023\/02\/20230221_132853884_iOS-scaled-251x188.webp",251,188,true],"woocommerce_gallery_thumbnail":["https:\/\/www.prairiewind.ch\/newone\/wp-content\/uploads\/2023\/02\/20230221_132853884_iOS-scaled-100x100.webp",100,100,true]},"uagb_author_info":{"display_name":"Kurt Weissen","author_link":"https:\/\/www.prairiewind.ch\/newone\/author\/"},"uagb_comment_info":0,"uagb_excerpt":"Ohrh\u00e4nger mit einem Mosaic Inlay aus T\u00fcrkis und Koralle auf Perlmutt mit einem B\u00fcgel aus Sterlingsilber H\u00f6he ohne B\u00fcgel: 3.2 cm","_links":{"self":[{"href":"https:\/\/www.prairiewind.ch\/newone\/wp-json\/wp\/v2\/product\/11785","targetHints":{"allow":["GET"]}}],"collection":[{"href":"https:\/\/www.prairiewind.ch\/newone\/wp-json\/wp\/v2\/product"}],"about":[{"href":"https:\/\/www.prairiewind.ch\/newone\/wp-json\/wp\/v2\/types\/product"}],"version-history":[{"count":0,"href":"https:\/\/www.prairiewind.ch\/newone\/wp-json\/wp\/v2\/product\/11785\/revisions"}],"wp:featuredmedia":[{"embeddable":true,"href":"https:\/\/www.prairiewind.ch\/newone\/wp-json\/wp\/v2\/media\/11770"}],"wp:attachment":[{"href":"https:\/\/www.prairiewind.ch\/newone\/wp-json\/wp\/v2\/media?parent=11785"}],"wp:term":[{"taxonomy":"product_brand","embeddable":true,"href":"https:\/\/www.prairiewind.ch\/newone\/wp-json\/wp\/v2\/product_brand?post=11785"},{"taxonomy":"product_cat","embeddable":true,"href":"https:\/\/www.prairiewind.ch\/newone\/wp-json\/wp\/v2\/product_cat?post=11785"},{"taxonomy":"product_tag","embeddable":true,"href":"https:\/\/www.prairiewind.ch\/newone\/wp-json\/wp\/v2\/product_tag?post=11785"}],"curies":[{"name":"wp","href":"https:\/\/api.w.org\/{rel}","templated":true}]}}