{"id":11711,"date":"2023-02-18T12:51:11","date_gmt":"2023-02-18T11:51:11","guid":{"rendered":"https:\/\/www.prairiewind.ch\/newone\/?post_type=product&#038;p=11711"},"modified":"2026-01-12T08:27:55","modified_gmt":"2026-01-12T06:27:55","slug":"robert-trujillo-weisse-babymoccasins","status":"publish","type":"product","link":"https:\/\/www.prairiewind.ch\/newone\/produkt\/robert-trujillo-weisse-babymoccasins\/","title":{"rendered":"Robert Trujillo (Taos Pueblo) &#8211; weisse Babymoccasins"},"content":{"rendered":"<p>Die Babymokassins, liebevoll von <a href=\"https:\/\/www.prairiewind.ch\/newone\/produkt\/01-sific-pretty-hip-lakota-beaded-moccasins\/\">Robert Trujillo aus dem Taos Pueblo<\/a> gefertigt, sind eine zarte Kreation, die die Verbundenheit zur Kultur und das handwerkliche K\u00f6nnen des K\u00fcnstlers widerspiegelt. Diese winzigen Kunstwerke tragen eine Geschichte und ein Erbe in sich, die \u00fcber Generationen hinweg weitergegeben wurden.<\/p>\n<p>Hergestellt aus wei\u00dfem Rehleder, umh\u00fcllen diese Babymokassins die F\u00fc\u00dfe eines Kindes mit sanfter Eleganz. Die Verwendung von Rehleder verleiht nicht nur Weichheit und Anmut, sondern ist auch eine Hommage an die enge Verbindung zwischen den Taos Pueblo-Gemeinschaften und der Natur. Die Glasperlenstickerei, liebevoll als <a href=\"https:\/\/www.prairiewind.ch\/newone\/produkt\/lakota-tasche\/\" data-wpil-monitor-id=\"452\">Douglas Fast Horse (Oglala Lakota) &#8211; Tasche<\/a> bekannt, schm\u00fcckt die Oberfl\u00e4che der Mokassins mit faszinierenden Mustern und Farben. <a href=\"https:\/\/www.prairiewind.ch\/newone\/produkt\/kleine-cochiti-trommel-doppelseitig-bespannt\/\" data-wpil-monitor-id=\"1002\">Jeder Perlenstich ist eine sorgf\u00e4ltige Geste des<\/a> K\u00fcnstlers, der seine kulturellen Wurzeln ehrt.<\/p>\n<p>Die aufgen\u00e4hten festen Ledersohlen bieten nicht nur Schutz und Halt, sondern symbolisieren auch die St\u00e4rke und das Erbe, <a href=\"https:\/\/www.prairiewind.ch\/newone\/produkt\/sharon-francisco-navajo-fingerring-mit-inlay\/\" data-wpil-monitor-id=\"904\">das von einer Generation<\/a> zur n\u00e4chsten weitergegeben wird. Diese Babymokassins tragen die Essenz der <a href=\"https:\/\/www.prairiewind.ch\/newone\/produkt-schlagwort\/taos-pueblo\/\" data-wpil-monitor-id=\"204\">Taos<\/a> Pueblo-Kultur und erz\u00e4hlen von einer tiefen Verbindung zur Vergangenheit und zur Zukunft.<\/p>\n<p>Mit einer L\u00e4nge von 12,4 cm sind diese Babymokassins nicht nur ein Zeichen des Schutzes und der Sorge um die j\u00fcngsten Mitglieder der Gemeinschaft, sondern auch ein Kunstwerk, das die Bedeutung von Tradition und Handwerkskunst verk\u00f6rpert.<\/p>\n","protected":false},"excerpt":{"rendered":"<p>Babymoccasins aus weissem Rehleder mit Glasperlenstickerei (Beadwork) und aufgen\u00e4hten festen Ledersohlen.<\/p>\n<p>L\u00e4nge: 12.4 cm<\/p>\n","protected":false},"featured_media":11709,"template":"","meta":{"_uag_custom_page_level_css":"","site-sidebar-layout":"default","site-content-layout":"","ast-site-content-layout":"default","site-content-style":"default","site-sidebar-style":"default","ast-global-header-display":"","ast-banner-title-visibility":"","ast-main-header-display":"","ast-hfb-above-header-display":"","ast-hfb-below-header-display":"","ast-hfb-mobile-header-display":"","site-post-title":"","ast-breadcrumbs-content":"","ast-featured-img":"","footer-sml-layout":"","ast-disable-related-posts":"","theme-transparent-header-meta":"default","adv-header-id-meta":"","stick-header-meta":"","header-above-stick-meta":"","header-main-stick-meta":"","header-below-stick-meta":"","astra-migrate-meta-layouts":"set","ast-page-background-enabled":"default","ast-page-background-meta":{"desktop":{"background-color":"var(--ast-global-color-4)","background-image":"","background-repeat":"repeat","background-position":"center center","background-size":"auto","background-attachment":"scroll","background-type":"","background-media":"","overlay-type":"","overlay-color":"","overlay-opacity":"","overlay-gradient":""},"tablet":{"background-color":"","background-image":"","background-repeat":"repeat","background-position":"center center","background-size":"auto","background-attachment":"scroll","background-type":"","background-media":"","overlay-type":"","overlay-color":"","overlay-opacity":"","overlay-gradient":""},"mobile":{"background-color":"","background-image":"","background-repeat":"repeat","background-position":"center center","background-size":"auto","background-attachment":"scroll","background-type":"","background-media":"","overlay-type":"","overlay-color":"","overlay-opacity":"","overlay-gradient":""}},"ast-content-background-meta":{"desktop":{"background-color":"var(--ast-global-color-5)","background-image":"","background-repeat":"repeat","background-position":"center center","background-size":"auto","background-attachment":"scroll","background-type":"","background-media":"","overlay-type":"","overlay-color":"","overlay-opacity":"","overlay-gradient":""},"tablet":{"background-color":"var(--ast-global-color-5)","background-image":"","background-repeat":"repeat","background-position":"center center","background-size":"auto","background-attachment":"scroll","background-type":"","background-media":"","overlay-type":"","overlay-color":"","overlay-opacity":"","overlay-gradient":""},"mobile":{"background-color":"var(--ast-global-color-5)","background-image":"","background-repeat":"repeat","background-position":"center center","background-size":"auto","background-attachment":"scroll","background-type":"","background-media":"","overlay-type":"","overlay-color":"","overlay-opacity":"","overlay-gradient":""}}},"product_brand":[],"product_cat":[493],"product_tag":[1057,1058],"class_list":{"0":"post-11711","1":"product","2":"type-product","3":"status-publish","4":"has-post-thumbnail","6":"product_cat-babymoccasins","7":"product_tag-beadwork","8":"product_tag-taos-pueblo","9":"desktop-align-left","10":"tablet-align-left","11":"mobile-align-left","13":"first","14":"instock","15":"shipping-taxable","16":"purchasable","17":"product-type-simple"},"uagb_featured_image_src":{"full":["https:\/\/www.prairiewind.ch\/newone\/wp-content\/uploads\/2023\/02\/20230217_143330405_iOS-scaled.webp",1920,1440,false],"thumbnail":["https:\/\/www.prairiewind.ch\/newone\/wp-content\/uploads\/2023\/02\/20230217_143330405_iOS-scaled-150x150.webp",150,150,true],"medium":["https:\/\/www.prairiewind.ch\/newone\/wp-content\/uploads\/2023\/02\/20230217_143330405_iOS-scaled-300x225.webp",300,225,true],"medium_large":["https:\/\/www.prairiewind.ch\/newone\/wp-content\/uploads\/2023\/02\/20230217_143330405_iOS-scaled-768x576.webp",768,576,true],"large":["https:\/\/www.prairiewind.ch\/newone\/wp-content\/uploads\/2023\/02\/20230217_143330405_iOS-scaled-1024x768.webp",1024,768,true],"1536x1536":["https:\/\/www.prairiewind.ch\/newone\/wp-content\/uploads\/2023\/02\/20230217_143330405_iOS-scaled-1536x1152.webp",1536,1152,true],"2048x2048":["https:\/\/www.prairiewind.ch\/newone\/wp-content\/uploads\/2023\/02\/20230217_143330405_iOS-2048x1536.webp",1920,1440,true],"hero-banner":["https:\/\/www.prairiewind.ch\/newone\/wp-content\/uploads\/2023\/02\/20230217_143330405_iOS-scaled-450x160.webp",450,160,true],"category-thumb":["https:\/\/www.prairiewind.ch\/newone\/wp-content\/uploads\/2023\/02\/20230217_143330405_iOS-scaled-200x150.webp",200,150,true],"woocommerce_thumbnail":["https:\/\/www.prairiewind.ch\/newone\/wp-content\/uploads\/2023\/02\/20230217_143330405_iOS-scaled-188x141.webp",188,141,true],"woocommerce_single":["https:\/\/www.prairiewind.ch\/newone\/wp-content\/uploads\/2023\/02\/20230217_143330405_iOS-scaled-251x188.webp",251,188,true],"woocommerce_gallery_thumbnail":["https:\/\/www.prairiewind.ch\/newone\/wp-content\/uploads\/2023\/02\/20230217_143330405_iOS-scaled-100x100.webp",100,100,true]},"uagb_author_info":{"display_name":"Kurt Weissen","author_link":"https:\/\/www.prairiewind.ch\/newone\/author\/"},"uagb_comment_info":0,"uagb_excerpt":"Babymoccasins aus weissem Rehleder mit Glasperlenstickerei (Beadwork) und aufgen\u00e4hten festen Ledersohlen. L\u00e4nge: 12.4 cm","_links":{"self":[{"href":"https:\/\/www.prairiewind.ch\/newone\/wp-json\/wp\/v2\/product\/11711","targetHints":{"allow":["GET"]}}],"collection":[{"href":"https:\/\/www.prairiewind.ch\/newone\/wp-json\/wp\/v2\/product"}],"about":[{"href":"https:\/\/www.prairiewind.ch\/newone\/wp-json\/wp\/v2\/types\/product"}],"version-history":[{"count":1,"href":"https:\/\/www.prairiewind.ch\/newone\/wp-json\/wp\/v2\/product\/11711\/revisions"}],"predecessor-version":[{"id":90975,"href":"https:\/\/www.prairiewind.ch\/newone\/wp-json\/wp\/v2\/product\/11711\/revisions\/90975"}],"wp:featuredmedia":[{"embeddable":true,"href":"https:\/\/www.prairiewind.ch\/newone\/wp-json\/wp\/v2\/media\/11709"}],"wp:attachment":[{"href":"https:\/\/www.prairiewind.ch\/newone\/wp-json\/wp\/v2\/media?parent=11711"}],"wp:term":[{"taxonomy":"product_brand","embeddable":true,"href":"https:\/\/www.prairiewind.ch\/newone\/wp-json\/wp\/v2\/product_brand?post=11711"},{"taxonomy":"product_cat","embeddable":true,"href":"https:\/\/www.prairiewind.ch\/newone\/wp-json\/wp\/v2\/product_cat?post=11711"},{"taxonomy":"product_tag","embeddable":true,"href":"https:\/\/www.prairiewind.ch\/newone\/wp-json\/wp\/v2\/product_tag?post=11711"}],"curies":[{"name":"wp","href":"https:\/\/api.w.org\/{rel}","templated":true}]}}