{"id":11597,"date":"2023-02-11T20:09:09","date_gmt":"2023-02-11T19:09:09","guid":{"rendered":"https:\/\/www.prairiewind.ch\/newone\/?post_type=product&#038;p=11597"},"modified":"2025-07-15T20:17:54","modified_gmt":"2025-07-15T18:17:54","slug":"lorandina-sheche-zuni-he-she-coyote-mit-buendel","status":"publish","type":"product","link":"https:\/\/www.prairiewind.ch\/newone\/produkt\/lorandina-sheche-zuni-he-she-coyote-mit-buendel\/","title":{"rendered":"Lorandina Sheche (Zuni) &#8211; He + She-Coyote mit B\u00fcndel"},"content":{"rendered":"<p>Die Skulptur He + She-Coyote von Lorandina Sheche, einer Zuni-K\u00fcnstlerin, zeigt ein Koyotenpaar, das aus Serpentine in einem St\u00fcck geschnitzt ist. In der Zuni-Kultur sind Koyoten trickreiche und intelligente Tiere, die oft als Lehrer und Botschafter zwischen Welten gelten. Die Darstellung des m\u00e4nnlichen und weiblichen Koyoten symbolisiert Balance und Partnerschaft und verweist auf die Bedeutung harmonischer Beziehungen.<\/p>\n<p>Das B\u00fcndel, das die beiden Koyoten tragen, umfasst eine Pfeilspitze aus Quarz, die f\u00fcr Klarheit und Schutz steht. <a href=\"https:\/\/www.prairiewind.ch\/newone\/produkt\/1148-rickell-glendora-booque-zuni\/\" data-wpil-monitor-id=\"334\">Die T\u00fcrkis- und Korallenst\u00fcckchen<\/a>, die das B\u00fcndel erg\u00e4nzen, tragen ebenfalls tiefgehende Bedeutungen: T\u00fcrkis ist ein Symbol f\u00fcr St\u00e4rke und Heilung, w\u00e4hrend Koralle Lebenskraft und innere Stabilit\u00e4t repr\u00e4sentiert.<\/p>\n<p>Mit einer L\u00e4nge von 10 cm zeigt diese <a href=\"https:\/\/www.prairiewind.ch\/newone\/produkt\/herb-halate-zuni-baer-mit-buendel\/\" data-wpil-monitor-id=\"575\">Herb Halate (Zuni) &#8211; B\u00e4r mit B\u00fcndel<\/a> nicht nur kunstvolles Handwerk, sondern auch die tiefe spirituelle Verbindung der Zuni zur Natur und zur Symbolik von Dualit\u00e4t und Zusammenarbeit.<\/p>\n","protected":false},"excerpt":{"rendered":"<p>M\u00e4nnlicher und weiblicher Koyote (he + she) aus <a href=\"https:\/\/www.prairiewind.ch\/newone\/produkt-schlagwort\/serpentine\/\" data-wpil-monitor-id=\"666\">Serpentine<\/a>. Pfeilspitze aus Quartz mit T\u00fcrkis- und Korallenst\u00fcckchen als B\u00fcndel<\/p>\n<p>L\u00e4nge: 10 cm<\/p>\n","protected":false},"featured_media":11483,"template":"","meta":{"_uag_custom_page_level_css":"","site-sidebar-layout":"default","site-content-layout":"","ast-site-content-layout":"default","site-content-style":"default","site-sidebar-style":"default","ast-global-header-display":"","ast-banner-title-visibility":"","ast-main-header-display":"","ast-hfb-above-header-display":"","ast-hfb-below-header-display":"","ast-hfb-mobile-header-display":"","site-post-title":"","ast-breadcrumbs-content":"","ast-featured-img":"","footer-sml-layout":"","ast-disable-related-posts":"","theme-transparent-header-meta":"default","adv-header-id-meta":"","stick-header-meta":"","header-above-stick-meta":"","header-main-stick-meta":"","header-below-stick-meta":"","astra-migrate-meta-layouts":"set","ast-page-background-enabled":"default","ast-page-background-meta":{"desktop":{"background-color":"var(--ast-global-color-4)","background-image":"","background-repeat":"repeat","background-position":"center center","background-size":"auto","background-attachment":"scroll","background-type":"","background-media":"","overlay-type":"","overlay-color":"","overlay-opacity":"","overlay-gradient":""},"tablet":{"background-color":"","background-image":"","background-repeat":"repeat","background-position":"center center","background-size":"auto","background-attachment":"scroll","background-type":"","background-media":"","overlay-type":"","overlay-color":"","overlay-opacity":"","overlay-gradient":""},"mobile":{"background-color":"","background-image":"","background-repeat":"repeat","background-position":"center center","background-size":"auto","background-attachment":"scroll","background-type":"","background-media":"","overlay-type":"","overlay-color":"","overlay-opacity":"","overlay-gradient":""}},"ast-content-background-meta":{"desktop":{"background-color":"var(--ast-global-color-5)","background-image":"","background-repeat":"repeat","background-position":"center center","background-size":"auto","background-attachment":"scroll","background-type":"","background-media":"","overlay-type":"","overlay-color":"","overlay-opacity":"","overlay-gradient":""},"tablet":{"background-color":"var(--ast-global-color-5)","background-image":"","background-repeat":"repeat","background-position":"center center","background-size":"auto","background-attachment":"scroll","background-type":"","background-media":"","overlay-type":"","overlay-color":"","overlay-opacity":"","overlay-gradient":""},"mobile":{"background-color":"var(--ast-global-color-5)","background-image":"","background-repeat":"repeat","background-position":"center center","background-size":"auto","background-attachment":"scroll","background-type":"","background-media":"","overlay-type":"","overlay-color":"","overlay-opacity":"","overlay-gradient":""}}},"product_brand":[],"product_cat":[757],"product_tag":[1053,1052,875,861],"class_list":{"0":"post-11597","1":"product","2":"type-product","3":"status-publish","4":"has-post-thumbnail","6":"product_cat-tierskulpturen","7":"product_tag-koralle","8":"product_tag-serpentine","9":"product_tag-tuerkis","10":"product_tag-zuni","11":"desktop-align-left","12":"tablet-align-left","13":"mobile-align-left","15":"first","16":"instock","17":"shipping-taxable","18":"purchasable","19":"product-type-simple"},"uagb_featured_image_src":{"full":["https:\/\/www.prairiewind.ch\/newone\/wp-content\/uploads\/2023\/02\/20230208_142233459_iOS-scaled.webp",1920,1440,false],"thumbnail":["https:\/\/www.prairiewind.ch\/newone\/wp-content\/uploads\/2023\/02\/20230208_142233459_iOS-scaled-150x150.webp",150,150,true],"medium":["https:\/\/www.prairiewind.ch\/newone\/wp-content\/uploads\/2023\/02\/20230208_142233459_iOS-scaled-300x225.webp",300,225,true],"medium_large":["https:\/\/www.prairiewind.ch\/newone\/wp-content\/uploads\/2023\/02\/20230208_142233459_iOS-scaled-768x576.webp",768,576,true],"large":["https:\/\/www.prairiewind.ch\/newone\/wp-content\/uploads\/2023\/02\/20230208_142233459_iOS-scaled-1024x768.webp",1024,768,true],"1536x1536":["https:\/\/www.prairiewind.ch\/newone\/wp-content\/uploads\/2023\/02\/20230208_142233459_iOS-scaled-1536x1152.webp",1536,1152,true],"2048x2048":["https:\/\/www.prairiewind.ch\/newone\/wp-content\/uploads\/2023\/02\/20230208_142233459_iOS-2048x1536.webp",1920,1440,true],"hero-banner":["https:\/\/www.prairiewind.ch\/newone\/wp-content\/uploads\/2023\/02\/20230208_142233459_iOS-scaled-450x160.webp",450,160,true],"category-thumb":["https:\/\/www.prairiewind.ch\/newone\/wp-content\/uploads\/2023\/02\/20230208_142233459_iOS-scaled-200x150.webp",200,150,true],"woocommerce_thumbnail":["https:\/\/www.prairiewind.ch\/newone\/wp-content\/uploads\/2023\/02\/20230208_142233459_iOS-scaled-188x141.webp",188,141,true],"woocommerce_single":["https:\/\/www.prairiewind.ch\/newone\/wp-content\/uploads\/2023\/02\/20230208_142233459_iOS-scaled-251x188.webp",251,188,true],"woocommerce_gallery_thumbnail":["https:\/\/www.prairiewind.ch\/newone\/wp-content\/uploads\/2023\/02\/20230208_142233459_iOS-scaled-100x100.webp",100,100,true]},"uagb_author_info":{"display_name":"Kurt Weissen","author_link":"https:\/\/www.prairiewind.ch\/newone\/author\/"},"uagb_comment_info":0,"uagb_excerpt":"M\u00e4nnlicher und weiblicher Koyote (he + she) aus Serpentine. Pfeilspitze aus Quartz mit T\u00fcrkis- und Korallenst\u00fcckchen als B\u00fcndel L\u00e4nge: 10 cm","_links":{"self":[{"href":"https:\/\/www.prairiewind.ch\/newone\/wp-json\/wp\/v2\/product\/11597","targetHints":{"allow":["GET"]}}],"collection":[{"href":"https:\/\/www.prairiewind.ch\/newone\/wp-json\/wp\/v2\/product"}],"about":[{"href":"https:\/\/www.prairiewind.ch\/newone\/wp-json\/wp\/v2\/types\/product"}],"version-history":[{"count":2,"href":"https:\/\/www.prairiewind.ch\/newone\/wp-json\/wp\/v2\/product\/11597\/revisions"}],"predecessor-version":[{"id":111072,"href":"https:\/\/www.prairiewind.ch\/newone\/wp-json\/wp\/v2\/product\/11597\/revisions\/111072"}],"wp:featuredmedia":[{"embeddable":true,"href":"https:\/\/www.prairiewind.ch\/newone\/wp-json\/wp\/v2\/media\/11483"}],"wp:attachment":[{"href":"https:\/\/www.prairiewind.ch\/newone\/wp-json\/wp\/v2\/media?parent=11597"}],"wp:term":[{"taxonomy":"product_brand","embeddable":true,"href":"https:\/\/www.prairiewind.ch\/newone\/wp-json\/wp\/v2\/product_brand?post=11597"},{"taxonomy":"product_cat","embeddable":true,"href":"https:\/\/www.prairiewind.ch\/newone\/wp-json\/wp\/v2\/product_cat?post=11597"},{"taxonomy":"product_tag","embeddable":true,"href":"https:\/\/www.prairiewind.ch\/newone\/wp-json\/wp\/v2\/product_tag?post=11597"}],"curies":[{"name":"wp","href":"https:\/\/api.w.org\/{rel}","templated":true}]}}