{"id":11596,"date":"2023-02-11T19:58:54","date_gmt":"2023-02-11T18:58:54","guid":{"rendered":"https:\/\/www.prairiewind.ch\/newone\/?post_type=product&#038;p=11596"},"modified":"2025-07-15T20:26:42","modified_gmt":"2025-07-15T18:26:42","slug":"leland-boone-zuni-baer-buendel","status":"publish","type":"product","link":"https:\/\/www.prairiewind.ch\/newone\/produkt\/leland-boone-zuni-baer-buendel\/","title":{"rendered":"Herb Halate (Zuni) &#8211; B\u00e4r mit B\u00fcndel auf dem R\u00fccken"},"content":{"rendered":"<p>Dieser aus Jet (versteinerte Kohle) geschnitzte B\u00e4r von Herb Halate, einem Zuni-K\u00fcnstler, verk\u00f6rpert St\u00e4rke, Schutz und Heilung, Eigenschaften, die der B\u00e4r in der Zuni-Kultur symbolisiert. Der dunkle, tiefschwarze Jet verleiht dem B\u00e4ren eine m\u00e4chtige und geheimnisvolle Ausstrahlung, die seine Verbindung zur Erde und zur spirituellen Welt unterstreicht.<\/p>\n<p>Auf dem R\u00fccken des B\u00e4ren tr\u00e4gt er ein B\u00fcndel mit Pfeilspitzen aus Marmor und T\u00fcrkis. Die Marmorpfeilspitze symbolisiert Best\u00e4ndigkeit und Standhaftigkeit, w\u00e4hrend der <a href=\"https:\/\/www.prairiewind.ch\/newone\/produkt\/1148-rickell-glendora-booque-zuni\/\"  data-wpil-monitor-id=\"335\">Rickell 038 Glendora Booqua Zuni 8211 Tips<\/a> in der Zuni-Kultur f\u00fcr Schutz, St\u00e4rke und Harmonie steht. Das B\u00fcndel verst\u00e4rkt somit die sch\u00fctzende und heilende <a href=\"https:\/\/www.prairiewind.ch\/newone\/produkt\/rosella-lunasee-zuni-sitzender-baer\/\"  data-wpil-monitor-id=\"881\">Kraft des B\u00e4ren<\/a>.<\/p>\n<p>Mit einer L\u00e4nge von 15 cm ist dieser <a href=\"https:\/\/www.prairiewind.ch\/newone\/produkt\/suzette-lementino-zuni-waschbaer\/\"  data-wpil-monitor-id=\"882\">B\u00e4r nicht nur ein handwerklich<\/a> beeindruckendes St\u00fcck, sondern auch ein bedeutungsvolles Fetisch, das die spirituelle Tiefe und kulturelle Symbolik der Zuni-Kunst widerspiegelt.<\/p>\n","protected":false},"excerpt":{"rendered":"<p><a href=\"https:\/\/www.prairiewind.ch\/newone\/produkt\/hohe-moccasins-boots\/\"  data-wpil-monitor-id=\"1083\">B\u00e4r aus Jet<\/a> (versteinerte Kohle). B\u00fcndel: Pfeilspitzen aus Marmor und <a href=\"https:\/\/www.prairiewind.ch\/newone\/produkt\/guertelschnalle-tuerkis\/\"  data-wpil-monitor-id=\"466\">T\u00fcrkis<\/a><\/p>\n<p>L\u00e4nge: <a href=\"https:\/\/www.prairiewind.ch\/newone\/produkt\/masawytewa-hopi-overlay-ring-baerentatze\/\"  data-wpil-monitor-id=\"1339\">15 cm<\/a><\/p>\n<p>&nbsp;<\/p>\n<p>&nbsp;<\/p>\n<p>&nbsp;<\/p>\n","protected":false},"featured_media":11466,"template":"","meta":{"_uag_custom_page_level_css":"","site-sidebar-layout":"default","site-content-layout":"","ast-site-content-layout":"default","site-content-style":"default","site-sidebar-style":"default","ast-global-header-display":"","ast-banner-title-visibility":"","ast-main-header-display":"","ast-hfb-above-header-display":"","ast-hfb-below-header-display":"","ast-hfb-mobile-header-display":"","site-post-title":"","ast-breadcrumbs-content":"","ast-featured-img":"","footer-sml-layout":"","ast-disable-related-posts":"","theme-transparent-header-meta":"default","adv-header-id-meta":"","stick-header-meta":"","header-above-stick-meta":"","header-main-stick-meta":"","header-below-stick-meta":"","astra-migrate-meta-layouts":"set","ast-page-background-enabled":"default","ast-page-background-meta":{"desktop":{"background-color":"var(--ast-global-color-4)","background-image":"","background-repeat":"repeat","background-position":"center center","background-size":"auto","background-attachment":"scroll","background-type":"","background-media":"","overlay-type":"","overlay-color":"","overlay-opacity":"","overlay-gradient":""},"tablet":{"background-color":"","background-image":"","background-repeat":"repeat","background-position":"center center","background-size":"auto","background-attachment":"scroll","background-type":"","background-media":"","overlay-type":"","overlay-color":"","overlay-opacity":"","overlay-gradient":""},"mobile":{"background-color":"","background-image":"","background-repeat":"repeat","background-position":"center center","background-size":"auto","background-attachment":"scroll","background-type":"","background-media":"","overlay-type":"","overlay-color":"","overlay-opacity":"","overlay-gradient":""}},"ast-content-background-meta":{"desktop":{"background-color":"var(--ast-global-color-5)","background-image":"","background-repeat":"repeat","background-position":"center center","background-size":"auto","background-attachment":"scroll","background-type":"","background-media":"","overlay-type":"","overlay-color":"","overlay-opacity":"","overlay-gradient":""},"tablet":{"background-color":"var(--ast-global-color-5)","background-image":"","background-repeat":"repeat","background-position":"center center","background-size":"auto","background-attachment":"scroll","background-type":"","background-media":"","overlay-type":"","overlay-color":"","overlay-opacity":"","overlay-gradient":""},"mobile":{"background-color":"var(--ast-global-color-5)","background-image":"","background-repeat":"repeat","background-position":"center center","background-size":"auto","background-attachment":"scroll","background-type":"","background-media":"","overlay-type":"","overlay-color":"","overlay-opacity":"","overlay-gradient":""}}},"product_brand":[],"product_cat":[757],"product_tag":[878,1054,875,861],"class_list":{"0":"post-11596","1":"product","2":"type-product","3":"status-publish","4":"has-post-thumbnail","6":"product_cat-tierskulpturen","7":"product_tag-jet-versteinerte-kohle","8":"product_tag-marmor","9":"product_tag-tuerkis","10":"product_tag-zuni","11":"desktop-align-left","12":"tablet-align-left","13":"mobile-align-left","15":"first","16":"instock","17":"shipping-taxable","18":"purchasable","19":"product-type-simple"},"uagb_featured_image_src":{"full":["https:\/\/www.prairiewind.ch\/newone\/wp-content\/uploads\/2023\/02\/20230208_141556784_iOS-scaled.webp",1920,1440,false],"thumbnail":["https:\/\/www.prairiewind.ch\/newone\/wp-content\/uploads\/2023\/02\/20230208_141556784_iOS-scaled-150x150.webp",150,150,true],"medium":["https:\/\/www.prairiewind.ch\/newone\/wp-content\/uploads\/2023\/02\/20230208_141556784_iOS-scaled-300x225.webp",300,225,true],"medium_large":["https:\/\/www.prairiewind.ch\/newone\/wp-content\/uploads\/2023\/02\/20230208_141556784_iOS-scaled-768x576.webp",768,576,true],"large":["https:\/\/www.prairiewind.ch\/newone\/wp-content\/uploads\/2023\/02\/20230208_141556784_iOS-scaled-1024x768.webp",1024,768,true],"1536x1536":["https:\/\/www.prairiewind.ch\/newone\/wp-content\/uploads\/2023\/02\/20230208_141556784_iOS-scaled-1536x1152.webp",1536,1152,true],"2048x2048":["https:\/\/www.prairiewind.ch\/newone\/wp-content\/uploads\/2023\/02\/20230208_141556784_iOS-2048x1536.webp",1920,1440,true],"hero-banner":["https:\/\/www.prairiewind.ch\/newone\/wp-content\/uploads\/2023\/02\/20230208_141556784_iOS-scaled-450x160.webp",450,160,true],"category-thumb":["https:\/\/www.prairiewind.ch\/newone\/wp-content\/uploads\/2023\/02\/20230208_141556784_iOS-scaled-200x150.webp",200,150,true],"woocommerce_thumbnail":["https:\/\/www.prairiewind.ch\/newone\/wp-content\/uploads\/2023\/02\/20230208_141556784_iOS-scaled-188x141.webp",188,141,true],"woocommerce_single":["https:\/\/www.prairiewind.ch\/newone\/wp-content\/uploads\/2023\/02\/20230208_141556784_iOS-scaled-251x188.webp",251,188,true],"woocommerce_gallery_thumbnail":["https:\/\/www.prairiewind.ch\/newone\/wp-content\/uploads\/2023\/02\/20230208_141556784_iOS-scaled-100x100.webp",100,100,true]},"uagb_author_info":{"display_name":"Kurt Weissen","author_link":"https:\/\/www.prairiewind.ch\/newone\/author\/"},"uagb_comment_info":0,"uagb_excerpt":"B\u00e4r aus Jet (versteinerte Kohle). B\u00fcndel: Pfeilspitzen aus Marmor und T\u00fcrkis L\u00e4nge: 15 cm &nbsp; &nbsp; &nbsp;","_links":{"self":[{"href":"https:\/\/www.prairiewind.ch\/newone\/wp-json\/wp\/v2\/product\/11596","targetHints":{"allow":["GET"]}}],"collection":[{"href":"https:\/\/www.prairiewind.ch\/newone\/wp-json\/wp\/v2\/product"}],"about":[{"href":"https:\/\/www.prairiewind.ch\/newone\/wp-json\/wp\/v2\/types\/product"}],"version-history":[{"count":0,"href":"https:\/\/www.prairiewind.ch\/newone\/wp-json\/wp\/v2\/product\/11596\/revisions"}],"wp:featuredmedia":[{"embeddable":true,"href":"https:\/\/www.prairiewind.ch\/newone\/wp-json\/wp\/v2\/media\/11466"}],"wp:attachment":[{"href":"https:\/\/www.prairiewind.ch\/newone\/wp-json\/wp\/v2\/media?parent=11596"}],"wp:term":[{"taxonomy":"product_brand","embeddable":true,"href":"https:\/\/www.prairiewind.ch\/newone\/wp-json\/wp\/v2\/product_brand?post=11596"},{"taxonomy":"product_cat","embeddable":true,"href":"https:\/\/www.prairiewind.ch\/newone\/wp-json\/wp\/v2\/product_cat?post=11596"},{"taxonomy":"product_tag","embeddable":true,"href":"https:\/\/www.prairiewind.ch\/newone\/wp-json\/wp\/v2\/product_tag?post=11596"}],"curies":[{"name":"wp","href":"https:\/\/api.w.org\/{rel}","templated":true}]}}