{"id":11550,"date":"2023-02-09T22:28:27","date_gmt":"2023-02-09T21:28:27","guid":{"rendered":"https:\/\/www.prairiewind.ch\/newone\/?post_type=product&#038;p=11550"},"modified":"2025-07-15T20:17:58","modified_gmt":"2025-07-15T18:17:58","slug":"herb-halate-zuni-baer-mit-buendel","status":"publish","type":"product","link":"https:\/\/www.prairiewind.ch\/newone\/produkt\/herb-halate-zuni-baer-mit-buendel\/","title":{"rendered":"Herb Halate (Zuni) &#8211; B\u00e4r mit B\u00fcndel"},"content":{"rendered":"<p>Dieser B\u00e4r von Herb <a href=\"https:\/\/www.prairiewind.ch\/newone\/produkt\/leland-boone-zuni-biber-mit-buendel\/\">Halate, einem Zuni-K\u00fcnstler<\/a>, ist aus Zedernholz geschnitzt und symbolisiert Schutz, St\u00e4rke und heilende Kr\u00e4fte \u2013 zentrale Eigenschaften, die der B\u00e4r in der Zuni-Kultur verk\u00f6rpert. Zedernholz, das f\u00fcr seine symbolische Reinheit und seinen nat\u00fcrlichen Duft gesch\u00e4tzt wird, verleiht dem B\u00e4ren eine warme, erdverbundene Pr\u00e4senz, die ihn zu einem harmonischen und sch\u00fctzenden Begleiter macht.<\/p>\n<p>Der B\u00e4r tr\u00e4gt ein B\u00fcndel aus T\u00fcrkis, das auf seinem R\u00fccken befestigt ist. T\u00fcrkis gilt in der Zuni-Tradition als kraftvoller Schutzstein, der innere St\u00e4rke und Balance f\u00f6rdert. Das <a href=\"https:\/\/www.prairiewind.ch\/newone\/produkt\/leland-boone-zuni-baer-buendel\/\" data-wpil-monitor-id=\"574\">B\u00fcndel betont die spirituelle Rolle des B\u00e4ren<\/a> als Besch\u00fctzer und Heiler und verleiht dem Fetisch zus\u00e4tzliche energetische Kraft.<\/p>\n<p>Mit einer L\u00e4nge von 11 cm ist dieses St\u00fcck eine ergreifende Darstellung der Zuni-Kunst und bringt die harmonische <a href=\"https:\/\/www.prairiewind.ch\/newone\/produkt\/mary-tsosie-navajo-fingerring\/\" data-wpil-monitor-id=\"969\">Mary Tsosie (Navajo) &#8211; Fingerring<\/a> von Naturmaterialien, handwerklicher Fertigung und spiritueller Symbolik zum Ausdruck.<\/p>\n","protected":false},"excerpt":{"rendered":"<p>B\u00e4r aus Zedernholz mit einem B\u00fcndel aus <a href=\"https:\/\/www.prairiewind.ch\/newone\/produkt\/paul-coriz-kewa-grosse-haarspange-3\/\" data-wpil-monitor-id=\"478\">T\u00fcrkis<\/a><\/p>\n<p>L\u00e4nge: <a href=\"https:\/\/www.prairiewind.ch\/newone\/produkt\/paul-coriz-kewa-grosse-haarspange-mit-mosaik\/\" data-wpil-monitor-id=\"1556\">11 cm<\/a><\/p>\n","protected":false},"featured_media":11494,"template":"","meta":{"_uag_custom_page_level_css":"","site-sidebar-layout":"default","site-content-layout":"","ast-site-content-layout":"default","site-content-style":"default","site-sidebar-style":"default","ast-global-header-display":"","ast-banner-title-visibility":"","ast-main-header-display":"","ast-hfb-above-header-display":"","ast-hfb-below-header-display":"","ast-hfb-mobile-header-display":"","site-post-title":"","ast-breadcrumbs-content":"","ast-featured-img":"","footer-sml-layout":"","ast-disable-related-posts":"","theme-transparent-header-meta":"default","adv-header-id-meta":"","stick-header-meta":"","header-above-stick-meta":"","header-main-stick-meta":"","header-below-stick-meta":"","astra-migrate-meta-layouts":"set","ast-page-background-enabled":"default","ast-page-background-meta":{"desktop":{"background-color":"var(--ast-global-color-4)","background-image":"","background-repeat":"repeat","background-position":"center center","background-size":"auto","background-attachment":"scroll","background-type":"","background-media":"","overlay-type":"","overlay-color":"","overlay-opacity":"","overlay-gradient":""},"tablet":{"background-color":"","background-image":"","background-repeat":"repeat","background-position":"center center","background-size":"auto","background-attachment":"scroll","background-type":"","background-media":"","overlay-type":"","overlay-color":"","overlay-opacity":"","overlay-gradient":""},"mobile":{"background-color":"","background-image":"","background-repeat":"repeat","background-position":"center center","background-size":"auto","background-attachment":"scroll","background-type":"","background-media":"","overlay-type":"","overlay-color":"","overlay-opacity":"","overlay-gradient":""}},"ast-content-background-meta":{"desktop":{"background-color":"var(--ast-global-color-5)","background-image":"","background-repeat":"repeat","background-position":"center center","background-size":"auto","background-attachment":"scroll","background-type":"","background-media":"","overlay-type":"","overlay-color":"","overlay-opacity":"","overlay-gradient":""},"tablet":{"background-color":"var(--ast-global-color-5)","background-image":"","background-repeat":"repeat","background-position":"center center","background-size":"auto","background-attachment":"scroll","background-type":"","background-media":"","overlay-type":"","overlay-color":"","overlay-opacity":"","overlay-gradient":""},"mobile":{"background-color":"var(--ast-global-color-5)","background-image":"","background-repeat":"repeat","background-position":"center center","background-size":"auto","background-attachment":"scroll","background-type":"","background-media":"","overlay-type":"","overlay-color":"","overlay-opacity":"","overlay-gradient":""}}},"product_brand":[],"product_cat":[757],"product_tag":[861],"class_list":{"0":"post-11550","1":"product","2":"type-product","3":"status-publish","4":"has-post-thumbnail","6":"product_cat-tierskulpturen","7":"product_tag-zuni","8":"desktop-align-left","9":"tablet-align-left","10":"mobile-align-left","12":"first","13":"instock","14":"shipping-taxable","15":"purchasable","16":"product-type-simple"},"uagb_featured_image_src":{"full":["https:\/\/www.prairiewind.ch\/newone\/wp-content\/uploads\/2023\/02\/20230208_142617009_iOS-scaled.webp",1920,1440,false],"thumbnail":["https:\/\/www.prairiewind.ch\/newone\/wp-content\/uploads\/2023\/02\/20230208_142617009_iOS-scaled-150x150.webp",150,150,true],"medium":["https:\/\/www.prairiewind.ch\/newone\/wp-content\/uploads\/2023\/02\/20230208_142617009_iOS-scaled-300x225.webp",300,225,true],"medium_large":["https:\/\/www.prairiewind.ch\/newone\/wp-content\/uploads\/2023\/02\/20230208_142617009_iOS-scaled-768x576.webp",768,576,true],"large":["https:\/\/www.prairiewind.ch\/newone\/wp-content\/uploads\/2023\/02\/20230208_142617009_iOS-scaled-1024x768.webp",1024,768,true],"1536x1536":["https:\/\/www.prairiewind.ch\/newone\/wp-content\/uploads\/2023\/02\/20230208_142617009_iOS-scaled-1536x1152.webp",1536,1152,true],"2048x2048":["https:\/\/www.prairiewind.ch\/newone\/wp-content\/uploads\/2023\/02\/20230208_142617009_iOS-2048x1536.webp",1920,1440,true],"hero-banner":["https:\/\/www.prairiewind.ch\/newone\/wp-content\/uploads\/2023\/02\/20230208_142617009_iOS-scaled-450x160.webp",450,160,true],"category-thumb":["https:\/\/www.prairiewind.ch\/newone\/wp-content\/uploads\/2023\/02\/20230208_142617009_iOS-scaled-200x150.webp",200,150,true],"woocommerce_thumbnail":["https:\/\/www.prairiewind.ch\/newone\/wp-content\/uploads\/2023\/02\/20230208_142617009_iOS-scaled-188x141.webp",188,141,true],"woocommerce_single":["https:\/\/www.prairiewind.ch\/newone\/wp-content\/uploads\/2023\/02\/20230208_142617009_iOS-scaled-251x188.webp",251,188,true],"woocommerce_gallery_thumbnail":["https:\/\/www.prairiewind.ch\/newone\/wp-content\/uploads\/2023\/02\/20230208_142617009_iOS-scaled-100x100.webp",100,100,true]},"uagb_author_info":{"display_name":"Kurt Weissen","author_link":"https:\/\/www.prairiewind.ch\/newone\/author\/"},"uagb_comment_info":0,"uagb_excerpt":"B\u00e4r aus Zedernholz mit einem B\u00fcndel aus T\u00fcrkis L\u00e4nge: 11 cm","_links":{"self":[{"href":"https:\/\/www.prairiewind.ch\/newone\/wp-json\/wp\/v2\/product\/11550","targetHints":{"allow":["GET"]}}],"collection":[{"href":"https:\/\/www.prairiewind.ch\/newone\/wp-json\/wp\/v2\/product"}],"about":[{"href":"https:\/\/www.prairiewind.ch\/newone\/wp-json\/wp\/v2\/types\/product"}],"version-history":[{"count":2,"href":"https:\/\/www.prairiewind.ch\/newone\/wp-json\/wp\/v2\/product\/11550\/revisions"}],"predecessor-version":[{"id":111888,"href":"https:\/\/www.prairiewind.ch\/newone\/wp-json\/wp\/v2\/product\/11550\/revisions\/111888"}],"wp:featuredmedia":[{"embeddable":true,"href":"https:\/\/www.prairiewind.ch\/newone\/wp-json\/wp\/v2\/media\/11494"}],"wp:attachment":[{"href":"https:\/\/www.prairiewind.ch\/newone\/wp-json\/wp\/v2\/media?parent=11550"}],"wp:term":[{"taxonomy":"product_brand","embeddable":true,"href":"https:\/\/www.prairiewind.ch\/newone\/wp-json\/wp\/v2\/product_brand?post=11550"},{"taxonomy":"product_cat","embeddable":true,"href":"https:\/\/www.prairiewind.ch\/newone\/wp-json\/wp\/v2\/product_cat?post=11550"},{"taxonomy":"product_tag","embeddable":true,"href":"https:\/\/www.prairiewind.ch\/newone\/wp-json\/wp\/v2\/product_tag?post=11550"}],"curies":[{"name":"wp","href":"https:\/\/api.w.org\/{rel}","templated":true}]}}