{"id":11257,"date":"2022-12-18T15:43:12","date_gmt":"2022-12-18T14:43:12","guid":{"rendered":"https:\/\/www.prairiewind.ch\/newone\/?post_type=product&#038;p=11257"},"modified":"2024-11-07T08:04:01","modified_gmt":"2024-11-07T07:04:01","slug":"sebastian-santos-adler","status":"publish","type":"product","link":"https:\/\/www.prairiewind.ch\/newone\/produkt\/sebastian-santos-adler\/","title":{"rendered":"Sebastian Santos (Zuni) &#8211; Adler"},"content":{"rendered":"<p>Dieser von Sebastian Santos geschnitzte Adler ist aus Picasso Marble gefertigt und zeigt eine r\u00fcckw\u00e4rtsgewandte Pose, die ihm eine besondere Ausdruckskraft verleiht.<\/p>\n<p>Mit einer H\u00f6he von 7 cm symbolisiert der Adler in der Zuni-Kultur Schutz, St\u00e4rke und Weitsicht.<\/p>\n<p>Die nat\u00fcrliche Maserung des Picasso Marble unterstreicht die handwerkliche Detailarbeit und verleiht der Figur eine lebendige Optik. Ein beeindruckendes St\u00fcck, das die Zuni-Kunst und ihre spirituelle Symbolik repr\u00e4sentiert.<\/p>\n","protected":false},"excerpt":{"rendered":"<p>R\u00fcckw\u00e4rtsschauender Adler aus <a href=\"https:\/\/www.prairiewind.ch\/newone\/produkt-schlagwort\/picasso-marble\/\" data-wpil-monitor-id=\"674\">Picasso Marble<\/a><\/p>\n<p>H\u00f6he: <a href=\"https:\/\/www.prairiewind.ch\/newone\/produkt\/jonathan-quam-zuni-bighorn-sheep-auf-stein\/\" data-wpil-monitor-id=\"1314\">7 cm<\/a><\/p>\n","protected":false},"featured_media":11265,"template":"","meta":{"_uag_custom_page_level_css":"","site-sidebar-layout":"default","site-content-layout":"","ast-site-content-layout":"default","site-content-style":"default","site-sidebar-style":"default","ast-global-header-display":"","ast-banner-title-visibility":"","ast-main-header-display":"","ast-hfb-above-header-display":"","ast-hfb-below-header-display":"","ast-hfb-mobile-header-display":"","site-post-title":"","ast-breadcrumbs-content":"","ast-featured-img":"","footer-sml-layout":"","ast-disable-related-posts":"","theme-transparent-header-meta":"default","adv-header-id-meta":"","stick-header-meta":"","header-above-stick-meta":"","header-main-stick-meta":"","header-below-stick-meta":"","astra-migrate-meta-layouts":"set","ast-page-background-enabled":"default","ast-page-background-meta":{"desktop":{"background-color":"var(--ast-global-color-4)","background-image":"","background-repeat":"repeat","background-position":"center center","background-size":"auto","background-attachment":"scroll","background-type":"","background-media":"","overlay-type":"","overlay-color":"","overlay-opacity":"","overlay-gradient":""},"tablet":{"background-color":"","background-image":"","background-repeat":"repeat","background-position":"center center","background-size":"auto","background-attachment":"scroll","background-type":"","background-media":"","overlay-type":"","overlay-color":"","overlay-opacity":"","overlay-gradient":""},"mobile":{"background-color":"","background-image":"","background-repeat":"repeat","background-position":"center center","background-size":"auto","background-attachment":"scroll","background-type":"","background-media":"","overlay-type":"","overlay-color":"","overlay-opacity":"","overlay-gradient":""}},"ast-content-background-meta":{"desktop":{"background-color":"var(--ast-global-color-5)","background-image":"","background-repeat":"repeat","background-position":"center center","background-size":"auto","background-attachment":"scroll","background-type":"","background-media":"","overlay-type":"","overlay-color":"","overlay-opacity":"","overlay-gradient":""},"tablet":{"background-color":"var(--ast-global-color-5)","background-image":"","background-repeat":"repeat","background-position":"center center","background-size":"auto","background-attachment":"scroll","background-type":"","background-media":"","overlay-type":"","overlay-color":"","overlay-opacity":"","overlay-gradient":""},"mobile":{"background-color":"var(--ast-global-color-5)","background-image":"","background-repeat":"repeat","background-position":"center center","background-size":"auto","background-attachment":"scroll","background-type":"","background-media":"","overlay-type":"","overlay-color":"","overlay-opacity":"","overlay-gradient":""}}},"product_brand":[],"product_cat":[758],"product_tag":[861],"class_list":{"0":"post-11257","1":"product","2":"type-product","3":"status-publish","4":"has-post-thumbnail","6":"product_cat-zuni-steintiere","7":"product_tag-zuni","8":"desktop-align-left","9":"tablet-align-left","10":"mobile-align-left","12":"first","13":"instock","14":"shipping-taxable","15":"purchasable","16":"product-type-simple"},"uagb_featured_image_src":{"full":["https:\/\/www.prairiewind.ch\/newone\/wp-content\/uploads\/2022\/12\/20221218_141459658_iOS-scaled.webp",1920,1440,false],"thumbnail":["https:\/\/www.prairiewind.ch\/newone\/wp-content\/uploads\/2022\/12\/20221218_141459658_iOS-scaled-150x150.webp",150,150,true],"medium":["https:\/\/www.prairiewind.ch\/newone\/wp-content\/uploads\/2022\/12\/20221218_141459658_iOS-scaled-300x225.webp",300,225,true],"medium_large":["https:\/\/www.prairiewind.ch\/newone\/wp-content\/uploads\/2022\/12\/20221218_141459658_iOS-scaled-768x576.webp",768,576,true],"large":["https:\/\/www.prairiewind.ch\/newone\/wp-content\/uploads\/2022\/12\/20221218_141459658_iOS-scaled-1024x768.webp",1024,768,true],"1536x1536":["https:\/\/www.prairiewind.ch\/newone\/wp-content\/uploads\/2022\/12\/20221218_141459658_iOS-scaled-1536x1152.webp",1536,1152,true],"2048x2048":["https:\/\/www.prairiewind.ch\/newone\/wp-content\/uploads\/2022\/12\/20221218_141459658_iOS-2048x1536.webp",1920,1440,true],"hero-banner":["https:\/\/www.prairiewind.ch\/newone\/wp-content\/uploads\/2022\/12\/20221218_141459658_iOS-scaled-450x160.webp",450,160,true],"category-thumb":["https:\/\/www.prairiewind.ch\/newone\/wp-content\/uploads\/2022\/12\/20221218_141459658_iOS-scaled-200x150.webp",200,150,true],"woocommerce_thumbnail":["https:\/\/www.prairiewind.ch\/newone\/wp-content\/uploads\/2022\/12\/20221218_141459658_iOS-scaled-188x141.webp",188,141,true],"woocommerce_single":["https:\/\/www.prairiewind.ch\/newone\/wp-content\/uploads\/2022\/12\/20221218_141459658_iOS-scaled-251x188.webp",251,188,true],"woocommerce_gallery_thumbnail":["https:\/\/www.prairiewind.ch\/newone\/wp-content\/uploads\/2022\/12\/20221218_141459658_iOS-scaled-100x100.webp",100,100,true]},"uagb_author_info":{"display_name":"Kurt Weissen","author_link":"https:\/\/www.prairiewind.ch\/newone\/author\/"},"uagb_comment_info":0,"uagb_excerpt":"R\u00fcckw\u00e4rtsschauender Adler aus Picasso Marble H\u00f6he: 7 cm","_links":{"self":[{"href":"https:\/\/www.prairiewind.ch\/newone\/wp-json\/wp\/v2\/product\/11257","targetHints":{"allow":["GET"]}}],"collection":[{"href":"https:\/\/www.prairiewind.ch\/newone\/wp-json\/wp\/v2\/product"}],"about":[{"href":"https:\/\/www.prairiewind.ch\/newone\/wp-json\/wp\/v2\/types\/product"}],"version-history":[{"count":2,"href":"https:\/\/www.prairiewind.ch\/newone\/wp-json\/wp\/v2\/product\/11257\/revisions"}],"predecessor-version":[{"id":71517,"href":"https:\/\/www.prairiewind.ch\/newone\/wp-json\/wp\/v2\/product\/11257\/revisions\/71517"}],"wp:featuredmedia":[{"embeddable":true,"href":"https:\/\/www.prairiewind.ch\/newone\/wp-json\/wp\/v2\/media\/11265"}],"wp:attachment":[{"href":"https:\/\/www.prairiewind.ch\/newone\/wp-json\/wp\/v2\/media?parent=11257"}],"wp:term":[{"taxonomy":"product_brand","embeddable":true,"href":"https:\/\/www.prairiewind.ch\/newone\/wp-json\/wp\/v2\/product_brand?post=11257"},{"taxonomy":"product_cat","embeddable":true,"href":"https:\/\/www.prairiewind.ch\/newone\/wp-json\/wp\/v2\/product_cat?post=11257"},{"taxonomy":"product_tag","embeddable":true,"href":"https:\/\/www.prairiewind.ch\/newone\/wp-json\/wp\/v2\/product_tag?post=11257"}],"curies":[{"name":"wp","href":"https:\/\/api.w.org\/{rel}","templated":true}]}}